{"id":8228,"date":"2024-04-29T09:49:09","date_gmt":"2024-04-29T12:49:09","guid":{"rendered":"https:\/\/www1.unicap.br\/observatorio2\/?page_id=8228"},"modified":"2024-12-13T08:09:23","modified_gmt":"2024-12-13T11:09:23","slug":"programacao-2024","status":"publish","type":"page","link":"https:\/\/www1.unicap.br\/observatorio2\/?page_id=8228","title":{"rendered":"PROGRAMA\u00c7\u00c3O 2024"},"content":{"rendered":"\n<figure class=\"wp-block-image size-large\"><img loading=\"lazy\" decoding=\"async\" width=\"1024\" height=\"461\" src=\"https:\/\/www1.unicap.br\/observatorio2\/wp-content\/uploads\/2024\/04\/420755765_10228826474720093_3756763845652131263_n-1024x461.jpg\" alt=\"\" class=\"wp-image-8230\" srcset=\"https:\/\/www1.unicap.br\/observatorio2\/wp-content\/uploads\/2024\/04\/420755765_10228826474720093_3756763845652131263_n-1024x461.jpg 1024w, https:\/\/www1.unicap.br\/observatorio2\/wp-content\/uploads\/2024\/04\/420755765_10228826474720093_3756763845652131263_n-300x135.jpg 300w, https:\/\/www1.unicap.br\/observatorio2\/wp-content\/uploads\/2024\/04\/420755765_10228826474720093_3756763845652131263_n-1536x691.jpg 1536w, https:\/\/www1.unicap.br\/observatorio2\/wp-content\/uploads\/2024\/04\/420755765_10228826474720093_3756763845652131263_n-600x270.jpg 600w, https:\/\/www1.unicap.br\/observatorio2\/wp-content\/uploads\/2024\/04\/420755765_10228826474720093_3756763845652131263_n.jpg 1600w\" sizes=\"auto, (max-width: 1024px) 100vw, 1024px\" \/><figcaption class=\"wp-element-caption\">Carta pela paz entre Israel e Palestina no dia de Combate \u00e0 Intoler\u00e2ncia Religiosa &#8211; Olinda\/2024<\/figcaption><\/figure>\n\n\n\n<p><\/p>\n\n\n\n<p><strong>Grupo de Estudo<\/strong><\/p>\n\n\n\n<p>O grupo de estudo sobre Transdisciplinaridade e Di\u00e1logo, coordenado pelo prof. Gilbraz&nbsp;na UNICAP, re\u00fane-se desde 2005, sempre nas&nbsp;<strong>quartas-feiras<\/strong>&nbsp;<strong>das 17 \u00e0s 18h<\/strong>, e a partir de 2020 de forma online atrav\u00e9s do Meet. O Grupo \u00e9 aberto \u00e0 participa\u00e7\u00e3o de pesquisadores, orientandos de doutorado e mestrado, al\u00e9m de militantes do di\u00e1logo inter-religioso. Os membros que est\u00e3o registrados no&nbsp;<a href=\"https:\/\/espdialogo.wordpress.com\/\" target=\"_blank\" rel=\"noreferrer noopener\">Grupo de Pesquisa Espiritualidades, Pluralidade e Di\u00e1logo<\/a>&nbsp;(CNPQ) devem, ao menos,&nbsp;participar de 1\/3 das reuni\u00f5es e apresentar anualmente uma produ\u00e7\u00e3o acad\u00eamica qualificada.<\/p>\n\n\n\n<p>Nas reuni\u00f5es semanais do Grupo os participantes compartilham o andamento de suas pesquisas e prosseguem com um estudo em comum: em 2024 continuamos envolvidos na prepara\u00e7\u00e3o da expografia do <a href=\"https:\/\/www1.unicap.br\/observatorio2\/?page_id=7358\" target=\"_blank\" rel=\"noreferrer noopener\">Eco Parque das Religi\u00f5es<\/a>, estudando especialmente temas de Hist\u00f3ria e Teologia Comparada das Religi\u00f5es. &nbsp;Atrav\u00e9s da internet, ent\u00e3o, o nosso&nbsp;<a href=\"https:\/\/www1.unicap.br\/observatorio2\/?p=8020\" target=\"_blank\" rel=\"noreferrer noopener\">campus agora \u00e9 a gal\u00e1xia<\/a>&nbsp;e voc\u00ea pode juntar-se a n\u00f3s como um valente mochileiro do al\u00e9m!<\/p>\n\n\n\n<p><strong>Encontros e Semin\u00e1rios<\/strong><\/p>\n\n\n\n<p>A equipe do Observat\u00f3rio Transdisciplinar das Religi\u00f5es participa igualmente na anima\u00e7\u00e3o de v\u00e1rios eventos relacionados ao di\u00e1logo entre f\u00e9s e convic\u00e7\u00f5es, em parceria com outros grupos universit\u00e1rios e de educa\u00e7\u00e3o comunit\u00e1ria:<\/p>\n\n\n\n<ul class=\"wp-block-list\">\n<li>Religi\u00f5es e Paz \u2013 21 de janeiro 10h, Terreiro de M\u00e3e Elza em Olinda, participa\u00e7\u00e3o no evento do&nbsp;<a href=\"https:\/\/www1.unicap.br\/observatorio2\/?p=8134\" target=\"_blank\" rel=\"noreferrer noopener\">Dia de Combate \u00e0 Intoler\u00e2ncia Religiosa<\/a>,&nbsp;com o F\u00f3rum Di\u00e1logos.<\/li>\n\n\n\n<li>Amigos na Folia &#8211; 9 de fevereiro, S\u00edtio Hist\u00f3rico de Olinda, participa\u00e7\u00e3o no <a href=\"https:\/\/www.facebook.com\/gilbraz.aragao\/posts\/pfbid0ZQRBhvtKPTGVenfkK9BbzAeD9iZfNLMLacC9tDSRmevxBWSutFcE89ghWMxQ2Xptl\" data-type=\"link\" data-id=\"https:\/\/www.facebook.com\/gilbraz.aragao\/posts\/pfbid0ZQRBhvtKPTGVenfkK9BbzAeD9iZfNLMLacC9tDSRmevxBWSutFcE89ghWMxQ2Xptl\" target=\"_blank\" rel=\"noreferrer noopener\">carnaval dos Amigos no Caminho.<\/a><\/li>\n\n\n\n<li>Religi\u00e3o e Transumanismo &#8211; 26 de fevereiro 14h, UNICAP, defesa da <a href=\"https:\/\/www1.unicap.br\/observatorio2\/?p=8165\" target=\"_blank\" rel=\"noreferrer noopener\">tese de doutorado em Ci\u00eancias da Religi\u00e3o de Fabr\u00edcio Cabral<\/a>.<\/li>\n\n\n\n<li>Religi\u00f5es e Cultura de paz &#8211; 29 de fevereiro 10h, Prefeitura do Recife, articula\u00e7\u00e3o para <a href=\"https:\/\/www.facebook.com\/gilbraz.aragao\/posts\/pfbid0322KVWb2xUbk7LWwEr5XADMPaGktZ2sAc6ypwzNxSWpsdPAEyZpw5vdcWaVHQsNfNl\" target=\"_blank\" rel=\"noreferrer noopener\">interven\u00e7\u00f5es pedag\u00f3gicas nos Centros Comunit\u00e1rios da Paz<\/a>, com o F\u00f3rum Di\u00e1logos.<\/li>\n\n\n\n<li>Controv\u00e9rsias da Liberdade Religiosa &#8211; 29 de fevereiro 14h, Internet, <a href=\"https:\/\/www.facebook.com\/gilbraz.aragao\/posts\/pfbid0G8R2UTC7bdK2QZUyH8j7pnREpGqsrV7CWFGV4rLd95EZj9PZeBoXcsHhLPBifPe6l\" target=\"_blank\" rel=\"noreferrer noopener\">Oficina da Coaliz\u00e3o Religi\u00f5es e Di\u00e1logo.<\/a><\/li>\n\n\n\n<li>Religi\u00f5es e Engajamento Social &#8211; 19 de abril, Col\u00e9gio Imaculada, participa\u00e7\u00e3o em <a href=\"https:\/\/www.facebook.com\/gilbraz.aragao\/posts\/pfbid0CXiNVvFheMMYvG3qp5p3WehLqq1ewFVYH6mJioV2Cxqqn7xPCTqR3KX2kB82rhF8l\" target=\"_blank\" rel=\"noreferrer noopener\">Bienal das Religi\u00f5es na escola.<\/a><\/li>\n\n\n\n<li>Amigo das Religi\u00f5es &#8211; 26 de abril 20h, Internet, live sobre <a href=\"https:\/\/www.facebook.com\/gilbraz.aragao\/posts\/pfbid02eBow8FNcB2LfvwzUMwxFgUz1MTFR4nXpngcAS2DHsWGscttLMLsZk36Ncqmxk4tVl\" target=\"_blank\" rel=\"noreferrer noopener\">Desdobramentos da Campanha da Fraternidade.<\/a><\/li>\n\n\n\n<li>Passos e Impasses do Ecumenismo no Nordeste &#8211; 30 de abril, CNBB-NE2, assessoria \u00e0 <a href=\"https:\/\/www.facebook.com\/gilbraz.aragao\/posts\/pfbid0Cn8Xu9A9sFmtjsN7XkDvipwUMjR678GmD9eprDKGjNx4AtBtcVxgvMgSZ9aRRYasl\" target=\"_blank\" rel=\"noreferrer noopener\">Comiss\u00e3o Regional para o Ecumenismo e o Di\u00e1logo Inter-religioso.<\/a><\/li>\n\n\n\n<li>Semana de Ora\u00e7\u00e3o pela Unidade Crist\u00e3 &#8211; 15 de maio 18h, Capela e Audit\u00f3rio da UNICAP, participa\u00e7\u00e3o em <a href=\"https:\/\/www.facebook.com\/gilbraz.aragao\/posts\/pfbid0azot89kYwviU5XMoDes4wmt3FFBLWSwMy67imMn6GM3FzDzphSay6AsGaTgUHn3Ql\" target=\"_blank\" rel=\"noreferrer noopener\">celebra\u00e7\u00e3o e f\u00f3rum sobre ecumenismo<\/a>.<\/li>\n\n\n\n<li>Semana de Ora\u00e7\u00e3o pela Unidade Crist\u00e3 \u2013 16 de maio, 19h, Igreja Batista dos Bultrins, participa\u00e7\u00e3o em&nbsp;<a href=\"https:\/\/www1.unicap.br\/observatorio2\/?p=7613\" target=\"_blank\" rel=\"noreferrer noopener\">celebra\u00e7\u00e3o ecum\u00eanica do CONIC Recife<\/a>.<\/li>\n\n\n\n<li>Ci\u00eancias da Religi\u00e3o e Novas Tecnologias &#8211; 16 de maio, 19h, Internet, participa\u00e7\u00e3o em live das <a href=\"https:\/\/www.facebook.com\/gilbraz.aragao\/posts\/pfbid0ZzwBdjciBmCiWFRkoh6NGTn6YV7cVBbPbM1xrhs91JHrFxgCeHCKQ7MeAhPKh7h5l\" target=\"_blank\" rel=\"noreferrer noopener\">Licenciaturas em Ci\u00eancias da Religi\u00e3o do Nordeste<\/a>.<\/li>\n\n\n\n<li>Sinodalidade e Igreja em Sa\u00edda &#8211; 21 de maio, 19h30, Internet, participa\u00e7\u00e3o em <a href=\"https:\/\/www.facebook.com\/gilbraz.aragao\/posts\/pfbid02gchmzkAtxUePMUYWE39cqpBvKAZ6BtmrZcguKwduqe17z5Ro2eaGePF3ozVVCm5nl\" target=\"_blank\" rel=\"noreferrer noopener\">Curso Vaticano II: constitui\u00e7\u00e3o e atualidade<\/a>.<\/li>\n\n\n\n<li>Di\u00e1logo Inter-religioso e Educa\u00e7\u00e3o &#8211; 7 e 8 de junho, <a href=\"https:\/\/www.facebook.com\/gilbraz.aragao\/posts\/pfbid0EjBkbbrL4gXEQ3syNjYHbaMTZViitvkAEVxMcbaRBCGYekjiYSRo1SRXAms8XhCGl\" target=\"_blank\" rel=\"noreferrer noopener\">Semin\u00e1rio no PPGCR-UFPB<\/a>.<\/li>\n\n\n\n<li>Crian\u00e7a n\u00e3o \u00e9 M\u00e3e &#8211; 17 de junho, Pra\u00e7a do Derby, 17h, participa\u00e7\u00e3o em <a href=\"https:\/\/www.facebook.com\/gilbraz.aragao\/posts\/pfbid02X95BGemjehCvyNMSVn6TXs9ywYqoCArKn7jZSTnMBpPzWaFBvXsSRM8Q47SpUzx1l\" target=\"_blank\" rel=\"noreferrer noopener\">protesto contra criminaliza\u00e7\u00e3o do aborto<\/a> legal.<\/li>\n\n\n\n<li>Comidas de Xang\u00f4 e S\u00e3o Jo\u00e3o &#8211; 18 de junho, 18h, S\u00edtio Trindade, participa\u00e7\u00e3o em <a href=\"https:\/\/www.facebook.com\/gilbraz.aragao\/posts\/pfbid02ZVaVNzKJqeNSKCMNujQRKFS3TAXwqrQwBBKopUdnSPuUi8FAiRJinJPZ6akBtUBEl\" target=\"_blank\" rel=\"noreferrer noopener\">exposi\u00e7\u00e3o culin\u00e1ria afro no ciclo junino<\/a>.<\/li>\n\n\n\n<li>Qual o Lugar da Natureza na sua F\u00e9? &#8211; 20 de junho, 16h, Internet, <a href=\"https:\/\/www.facebook.com\/gilbraz.aragao\/posts\/pfbid035sbZcJ7UehLW75Mf7oHWAAgBwmfQP7nTzu2PPHi6mJTMuHr1bTVEriVLBnDkfNZKl\" target=\"_blank\" rel=\"noreferrer noopener\">lan\u00e7amento do livro &#8220;As religi\u00f5es e a natureza<\/a>&#8220;.<\/li>\n\n\n\n<li>Entre S\u00e3o Jo\u00e3o e Xang\u00f4 &#8211; 24 de junho, Internet, <a href=\"https:\/\/www.facebook.com\/gilbraz.aragao\/posts\/pfbid02hCFi1fR9JaBDnvsvrLhqvb2TmVayeEhu7UPbXip7uractpppe9adiVLzcB1XxtBvl\" target=\"_blank\" rel=\"noreferrer noopener\">entrevista para a TV Conecta Recife sobre transreligiosidade<\/a> nos festejos juninos.<\/li>\n\n\n\n<li>Religi\u00e3o e Arte &#8211; 25 a 27 de junho, Internet, participa\u00e7\u00e3o no Col\u00f3quio <a href=\"https:\/\/espdialogo.wordpress.com\/2024\/05\/11\/religiao-e-arte-decolonialidade-criatividade-e-sagrado\/\" target=\"_blank\" rel=\"noreferrer noopener\">&#8220;Decolonialidade, Criatividade e Sagrado&#8221;.<\/a><\/li>\n\n\n\n<li>Intelig\u00eancia Artificial e Religi\u00e3o &#8211; 9 a 12 de julho, PUC-Minas, sess\u00e3o do <a href=\"https:\/\/www.facebook.com\/gilbraz.aragao\/posts\/pfbid0gRc2SvwJwBgg3to2Z3z7j2tiDzcjyJaM8SPHhhQ8dNiqNYvWtBa39dMAeWCohsr5l\" target=\"_blank\" rel=\"noreferrer noopener\">Grupo de Pesquisa &#8220;Espiritualidades, pluralidades e di\u00e1logos&#8221; no Congresso da SOTER<\/a>.<\/li>\n\n\n\n<li>Belo Monte de Antonio Conselheiro &#8211; 13 a 21 de julho, de Paulo Afonso a Canudos (BA), participa\u00e7\u00e3o em <a href=\"https:\/\/www.facebook.com\/gilbraz.aragao\/posts\/pfbid01QDzPQR4dwZo3b3DeHM95q7cXRyDyx9SGtAkpygpCze65DV7Rs8eCsrf9ZakU8ral\" target=\"_blank\" rel=\"noreferrer noopener\">caminhada do Grupo de Peregrinas e Peregrinos do Nordeste<\/a>.<\/li>\n\n\n\n<li>Bem-estar do planeta e das suas pessoas &#8211; 19 a 22 de agosto, Bras\u00edlia, participa\u00e7\u00e3o em <a href=\"https:\/\/www1.unicap.br\/observatorio2\/?p=8292\" target=\"_blank\" rel=\"noreferrer noopener\">reuni\u00e3o do F\u00f3rum Inter-religioso do G20<\/a> e Parceria Internacional sobre Religi\u00e3o e Desenvolvimento Sustent\u00e1vel.<\/li>\n\n\n\n<li>100 Anos de Ci\u00eancia da Religi\u00e3o &#8211; 11 de setembro, Internet, participa\u00e7\u00e3o no <a href=\"https:\/\/youtu.be\/B7Xclg4SM2o?si=35JvwQJ6tMJsdg3Z\" target=\"_blank\" rel=\"noreferrer noopener\">Semin\u00e1rio sobre Joachim Wach<\/a>.<\/li>\n\n\n\n<li>Estudos de Religi\u00f5es Comparadas &#8211; 8 de outubro, 10 \u00e0s 15h, audit\u00f3rio G4 UNICAP, <a href=\"https:\/\/www1.unicap.br\/observatorio2\/?page_id=8329\" target=\"_blank\" rel=\"noreferrer noopener\">Semin\u00e1rio do Grupo de Estudo<\/a>.<\/li>\n\n\n\n<li>Desafios Teol\u00f3gicos Atuais &#8211; 16 e 17 de outubro, Internet, participa\u00e7\u00e3o na <a href=\"https:\/\/www.facebook.com\/gilbraz.aragao\/posts\/pfbid0wqrPxtoK7QQ21k1XNU3BGonsCdVvhXjHKdNSvnK7s7YMpXqTY2ojHQWfbkMvSbUCl\" target=\"_blank\" rel=\"noreferrer noopener\">IV Jornada Jos\u00e9 Comblin<\/a>.<\/li>\n\n\n\n<li>Laicidade Estatal e Diversidade Religiosa &#8211; 7 de novembro, 9h, assessoria em Audi\u00eancia P\u00fablica sobre Ocupa\u00e7\u00e3o Religiosa do Estado, no Minist\u00e9rio P\u00fablico de Pernambuco.<\/li>\n\n\n\n<li>Transdisciplinaridade: Teoria e Pr\u00e1tica &#8211; 6 e 7 de novembro, Internet, paticipa\u00e7\u00e3o na celebra\u00e7\u00e3o dos <a href=\"https:\/\/www.facebook.com\/gilbraz.aragao\/posts\/pfbid0ZR56GXiKoZ45d1beYmtTg4eh1eER2U8tqrci6D81wuBc374U4iQ6zr6mSE2ykVr2l\" target=\"_blank\" rel=\"noreferrer noopener\">30 anos da Carta Mundial da Transdisciplinaridade<\/a>.<\/li>\n\n\n\n<li>Caminho das Religi\u00f5es Abra\u00e2micas &#8211; 8 de novembro, 8 \u00e0s 12h, pelas ruas do Recife, <a href=\"https:\/\/www1.unicap.br\/observatorio2\/?p=8438\" target=\"_blank\" rel=\"noreferrer noopener\">Peripateia das Religi\u00f5es<\/a>.<\/li>\n\n\n\n<li>Diversidade Religiosa &#8211; 12 de novembro, 8 \u00e0s 11h30, Complexo Portu\u00e1rio de Suape, participa\u00e7\u00e3o no encontro <a href=\"https:\/\/www.facebook.com\/gilbraz.aragao\/posts\/pfbid0aVyogPCR6iUz8vqo77oDGgUJRYVaTEcAbWEpiUxN9DFBsgtiBZag9fkxvKERLDPjl\" target=\"_blank\" rel=\"noreferrer noopener\">Suape Diversa<\/a>.<\/li>\n\n\n\n<li>Teologias da Liberta\u00e7\u00e3o &#8211; 22 de novembro, 14 as 17h, audit\u00f3rio do Bloco G4 da UNICAP, encontro com o Grupo Ema\u00fas, pelos <a href=\"https:\/\/www1.unicap.br\/observatorio2\/?p=8477\" target=\"_blank\" rel=\"noreferrer noopener\">80 anos de Marcelo Barros<\/a>.<\/li>\n\n\n\n<li>Ensino Religioso em Pernambuco &#8211; 27 de novembro, 14 \u00e0s 18h, audit\u00f3rio do Col\u00e9gio Salesiano, participa\u00e7\u00e3o em <a href=\"https:\/\/www.facebook.com\/gilbraz.aragao\/posts\/pfbid0sgXXZKBzhzQwvDBrshpjyP6ZqGZM3nox2rGpS9om5so1Sk4wsx211EcFHfb9PCntl\" target=\"_blank\" rel=\"noreferrer noopener\">Audi\u00eancia P\u00fablica do MPPE<\/a>.<\/li>\n\n\n\n<li>Espiritualidades em Di\u00e1logo &#8211; 27 de novembro, 19h, Internet, participa\u00e7\u00e3o no <a href=\"https:\/\/www.facebook.com\/gilbraz.aragao\/posts\/pfbid02qBiLVMWgFxzNCZcyvxcruSYKUhLyyojZR1TAoWHPK4qDSwcypESoHZD4nDq5uUjbl\" target=\"_blank\" rel=\"noreferrer noopener\">Ciclo de Debates do FACRETER<\/a>.<\/li>\n\n\n\n<li>A Mesquita no Terreiro &#8211; 28 e 29 de novembro, Internet, participa\u00e7\u00e3o no <a href=\"https:\/\/www.facebook.com\/gilbraz.aragao\/posts\/pfbid02uWE27LZr2pfLAV4SHXHVR6x4X9RaW7XYE5WAfNb2sJiDi3tAX45aFGuqw93iufcKl\" target=\"_blank\" rel=\"noreferrer noopener\">Simp\u00f3sio de M\u00edstica Isl\u00e2mica<\/a> da PUC-Minas.<\/li>\n\n\n\n<li>Escola Laica &#8211; 2 de dezembro, 17h, Sintepe, plen\u00e1ria de <a href=\"https:\/\/www.facebook.com\/gilbraz.aragao\/posts\/pfbid02EV64cd1tSpd3FNu6gzeVmtggbmwCtLW2kH1mUqXBYnTK4R8Ngp89x2eYsdrawrZ4l\" target=\"_blank\" rel=\"noreferrer noopener\">articula\u00e7\u00e3o das lutas pelo respeito \u00e0 diversidade religiosa<\/a> e \u00e0 laicidade do Estado nas escolas de Pernambuco.<\/li>\n\n\n\n<li>G\u00eanero, Etnias e Estudos de Religi\u00e3o &#8211; 5 de dezembro, 9h, Internet, lan\u00e7amento do <a href=\"https:\/\/www.facebook.com\/photo\/?fbid=10231867071453111&amp;set=a.10231867073133153\" target=\"_blank\" rel=\"noreferrer noopener\">F\u00f3rum de Justi\u00e7a de G\u00eanero e Etnias da ANPTECRE<\/a>.<\/li>\n\n\n\n<li>Arte e Religi\u00e3o &#8211; 11 de dezembro, 17 \u00e0s 19h, Instituto Ploeg, <a href=\"https:\/\/www.facebook.com\/gilbraz.aragao\/posts\/pfbid0pZgkwoyqA5iXTzu8x9mYPpjGDheu2uHyTdm4RwV2kLxKL5YximfinQyve4uDUyFhl\" target=\"_blank\" rel=\"noreferrer noopener\">conversa com Roberto Van der Ploeg<\/a> e confraterniza\u00e7\u00e3o do Grupo de Estudo do Observat\u00f3rio.<\/li>\n\n\n\n<li>Laicidade e Educa\u00e7\u00e3o &#8211; 12 de dezembro, 9h, Centro de Conviv\u00eancia do Sindicato, <a href=\"https:\/\/www.facebook.com\/photo\/?fbid=10231911598566261&amp;set=a.10231867073133153\" target=\"_blank\" rel=\"noreferrer noopener\">debate com o Sindicato dos Trabalhadores e Trabalhadoras em Educa\u00e7\u00e3o<\/a> de Pernambuco.<\/li>\n<\/ul>\n\n\n\n<p><strong>Participa\u00e7\u00e3o em Comiss\u00f5es<\/strong><\/p>\n\n\n\n<p>O Observat\u00f3rio das Religi\u00f5es no Recife, atrav\u00e9s de representa\u00e7\u00f5es dos seus membros, envolve-se ativamente em articula\u00e7\u00f5es e servi\u00e7os,&nbsp;nacionais e regionais,&nbsp;de promo\u00e7\u00e3o do di\u00e1logo e do ecumenismo:<\/p>\n\n\n\n<ul class=\"wp-block-list\">\n<li>Comiss\u00e3o de Pastoral para Ecumenismo e Di\u00e1logo Inter-religioso&nbsp;do&nbsp;<a href=\"https:\/\/www1.unicap.br\/observatorio2\/?p=5234\" target=\"_blank\" rel=\"noreferrer noopener\">Regional Nordeste II da CNNB<\/a>&nbsp;e da&nbsp;<a href=\"http:\/\/www.arquidioceseolindarecife.org\/ecumenismo-e-dialogo-interreligioso\/\" target=\"_blank\" rel=\"noreferrer noopener\">Arquidiocese de Olinda e Recife<\/a>. Participa\u00e7\u00e3o de Gilbraz e Artur.<\/li>\n\n\n\n<li><a href=\"https:\/\/www.facebook.com\/forumdialogos\" target=\"_blank\" rel=\"noreferrer noopener\">F\u00f3rum Di\u00e1logos&nbsp;<\/a>\u2013 Associa\u00e7\u00e3o civil para Promo\u00e7\u00e3o da Diversidade Religiosa em Pernambuco. Participa\u00e7\u00e3o de Tha\u00eds, Gilbraz e Gustavo.<\/li>\n\n\n\n<li><a href=\"http:\/\/olma.org.br\/\" target=\"_blank\" rel=\"noreferrer noopener\">Observat\u00f3rio Nacional de Justi\u00e7a Socioambiental Luciano Mendes de Almeida.<\/a>&nbsp;Participa\u00e7\u00e3o de Tha\u00eds e Gilbraz.<\/li>\n\n\n\n<li><a href=\"https:\/\/www.usbbog.edu.co\/observatorio-odrec\/\" target=\"_blank\" rel=\"noreferrer noopener\">Observatorio de la Diversidad Religiosa y de las Culturas en Am\u00e9rica Latina y el Caribe<\/a>. Participa\u00e7\u00e3o de Gilbraz.<\/li>\n\n\n\n<li><a href=\"https:\/\/www1.unicap.br\/observatorio2\/?p=5393\" target=\"_blank\" rel=\"noreferrer noopener\">Coalici\u00f3n Religiones, Creencias y Espiritualidades en Di\u00e1logo con la Sociedad Civil<\/a>. Participa\u00e7\u00e3o de Gilbraz.<\/li>\n<\/ul>\n\n\n\n<h5 class=\"wp-block-heading has-text-align-right\" id=\"veja-programacoes-anteriores-por-aqui\">VEJA PROGRAMA\u00c7\u00d5ES ANTERIORES POR&nbsp;<a rel=\"noreferrer noopener\" href=\"https:\/\/www1.unicap.br\/observatorio2\/?page_id=40\" target=\"_blank\">AQUI<\/a>.<\/h5>\n\n\n\n<p><\/p>\n\n\n\n<p><\/p>\n\n\n\n<p><\/p>\n","protected":false},"excerpt":{"rendered":"<p>Grupo de Estudo O grupo de estudo sobre Transdisciplinaridade e Di\u00e1logo, coordenado pelo prof. Gilbraz&nbsp;na UNICAP, re\u00fane-se desde 2005, sempre nas&nbsp;quartas-feiras&nbsp;das 17 \u00e0s 18h, e a partir de 2020 de forma online atrav\u00e9s do Meet. O Grupo \u00e9 aberto \u00e0 participa\u00e7\u00e3o de pesquisadores, orientandos de doutorado e mestrado, al\u00e9m de militantes do di\u00e1logo inter-religioso. Os&#8230; <\/p>\n<div class=\"link-more\"><a href=\"https:\/\/www1.unicap.br\/observatorio2\/?page_id=8228\">Leia mais<\/a><\/div>\n","protected":false},"author":2,"featured_media":0,"parent":0,"menu_order":0,"comment_status":"closed","ping_status":"closed","template":"","meta":{"footnotes":""},"class_list":["post-8228","page","type-page","status-publish","hentry"],"_links":{"self":[{"href":"https:\/\/www1.unicap.br\/observatorio2\/index.php?rest_route=\/wp\/v2\/pages\/8228","targetHints":{"allow":["GET"]}}],"collection":[{"href":"https:\/\/www1.unicap.br\/observatorio2\/index.php?rest_route=\/wp\/v2\/pages"}],"about":[{"href":"https:\/\/www1.unicap.br\/observatorio2\/index.php?rest_route=\/wp\/v2\/types\/page"}],"author":[{"embeddable":true,"href":"https:\/\/www1.unicap.br\/observatorio2\/index.php?rest_route=\/wp\/v2\/users\/2"}],"replies":[{"embeddable":true,"href":"https:\/\/www1.unicap.br\/observatorio2\/index.php?rest_route=%2Fwp%2Fv2%2Fcomments&post=8228"}],"version-history":[{"count":36,"href":"https:\/\/www1.unicap.br\/observatorio2\/index.php?rest_route=\/wp\/v2\/pages\/8228\/revisions"}],"predecessor-version":[{"id":8583,"href":"https:\/\/www1.unicap.br\/observatorio2\/index.php?rest_route=\/wp\/v2\/pages\/8228\/revisions\/8583"}],"wp:attachment":[{"href":"https:\/\/www1.unicap.br\/observatorio2\/index.php?rest_route=%2Fwp%2Fv2%2Fmedia&parent=8228"}],"curies":[{"name":"wp","href":"https:\/\/api.w.org\/{rel}","templated":true}]}}