{"id":8115,"date":"2023-11-27T19:34:52","date_gmt":"2023-11-27T22:34:52","guid":{"rendered":"https:\/\/www1.unicap.br\/observatorio2\/?page_id=8115"},"modified":"2025-09-06T17:00:53","modified_gmt":"2025-09-06T20:00:53","slug":"seminarios","status":"publish","type":"page","link":"https:\/\/www1.unicap.br\/observatorio2\/?page_id=8115","title":{"rendered":"SEMIN\u00c1RIOS"},"content":{"rendered":"\n<p>O nosso Observat\u00f3rio tem procurado se articular com redes de pesquisadores na realiza\u00e7\u00e3o de encontros maiores sobre as tem\u00e1ticas da f\u00e9 esclarecida e do di\u00e1logo inter-religioso. Nossa atividade \u00e9 vinculada ao&nbsp;<a href=\"https:\/\/espdialogo.wordpress.com\/\" target=\"_blank\" rel=\"noreferrer noopener\">Grupo de Pesquisa Espiritualidades, Pluralidades e Di\u00e1logos<\/a>, onde se desenvolvem estudos sobre o di\u00e1logo entre as religi\u00f5es e convic\u00e7\u00f5es, analisando eventos e documentos sob um enfoque acad\u00eamico e n\u00e3o proselitista.&nbsp;Compartilhamos por aqui as p\u00e1ginas desses semin\u00e1rios mais amplos&#8230;<\/p>\n\n\n\n<p><\/p>\n\n\n\n<h2 class=\"wp-block-heading\"><a href=\"https:\/\/www1.unicap.br\/observatorio2\/?page_id=5006\" target=\"_blank\" rel=\"noreferrer noopener\">Desafios dos Fundamentalismos<\/a><\/h2>\n\n\n\n<ul class=\"wp-block-list\">\n<li>17 a 19 de novembro de 2021<\/li>\n<\/ul>\n\n\n\n<figure class=\"wp-block-image size-full\"><img loading=\"lazy\" decoding=\"async\" width=\"300\" height=\"300\" src=\"https:\/\/www1.unicap.br\/observatorio2\/wp-content\/uploads\/2023\/11\/image-2.png\" alt=\"\" class=\"wp-image-8116\" srcset=\"https:\/\/www1.unicap.br\/observatorio2\/wp-content\/uploads\/2023\/11\/image-2.png 300w, https:\/\/www1.unicap.br\/observatorio2\/wp-content\/uploads\/2023\/11\/image-2-150x150.png 150w\" sizes=\"auto, (max-width: 300px) 100vw, 300px\" \/><\/figure>\n\n\n\n<p><\/p>\n\n\n\n<p>.<\/p>\n\n\n\n<h2 class=\"wp-block-heading\"><a href=\"https:\/\/www1.unicap.br\/observatorio2\/?page_id=7167\" target=\"_blank\" rel=\"noreferrer noopener\">Di\u00e1logos das Racionalidades Culturais e Religiosas<\/a><\/h2>\n\n\n\n<ul class=\"wp-block-list\">\n<li>10 de outubro de 2022<\/li>\n<\/ul>\n\n\n\n<figure class=\"wp-block-image size-large is-resized\"><img loading=\"lazy\" decoding=\"async\" width=\"576\" height=\"1024\" src=\"https:\/\/www1.unicap.br\/observatorio2\/wp-content\/uploads\/2023\/11\/image-3-576x1024.png\" alt=\"\" class=\"wp-image-8117\" style=\"width:381px;height:auto\" srcset=\"https:\/\/www1.unicap.br\/observatorio2\/wp-content\/uploads\/2023\/11\/image-3-576x1024.png 576w, https:\/\/www1.unicap.br\/observatorio2\/wp-content\/uploads\/2023\/11\/image-3-169x300.png 169w, https:\/\/www1.unicap.br\/observatorio2\/wp-content\/uploads\/2023\/11\/image-3.png 720w\" sizes=\"auto, (max-width: 576px) 100vw, 576px\" \/><\/figure>\n\n\n\n<p><\/p>\n\n\n\n<p>.<\/p>\n\n\n\n<h2 class=\"wp-block-heading\"><a href=\"https:\/\/www1.unicap.br\/observatorio2\/?page_id=7358\" target=\"_blank\" rel=\"noreferrer noopener\">Francisco \u2013 o Santo, o Papa e o Parque<\/a><\/h2>\n\n\n\n<ul class=\"wp-block-list\">\n<li>10 e 11 de outubro de 2023<\/li>\n<\/ul>\n\n\n\n<figure class=\"wp-block-image size-large is-resized\"><img loading=\"lazy\" decoding=\"async\" width=\"1024\" height=\"1024\" src=\"https:\/\/www1.unicap.br\/observatorio2\/wp-content\/uploads\/2023\/11\/image-4-1024x1024.png\" alt=\"\" class=\"wp-image-8118\" style=\"width:490px;height:auto\" srcset=\"https:\/\/www1.unicap.br\/observatorio2\/wp-content\/uploads\/2023\/11\/image-4-1024x1024.png 1024w, https:\/\/www1.unicap.br\/observatorio2\/wp-content\/uploads\/2023\/11\/image-4-300x300.png 300w, https:\/\/www1.unicap.br\/observatorio2\/wp-content\/uploads\/2023\/11\/image-4-150x150.png 150w, https:\/\/www1.unicap.br\/observatorio2\/wp-content\/uploads\/2023\/11\/image-4.png 1080w\" sizes=\"auto, (max-width: 1024px) 100vw, 1024px\" \/><\/figure>\n\n\n\n<p><\/p>\n\n\n\n<p>.<\/p>\n\n\n\n<h2 class=\"wp-block-heading\"><a href=\"https:\/\/www1.unicap.br\/observatorio2\/?page_id=8329\" target=\"_blank\" rel=\"noreferrer noopener\">Estudos de Religi\u00f5es Comparadas<\/a><\/h2>\n\n\n\n<ul class=\"wp-block-list\">\n<li>8 de outubro de 2024<\/li>\n<\/ul>\n\n\n\n<figure class=\"wp-block-image size-large is-resized\"><img loading=\"lazy\" decoding=\"async\" width=\"576\" height=\"1024\" src=\"https:\/\/www1.unicap.br\/observatorio2\/wp-content\/uploads\/2024\/10\/Estudos-de-Religioes-Comparadas-3-576x1024.jpg\" alt=\"\" class=\"wp-image-8356\" style=\"width:470px;height:auto\" srcset=\"https:\/\/www1.unicap.br\/observatorio2\/wp-content\/uploads\/2024\/10\/Estudos-de-Religioes-Comparadas-3-576x1024.jpg 576w, https:\/\/www1.unicap.br\/observatorio2\/wp-content\/uploads\/2024\/10\/Estudos-de-Religioes-Comparadas-3-169x300.jpg 169w, https:\/\/www1.unicap.br\/observatorio2\/wp-content\/uploads\/2024\/10\/Estudos-de-Religioes-Comparadas-3.jpg 720w\" sizes=\"auto, (max-width: 576px) 100vw, 576px\" \/><\/figure>\n\n\n\n<p><\/p>\n\n\n\n<p>.<\/p>\n\n\n\n<h2 class=\"wp-block-heading\"><a href=\"https:\/\/www1.unicap.br\/observatorio2\/?page_id=8862\" target=\"_blank\" rel=\"noreferrer noopener\">C\u00e2ntico das Criaturas e M\u00edstica Socioambiental<\/a><\/h2>\n\n\n\n<ul class=\"wp-block-list\">\n<li>9 de outubro de 2025<\/li>\n<\/ul>\n\n\n\n<figure class=\"wp-block-image size-large is-resized\"><img loading=\"lazy\" decoding=\"async\" width=\"576\" height=\"1024\" src=\"https:\/\/www1.unicap.br\/observatorio2\/wp-content\/uploads\/2025\/09\/Apresentacao1-2-576x1024.jpg\" alt=\"\" class=\"wp-image-8940\" style=\"width:478px;height:auto\" srcset=\"https:\/\/www1.unicap.br\/observatorio2\/wp-content\/uploads\/2025\/09\/Apresentacao1-2-576x1024.jpg 576w, https:\/\/www1.unicap.br\/observatorio2\/wp-content\/uploads\/2025\/09\/Apresentacao1-2-169x300.jpg 169w, https:\/\/www1.unicap.br\/observatorio2\/wp-content\/uploads\/2025\/09\/Apresentacao1-2.jpg 720w\" sizes=\"auto, (max-width: 576px) 100vw, 576px\" \/><\/figure>\n\n\n\n<p><\/p>\n\n\n\n<p><\/p>\n\n\n\n<p>.<\/p>\n","protected":false},"excerpt":{"rendered":"<p>O nosso Observat\u00f3rio tem procurado se articular com redes de pesquisadores na realiza\u00e7\u00e3o de encontros maiores sobre as tem\u00e1ticas da f\u00e9 esclarecida e do di\u00e1logo inter-religioso. Nossa atividade \u00e9 vinculada ao&nbsp;Grupo de Pesquisa Espiritualidades, Pluralidades e Di\u00e1logos, onde se desenvolvem estudos sobre o di\u00e1logo entre as religi\u00f5es e convic\u00e7\u00f5es, analisando eventos e documentos sob um&#8230; <\/p>\n<div class=\"link-more\"><a href=\"https:\/\/www1.unicap.br\/observatorio2\/?page_id=8115\">Leia mais<\/a><\/div>\n","protected":false},"author":2,"featured_media":0,"parent":0,"menu_order":0,"comment_status":"closed","ping_status":"closed","template":"","meta":{"footnotes":""},"class_list":["post-8115","page","type-page","status-publish","hentry"],"_links":{"self":[{"href":"https:\/\/www1.unicap.br\/observatorio2\/index.php?rest_route=\/wp\/v2\/pages\/8115","targetHints":{"allow":["GET"]}}],"collection":[{"href":"https:\/\/www1.unicap.br\/observatorio2\/index.php?rest_route=\/wp\/v2\/pages"}],"about":[{"href":"https:\/\/www1.unicap.br\/observatorio2\/index.php?rest_route=\/wp\/v2\/types\/page"}],"author":[{"embeddable":true,"href":"https:\/\/www1.unicap.br\/observatorio2\/index.php?rest_route=\/wp\/v2\/users\/2"}],"replies":[{"embeddable":true,"href":"https:\/\/www1.unicap.br\/observatorio2\/index.php?rest_route=%2Fwp%2Fv2%2Fcomments&post=8115"}],"version-history":[{"count":11,"href":"https:\/\/www1.unicap.br\/observatorio2\/index.php?rest_route=\/wp\/v2\/pages\/8115\/revisions"}],"predecessor-version":[{"id":8958,"href":"https:\/\/www1.unicap.br\/observatorio2\/index.php?rest_route=\/wp\/v2\/pages\/8115\/revisions\/8958"}],"wp:attachment":[{"href":"https:\/\/www1.unicap.br\/observatorio2\/index.php?rest_route=%2Fwp%2Fv2%2Fmedia&parent=8115"}],"curies":[{"name":"wp","href":"https:\/\/api.w.org\/{rel}","templated":true}]}}