{"id":7955,"date":"2023-10-03T13:06:22","date_gmt":"2023-10-03T16:06:22","guid":{"rendered":"https:\/\/www1.unicap.br\/observatorio2\/?page_id=7955"},"modified":"2023-10-03T13:06:51","modified_gmt":"2023-10-03T16:06:51","slug":"comites","status":"publish","type":"page","link":"https:\/\/www1.unicap.br\/observatorio2\/?page_id=7955","title":{"rendered":"Comit\u00eas"},"content":{"rendered":"\n<h2 class=\"wp-block-heading\">Simp\u00f3sio &#8220;Francisco \u2013 o Santo, o Papa e o Parque: Jesu\u00edtas e Franciscanos na promo\u00e7\u00e3o do ecumenismo e da ecologia no Eco Parque das Religi\u00f5es&#8221;<\/h2>\n\n\n\n<p><\/p>\n\n\n\n<h2 class=\"wp-block-heading\"><strong>Comit\u00ea de Honra<\/strong>:<\/h2>\n\n\n\n<ul class=\"wp-block-list\">\n<li>Frei C\u00e9sar Lindemberg Serafim, OFM, Guardi\u00e3o do Convento de S\u00e3o Francisco de Olinda e Coordenador do&nbsp;Servi\u00e7o de Justi\u00e7a, Paz e Integridade da Cria\u00e7\u00e3o da Prov\u00edncia Franciscana de Santo Ant\u00f4nio do Brasil<\/li>\n\n\n\n<li>Pe. Pedro Rubens Ferreira Oliveira, S.J., Dr. em Teologia, Reitor da Universidade Cat\u00f3lica de Pernambuco<\/li>\n\n\n\n<li>S\u00e9rgio Gon\u00e7alves Ferreira, Dr. em Psicologia, Diretor Presidente do Parque das Religi\u00f5es<\/li>\n<\/ul>\n\n\n\n<h2 class=\"wp-block-heading\"><strong>Comit\u00ea Cient\u00edfico da UNICAP<\/strong>:<\/h2>\n\n\n\n<ul class=\"wp-block-list\">\n<li>Gilbraz Arag\u00e3o, Dr. em Teologia, professor do PPGCR-UNICAP, onde coordena o Observat\u00f3rio Transdisciplinar das Religi\u00f5es no Recife<\/li>\n\n\n\n<li>Jos\u00e9 Afonso Chaves, Dr. em Sociologia, professor e coordenador do PPGCR-UNICAP<\/li>\n\n\n\n<li>Jos\u00e9 Artur Tavares de Brito, Dr. em Ci\u00eancias da Religi\u00e3o, professor da UNICAP<\/li>\n\n\n\n<li>Leonardo da Silva Chaves, Dr. em Etnobiologia e Conserva\u00e7\u00e3o da Natureza, assessor do Museu de Arqueologia e Ci\u00eancias Naturais da UNICAP<\/li>\n\n\n\n<li>Lu\u00eds Carlos de Lima Pacheco, Dr. em Ci\u00eancias da Religi\u00e3o, coordenador da Licenciatura CR e do eixo di\u00e1logo inter-religioso da Cl\u00ednica Interdisciplinar de Direitos Humanos UNICAP<\/li>\n\n\n\n<li>Luiz Carlos Luz Marques, Dr. em Hist\u00f3ria das Religi\u00f5es, professor do PPGCR-UNICAP<\/li>\n\n\n\n<li>Mailson Fernandes Cabral de Souza, Dr. em Ci\u00eancias da Religi\u00e3o UNICAP<\/li>\n\n\n\n<li>Riccardo Burigana, Dr. em Hist\u00f3ria, diretor do Centro de Estudos Ecum\u00eanicos da It\u00e1lia, professor visitante do PPGCR-UNICAP<\/li>\n\n\n\n<li>Rebecka Borges da N\u00f3brega Chaves, muse\u00f3loga do Museu de Arqueologia e Ci\u00eancias Naturais da UNICAP<\/li>\n\n\n\n<li>Roberta Richard Pinto, Dra. em Ci\u00eancias Biol\u00f3gicas, coordenadora do Museu de Arqueologia e Ci\u00eancias Naturais da UNICAP<\/li>\n\n\n\n<li>Silv\u00e9rio Leal Pessoa, Dr. em Ci\u00eancias da Religi\u00e3o, professor do PPGCR-UNICAP<\/li>\n\n\n\n<li>Valdenice Jos\u00e9 Raimundo, Dra. em Servi\u00e7o Social, professora do PPGCR e Pr\u00f3-reitora de Pesquisa,&nbsp;P\u00f3s-gradua\u00e7\u00e3o e Inova\u00e7\u00e3o da UNICAP<\/li>\n<\/ul>\n\n\n\n<h2 class=\"wp-block-heading\"><strong>Comit\u00ea Consultivo da Sociedade<\/strong>:<\/h2>\n\n\n\n<ul class=\"wp-block-list\">\n<li>Ana Lu\u00edza Ferreira, Dra. em Ci\u00eancia Pol\u00edtica, secret\u00e1ria de Meio Ambiente de Pernambuco<\/li>\n\n\n\n<li>Cida Pedrosa, advogada especialista em Direitos Humanos, poeta e vereadora do Recife<\/li>\n\n\n\n<li>Constantino Jose Bezerra de Melo, Dr. em Ci\u00eancias da Religi\u00e3o, professor na Secretaria de Educa\u00e7\u00e3o PE<\/li>\n\n\n\n<li>Emanuela Sousa Ribeiro, Dra. em Hist\u00f3ria, professora de Museologia e Gest\u00e3o P\u00fablica na UFPE e da P\u00f3s-gradua\u00e7\u00e3o em Hist\u00f3ria na UFRPE<\/li>\n\n\n\n<li>Faustino dos Santos, Me. em Teologia, frade e animador do di\u00e1logo inter-religioso na Prov\u00edncia Franciscana do Nordeste<\/li>\n\n\n\n<li>Floridalva Paiva Dias de S\u00e1 Cavalcanti, facilitadora em Cultura de Paz no Centro Budista, membro do F\u00f3rum Di\u00e1logos<\/li>\n\n\n\n<li>Francilaide de Queiroz Ronsi, Dra. em Teologia, coordena\u00e7\u00e3o do PPGTeo-PUCRio e do Grupo de Pesquisa Espiritualidades contempor\u00e2neas, pluralidade religiosa e di\u00e1logo (CNPQ)<\/li>\n\n\n\n<li>Iron Mendes de Ara\u00fajo J\u00fanior, Me. em Ci\u00eancias da Religi\u00e3o, equipe educativa do Museu de Arte Sacra PE<\/li>\n\n\n\n<li>Joanildo Albuquerque Burity, Dr. em Ci\u00eancia Pol\u00edtica, pesquisador da FUNDAJ<\/li>\n\n\n\n<li>Marcelo Barros, Dr. h.c. em Ci\u00eancias das Religi\u00f5es UFPB, monge e animador de movimentos populares e ecum\u00eanicos<\/li>\n\n\n\n<li>Westei Conde y Martin Junior, Me. em Direito, promotor do MPPE e membro fundador do F\u00f3rum Di\u00e1logos<\/li>\n<\/ul>\n","protected":false},"excerpt":{"rendered":"<p>Simp\u00f3sio &#8220;Francisco \u2013 o Santo, o Papa e o Parque: Jesu\u00edtas e Franciscanos na promo\u00e7\u00e3o do ecumenismo e da ecologia no Eco Parque das Religi\u00f5es&#8221; Comit\u00ea de Honra: Comit\u00ea Cient\u00edfico da UNICAP: Comit\u00ea Consultivo da Sociedade:<\/p>\n","protected":false},"author":2,"featured_media":0,"parent":0,"menu_order":0,"comment_status":"closed","ping_status":"closed","template":"","meta":{"footnotes":""},"class_list":["post-7955","page","type-page","status-publish","hentry"],"_links":{"self":[{"href":"https:\/\/www1.unicap.br\/observatorio2\/index.php?rest_route=\/wp\/v2\/pages\/7955","targetHints":{"allow":["GET"]}}],"collection":[{"href":"https:\/\/www1.unicap.br\/observatorio2\/index.php?rest_route=\/wp\/v2\/pages"}],"about":[{"href":"https:\/\/www1.unicap.br\/observatorio2\/index.php?rest_route=\/wp\/v2\/types\/page"}],"author":[{"embeddable":true,"href":"https:\/\/www1.unicap.br\/observatorio2\/index.php?rest_route=\/wp\/v2\/users\/2"}],"replies":[{"embeddable":true,"href":"https:\/\/www1.unicap.br\/observatorio2\/index.php?rest_route=%2Fwp%2Fv2%2Fcomments&post=7955"}],"version-history":[{"count":2,"href":"https:\/\/www1.unicap.br\/observatorio2\/index.php?rest_route=\/wp\/v2\/pages\/7955\/revisions"}],"predecessor-version":[{"id":7958,"href":"https:\/\/www1.unicap.br\/observatorio2\/index.php?rest_route=\/wp\/v2\/pages\/7955\/revisions\/7958"}],"wp:attachment":[{"href":"https:\/\/www1.unicap.br\/observatorio2\/index.php?rest_route=%2Fwp%2Fv2%2Fmedia&parent=7955"}],"curies":[{"name":"wp","href":"https:\/\/api.w.org\/{rel}","templated":true}]}}