{"id":7724,"date":"2023-06-30T20:09:44","date_gmt":"2023-06-30T23:09:44","guid":{"rendered":"https:\/\/www1.unicap.br\/observatorio2\/?page_id=7724"},"modified":"2023-06-30T20:17:23","modified_gmt":"2023-06-30T23:17:23","slug":"festas-afro","status":"publish","type":"page","link":"https:\/\/www1.unicap.br\/observatorio2\/?page_id=7724","title":{"rendered":"FESTAS AFRO"},"content":{"rendered":"\n<h2 class=\"wp-block-heading has-text-align-center\">FESTAS AFRO-BRASILEIRAS EM PERNAMBUCO<\/h2>\n\n\n\n<p><\/p>\n\n\n\n<figure class=\"wp-block-image size-full\"><img loading=\"lazy\" decoding=\"async\" width=\"960\" height=\"960\" src=\"https:\/\/www1.unicap.br\/observatorio2\/wp-content\/uploads\/2023\/06\/10802053_850386005002246_2866650747179263210_n.jpg\" alt=\"\" class=\"wp-image-7725\" srcset=\"https:\/\/www1.unicap.br\/observatorio2\/wp-content\/uploads\/2023\/06\/10802053_850386005002246_2866650747179263210_n.jpg 960w, https:\/\/www1.unicap.br\/observatorio2\/wp-content\/uploads\/2023\/06\/10802053_850386005002246_2866650747179263210_n-300x300.jpg 300w, https:\/\/www1.unicap.br\/observatorio2\/wp-content\/uploads\/2023\/06\/10802053_850386005002246_2866650747179263210_n-150x150.jpg 150w\" sizes=\"auto, (max-width: 960px) 100vw, 960px\" \/><\/figure>\n\n\n\n<p><\/p>\n\n\n\n<p><strong>FESTAS DA CULTURA AFRO<\/strong><\/p>\n\n\n\n<ul class=\"wp-block-list\">\n<li>Noite dos Tambores Silenciosos: Recife, P\u00e1tio do Ter\u00e7o, Noite da segunda-feira de Carnaval<\/li>\n\n\n\n<li>Festa da M\u00e3e Preta: Garanhuns, Quilombo Castainho, maio, segundo final de semana ap\u00f3s dia 13<\/li>\n\n\n\n<li>Festa do Bom Jesus dos Aflitos: Floresta, 22 de dezembro a 1 de janeiro<\/li>\n\n\n\n<li>Festa de Nossa Senhora da Assun\u00e7\u00e3o: Salgueiro \u2013 Concei\u00e7\u00e3o das Crioulas, agosto, 1\u00aa quinzena<\/li>\n\n\n\n<li>Caminhada de Terreiros: Recife, novembro, 1\u00aa semana<\/li>\n\n\n\n<li>Festa de Iemanj\u00e1: Jaboat\u00e3o dos Guararapes \u2013 Praia de Piedade, dezembro, 1\u00aa quinzena<\/li>\n<\/ul>\n\n\n\n<p><strong>FESTAS DOS TERREIROS<\/strong><\/p>\n\n\n\n<p>Na\u00e7\u00e3o Nag\u00f4 \u2013 S\u00edtio do Pai Ad\u00e3o, Recife, 3443-9412<\/p>\n\n\n\n<ul class=\"wp-block-list\">\n<li>Toque de Xang\u00f4: janeiro<\/li>\n\n\n\n<li>Toque de Ogum: abril<\/li>\n\n\n\n<li>Toque de Oxum: julho (cesta de oferendas no Rio Capibaribe)<\/li>\n\n\n\n<li>Toque de Iemanj\u00e1: dezembro (panela no mar de Olinda)<\/li>\n\n\n\n<li>Louva\u00e7\u00e3o a Oxal\u00e1: dezembro<\/li>\n<\/ul>\n\n\n\n<p>Na\u00e7\u00e3o Xamb\u00e1 \u2013 Olinda, 3443-1115<\/p>\n\n\n\n<ul class=\"wp-block-list\">\n<li>Janeiro &#8211; Toque de Obaluay\u00ea, Amal\u00e1 de Xang\u00f4 e Toque de Bal\u00e9<\/li>\n\n\n\n<li>12 de fevereiro &#8211; Toque de Oxum<\/li>\n\n\n\n<li>30 de abril &#8211; Toque de Ogum e Od\u00e9<\/li>\n\n\n\n<li>28 de maio &#8211; Toque de Yemanj\u00e1<\/li>\n\n\n\n<li>18 de junho &#8211; Toque de Xang\u00f4<\/li>\n\n\n\n<li>29 de junho &#8211; Coco de Xamb\u00e1<\/li>\n\n\n\n<li>30 de julho &#8211; Toque de Orixal\u00e1 e Nan\u00e3<\/li>\n\n\n\n<li>06 de agosto &#8211; Anivers\u00e1rio do Babalorix\u00e1 Ivo de Xamb\u00e1<\/li>\n\n\n\n<li>11 de agosto &#8211; Anivers\u00e1rio do Grupo Bongar<\/li>\n\n\n\n<li>18 de setembro &#8211; Dia de Malunguinho<\/li>\n\n\n\n<li>24 de setembro &#8211; Toque de B\u00eaji<\/li>\n\n\n\n<li>29 de outubro &#8211; Toque do Inhame<\/li>\n\n\n\n<li>20 de novembro \u2013 Dia da Consci\u00eancia Negra e anivers\u00e1rio do Coco Miudinho<\/li>\n\n\n\n<li>27 de novembro \u2013 Anivers\u00e1rio da Yalorix\u00e1 da Xamb\u00e1 M\u00e3e Lourdes de Yemanj\u00e1<\/li>\n\n\n\n<li>13 de dezembro &#8211; Louva\u00e7\u00e3o de Oy\u00e1&nbsp;<\/li>\n\n\n\n<li>17 de dezembro &#8211; Toque de Oy\u00e1<\/li>\n<\/ul>\n\n\n\n<p>Na\u00e7\u00e3o Ketu \u2013 Cabo de Santo Agostinho, 8666-2204<\/p>\n\n\n\n<ul class=\"wp-block-list\">\n<li>Festa das \u00c1guas de Oxal\u00e1: janeiro, 4 domingo<\/li>\n\n\n\n<li>Festa da Jurema: mar\u00e7o, 3 domingo<\/li>\n\n\n\n<li>Festa de Ogum: abril, 4 domingo<\/li>\n\n\n\n<li>Festa dos Preto Velhos: mais, 2 domingo<\/li>\n\n\n\n<li>Festa de Xang\u00f4: junho, 3 domingo<\/li>\n\n\n\n<li>Festa de Oxum: julho, 4 domingo<\/li>\n\n\n\n<li>Festa para Exu e Pomba Gira: agosto, todos os domingos<\/li>\n\n\n\n<li>Festa de Oya: novembro, 3 domingo<\/li>\n\n\n\n<li>Festa de Jurema: dezembro, 2 domingo<\/li>\n\n\n\n<li>Ib\u00f4 para Oxal\u00e1: dezembro, 3 domingo<\/li>\n<\/ul>\n\n\n\n<p>Na\u00e7\u00e3o Angola \u2013 Recife, 3339-3087<\/p>\n\n\n\n<ul class=\"wp-block-list\">\n<li>Festa de Ox\u00f3ssi, janeiro<\/li>\n\n\n\n<li>Quebra Vela, fevereiro<\/li>\n\n\n\n<li>Festa de Ogum, abril<\/li>\n\n\n\n<li>Festa de Xang\u00f4, junho<\/li>\n\n\n\n<li>Prociss\u00e3o de Dandalunda, junho<\/li>\n\n\n\n<li>Festa de Oxum, julho<\/li>\n\n\n\n<li>Louva\u00e7\u00e3o a Exu, agosto<\/li>\n\n\n\n<li>Fogueira do Tempo, agosto<\/li>\n\n\n\n<li>Festa da Cigana Iara, agosto<\/li>\n\n\n\n<li>Festa de Wije, setembro<\/li>\n\n\n\n<li>\u00c1guas de Lemb\u00e1, outubro<\/li>\n\n\n\n<li>Festa de Oxal\u00e1, outubro<\/li>\n\n\n\n<li>Quebra Lou\u00e7a de Oya, novembro<\/li>\n\n\n\n<li>Festa de Ians\u00e3, novembro<\/li>\n\n\n\n<li>Festa de Iemanj\u00e1, dezembro<\/li>\n<\/ul>\n\n\n\n<p>Na\u00e7\u00e3o J\u00eaja \u2013 Olinda, 3429-0176<\/p>\n\n\n\n<ul class=\"wp-block-list\">\n<li>Lavagem do Bonfim, 2 domingo de janeiro<\/li>\n\n\n\n<li>Olubajee, \u00faltimo domingo de janeiro<\/li>\n\n\n\n<li>Osunmar\u00e9, 3 domingo de mar\u00e7o<\/li>\n\n\n\n<li>Bolta T\u2019Oxossi, \u00faltimo s\u00e1bado de abril<\/li>\n\n\n\n<li>Festa das Iagba, 2 domingo de maio<\/li>\n\n\n\n<li>Festa dos Preto Velhos, 13 de maio<\/li>\n\n\n\n<li>Bolta T\u2019Sango, 3 domingo de junho<\/li>\n\n\n\n<li>Presente T\u2019Osun, 15 de julho<\/li>\n\n\n\n<li>Jurema\u00e7\u00e3o, agosto<\/li>\n\n\n\n<li>Anivers\u00e1rio de Seu Vira, agosto<\/li>\n\n\n\n<li>Festa de Osun Apar\u00e1, 4 domingo de setembro<\/li>\n\n\n\n<li>Festa do Inhame, \u00faltimo domingo de outubro<\/li>\n\n\n\n<li>Bolta T\u2019Oya, 1 domingo de dezembro<\/li>\n\n\n\n<li>Presente T\u2019Iemanj\u00e1, 7 de dezembro<\/li>\n<\/ul>\n\n\n\n<p><\/p>\n\n\n\n<p><\/p>\n\n\n\n<p>.<\/p>\n","protected":false},"excerpt":{"rendered":"<p>FESTAS AFRO-BRASILEIRAS EM PERNAMBUCO FESTAS DA CULTURA AFRO FESTAS DOS TERREIROS Na\u00e7\u00e3o Nag\u00f4 \u2013 S\u00edtio do Pai Ad\u00e3o, Recife, 3443-9412 Na\u00e7\u00e3o Xamb\u00e1 \u2013 Olinda, 3443-1115 Na\u00e7\u00e3o Ketu \u2013 Cabo de Santo Agostinho, 8666-2204 Na\u00e7\u00e3o Angola \u2013 Recife, 3339-3087 Na\u00e7\u00e3o J\u00eaja \u2013 Olinda, 3429-0176 .<\/p>\n","protected":false},"author":2,"featured_media":0,"parent":0,"menu_order":0,"comment_status":"closed","ping_status":"closed","template":"","meta":{"footnotes":""},"class_list":["post-7724","page","type-page","status-publish","hentry"],"_links":{"self":[{"href":"https:\/\/www1.unicap.br\/observatorio2\/index.php?rest_route=\/wp\/v2\/pages\/7724","targetHints":{"allow":["GET"]}}],"collection":[{"href":"https:\/\/www1.unicap.br\/observatorio2\/index.php?rest_route=\/wp\/v2\/pages"}],"about":[{"href":"https:\/\/www1.unicap.br\/observatorio2\/index.php?rest_route=\/wp\/v2\/types\/page"}],"author":[{"embeddable":true,"href":"https:\/\/www1.unicap.br\/observatorio2\/index.php?rest_route=\/wp\/v2\/users\/2"}],"replies":[{"embeddable":true,"href":"https:\/\/www1.unicap.br\/observatorio2\/index.php?rest_route=%2Fwp%2Fv2%2Fcomments&post=7724"}],"version-history":[{"count":2,"href":"https:\/\/www1.unicap.br\/observatorio2\/index.php?rest_route=\/wp\/v2\/pages\/7724\/revisions"}],"predecessor-version":[{"id":7730,"href":"https:\/\/www1.unicap.br\/observatorio2\/index.php?rest_route=\/wp\/v2\/pages\/7724\/revisions\/7730"}],"wp:attachment":[{"href":"https:\/\/www1.unicap.br\/observatorio2\/index.php?rest_route=%2Fwp%2Fv2%2Fmedia&parent=7724"}],"curies":[{"name":"wp","href":"https:\/\/api.w.org\/{rel}","templated":true}]}}