{"id":771,"date":"2013-09-22T11:56:11","date_gmt":"2013-09-22T14:56:11","guid":{"rendered":"https:\/\/www1.unicap.br\/observatorio2\/?page_id=771"},"modified":"2013-09-22T11:56:11","modified_gmt":"2013-09-22T14:56:11","slug":"xamanismo","status":"publish","type":"page","link":"https:\/\/www1.unicap.br\/observatorio2\/?page_id=771","title":{"rendered":"Xamanismo"},"content":{"rendered":"<p><iframe loading=\"lazy\" src=\"\/\/www.youtube.com\/embed\/m6NcKXBYNuE\" height=\"315\" width=\"560\" allowfullscreen=\"\" frameborder=\"0\"><\/iframe><\/p>\n<p>&nbsp;<\/p>\n<p><strong>Xamanismo<\/strong><\/p>\n<p>&nbsp;<\/p>\n<p>O termo Xamanismo, criado por antrop\u00f3logos, \u00e9 uma conjuntura que comp\u00f5e todas as pr\u00e1ticas ancestrais que mant\u00eam rela\u00e7\u00e3o com o sagrado, divindades, esp\u00edritos, e estados alterados de consci\u00eancia. H\u00e1 fen\u00f4menos xam\u00e2nicos similares entre os esquim\u00f3s, entre os \u00edndios da Am\u00e9rica do Norte, da Am\u00e9rica Central e da Am\u00e9rica do Sul; na Oceania, na Austr\u00e1lia, na \u00c1sia&#8230; O Xamanismo, em sua origem, n\u00e3o pertence unicamente a um determinado povo ou cultura, pois \u00e9 fruto de um fen\u00f4meno que ocorre no in\u00edcio do despertar da pr\u00f3pria consci\u00eancia humana, sendo, assim, uma heran\u00e7a de toda a humanidade.<\/p>\n<p>Divide-se em duas escolas: o xamanismo tradicional, que segue as tradi\u00e7\u00f5es nativas de cada localidade, e o neoxamanismo, que adapta a ess\u00eancia com pr\u00e1ticas terap\u00eauticas e de linhas diversas numa realidade urbana; cobrindo pr\u00e1ticas de cura de ancestrais primitivos e de ind\u00edgenas ao redor do mundo. Contudo h\u00e1 o conceito de Xamanismo Universal, que une o xamanismo tradicional e o neoxamanismo em um s\u00f3 movimento para uma consci\u00eancia plural e din\u00e2mica do sagrado. Existem tra\u00e7os do xamanismo em todas as religi\u00f5es, por ser uma manifesta\u00e7\u00e3o que floresceu no paleol\u00edtico e foi aperfei\u00e7oada de acordo com a evolu\u00e7\u00e3o da capacidade de transcender do ser humano. Portanto, torna-se muito desafiante a tarefa de separar o que \u00e9 e o que n\u00e3o \u00e9 xamanismo e como classific\u00e1-lo, pois suas pr\u00e1ticas est\u00e3o conectadas \u00e0s demais religiosidades.<\/p>\n<p>As pr\u00e1ticas xam\u00e2nicas t\u00eam crescido nas \u00faltimas d\u00e9cadas devido \u00e0s car\u00eancias contempor\u00e2neas da sociedade urbana. A falta de sentido de pertencimento, a aus\u00eancia de ritos de passagens, o distanciamento da natureza e de si mesmo ocasionados pela p\u00f3s-modernidade; pois os indiv\u00edduos passaram a dar mais aten\u00e7\u00e3o \u00e0s inova\u00e7\u00f5es, aos inventos, ao tecnicismo e foram se distanciando de sua conex\u00e3o com a Terra. Este mesmo humano que criou toda uma tecnologia para facilitar sua pr\u00f3pria vida, hoje n\u00e3o tem tempo para si mesmo, para sua fam\u00edlia. Diminuiu a sa\u00fade, a qualidade de vida. Muitos vivem atualmente com uma sensa\u00e7\u00e3o de separa\u00e7\u00e3o, de isolamento, um sentimento de aus\u00eancia de sentido na vida. Foram estabelecidas formas totalmente anti naturais de viver. \u00c9 nesse cen\u00e1rio que ressurge o xamanismo como forma de harmonizar as rela\u00e7\u00f5es e os relacionamentos em todos os ambientes, com o divino, com a natureza, com o universo. Para isso sendo necess\u00e1rio harmonizar-se consigo mesmo.<\/p>\n<p>&nbsp;<\/p>\n<p>&nbsp;<\/p>\n","protected":false},"excerpt":{"rendered":"<p>&nbsp; Xamanismo &nbsp; O termo Xamanismo, criado por antrop\u00f3logos, \u00e9 uma conjuntura que comp\u00f5e todas as pr\u00e1ticas ancestrais que mant\u00eam rela\u00e7\u00e3o com o sagrado, divindades, esp\u00edritos, e estados alterados de consci\u00eancia. H\u00e1 fen\u00f4menos xam\u00e2nicos similares entre os esquim\u00f3s, entre os \u00edndios da Am\u00e9rica do Norte, da Am\u00e9rica Central e da Am\u00e9rica do Sul; na Oceania,&#8230; <\/p>\n<div class=\"link-more\"><a href=\"https:\/\/www1.unicap.br\/observatorio2\/?page_id=771\">Leia mais<\/a><\/div>\n","protected":false},"author":2,"featured_media":0,"parent":34,"menu_order":0,"comment_status":"open","ping_status":"open","template":"","meta":{"footnotes":""},"class_list":["post-771","page","type-page","status-publish","hentry"],"_links":{"self":[{"href":"https:\/\/www1.unicap.br\/observatorio2\/index.php?rest_route=\/wp\/v2\/pages\/771","targetHints":{"allow":["GET"]}}],"collection":[{"href":"https:\/\/www1.unicap.br\/observatorio2\/index.php?rest_route=\/wp\/v2\/pages"}],"about":[{"href":"https:\/\/www1.unicap.br\/observatorio2\/index.php?rest_route=\/wp\/v2\/types\/page"}],"author":[{"embeddable":true,"href":"https:\/\/www1.unicap.br\/observatorio2\/index.php?rest_route=\/wp\/v2\/users\/2"}],"replies":[{"embeddable":true,"href":"https:\/\/www1.unicap.br\/observatorio2\/index.php?rest_route=%2Fwp%2Fv2%2Fcomments&post=771"}],"version-history":[{"count":1,"href":"https:\/\/www1.unicap.br\/observatorio2\/index.php?rest_route=\/wp\/v2\/pages\/771\/revisions"}],"predecessor-version":[{"id":772,"href":"https:\/\/www1.unicap.br\/observatorio2\/index.php?rest_route=\/wp\/v2\/pages\/771\/revisions\/772"}],"up":[{"embeddable":true,"href":"https:\/\/www1.unicap.br\/observatorio2\/index.php?rest_route=\/wp\/v2\/pages\/34"}],"wp:attachment":[{"href":"https:\/\/www1.unicap.br\/observatorio2\/index.php?rest_route=%2Fwp%2Fv2%2Fmedia&parent=771"}],"curies":[{"name":"wp","href":"https:\/\/api.w.org\/{rel}","templated":true}]}}