{"id":7520,"date":"2023-03-21T13:03:36","date_gmt":"2023-03-21T16:03:36","guid":{"rendered":"https:\/\/www1.unicap.br\/observatorio2\/?page_id=7520"},"modified":"2024-02-07T14:37:25","modified_gmt":"2024-02-07T17:37:25","slug":"programacao-2023","status":"publish","type":"page","link":"https:\/\/www1.unicap.br\/observatorio2\/?page_id=7520","title":{"rendered":"PROGRAMA\u00c7\u00c3O 2023"},"content":{"rendered":"\n<figure class=\"wp-block-image size-large\"><img loading=\"lazy\" decoding=\"async\" width=\"1024\" height=\"461\" src=\"https:\/\/www1.unicap.br\/observatorio2\/wp-content\/uploads\/2023\/03\/323772913_887624608943617_8480374791282181400_n-1024x461.jpg\" alt=\"\" class=\"wp-image-7522\" srcset=\"https:\/\/www1.unicap.br\/observatorio2\/wp-content\/uploads\/2023\/03\/323772913_887624608943617_8480374791282181400_n-1024x461.jpg 1024w, https:\/\/www1.unicap.br\/observatorio2\/wp-content\/uploads\/2023\/03\/323772913_887624608943617_8480374791282181400_n-300x135.jpg 300w, https:\/\/www1.unicap.br\/observatorio2\/wp-content\/uploads\/2023\/03\/323772913_887624608943617_8480374791282181400_n-1536x691.jpg 1536w, https:\/\/www1.unicap.br\/observatorio2\/wp-content\/uploads\/2023\/03\/323772913_887624608943617_8480374791282181400_n-600x270.jpg 600w, https:\/\/www1.unicap.br\/observatorio2\/wp-content\/uploads\/2023\/03\/323772913_887624608943617_8480374791282181400_n.jpg 1600w\" sizes=\"auto, (max-width: 1024px) 100vw, 1024px\" \/><figcaption class=\"wp-element-caption\"><em>Dia de Combate \u00e0 Intoler\u00e2ncia Religiosa<\/em><\/figcaption><\/figure>\n\n\n\n<p><\/p>\n\n\n\n<p><strong>Grupo de Estudo<\/strong><\/p>\n\n\n\n<p>O grupo de estudo sobre Transdisciplinaridade e Di\u00e1logo, coordenado pelo prof. Gilbraz&nbsp;na UNICAP, re\u00fane-se desde 2005, sempre nas&nbsp;<strong>quartas-feiras<\/strong>&nbsp;<strong>das 17 \u00e0s 18h<\/strong>, e a partir de 2020 de forma online atrav\u00e9s do Meet. O Grupo \u00e9 aberto \u00e0 participa\u00e7\u00e3o de pesquisadores, doutorandos e mestrandos, e tamb\u00e9m de graduandos interessados na inicia\u00e7\u00e3o cient\u00edfica, al\u00e9m de militantes do di\u00e1logo inter-religioso.<\/p>\n\n\n\n<p>Os membros que est\u00e3o registrados no&nbsp;<a rel=\"noreferrer noopener\" href=\"https:\/\/espdialogo.wordpress.com\/\" target=\"_blank\">Grupo de Pesquisa Espiritualidades, Pluralidade e Di\u00e1logo<\/a>&nbsp;(CNPQ) devem, ao menos,&nbsp;participar de 1\/3 das reuni\u00f5es e apresentar anualmente uma produ\u00e7\u00e3o acad\u00eamica qualificada.<\/p>\n\n\n\n<p>Nas reuni\u00f5es semanais do Grupo os participantes compartilham o andamento de suas pesquisas e prosseguem com um estudo em comum: em 2023 estamos envolvidos na prepara\u00e7\u00e3o do <a href=\"https:\/\/www1.unicap.br\/observatorio2\/?page_id=7358\" target=\"_blank\" rel=\"noreferrer noopener\">Simp\u00f3sio<\/a> que vai definir conceitualmente os objetos que ser\u00e3o apresentados no museu Parque das Religi\u00f5es, desenvolvendo discuss\u00f5es sobre <a href=\"https:\/\/www1.unicap.br\/observatorio2\/?page_id=7503\" target=\"_blank\" rel=\"noreferrer noopener\">religi\u00f5es comparadas e museologia do sagrado<\/a>. Depois disso, vamos nos dedicar a leituras sobre <a href=\"https:\/\/www.facebook.com\/gilbraz.aragao\/posts\/pfbid0iwoJJ3jp6hzZBG4CCRxpr1V3XuAFk9fL5fHdHRcajLjrXzoVyQxAEw6oZHT5F1Yil\" target=\"_blank\" rel=\"noreferrer noopener\">transdisciplinaridade e educa\u00e7\u00e3o<\/a>, sobre <a href=\"https:\/\/www.facebook.com\/gilbraz.aragao\/posts\/pfbid0khFjV6FLiRxhUoEZpCAPaJknvZJopBQ9n8jp3ha36UKUjhPupVv99fk6ywcAYfANl\" target=\"_blank\" rel=\"noreferrer noopener\">transreligiosidade<\/a>&#8230;<\/p>\n\n\n\n<p>Atrav\u00e9s da internet, ent\u00e3o, o nosso <a href=\"https:\/\/www1.unicap.br\/observatorio2\/?p=8020\" target=\"_blank\" rel=\"noreferrer noopener\">campus agora \u00e9 a gal\u00e1xia<\/a> e voc\u00ea pode juntar-se a n\u00f3s como um valente mochileiro do al\u00e9m!<\/p>\n\n\n\n<p><strong>Encontros e Semin\u00e1rios<\/strong><\/p>\n\n\n\n<p>A equipe do Observat\u00f3rio Transdisciplinar das Religi\u00f5es participa igualmente na anima\u00e7\u00e3o de v\u00e1rios eventos relacionados ao di\u00e1logo entre f\u00e9s e convic\u00e7\u00f5es, em parceria com outros grupos universit\u00e1rios e de educa\u00e7\u00e3o comunit\u00e1ria:<\/p>\n\n\n\n<ul class=\"wp-block-list\">\n<li>Apoio a Povos Origin\u00e1rios \u2013 21 de janeiro, Igarassu, participa\u00e7\u00e3o no evento do&nbsp;<a href=\"https:\/\/www1.unicap.br\/observatorio2\/?p=7430\" target=\"_blank\" rel=\"noreferrer noopener\">Dia de Combate \u00e0 Intoler\u00e2ncia Religiosa<\/a>&nbsp;com o F\u00f3rum Di\u00e1logos.<\/li>\n\n\n\n<li>Museologia do Sagrado \u2013 8 de fevereiro, UNICAP, lan\u00e7amento do <a rel=\"noreferrer noopener\" href=\"https:\/\/www.facebook.com\/photo\/?fbid=10226687774653928&amp;set=a.10226101822405488\" target=\"_blank\">Simp\u00f3sio sobre o Parque das Religi\u00f5es<\/a>.<\/li>\n\n\n\n<li>O Papa e as Controv\u00e9rsias do Di\u00e1logo &#8211; 10 de mar\u00e7o, UNICAP, participa\u00e7\u00e3o no Painel &#8220;<a rel=\"noreferrer noopener\" href=\"https:\/\/www.facebook.com\/gilbraz.aragao\/posts\/pfbid033eLhxViGmPtZdTvjhMq3uWqdcuZUk1Cn6GXN35bZD7Q75L8RKsWrzJUw4tSzeHjJl\" target=\"_blank\">Francisco e os marcos de seu pontificado<\/a>&#8220;.<\/li>\n\n\n\n<li>Eixo Di\u00e1logo Inter-religioso &#8211; 13 de mar\u00e7o, Internet, articula\u00e7\u00e3o de Grupo na <a rel=\"noreferrer noopener\" href=\"https:\/\/www.facebook.com\/photo?fbid=10226908252325732&amp;set=a.10226101822405488\" target=\"_blank\">Cl\u00ednica Interdisciplinar de Direitos Humanos<\/a>.<\/li>\n\n\n\n<li>Espiritualidades, Pluralidade e Di\u00e1logo &#8211; 17 a 23 de mar\u00e7o, Internet, organiza\u00e7\u00e3o de GT do Grupo de Pesquisa no <a href=\"https:\/\/visimposiopecicero.wixsite.com\/2023\" target=\"_blank\" rel=\"noreferrer noopener\">Simp\u00f3sio do Padre C\u00edcero<\/a>.<\/li>\n\n\n\n<li>Religi\u00e3o e Ci\u00eancia &#8211; 22 de mar\u00e7o, R\u00e1dio e Podcast, participa\u00e7\u00e3o no <a rel=\"noreferrer noopener\" href=\"https:\/\/www.facebook.com\/gilbraz.aragao\/posts\/pfbid047RhqCghsLAu8RtWnCuutt6axB7wCPKdSBJMSKbZBxhD6o3JnGWDt998Rcuar1nfl\" target=\"_blank\">Programa Educa\u00e7\u00e3o e Humanidades<\/a>.<\/li>\n\n\n\n<li>Intoler\u00e2ncia e Racismo Religioso &#8211; 5 de abril, TV Pernambuco, participa\u00e7\u00e3o no <a href=\"https:\/\/www1.unicap.br\/observatorio2\/?p=7579\" target=\"_blank\" rel=\"noreferrer noopener\">Programa TVDH<\/a>.<\/li>\n\n\n\n<li>Religi\u00f5es no Novo Cen\u00e1rio Pol\u00edtico &#8211; 29 de abril, UNICAP, participa\u00e7\u00e3o no <a rel=\"noreferrer noopener\" href=\"https:\/\/www.facebook.com\/gilbraz.aragao\/posts\/pfbid035AFzuEJxLcES18NHt7hFYk87KXYH6Q6dw9rKTw3KzaWq94YhzJoqMhW9YifMU4UFl\" target=\"_blank\">Encontro do F\u00f3rum Di\u00e1logos<\/a>.<\/li>\n\n\n\n<li>Museus e Religi\u00f5es &#8211; 6 de maio, 10 \u00e0s 16h, Recife e Olinda, <a rel=\"noreferrer noopener\" href=\"https:\/\/www.facebook.com\/gilbraz.aragao\/posts\/pfbid0vNGfrzDk75pttBLNxziWEz6XmwB218qUDuYcy5SfSW2CbFG3x7ZdNN8tHYMsqxKQl\" target=\"_blank\">dia de campo do Grupo de Estudo<\/a> do Observat\u00f3rio.<\/li>\n\n\n\n<li>Ensino Religioso na BNCC &#8211; 20 de maio, 19h, Internet, participa\u00e7\u00e3o no <a rel=\"noreferrer noopener\" href=\"https:\/\/www.facebook.com\/gilbraz.aragao\/posts\/pfbid0hcp24u7FK2m23as62pVt7qvVgikkgzrjdC8TcaD1pjixU3wcA52rXxb2NieGL565l\" target=\"_blank\">Encontro de Gradua\u00e7\u00f5es em Ci\u00eancias da Religi\u00e3o do Nordeste<\/a>.<\/li>\n\n\n\n<li>Laicidade, Religi\u00e3o e Poder no Espa\u00e7o P\u00fablico Brasileiro &#8211; 17 de maio, 9h, Internet, palestra em <a href=\"https:\/\/www.facebook.com\/gilbraz.aragao\/posts\/pfbid02BKWmNRtNCgaJXFQnExpKyGHvRSViQxJGKWg2CNE8QcuDGzrYK4eUCuuUkvXMnLiMl\" target=\"_blank\" rel=\"noreferrer noopener\">Semin\u00e1rio do PPGTEO das Faculdades EST<\/a>-Luteranos.<\/li>\n\n\n\n<li>Religi\u00f5es e Pol\u00edticas de Cultura em Pernambuco &#8211; 19 de maio, 9h, Secretaria de Cultura, <a href=\"https:\/\/www.facebook.com\/gilbraz.aragao\/posts\/pfbid02KWN1HWbFUCLJySNVbp2YJm4u2zQhfwYpsBtBQzMXANxNY5fzZjX4mpAZFfcuGWnSl\" target=\"_blank\" rel=\"noreferrer noopener\">participa\u00e7\u00e3o em Encontro com o F\u00f3rum Di\u00e1logos<\/a>.<\/li>\n\n\n\n<li>Passos e Impasses do Ecumenismo &#8211; 22 de maio &#8211; 20h, Audit\u00f3rio Dom Helder, <a href=\"https:\/\/www.facebook.com\/gilbraz.aragao\/posts\/pfbid02eyNpih3LxHTJaEhTMQ8U87PavEVEnra5b2opLQ131xnc62wAH55Ws7H9tTfSvAzYl\" target=\"_blank\" rel=\"noreferrer noopener\">participa\u00e7\u00e3o em Roda de Conversa sobre o ecumenismo crist\u00e3o<\/a>.<\/li>\n\n\n\n<li>Semana de Ora\u00e7\u00e3o pela Unidade Crist\u00e3 &#8211; 24 de maio, 18h, Igrejinha das Fronteiras, participa\u00e7\u00e3o em <a href=\"https:\/\/www1.unicap.br\/observatorio2\/?p=7613\" target=\"_blank\" rel=\"noreferrer noopener\">celebra\u00e7\u00e3o com a Comiss\u00e3o Arquidiocesana de Ecumenismo e Di\u00e1logo<\/a>.<\/li>\n\n\n\n<li>Dignidade Amea\u00e7ada &#8211; 29 de maio, 19h, Internet, <a rel=\"noreferrer noopener\" href=\"https:\/\/www.facebook.com\/gilbraz.aragao\/posts\/pfbid02a3Mb9uPbZ1rHChEySwyC5nkhiq4p3cTUh7Wct4uEfeb4jQkeAiXRkyfhKZeQdbVcl\" target=\"_blank\">debate sobre liberdade e intoler\u00e2ncia religiosa na Cl\u00ednica Interdisciplinar de Direitos Humanos<\/a> da UNICAP.<\/li>\n\n\n\n<li>Rumo \u00e0s Fontes &#8211; 3 de junho, 7h, da Unicap ao Convento de S\u00e3o Francisco, <a rel=\"noreferrer noopener\" href=\"https:\/\/www1.unicap.br\/observatorio2\/?p=7002\" target=\"_blank\">Caminhada com estudantes para o Parque das Religi\u00f5es<\/a>.<\/li>\n\n\n\n<li>Ensino Religioso \u00e0 Luz do Paradigma Complexo e Transdisciplinar &#8211; 22 de junho, 10h, Internet, <a href=\"https:\/\/www1.unicap.br\/observatorio2\/?p=7641\" target=\"_blank\" rel=\"noreferrer noopener\">defesa da disserta\u00e7\u00e3o de Rom\u00e1rio Fernandes<\/a> no PPGCR-UFPB.<\/li>\n\n\n\n<li>Embates Epistemol\u00f3gicos em Ci\u00eancias da Religi\u00e3o &#8211; 28 de junho, 9h, Internet, <a href=\"https:\/\/www1.unicap.br\/observatorio2\/?p=7656\" target=\"_blank\" rel=\"noreferrer noopener\">defesa da tese de Mailson Cabral<\/a> no PPGCR-UNICAP.<\/li>\n\n\n\n<li>Estudos do Imagin\u00e1rio &#8211; 20 de junho, Internet, lan\u00e7amento do <a href=\"https:\/\/www1.unicap.br\/ojs\/index.php\/paralellus\/issue\/view\/146\" target=\"_blank\" rel=\"noreferrer noopener\">Dossi\u00ea sobre Imagin\u00e1rio e Sagrado<\/a> na Revista Paralellus.<\/li>\n\n\n\n<li>Combate \u00e0 Intoler\u00e2ncia Religiosa no Recife &#8211; 30 de junho, Internet, <a rel=\"noreferrer noopener\" href=\"https:\/\/www1.unicap.br\/observatorio2\/?p=7570\" target=\"_blank\">lan\u00e7amento de Cartilha<\/a> com o Eixo Di\u00e1logo Inter-religioso na Cl\u00ednica Interdisciplinar de Direitos Humanos da UNICAP.<\/li>\n\n\n\n<li>Confraterniza\u00e7\u00e3o do Semestre &#8211; 30 de junho, 17h, sala do 8\u00ba andar do bloco G4 da UNICAP, <a href=\"https:\/\/www.facebook.com\/gilbraz.aragao\/posts\/pfbid02S5XkWTiYB3kvBaabF7UmCrTHnKZ9DPRZpXe7h9x6XDy22AtS7Caim1nTgh6Lo1Y1l\" target=\"_blank\" rel=\"noreferrer noopener\">encontro do Grupo de Estudo do Observat\u00f3rio<\/a>.<\/li>\n\n\n\n<li>M\u00edstica e Morte &#8211; 1 de julho, Internet, lan\u00e7amento do <a href=\"https:\/\/www1.unicap.br\/observatorio2\/?p=7747\" target=\"_blank\" rel=\"noreferrer noopener\">volume 4 dos ebooks do Observat\u00f3rio<\/a>.<\/li>\n\n\n\n<li>Amaz\u00f4nia e Religi\u00f5es &#8211; 11 a 14 de julho, organiza\u00e7\u00e3o de GT do Grupo de Pesquisa no&nbsp;<a rel=\"noreferrer noopener\" href=\"https:\/\/www.soter.org.br\/congresso\/2023\" target=\"_blank\">Congresso da SOTER<\/a>.<\/li>\n\n\n\n<li>Eco Parque das Religi\u00f5es &#8211; 19 de julho, R\u00e1dio e Podcast, participa\u00e7\u00e3o no <a rel=\"noreferrer noopener\" href=\"https:\/\/www.facebook.com\/gilbraz.aragao\/posts\/pfbid0bxg3LHLexja3r9eAUsQwvyBB7pPjkZpG9x5F8eQ7AREY9xG5wNrSJdedmESPgMZzl\" target=\"_blank\">Programa Educa\u00e7\u00e3o e Humanidades<\/a>.<\/li>\n\n\n\n<li>Legado Hist\u00f3rico e Teol\u00f3gico de Combin &#8211; 19 de julho, 19h, Internet, participa\u00e7\u00e3o no <a href=\"https:\/\/www.facebook.com\/gilbraz.aragao\/posts\/pfbid0rXdDhKrEV5YdGjSVhMaLie6AzY1tD8dSAzXMrwTUeRfm34t3Bkg6tduhQNBUuoVVl?__cft__[0]=AZUMUGiAmfki_xedWNy8SZtWDG04lE7Q3wOJR_32F7PpDhs2_drq5NX3iB6imXaLfMQMiacjfqgsD-r4Q81KRTZ-MV2rRd52Zko7ESKsNOKJcw&amp;__tn__=%2CO%2CP-R\" target=\"_blank\" rel=\"noreferrer noopener\">Ciclo de Debates Jos\u00e9 Combli<\/a>n.<\/li>\n\n\n\n<li>Observat\u00f3rio de Justi\u00e7a Socioambiental dos Jesu\u00edtas &#8211; 15 a 18 de agosto, no Centro Cultural de Bras\u00edlia, reuni\u00e3o do <a rel=\"noreferrer noopener\" href=\"https:\/\/www1.unicap.br\/observatorio2\/?p=7804\" target=\"_blank\">Conselho Nacional de Coordena\u00e7\u00e3o do OLMA<\/a>.<\/li>\n\n\n\n<li>A Ci\u00eancia da Religi\u00e3o conhece o qu\u00ea? E como? &#8211; 25 de agosto, 14h, Audit\u00f3rio 3\u00ba andar do bloco G4 da UNICAP, <a href=\"https:\/\/www.facebook.com\/gilbraz.aragao\/posts\/pfbid0LZF9kbzrupuYdf1gULiJKdkY72A9YgN4p7oqDFCUyK4bbauH5zvNFeuVuZGKmTKYl\" target=\"_blank\" rel=\"noreferrer noopener\">aula inaugural do semestre no PPGCR<\/a>, por Mailson Cabral.<\/li>\n\n\n\n<li>Religi\u00f5es, Di\u00e1logo e Direitos &#8211; 29 de agosto, 19h, Internet, participa\u00e7\u00e3o em debate de <a href=\"https:\/\/www.facebook.com\/gilbraz.aragao\/posts\/pfbid0311RHcwnTA38LvdbicRGVHLfzMnojFcFQUPxAEY1xTDyACYSWgfDnTwvQuKy2JPTKl\" target=\"_blank\" rel=\"noreferrer noopener\">lan\u00e7amento da Revista Casa Comum<\/a>.<\/li>\n\n\n\n<li>Di\u00e1logo Inter-religioso no Pontificado de Francisco &#8211; 30 de agosto, 16h30, Audit\u00f3rio G1 da UNICAP, participa\u00e7\u00e3o em mesa na <a rel=\"noreferrer noopener\" href=\"https:\/\/portal.unicap.br\/-\/xxvii-semana-teologica-da-unicap\" target=\"_blank\">Semana Teol\u00f3gica da Universidade<\/a>.&nbsp;&nbsp;<\/li>\n\n\n\n<li>O campo das Ci\u00eancias da Religi\u00e3o no Brasil &#8211; 11 de setembro, 19h, Internet, palestra no Ciclo <a href=\"https:\/\/www.instagram.com\/p\/CwyAaQlOxsn\/?img_index=2\" target=\"_blank\" rel=\"noreferrer noopener\">Conversas sobre Estudos de Religi\u00e3o<\/a>.<\/li>\n\n\n\n<li>Religi\u00e3o na Am\u00e9rica Latina &#8211; 18 a 21 de setembro, organiza\u00e7\u00e3o de GT do Grupo de Pesquisa no <a href=\"https:\/\/www.anptecre.org.br\/9congressoanptecre\">Congresso da ANPTECRE<\/a>.<\/li>\n\n\n\n<li>Liberdade de Religi\u00e3o e de Consci\u00eancia na Am\u00e9rica Latina &#8211; 19 de setembro, 10h, Internet, <a rel=\"noreferrer noopener\" href=\"https:\/\/www.anptecre.org.br\/9congressoanptecre\" target=\"_blank\">palestra no Congresso da ANPTECRE<\/a>.<\/li>\n\n\n\n<li>Francisco, o Santo, o Papa e o Parque &#8211; 10 e 11 de outubro, Convento e UNICAP, <a rel=\"noreferrer noopener\" href=\"https:\/\/www1.unicap.br\/observatorio2\/?page_id=7358\" target=\"_blank\">Simp\u00f3sio do museu Eco Parque das Religi\u00f5es<\/a>. <\/li>\n\n\n\n<li>As Exist\u00eancias M\u00faltiplas e os Interst\u00edcios do Religioso &#8211; 23 e 24 de outubro, Internet, <a rel=\"noreferrer noopener\" href=\"https:\/\/espdialogo.wordpress.com\/2023\/09\/20\/intersticios-do-religioso\/\" target=\"_blank\">V Semin\u00e1rio do Grupo de Pesquisa Espiritualidades, Pluralidades e Di\u00e1logos<\/a>, desde a UFJF.<\/li>\n\n\n\n<li>Francisco e a Luz da F\u00e9 &#8211; 25 de outubro, 15h, Internet, palestra no evento Estradas de um pontificado, da <a href=\"https:\/\/www.facebook.com\/gilbraz.aragao\/posts\/pfbid02amp5XipYgGb57KVrLzZmWYXTtQeuWJgTP4abDLqzstvi76VQk2NgMEABsQTdPexPl\" target=\"_blank\" rel=\"noreferrer noopener\">C\u00e1tedra Martini PUC-Rio<\/a>.<\/li>\n\n\n\n<li>Ci\u00eancias da Religi\u00e3o e Teologia em Faces Dialogais &#8211; 24 a 26 de outubro, Internet, organiza\u00e7\u00e3o de GT do Grupo de Pesquisa em <a rel=\"noreferrer noopener\" href=\"https:\/\/wordpress.com\/post\/espdialogo.wordpress.com\/698\" target=\"_blank\">Semana de Estudos de Religi\u00e3o<\/a>.<\/li>\n\n\n\n<li>A Import\u00e2ncia do Di\u00e1logo &#8211; 27 de outubro, 18h, Internet, entrevista para o <a href=\"https:\/\/www.facebook.com\/gilbraz.aragao\/posts\/pfbid032oeUbC4sdB5XTNxXcfucQ1om5biwACtaRhbZov8eKLijr1iGgv9vsCAszgLzACj6l\" target=\"_blank\" rel=\"noreferrer noopener\">programa Ci\u00eancia da Religi\u00e3o da Amaz\u00f4nia<\/a>.<\/li>\n\n\n\n<li>Contra a Discrimina\u00e7\u00e3o Religiosa e o Racismo &#8211; 1 de novembro, 14h, Marco Zero, participa\u00e7\u00e3o da <a href=\"https:\/\/www.facebook.com\/photo\/?fbid=10228481586258097&amp;set=a.10227967306921435\" target=\"_blank\" rel=\"noreferrer noopener\">Caminhada dos Terreiros de Pernambuco.<\/a><\/li>\n\n\n\n<li>Lutero e o Catolicismo Atual &#8211; 7 de novembro, 10h, Internet, <a href=\"https:\/\/www1.unicap.br\/observatorio2\/?p=8008\" target=\"_blank\" rel=\"noreferrer noopener\">defesa da disserta\u00e7\u00e3o de Arthur Jordan<\/a> no PPGTEO-UNICAP.<\/li>\n\n\n\n<li>Ensino Religioso em Pernambuco &#8211; 22 de novembro, R\u00e1dio e Podcast, participa\u00e7\u00e3o no <a href=\"https:\/\/www.facebook.com\/gilbraz.aragao\/posts\/pfbid0JSyrfPxDvmikbor5zwgxiAGCvSfBDNuzXephZ7eUGMERdACNb3jmFCF11wtL7nRNl\" target=\"_blank\" rel=\"noreferrer noopener\">Programa Educa\u00e7\u00e3o e Humanidades<\/a>.<\/li>\n\n\n\n<li>Teoria e M\u00e9todo em Ci\u00eancia da Religi\u00e3o &#8211; 5 de dezembro, 13h30, Internet, participa\u00e7\u00e3o em <a href=\"https:\/\/www.facebook.com\/gilbraz.aragao\/posts\/pfbid0kYe8Ac6NF2ERCpUoTyNFLVgTPukgA9YTmQk1X9h1wSQc5ZdEvBAEHotCnvYb1g7Ll\" target=\"_blank\" rel=\"noreferrer noopener\">workshop em rede de pesquisadores<\/a>.<\/li>\n\n\n\n<li>Pres\u00e9pios e religi\u00f5es &#8211; 6 de dezembro, 17h, Convento de S\u00e3o Francisco de Olinda, visita \u00e0 <a href=\"https:\/\/www.facebook.com\/gilbraz.aragao\/posts\/pfbid0dMZsEcm4o9aG1CB4M3Gq6DTSiNJHMdu4fobPPetqHZRkavopS7xY3C1V31LWmHJjl\" target=\"_blank\" rel=\"noreferrer noopener\">exposi\u00e7\u00e3o &#8220;Pres\u00e9pios na pintura contempor\u00e2nea&#8221;<\/a>, conversa sobre natal e religi\u00f5es, confraterniza\u00e7\u00e3o.<\/li>\n\n\n\n<li>Ensino Religioso republicano &#8211; 15 de dezembro, 9h, Vice-governadoria de Pernambuco, audi\u00eancia com o F\u00f3rum Di\u00e1logos sobre o <a href=\"https:\/\/www.facebook.com\/photo\/?fbid=10228664351107104&amp;set=a.10227967306921435\" target=\"_blank\" rel=\"noreferrer noopener\">ensino religioso nas escolas p\u00fablicas<\/a>.<\/li>\n<\/ul>\n\n\n\n<p><strong>Participa\u00e7\u00e3o em Comiss\u00f5es<\/strong><\/p>\n\n\n\n<p>O Observat\u00f3rio das Religi\u00f5es no Recife, atrav\u00e9s de representa\u00e7\u00f5es dos seus membros, envolve-se ativamente em articula\u00e7\u00f5es e servi\u00e7os,&nbsp;nacionais e regionais,&nbsp;de promo\u00e7\u00e3o do di\u00e1logo e do ecumenismo:<\/p>\n\n\n\n<ul class=\"wp-block-list\">\n<li>Comiss\u00e3o de Pastoral para Ecumenismo e Di\u00e1logo Inter-religioso&nbsp;do&nbsp;<a rel=\"noreferrer noopener\" href=\"https:\/\/www1.unicap.br\/observatorio2\/?p=5234\" target=\"_blank\">Regional Nordeste II da CNNB<\/a>&nbsp;e da&nbsp;<a rel=\"noreferrer noopener\" href=\"http:\/\/www.arquidioceseolindarecife.org\/ecumenismo-e-dialogo-interreligioso\/\" target=\"_blank\">Arquidiocese de Olinda e Recife<\/a>. Participa\u00e7\u00e3o de Gilbraz e Artur.<\/li>\n\n\n\n<li><a rel=\"noreferrer noopener\" href=\"https:\/\/www.facebook.com\/forumdialogos\" target=\"_blank\">F\u00f3rum Di\u00e1logos&nbsp;<\/a>\u2013 Associa\u00e7\u00e3o civil para Promo\u00e7\u00e3o da Diversidade Religiosa em Pernambuco. Participa\u00e7\u00e3o de Tha\u00eds, Rayane, Gilbraz e Gustavo.<\/li>\n\n\n\n<li><a rel=\"noreferrer noopener\" href=\"http:\/\/olma.org.br\/\" target=\"_blank\">Observat\u00f3rio Nacional de Justi\u00e7a Socioambiental Luciano Mendes de Almeida.<\/a>&nbsp;Participa\u00e7\u00e3o de Tha\u00eds e Gilbraz.<\/li>\n\n\n\n<li><a rel=\"noreferrer noopener\" href=\"https:\/\/www.usbbog.edu.co\/observatorio-odrec\/\" target=\"_blank\">Observatorio de la Diversidad Religiosa y de las Culturas en Am\u00e9rica Latina y el Caribe<\/a>. Participa\u00e7\u00e3o de Gilbraz.<\/li>\n\n\n\n<li><a rel=\"noreferrer noopener\" href=\"https:\/\/www1.unicap.br\/observatorio2\/?p=5393\" target=\"_blank\">Coalici\u00f3n Religiones, Creencias y Espiritualidades en Di\u00e1logo con la Sociedad Civil<\/a>. Participa\u00e7\u00e3o de Gilbraz e Everaldo.<\/li>\n<\/ul>\n\n\n\n<h5 class=\"wp-block-heading has-text-align-right\" id=\"veja-programacoes-anteriores-por-aqui\">VEJA PROGRAMA\u00c7\u00d5ES ANTERIORES POR&nbsp;<a rel=\"noreferrer noopener\" href=\"https:\/\/www1.unicap.br\/observatorio2\/?page_id=40\" target=\"_blank\">AQUI<\/a>.<\/h5>\n\n\n\n<p><\/p>\n\n\n\n<p><\/p>\n\n\n\n<p>.<\/p>\n","protected":false},"excerpt":{"rendered":"<p>Grupo de Estudo O grupo de estudo sobre Transdisciplinaridade e Di\u00e1logo, coordenado pelo prof. Gilbraz&nbsp;na UNICAP, re\u00fane-se desde 2005, sempre nas&nbsp;quartas-feiras&nbsp;das 17 \u00e0s 18h, e a partir de 2020 de forma online atrav\u00e9s do Meet. O Grupo \u00e9 aberto \u00e0 participa\u00e7\u00e3o de pesquisadores, doutorandos e mestrandos, e tamb\u00e9m de graduandos interessados na inicia\u00e7\u00e3o cient\u00edfica, al\u00e9m&#8230; <\/p>\n<div class=\"link-more\"><a href=\"https:\/\/www1.unicap.br\/observatorio2\/?page_id=7520\">Leia mais<\/a><\/div>\n","protected":false},"author":2,"featured_media":0,"parent":0,"menu_order":14,"comment_status":"closed","ping_status":"closed","template":"","meta":{"footnotes":""},"class_list":["post-7520","page","type-page","status-publish","hentry"],"_links":{"self":[{"href":"https:\/\/www1.unicap.br\/observatorio2\/index.php?rest_route=\/wp\/v2\/pages\/7520","targetHints":{"allow":["GET"]}}],"collection":[{"href":"https:\/\/www1.unicap.br\/observatorio2\/index.php?rest_route=\/wp\/v2\/pages"}],"about":[{"href":"https:\/\/www1.unicap.br\/observatorio2\/index.php?rest_route=\/wp\/v2\/types\/page"}],"author":[{"embeddable":true,"href":"https:\/\/www1.unicap.br\/observatorio2\/index.php?rest_route=\/wp\/v2\/users\/2"}],"replies":[{"embeddable":true,"href":"https:\/\/www1.unicap.br\/observatorio2\/index.php?rest_route=%2Fwp%2Fv2%2Fcomments&post=7520"}],"version-history":[{"count":48,"href":"https:\/\/www1.unicap.br\/observatorio2\/index.php?rest_route=\/wp\/v2\/pages\/7520\/revisions"}],"predecessor-version":[{"id":8162,"href":"https:\/\/www1.unicap.br\/observatorio2\/index.php?rest_route=\/wp\/v2\/pages\/7520\/revisions\/8162"}],"wp:attachment":[{"href":"https:\/\/www1.unicap.br\/observatorio2\/index.php?rest_route=%2Fwp%2Fv2%2Fmedia&parent=7520"}],"curies":[{"name":"wp","href":"https:\/\/api.w.org\/{rel}","templated":true}]}}