{"id":7503,"date":"2023-03-12T15:11:58","date_gmt":"2023-03-12T18:11:58","guid":{"rendered":"https:\/\/www1.unicap.br\/observatorio2\/?page_id=7503"},"modified":"2023-04-19T10:40:58","modified_gmt":"2023-04-19T13:40:58","slug":"referencias","status":"publish","type":"page","link":"https:\/\/www1.unicap.br\/observatorio2\/?page_id=7503","title":{"rendered":"Refer\u00eancias"},"content":{"rendered":"\n<h2 class=\"wp-block-heading\">Grupo de Estudo sobre o Parque das Religi\u00f5es<\/h2>\n\n\n\n<p><\/p>\n\n\n\n<h2 class=\"wp-block-heading\">Refer\u00eancias Principais:<\/h2>\n\n\n\n<p><\/p>\n\n\n\n<p>MAIRESSE, Fran\u00e7ois (dir.), ICOFOM Study Series, 47 (1-2), 2019 \u00ab&nbsp;<strong>Museology and the Sacred<\/strong>&nbsp;\u00bb (en ligne), mis en ligne le 12 octubre 2019. <a href=\"https:\/\/journals.openedition.org\/iss\/1244\">https:\/\/journals.openedition.org\/iss\/1244<\/a><\/p>\n\n\n\n<p>ORZECH, Charles. <strong>Museums of World Religions<\/strong>: Displaying the Divine, Shaping Cultures. London: Bloomsbury Academic, 2020. <a href=\"https:\/\/www.amazon.co.uk\/Museums-World-Religions-Displaying-Bloomsbury-ebook\/dp\/B085S26TV7\">https:\/\/www.amazon.co.uk\/Museums-World-Religions-Displaying-Bloomsbury-ebook\/dp\/B085S26TV7<\/a><\/p>\n\n\n\n<p>ROQUE, Maria Isabel. <strong>O sagrado no Museu<\/strong>. Lisboa: UCP Editora, 2011. <a href=\"https:\/\/www.uceditora.ucp.pt\/pt\/artes-e-humanidades\/2561-o-sagrado-no-museu.html\" target=\"_blank\" rel=\"noreferrer noopener\">https:\/\/www.uceditora.ucp.pt\/pt\/artes-e-humanidades\/2561-o-sagrado-no-museu.html <\/a><\/p>\n\n\n\n<p><\/p>\n\n\n\n<h2 class=\"wp-block-heading\">Refer\u00eancias Secund\u00e1rias:<\/h2>\n\n\n\n<p><\/p>\n\n\n\n<p><strong>Sobre hist\u00f3ria das religi\u00f5es:<\/strong><\/p>\n\n\n\n<p>BERKENBROCK, Volney. O mundo religioso. Petr\u00f3polis: Vozes, 2019. <a href=\"https:\/\/www.amazon.com.br\/Mundo-Religioso-Volney-J-Berkenbrock\/dp\/853266010X\" target=\"_blank\" rel=\"noreferrer noopener\">https:\/\/www.amazon.com.br\/Mundo-Religioso-Volney-J-Berkenbrock\/dp\/853266010X<\/a>  <\/p>\n\n\n\n<p>BOWKER, John (org.). O livro de ouro das religi\u00f5es. Rio de Janeiro: Ediouro, 2004. <a href=\"https:\/\/www.amazon.com.br\/Livro-Ouro-Religi%C3%B5es-John-Bowker\/dp\/8500013729\">https:\/\/www.amazon.com.br\/Livro-Ouro-Religi%C3%B5es-John-Bowker\/dp\/8500013729<\/a><\/p>\n\n\n\n<p>HITCHCOCK, Susan e ESPOSITO, John. Hist\u00f3ria das religi\u00f5es. S\u00e3o Paulo: Editora Abril, 2005 <a href=\"https:\/\/www.amazon.com.br\/Hist%C3%B3ria-Religi%C3%B5es-Susan-Hitchcock-Esposito\/dp\/8536401524\">https:\/\/www.amazon.com.br\/Hist%C3%B3ria-Religi%C3%B5es-Susan-Hitchcock-Esposito\/dp\/8536401524<\/a><\/p>\n\n\n\n<p>LAMBERT, Yves. O nascimento das religi\u00f5es: da pr\u00e9-hist\u00f3ria \u00e0s religi\u00f5es universalistas. S\u00e3o Paulo: Loyola, 2011 <a href=\"https:\/\/www.amazon.com.br\/nascimento-das-religi%C3%B5es-pr%C3%A9-hist%C3%B3ria-universalistas\/dp\/8515038463\">https:\/\/www.amazon.com.br\/nascimento-das-religi%C3%B5es-pr%C3%A9-hist%C3%B3ria-universalistas\/dp\/8515038463<\/a><\/p>\n\n\n\n<p>NEVILLE, Robert (Org.).&nbsp;A condi\u00e7\u00e3o humana: um tema para religi\u00f5es comparadas. S\u00e3o Paulo: Paulus, 2005. <a href=\"https:\/\/www.estantevirtual.com.br\/livros\/robert-cummings-neville-org\/condicao-humana-a-um-tema-para-religioes-comparadas\/471477890\">https:\/\/www.estantevirtual.com.br\/livros\/robert-cummings-neville-org\/condicao-humana-a-um-tema-para-religioes-comparadas\/471477890<\/a><\/p>\n\n\n\n<p>NOSS, David e GRANGAARD, Blake. Hist\u00f3ria das religi\u00f5es mundiais. Petr\u00f3polis: Vozes, 2023 https:\/\/www.livrariavozes.com.br\/historiadasreligioesmundiais6557132857\/p  <\/p>\n\n\n\n<p>O&#8217;BRIEN, Joanne e PALMER, Martin. O atlas das religi\u00f5es. S\u00e3o Paulo: Publifolha, 2008. <a href=\"https:\/\/www.estantevirtual.com.br\/livros\/joanne-obrien-e-martin-palmer\/o-atlas-das-religioes-o-mapeamento-completo-de-todas-as-crencas\/454233660\">https:\/\/www.estantevirtual.com.br\/livros\/joanne-obrien-e-martin-palmer\/o-atlas-das-religioes-o-mapeamento-completo-de-todas-as-crencas\/454233660<\/a><\/p>\n\n\n\n<p>PADEN, William. Comparative religion. In: HINNELLS, J. (Ed.).&nbsp;The routledge companion to the study of religion&nbsp;(2ed). Routledge, 2010. <a href=\"https:\/\/www.routledge.com\/The-Routledge-Companion-to-the-Study-of-Religion\/Hinnells\/p\/book\/9780415473286\">https:\/\/www.routledge.com\/The-Routledge-Companion-to-the-Study-of-Religion\/Hinnells\/p\/book\/9780415473286<\/a><\/p>\n\n\n\n<p>PADEN, William. Interpretando o sagrado: Modos de conceber a religi\u00e3o. S\u00e3o Paulo: Paulinas, 2001. <a href=\"https:\/\/www.estantevirtual.com.br\/livros\/william-e-paden\/interpretando-o-sagrado\/3849749166?q=william%20e%20paden%20interpretando%20o%20sagrado\">https:\/\/www.estantevirtual.com.br\/livros\/william-e-paden\/interpretando-o-sagrado\/3849749166?q=william%20e%20paden%20interpretando%20o%20sagrado<\/a><\/p>\n\n\n\n<p>PADEN, William. New Patterns for Comparative Religion: Passages to an Evolutionary Perspective. London: Bloomsbury Academic, 2016.&nbsp; <a href=\"https:\/\/www.amazon.com.br\/New-Patterns-Comparative-Religion-Evolutionary-ebook\/dp\/B01FA850YW\/\">https:\/\/www.amazon.com.br\/New-Patterns-Comparative-Religion-Evolutionary-ebook\/dp\/B01FA850YW\/<\/a><\/p>\n\n\n\n<p>PILAGALLO FILHO, Oscar (Ed.). Religi\u00f5es e culturas: cren\u00e7as e mitologias de todas as civiliza\u00e7\u00f5es. S\u00e3o Paulo: Moderna, 2008. <a href=\"https:\/\/www.amazon.com.br\/gp\/product\/8516061019\">https:\/\/www.amazon.com.br\/gp\/product\/8516061019<\/a><\/p>\n\n\n\n<p>PRIETO, Victorino e RUEDA, Jos\u00e9 Luis. Diccionario Panikkariano. Barcelona: Herder Editorial, 2016. <a href=\"https:\/\/herdereditorial.com\/catalogo\/religion\/diccionario-panikkariano-9788425437243\" target=\"_blank\" rel=\"noreferrer noopener\">https:\/\/herdereditorial.com\/catalogo\/religion\/diccionario-panikkariano-9788425437243<\/a> <\/p>\n\n\n\n<p>SCHERER, Burkhard.\u00a0As grandes religi\u00f5es: temas centrais comparados. Petr\u00f3polis: Vozes, 2005. <a href=\"https:\/\/www.amazon.com.br\/Grandes-Religi%C3%B5es-Temas-Centrais-Comparados\/dp\/8532631304\">https:\/\/www.amazon.com.br\/Grandes-Religi%C3%B5es-Temas-Centrais-Comparados\/dp\/8532631304<\/a><\/p>\n\n\n\n<p>TERRIN, Aldo.&nbsp;Introdu\u00e7\u00e3o ao estudo comparado das religi\u00f5es. S\u00e3o Paulo: Paulinas, 2003. <a href=\"https:\/\/www.amazon.com.br\/Introdu%C3%A7%C3%A3o-Estudo-Comparado-Das-Religioes\/dp\/853561012X\">https:\/\/www.amazon.com.br\/Introdu%C3%A7%C3%A3o-Estudo-Comparado-Das-Religioes\/dp\/853561012X<\/a><\/p>\n\n\n\n<p>VALLET, Odon. Uma outra hist\u00f3ria das religi\u00f5es. S\u00e3o Paulo: Globo, 2002 <a href=\"https:\/\/www.amazon.com.br\/Uma-Outra-Historia-Das-Religioes\/dp\/8525035564\">https:\/\/www.amazon.com.br\/Uma-Outra-Historia-Das-Religioes\/dp\/8525035564<\/a><\/p>\n\n\n\n<p>VVAA. O livro das religi\u00f5es. S\u00e3o Paulo: Globo Livros, 2014 <a href=\"https:\/\/www.amazon.com.br\/Livro-das-Religi%C3%B5es-V%C3%A1rios-Autores\/dp\/8525062472\/\">https:\/\/www.amazon.com.br\/Livro-das-Religi%C3%B5es-V%C3%A1rios-Autores\/dp\/8525062472\/<\/a><\/p>\n\n\n\n<p>Wikipedia. Histoire des religions. <a href=\"https:\/\/fr.wikipedia.org\/wiki\/Histoire_des_religions\">https:\/\/fr.wikipedia.org\/wiki\/Histoire_des_religions<\/a><\/p>\n\n\n\n<p>WILKINSON, Philip. Religi\u00f5es. Rio de Janeiro: Zahar, 2011 <a href=\"https:\/\/www.amazon.com.br\/Guia-Ilustrado-Zahar-Religi%C3%B5es-Cole%C3%A7%C3%A3o\/dp\/8537806714\">https:\/\/www.amazon.com.br\/Guia-Ilustrado-Zahar-Religi%C3%B5es-Cole%C3%A7%C3%A3o\/dp\/8537806714<\/a><\/p>\n\n\n\n<p><\/p>\n\n\n\n<p><strong>Sobre museologia e sagrado:<\/strong><\/p>\n\n\n\n<p>Ara\u00fajo Jr. I. O papel das imagens sacras na religiosidade: An\u00e1lise das obras do Museu de Arte Sacra de Pernambuco e Igrejas do S\u00edtio Hist\u00f3rico de Olinda. (Mestrado em Ci\u00eancias da Religi\u00e3o). PPGCR-UNICAP, Recife, 2016. Dispon\u00edvel em: <a href=\"http:\/\/tede2.unicap.br:8080\/bitstream\/tede\/396\/1\/iron_mendes_araujo_junior.pdf\" target=\"_blank\" rel=\"noreferrer noopener\">http:\/\/tede2.unicap.br:8080\/bitstream\/tede\/396\/1\/iron_mendes_araujo_junior.pdf<\/a> <\/p>\n\n\n\n<p>Beyer, M. &amp; Takke, J. (2012). Guidelines on Ways of Dealing with Religious Objects, Utrecht: Museum Catharijnenconvent. Page consult\u00e9e le 5 d\u00e9cembre 2017 sur: <a href=\"https:\/\/www.catharijneconvent.nl\/documents\/56\/Guidelines_dealing_with_religious_objects__oyww2E0.pdf\">https:\/\/www.catharijneconvent.nl\/documents\/56\/Guidelines_dealing_with_religious_objects__oyww2E0.pdf<\/a><\/p>\n\n\n\n<p>Berns, S. (2015). Sacred Entanglements: Studying Interactions Between Visitors, Objects and Religion in the Museum. University of Kent.<\/p>\n\n\n\n<p>Berto, J. (2016). Preserva\u00e7\u00e3o de Bens Culturais Sacros: os Museus de Arte Sacra e suas especificidades. UNICAMP, Campinas. Dispon\u00edvel em <a href=\"https:\/\/www.cmu.unicamp.br\/viiiseminario\/wp-content\/uploads\/2017\/05\/Preserva%C3%A7%C3%A3o-de-Bens-Culturais-Sacros-os-Museus-de-Arte-Sacra-e-suas-especificidades-JO%C3%83O-PAULO-BERTO.pdf\" target=\"_blank\" rel=\"noreferrer noopener\">https:\/\/www.cmu.unicamp.br\/viiiseminario\/wp-content\/uploads\/2017\/05\/Preserva%C3%A7%C3%A3o-de-Bens-Culturais-Sacros-os-Museus-de-Arte-Sacra-e-suas-especificidades-JO%C3%83O-PAULO-BERTO.pdf<\/a><\/p>\n\n\n\n<p>Bowersox, E. A museologia e o sagrado: um estudo sobre o Museu Nossa Senhora Aparecida. 2019. 390 f. Disserta\u00e7\u00e3o (Mestrado em Museologia). Programa de P\u00f3s-Gradua\u00e7\u00e3o Interunidades em Museologia, Universidade de S\u00e3o Paulo, S\u00e3o Paulo, 2019.<\/p>\n\n\n\n<p>Buggeln, G., Plate, B. S., &amp; Paine, C. (Eds). (2017). Religion in Museums: Global and Multidisciplinary Perspectives. London: Bloomsbury.<\/p>\n\n\n\n<p>Buggeln, G., &amp; Franco, B. (Eds.). (2018). Interpreting Religion at Museums and Historic Sites. American Association for State and Local History Interpreting History Series. Lanham: Rowman &amp; Littlefield.<\/p>\n\n\n\n<p>Cameron, D. (1971). Museum, a temple or a forum, Curator, 14, march, 11-24.<\/p>\n\n\n\n<p>Capurro, R. (2013). Musei e Oggetti Religiosi: Arte, Sacro e Cultura Religiosa nel Museo. Milan: Vita e Pensiero.<\/p>\n\n\n\n<p>Castro, A. O museu: do sagrado ao segredo. 1995. 144 f. Disserta\u00e7\u00e3o (Mestrado em Ci\u00eancia da Informa\u00e7\u00e3o) &#8211; Universidade Federal do Rio de Janeiro \/ Instituto Brasileiro de Informa\u00e7\u00e3o em Ci\u00eancia e Tecnologia, Rio de Janeiro, 1995.<\/p>\n\n\n\n<p>Christophe, A. &amp; Garnier, M. (2014). En p\u00e8lerinage au mus\u00e9e : sur les traces de La Joconde \u00bb, in Mairesse F. (ed.), Voir la Joconde, approches mus\u00e9ologiques, (pp. 15-36). Paris: L\u2019Harmattan.<\/p>\n\n\n\n<p>Deloche, B. (2001). Le mus\u00e9e virtuel, Paris: Presses universitaires de France.<\/p>\n\n\n\n<p>Duncan, A. &amp; Wallach, C. (1978). The Museum of Modern art as late capitalist ritual: an iconographic analysis, Marxist perspectives, 4, 28-51.<\/p>\n\n\n\n<p>Eliade, M. (1965). Le sacr\u00e9 et le profane, Paris: Gallimard.<\/p>\n\n\n\n<p>Gilman, B. (1923). Museums Ideals of Purpose and Methods, Cambridge: Harvard University Press (2nd ed.).<\/p>\n\n\n\n<p>Gitsin, P. Os ritos de musealiza\u00e7\u00e3o e a musealiza\u00e7\u00e3o de ritos. Disserta\u00e7\u00e3o (Mestrado em Museologia e Patrim\u00f4nio) \u2013 Centro de Ci\u00eancias Humanas e Sociais, Universidade Federal do Estado do Rio de Janeiro. Rio de Janeiro, p. 149, 2019.<\/p>\n\n\n\n<p>Howes, G. (2007). The Art of the Sacred: an Introduction to the Aesthetics of Art and Belief. London: I. B. Tauris.<\/p>\n\n\n\n<p>ICOFOM (1999). Museology and Philosophy, ICOFOM Study Series 31.<\/p>\n\n\n\n<p>Mairesse, F. (2014). Le culte des mus\u00e9es, Bruxelles : Acad\u00e9mie royale de Belgique (Acad\u00e9mie en poche).<\/p>\n\n\n\n<p>Mensch P. (2015). Museality at breakfast, Museologica Brunensia, 7, 14-19.<\/p>\n\n\n\n<p>Michel, E. (1948). Mus\u00e9es et conservateurs. Leur r\u00f4le dans l&#8217;organisation sociale, Bruxelles: Presses de Office de publicit\u00e9.<\/p>\n\n\n\n<p>Michel, P. (1999). La R\u00e9ligion au Mus\u00e9e: Croire dans l\u2019Europe Contemporaine. Paris: Harmatan.<\/p>\n\n\n\n<p>Neustupny, J. (1968). Museum and Research, Prague: National Museum.<\/p>\n\n\n\n<p>OCIM, (1995). Mus\u00e9es et Recherche, Actes du colloque tenu \u00e0 Paris, les 29, 30 novembre et 1er d\u00e9cembre 1993, Dijon: OCIM.<\/p>\n\n\n\n<p>Otto, R. (1969). Le sacr\u00e9, Paris: Payot.<\/p>\n\n\n\n<p>Paine, C. (2019). Gods and Rollercoasters: Religion in Theme Parks Worldwide. London: Bloomsbury.<\/p>\n\n\n\n<p>Roque, M. (2011). A exposi\u00e7\u00e3o do sagrado no museu. Comunica\u00e7\u00e3o &amp; Cultura, n.\u00ba 11. Dispon\u00edvel em <a href=\"https:\/\/revistas.ucp.pt\/index.php\/comunicacaoecultura\/article\/view\/558\/505\" target=\"_blank\" rel=\"noreferrer noopener\">https:\/\/revistas.ucp.pt\/index.php\/comunicacaoecultura\/article\/view\/558\/505<\/a> <\/p>\n\n\n\n<p>Texier, R. (1990). Sacr\u00e9, in Jacob A. (ss la dir.) Encyclop\u00e9die philosophique universelle, II, Les notions philosophiques (pp. 2291-2293). Paris: Presses Universitaires de France.<\/p>\n\n\n\n<p>Tirapeli, P. (2020). A musealiza\u00e7\u00e3o do sagrado. Museologia e Patrim\u00f4nio, Vol.13, n1. Dispon\u00edvel em <a href=\"http:\/\/revistamuseologiaepatrimonio.mast.br\/index.php\/ppgpmus\/article\/view\/797\">http:\/\/revistamuseologiaepatrimonio.mast.br\/index.php\/ppgpmus\/article\/view\/797<\/a><\/p>\n\n\n\n<p>Turcan, R. (2014). L\u2019arch\u00e9ologie dans l\u2019Antiquit\u00e9. Tourisme, lucre et d\u00e9couvertes, Paris: Les Belles Lettres.<\/p>\n\n\n\n<p>UNESCO, (2003). Convention pour la sauvegarde du patrimoine culturel immat\u00e9riel. Page consult\u00e9e le 5 d\u00e9cembre 2017 sur <a href=\"https:\/\/ich.unesco.org\/fr\/convention\">https:\/\/ich.unesco.org\/fr\/convention<\/a><\/p>\n\n\n\n<p>Varine-Bohan, H. (1979). Passado, presente e futuro dos museus. In: Os museus no mundo. Rio de Janeiro: Salvat.<\/p>\n\n\n\n<p>Waidacher, F. (1996). Handbuch der Allgemeinen Museologie, Wien: B\u00f6hlau Verlag, (2te Auf.).<\/p>\n\n\n\n<p><\/p>\n\n\n\n<p><strong>Sites de Museus<\/strong>:<\/p>\n\n\n\n<p>Fowler Museum: <a href=\"https:\/\/fowler.ucla.edu\/\">https:\/\/fowler.ucla.edu\/<\/a><\/p>\n\n\n\n<p>Giardino delle religioni, Bolzano: <a href=\"https:\/\/www.gdr.bz.it\/italiano\/\">https:\/\/www.gdr.bz.it\/italiano\/<\/a><\/p>\n\n\n\n<p>Le Mus\u00e9e des Religions du Monde in Nicolet, Qu\u00e9bec&nbsp;: <a href=\"https:\/\/www.museedescultures.com\/\">https:\/\/www.museedescultures.com\/<\/a><\/p>\n\n\n\n<p>Museo dell Religioni &#8220;Raffele Pettazoni&#8221;, Velletri (in corso di realizzazione): <a rel=\"noreferrer noopener\" href=\"https:\/\/www.facebook.com\/groups\/museodellereligioni\/?locale=it_IT\" target=\"_blank\">https:\/\/www.facebook.com\/groups\/museodellereligioni\/?locale=it_IT<\/a><\/p>\n\n\n\n<p>Museo Interreligioso, Bertinoro: <a href=\"https:\/\/www.museointerreligioso.it\/\">https:\/\/www.museointerreligioso.it\/<\/a><\/p>\n\n\n\n<p>Museum Catharijneconvent&nbsp;: <a href=\"https:\/\/www.catharijneconvent.nl\/\">https:\/\/www.catharijneconvent.nl\/<\/a><\/p>\n\n\n\n<p>Museum of World Religions in Taipei, Taiwan&nbsp;: <a href=\"https:\/\/www.mwr.org.tw\/mwr_en\/xcpmtexhi?xsmsid=0I052391577771211747\">https:\/\/www.mwr.org.tw\/mwr_en\/xcpmtexhi?xsmsid=0I052391577771211747<\/a><\/p>\n\n\n\n<p>Religionskundliche Sammlung in Marburg, Germany&nbsp;: <a href=\"https:\/\/www.uni-marburg.de\/en\/relsamm\">https:\/\/www.uni-marburg.de\/en\/relsamm<\/a><\/p>\n\n\n\n<p>St. Mungo Museum of Religious Life and Art in Glasgow, Scotland&nbsp;: <a href=\"https:\/\/www.glasgowlife.org.uk\/museums\/venues\/st-mungo-museum-of-religious-life-and-art\">https:\/\/www.glasgowlife.org.uk\/museums\/venues\/st-mungo-museum-of-religious-life-and-art<\/a><\/p>\n\n\n\n<p>State Museum of the History of Religions in St. Petersburg, Russia&nbsp;: <a href=\"http:\/\/gmir.ru\/eng\/\">http:\/\/gmir.ru\/eng\/<\/a><\/p>\n\n\n\n<p>The Rubim&nbsp;: <a href=\"https:\/\/rubinmuseum.org\/\">https:\/\/rubinmuseum.org\/<\/a><\/p>\n\n\n\n<p><\/p>\n\n\n\n<p><\/p>\n\n\n\n<p><\/p>\n\n\n\n<p>.<\/p>\n","protected":false},"excerpt":{"rendered":"<p>Grupo de Estudo sobre o Parque das Religi\u00f5es Refer\u00eancias Principais: MAIRESSE, Fran\u00e7ois (dir.), ICOFOM Study Series, 47 (1-2), 2019 \u00ab&nbsp;Museology and the Sacred&nbsp;\u00bb (en ligne), mis en ligne le 12 octubre 2019. https:\/\/journals.openedition.org\/iss\/1244 ORZECH, Charles. Museums of World Religions: Displaying the Divine, Shaping Cultures. London: Bloomsbury Academic, 2020. https:\/\/www.amazon.co.uk\/Museums-World-Religions-Displaying-Bloomsbury-ebook\/dp\/B085S26TV7 ROQUE, Maria Isabel. O sagrado no&#8230; <\/p>\n<div class=\"link-more\"><a href=\"https:\/\/www1.unicap.br\/observatorio2\/?page_id=7503\">Leia mais<\/a><\/div>\n","protected":false},"author":2,"featured_media":0,"parent":0,"menu_order":0,"comment_status":"closed","ping_status":"closed","template":"","meta":{"footnotes":""},"class_list":["post-7503","page","type-page","status-publish","hentry"],"_links":{"self":[{"href":"https:\/\/www1.unicap.br\/observatorio2\/index.php?rest_route=\/wp\/v2\/pages\/7503","targetHints":{"allow":["GET"]}}],"collection":[{"href":"https:\/\/www1.unicap.br\/observatorio2\/index.php?rest_route=\/wp\/v2\/pages"}],"about":[{"href":"https:\/\/www1.unicap.br\/observatorio2\/index.php?rest_route=\/wp\/v2\/types\/page"}],"author":[{"embeddable":true,"href":"https:\/\/www1.unicap.br\/observatorio2\/index.php?rest_route=\/wp\/v2\/users\/2"}],"replies":[{"embeddable":true,"href":"https:\/\/www1.unicap.br\/observatorio2\/index.php?rest_route=%2Fwp%2Fv2%2Fcomments&post=7503"}],"version-history":[{"count":18,"href":"https:\/\/www1.unicap.br\/observatorio2\/index.php?rest_route=\/wp\/v2\/pages\/7503\/revisions"}],"predecessor-version":[{"id":7560,"href":"https:\/\/www1.unicap.br\/observatorio2\/index.php?rest_route=\/wp\/v2\/pages\/7503\/revisions\/7560"}],"wp:attachment":[{"href":"https:\/\/www1.unicap.br\/observatorio2\/index.php?rest_route=%2Fwp%2Fv2%2Fmedia&parent=7503"}],"curies":[{"name":"wp","href":"https:\/\/api.w.org\/{rel}","templated":true}]}}