{"id":7167,"date":"2022-09-01T15:54:24","date_gmt":"2022-09-01T18:54:24","guid":{"rendered":"https:\/\/www1.unicap.br\/observatorio2\/?page_id=7167"},"modified":"2023-10-16T10:51:05","modified_gmt":"2023-10-16T13:51:05","slug":"coloquio","status":"publish","type":"page","link":"https:\/\/www1.unicap.br\/observatorio2\/?page_id=7167","title":{"rendered":"SIMP\u00d3SIO 22"},"content":{"rendered":"\n<h1 class=\"wp-block-heading has-text-align-center\">Di\u00e1logos das Racionalidades Culturais e Religiosas<\/h1>\n\n\n\n<p class=\"has-text-align-center\"><strong>Col\u00f3quio Internacional &#8211; 10 de outubro de 2022 &#8211; 9 \u00e0s 15h &#8211; pelo Meet<\/strong><\/p>\n\n\n\n<p><\/p>\n\n\n<div class=\"wp-block-image\">\n<figure class=\"aligncenter size-full\"><img loading=\"lazy\" decoding=\"async\" width=\"993\" height=\"697\" src=\"https:\/\/www1.unicap.br\/observatorio2\/wp-content\/uploads\/2022\/09\/image.png\" alt=\"\" class=\"wp-image-7179\" srcset=\"https:\/\/www1.unicap.br\/observatorio2\/wp-content\/uploads\/2022\/09\/image.png 993w, https:\/\/www1.unicap.br\/observatorio2\/wp-content\/uploads\/2022\/09\/image-300x211.png 300w, https:\/\/www1.unicap.br\/observatorio2\/wp-content\/uploads\/2022\/09\/image-427x300.png 427w\" sizes=\"auto, (max-width: 993px) 100vw, 993px\" \/><figcaption class=\"wp-element-caption\"><em>(quadro de Lucas Suassuna Wanderlei)<\/em><\/figcaption><\/figure>\n<\/div>\n\n\n<h2 class=\"wp-block-heading\"><strong>PROMO\u00c7\u00c3O<\/strong><\/h2>\n\n\n\n<p><a rel=\"noreferrer noopener\" href=\"https:\/\/espdialogo.wordpress.com\/\" target=\"_blank\">Grupo de Pesquisa Espiritualidades, Pluralidade e Di\u00e1logo<\/a> e <a href=\"http:\/\/dgp.cnpq.br\/dgp\/espelhogrupo\/4670229033626297\" target=\"_blank\" rel=\"noreferrer noopener\">Grupo de Pesquisa Videlicet Religi\u00f5es, Imagin\u00e1rio, Diversidades e Laicidade<\/a><\/p>\n\n\n\n<p>Apoio do <a rel=\"noreferrer noopener\" href=\"https:\/\/recife.consulfrance.org\/Apoio-a-eventos-cientificos-franco-brasileiros-no-Nordeste-edital-para-projetos\" target=\"_blank\">Consulado Geral da Fran\u00e7a no Recife<\/a> e <a href=\"https:\/\/www.arquidioceseolindarecife.org\/ecumenismo-e-dialogo-interreligioso\/\" target=\"_blank\" rel=\"noreferrer noopener\">Comiss\u00e3o de Ecumenismo e Di\u00e1logo Inter-religioso da Arquidiocese de Olinda e Recife<\/a><\/p>\n\n\n\n<h2 class=\"wp-block-heading\"><strong>OBJETIVO<\/strong><\/h2>\n\n\n\n<p>O Recife tem forte interc\u00e2mbio acad\u00eamico com a Fran\u00e7a nas pesquisas antropol\u00f3gicas sobre o imagin\u00e1rio religioso. A Universidade Cat\u00f3lica de Pernambuco, atrav\u00e9s do seu Observat\u00f3rio Transdisciplinar das Religi\u00f5es, j\u00e1 acolheu dois eventos nesse campo (veja por <a rel=\"noreferrer noopener\" href=\"https:\/\/www1.unicap.br\/observatorio2\/?p=4749\" target=\"_blank\">aqui<\/a> nossas discuss\u00f5es sobre a antropologia da sacralidade), e pretende consolidar uma rede de pesquisadores envolvendo os professores franceses Jean-Jacques <strong>Wunenburger<\/strong>, Pascal <strong>Bouvier<\/strong> e Marie H\u00e9l\u00e8ne<strong> Robert<\/strong>, que v\u00eam trabalhando o conceito de \u201csagrado\u201d em fun\u00e7\u00e3o da promo\u00e7\u00e3o de di\u00e1logos entre culturas e religi\u00f5es. <\/p>\n\n\n\n<p>O nosso col\u00f3quio virtual em outubro vai aproxim\u00e1-los dos professores e estudantes do Grupo de Pesquisa \u201cEspiritualidades, Pluralidade e Di\u00e1logo\u201d, que tem sede na UNICAP e envolve n\u00facleos na PUC-MG e na UFJF, al\u00e9m do &nbsp;Grupo de Pesquisa &#8220;Videlicet Religi\u00f5es, Imagin\u00e1rio, Diversidades e Laicidade&#8221;, da UFPB. O objetivo \u00e9 levantar l\u00f3gicas, para al\u00e9m da raz\u00e3o instrumental, que favore\u00e7am os di\u00e1logos das racionalidades culturais, ou antropol\u00f3gicas, e das racionalidades religiosas, ou teol\u00f3gicas. <\/p>\n\n\n\n<p>Queremos discutir sobre como o conceito de sagrado pode ajudar a pensar ternariamente o di\u00e1logo entre religi\u00f5es aparentemente contr\u00e1rias; e como o imagin\u00e1rio religioso, em uma perspectiva complexa e relacional, pode colaborar no enfrentamento das intoler\u00e2ncias pol\u00edtico-culturais.<\/p>\n\n\n\n<h2 class=\"wp-block-heading\"><strong>ORGANIZADORES<\/strong><\/h2>\n\n\n\n<p>Professores Doutores Clarissa De Franco, Claudio de Oliveira Ribeiro, Francilaide de Queiroz Ronsi, Gilbraz de Souza Arag\u00e3o, Maria Cec\u00edlia Rodrigues, Roberlei Panasiewicz.<\/p>\n\n\n\n<h2 class=\"wp-block-heading\"><strong>PROGRAMA\u00c7\u00c3O<\/strong><\/h2>\n\n\n\n<p>Cap\u00edtulos selecionados do livro <a rel=\"noreferrer noopener\" href=\"https:\/\/www.puf.com\/content\/Le_sacr%C3%A9\" target=\"_blank\">Le sacr\u00e9<\/a>, de Wunenburger (Presses Universitaires France) ser\u00e3o traduzidos e disponibilizados previamente no reposit\u00f3rio do Col\u00f3quio, para maior envolvimento dos participantes inscritos. E no dia 10 de outubro de 2022 vamos desenvolver a seguinte programa\u00e7\u00e3o, em salas virtuais do Meet:<\/p>\n\n\n\n<p>De 9 \u00e0s 11h, ser\u00e1 organizada uma mesa redonda sobre \u201c<strong><a href=\"https:\/\/www.youtube.com\/watch?v=5o2VUNpPiEU\" target=\"_blank\" rel=\"noreferrer noopener\">O imagin\u00e1rio e o sagrado<\/a><\/strong>\u201d, com <a rel=\"noreferrer noopener\" href=\"https:\/\/pt.wikipedia.org\/wiki\/Danielle_Perin_Rocha_Pitta\" target=\"_blank\">Danielle Pitta<\/a> (<a rel=\"noreferrer noopener\" href=\"https:\/\/www.ufpe.br\/ppga\" target=\"_blank\">UFPE<\/a>), <a rel=\"noreferrer noopener\" href=\"http:\/\/lattes.cnpq.br\/7764634726743516\" target=\"_blank\">Carlos Andr\u00e9 Cavalcanti<\/a> (<a rel=\"noreferrer noopener\" href=\"https:\/\/sigaa.ufpb.br\/sigaa\/public\/programa\/apresentacao.jsf?lc=pt_BR&amp;id=1902\" target=\"_blank\">UFPB<\/a>) e <a rel=\"noreferrer noopener\" href=\"http:\/\/lattes.cnpq.br\/9177825353868183\" target=\"_blank\">Rog\u00e9rio de Almeida<\/a> (<a rel=\"noreferrer noopener\" href=\"http:\/\/www.iea.usp.br\/pessoas\" target=\"_blank\">USP<\/a>), seguida de conversa com p\u00f3s-graduandos e professores que v\u00eam pesquisando o conceito de sagrado.<\/p>\n\n\n\n<figure class=\"wp-block-gallery has-nested-images columns-default is-cropped wp-block-gallery-1 is-layout-flex wp-block-gallery-is-layout-flex\">\n<figure class=\"wp-block-image size-large is-style-rounded\"><img loading=\"lazy\" decoding=\"async\" width=\"800\" height=\"801\" data-id=\"7185\" src=\"https:\/\/www1.unicap.br\/observatorio2\/wp-content\/uploads\/2022\/09\/Danielli.22.png\" alt=\"\" class=\"wp-image-7185\" srcset=\"https:\/\/www1.unicap.br\/observatorio2\/wp-content\/uploads\/2022\/09\/Danielli.22.png 800w, https:\/\/www1.unicap.br\/observatorio2\/wp-content\/uploads\/2022\/09\/Danielli.22-300x300.png 300w, https:\/\/www1.unicap.br\/observatorio2\/wp-content\/uploads\/2022\/09\/Danielli.22-150x150.png 150w\" sizes=\"auto, (max-width: 800px) 100vw, 800px\" \/><\/figure>\n\n\n\n<figure class=\"wp-block-image size-large is-style-rounded\"><img loading=\"lazy\" decoding=\"async\" width=\"958\" height=\"960\" data-id=\"7186\" src=\"https:\/\/www1.unicap.br\/observatorio2\/wp-content\/uploads\/2022\/09\/292721050_10216896998615617_2354280033565777069_n.jpg\" alt=\"\" class=\"wp-image-7186\" srcset=\"https:\/\/www1.unicap.br\/observatorio2\/wp-content\/uploads\/2022\/09\/292721050_10216896998615617_2354280033565777069_n.jpg 958w, https:\/\/www1.unicap.br\/observatorio2\/wp-content\/uploads\/2022\/09\/292721050_10216896998615617_2354280033565777069_n-300x300.jpg 300w, https:\/\/www1.unicap.br\/observatorio2\/wp-content\/uploads\/2022\/09\/292721050_10216896998615617_2354280033565777069_n-150x150.jpg 150w, https:\/\/www1.unicap.br\/observatorio2\/wp-content\/uploads\/2022\/09\/292721050_10216896998615617_2354280033565777069_n-299x300.jpg 299w\" sizes=\"auto, (max-width: 958px) 100vw, 958px\" \/><\/figure>\n\n\n\n<figure class=\"wp-block-image size-large is-style-rounded\"><img loading=\"lazy\" decoding=\"async\" width=\"200\" height=\"133\" data-id=\"7187\" src=\"https:\/\/www1.unicap.br\/observatorio2\/wp-content\/uploads\/2022\/09\/937edb2f-63c5-4836-8f3e-0e642925fb24.jpeg\" alt=\"\" class=\"wp-image-7187\"\/><\/figure>\n<\/figure>\n\n\n\n<p><\/p>\n\n\n\n<p>De 13 \u00e0s 15h, com ajuda de tradu\u00e7\u00e3o, teremos uma mesa redonda sobre \u201c<strong><a href=\"https:\/\/www.youtube.com\/watch?v=Bbrcah_k6Sg\" target=\"_blank\" rel=\"noreferrer noopener\">O sagrado e o di\u00e1logo<\/a><\/strong>\u201d, com <a rel=\"noreferrer noopener\" href=\"https:\/\/www.univ-lyon3.fr\/wunenburger-jean-jacques\" target=\"_blank\">Jean-Jacques Wunenburger<\/a> (<a rel=\"noreferrer noopener\" href=\"https:\/\/www.univ-lyon3.fr\/\" target=\"_blank\">Universit\u00e9 Jean Moulin<\/a>), <a rel=\"noreferrer noopener\" href=\"https:\/\/www.ucly.fr\/la-recherche\/les-enseignants-chercheurs\/enseignants-chercheurs\/robert-marie-helene-286\/\" target=\"_blank\">Marie H\u00e9l\u00e8ne Robert<\/a> (<a rel=\"noreferrer noopener\" href=\"https:\/\/www.ucly.fr\/l-ucly\/nos-ecoles\/faculte-de-theologie\/\" target=\"_blank\">Universit\u00e9 Catholique de Lyon<\/a>) e <a rel=\"noreferrer noopener\" href=\"http:\/\/www.llseti.univ-smb.fr\/web\/llseti\/276-bouvier-pascal.php\" target=\"_blank\">Pascal Bouvier<\/a> (<a rel=\"noreferrer noopener\" href=\"https:\/\/www.univ-smb.fr\/\" target=\"_blank\">Universit\u00e9 de Savoie<\/a>), seguida de debate com os pesquisadores participantes.<\/p>\n\n\n\n<figure class=\"wp-block-gallery has-nested-images columns-default is-cropped wp-block-gallery-2 is-layout-flex wp-block-gallery-is-layout-flex\">\n<figure class=\"wp-block-image size-full is-style-rounded\"><img loading=\"lazy\" decoding=\"async\" width=\"600\" height=\"600\" data-id=\"4750\" src=\"https:\/\/www1.unicap.br\/observatorio2\/wp-content\/uploads\/2019\/04\/jjWunenburgerOk.jpg\" alt=\"\" class=\"wp-image-4750\" srcset=\"https:\/\/www1.unicap.br\/observatorio2\/wp-content\/uploads\/2019\/04\/jjWunenburgerOk.jpg 600w, https:\/\/www1.unicap.br\/observatorio2\/wp-content\/uploads\/2019\/04\/jjWunenburgerOk-150x150.jpg 150w, https:\/\/www1.unicap.br\/observatorio2\/wp-content\/uploads\/2019\/04\/jjWunenburgerOk-300x300.jpg 300w\" sizes=\"auto, (max-width: 600px) 100vw, 600px\" \/><\/figure>\n\n\n\n<figure class=\"wp-block-image size-large is-style-rounded\"><img loading=\"lazy\" decoding=\"async\" width=\"520\" height=\"520\" data-id=\"6777\" src=\"https:\/\/www1.unicap.br\/observatorio2\/wp-content\/uploads\/2022\/05\/robert-marie-helene2-520x520-1-520x520-1.jpg\" alt=\"\" class=\"wp-image-6777\" srcset=\"https:\/\/www1.unicap.br\/observatorio2\/wp-content\/uploads\/2022\/05\/robert-marie-helene2-520x520-1-520x520-1.jpg 520w, https:\/\/www1.unicap.br\/observatorio2\/wp-content\/uploads\/2022\/05\/robert-marie-helene2-520x520-1-520x520-1-300x300.jpg 300w, https:\/\/www1.unicap.br\/observatorio2\/wp-content\/uploads\/2022\/05\/robert-marie-helene2-520x520-1-520x520-1-150x150.jpg 150w\" sizes=\"auto, (max-width: 520px) 100vw, 520px\" \/><\/figure>\n\n\n\n<figure class=\"wp-block-image size-large is-style-rounded\"><img loading=\"lazy\" decoding=\"async\" width=\"101\" height=\"148\" data-id=\"6778\" src=\"https:\/\/www1.unicap.br\/observatorio2\/wp-content\/uploads\/2022\/05\/p276_37ca289523a4a7d77fd90a8c40938e39Pascal_Bouvier.jpg\" alt=\"\" class=\"wp-image-6778\"\/><\/figure>\n<\/figure>\n\n\n\n<p><\/p>\n\n\n\n<h2 class=\"wp-block-heading\"><strong>INSCRI\u00c7\u00d5ES<\/strong><\/h2>\n\n\n\n<p>As incri\u00e7\u00f5es s\u00e3o gratuitas para membros de Grupos de Pesquisa relacionados aos Estudos do Imagin\u00e1rio e ao Di\u00e1logo Intercultural e Inter-religioso e devem ser feitas, at\u00e9 3\/10\/22, no formul\u00e1rio dispon\u00edvel por <a rel=\"noreferrer noopener\" href=\"https:\/\/docs.google.com\/forms\/d\/1RFor3UXnnqXmnxaCHvx8zHeLcjiQXEixaTbpFnJtqNo\/edit\" target=\"_blank\">aqui<\/a>.<\/p>\n\n\n\n<p>As inscri\u00e7\u00f5es ser\u00e3o confirmadas com o acesso aos <a href=\"https:\/\/drive.google.com\/drive\/folders\/15jfQeklqDX_9WxIQxQ_U9Cy6QMoWtfRn?usp=sharing\" target=\"_blank\" rel=\"noreferrer noopener\">subs\u00eddios preparat\u00f3rios<\/a> do Col\u00f3quio e aos links para participa\u00e7\u00e3o nos debates do dia 10 de outubro.<\/p>\n\n\n\n<h2 class=\"wp-block-heading\"><strong>HOMENAGENS<\/strong><\/h2>\n\n\n\n<p>V\u00eddeo em homenagem ao professor Jean-Jacques Wunenburguer:<\/p>\n\n\n\n<figure class=\"wp-block-embed is-type-video is-provider-youtube wp-block-embed-youtube wp-embed-aspect-16-9 wp-has-aspect-ratio\"><div class=\"wp-block-embed__wrapper\">\n<iframe loading=\"lazy\" title=\"Jean-Jacques Wunenburger e o Brasil\" width=\"1000\" height=\"563\" src=\"https:\/\/www.youtube.com\/embed\/caCZAJBpnYw?feature=oembed\" frameborder=\"0\" allow=\"accelerometer; autoplay; clipboard-write; encrypted-media; gyroscope; picture-in-picture; web-share\" allowfullscreen><\/iframe>\n<\/div><\/figure>\n\n\n\n<p>Dossi\u00ea em homenagem \u00e0 professora Danielle Pitta:<\/p>\n\n\n<div class=\"wp-block-image\">\n<figure class=\"alignleft size-full is-resized\"><img loading=\"lazy\" decoding=\"async\" width=\"567\" height=\"739\" src=\"https:\/\/www1.unicap.br\/observatorio2\/wp-content\/uploads\/2023\/06\/image-1.png\" alt=\"\" class=\"wp-image-7702\" style=\"width:335px;height:437px\" srcset=\"https:\/\/www1.unicap.br\/observatorio2\/wp-content\/uploads\/2023\/06\/image-1.png 567w, https:\/\/www1.unicap.br\/observatorio2\/wp-content\/uploads\/2023\/06\/image-1-230x300.png 230w\" sizes=\"auto, (max-width: 567px) 100vw, 567px\" \/><\/figure>\n<\/div>\n\n\n<p>v. 14 n. 34 (2023) REVISTA PARALELLUS<\/p>\n\n\n\n<p>DOSSI\u00ca ESPECIAL IMAGIN\u00c1RIO NO BRASIL, HOMENAGEM \u00c0 PROFA. DRA. DANIELLE PERIN ROCHA PITTA<\/p>\n\n\n\n<p>Re\u00fane artigos e depoimentos em torno dos Estudos do Imagin\u00e1rio, em especial sobre as nossas religi\u00f5es e espiritualidades.<\/p>\n\n\n\n<p>Acesso livre por <a href=\"https:\/\/www1.unicap.br\/ojs\/index.php\/paralellus\/issue\/view\/146\" target=\"_blank\" rel=\"noreferrer noopener\">aqui<\/a>.<\/p>\n\n\n\n<p><\/p>\n\n\n\n<p><\/p>\n\n\n\n<p><\/p>\n\n\n\n<p><\/p>\n\n\n\n<p><\/p>\n\n\n\n<h2 class=\"wp-block-heading\"><strong>DIVULGA\u00c7\u00c3O<\/strong><\/h2>\n\n\n<div class=\"wp-block-image\">\n<figure class=\"aligncenter size-large is-resized\"><img loading=\"lazy\" decoding=\"async\" width=\"576\" height=\"1024\" src=\"https:\/\/www1.unicap.br\/observatorio2\/wp-content\/uploads\/2022\/08\/Dialogos-das-racionalidades-culturais-e-religiosas-2-576x1024.jpg\" alt=\"\" class=\"wp-image-7170\" style=\"width:568px;height:1010px\" srcset=\"https:\/\/www1.unicap.br\/observatorio2\/wp-content\/uploads\/2022\/08\/Dialogos-das-racionalidades-culturais-e-religiosas-2-576x1024.jpg 576w, https:\/\/www1.unicap.br\/observatorio2\/wp-content\/uploads\/2022\/08\/Dialogos-das-racionalidades-culturais-e-religiosas-2-169x300.jpg 169w, https:\/\/www1.unicap.br\/observatorio2\/wp-content\/uploads\/2022\/08\/Dialogos-das-racionalidades-culturais-e-religiosas-2.jpg 720w\" sizes=\"auto, (max-width: 576px) 100vw, 576px\" \/><\/figure>\n<\/div>\n\n\n<p>.<\/p>\n","protected":false},"excerpt":{"rendered":"<p>Di\u00e1logos das Racionalidades Culturais e Religiosas Col\u00f3quio Internacional &#8211; 10 de outubro de 2022 &#8211; 9 \u00e0s 15h &#8211; pelo Meet PROMO\u00c7\u00c3O Grupo de Pesquisa Espiritualidades, Pluralidade e Di\u00e1logo e Grupo de Pesquisa Videlicet Religi\u00f5es, Imagin\u00e1rio, Diversidades e Laicidade Apoio do Consulado Geral da Fran\u00e7a no Recife e Comiss\u00e3o de Ecumenismo e Di\u00e1logo Inter-religioso da&#8230; <\/p>\n<div class=\"link-more\"><a href=\"https:\/\/www1.unicap.br\/observatorio2\/?page_id=7167\">Leia mais<\/a><\/div>\n","protected":false},"author":2,"featured_media":0,"parent":0,"menu_order":13,"comment_status":"closed","ping_status":"closed","template":"","meta":{"footnotes":""},"class_list":["post-7167","page","type-page","status-publish","hentry"],"_links":{"self":[{"href":"https:\/\/www1.unicap.br\/observatorio2\/index.php?rest_route=\/wp\/v2\/pages\/7167","targetHints":{"allow":["GET"]}}],"collection":[{"href":"https:\/\/www1.unicap.br\/observatorio2\/index.php?rest_route=\/wp\/v2\/pages"}],"about":[{"href":"https:\/\/www1.unicap.br\/observatorio2\/index.php?rest_route=\/wp\/v2\/types\/page"}],"author":[{"embeddable":true,"href":"https:\/\/www1.unicap.br\/observatorio2\/index.php?rest_route=\/wp\/v2\/users\/2"}],"replies":[{"embeddable":true,"href":"https:\/\/www1.unicap.br\/observatorio2\/index.php?rest_route=%2Fwp%2Fv2%2Fcomments&post=7167"}],"version-history":[{"count":30,"href":"https:\/\/www1.unicap.br\/observatorio2\/index.php?rest_route=\/wp\/v2\/pages\/7167\/revisions"}],"predecessor-version":[{"id":7990,"href":"https:\/\/www1.unicap.br\/observatorio2\/index.php?rest_route=\/wp\/v2\/pages\/7167\/revisions\/7990"}],"wp:attachment":[{"href":"https:\/\/www1.unicap.br\/observatorio2\/index.php?rest_route=%2Fwp%2Fv2%2Fmedia&parent=7167"}],"curies":[{"name":"wp","href":"https:\/\/api.w.org\/{rel}","templated":true}]}}