{"id":6707,"date":"2022-04-01T11:23:18","date_gmt":"2022-04-01T14:23:18","guid":{"rendered":"https:\/\/www1.unicap.br\/observatorio2\/?page_id=6707"},"modified":"2023-01-31T16:00:57","modified_gmt":"2023-01-31T19:00:57","slug":"programacao-2022","status":"publish","type":"page","link":"https:\/\/www1.unicap.br\/observatorio2\/?page_id=6707","title":{"rendered":"PROGRAMA\u00c7\u00c3O 2022"},"content":{"rendered":"<div class=\"wp-block-image\">\n<figure class=\"aligncenter size-full\"><img loading=\"lazy\" decoding=\"async\" width=\"701\" height=\"403\" src=\"https:\/\/www1.unicap.br\/observatorio2\/wp-content\/uploads\/2022\/04\/257670977_10224111846937345_6049358332191629555_n.jpg\" alt=\"\" class=\"wp-image-6708\" srcset=\"https:\/\/www1.unicap.br\/observatorio2\/wp-content\/uploads\/2022\/04\/257670977_10224111846937345_6049358332191629555_n.jpg 701w, https:\/\/www1.unicap.br\/observatorio2\/wp-content\/uploads\/2022\/04\/257670977_10224111846937345_6049358332191629555_n-300x172.jpg 300w, https:\/\/www1.unicap.br\/observatorio2\/wp-content\/uploads\/2022\/04\/257670977_10224111846937345_6049358332191629555_n-522x300.jpg 522w\" sizes=\"auto, (max-width: 701px) 100vw, 701px\" \/><figcaption class=\"wp-element-caption\"><em>Anivers\u00e1rio do F\u00f3rum Di\u00e1logos: roda inter-religiosa sobre justi\u00e7a e paz<\/em><\/figcaption><\/figure>\n<\/div>\n\n\n<p><\/p>\n\n\n\n<p><strong>Grupo de Estudo<\/strong><\/p>\n\n\n\n<p>O grupo de estudo sobre Transdisciplinaridade e Di\u00e1logo, coordenado pelo prof. Gilbraz&nbsp;na UNICAP, re\u00fane-se desde 2005, sempre nas&nbsp;<strong>quartas-feiras<\/strong>&nbsp;<strong>das 17 \u00e0s 18h<\/strong>, a partir da pandemia de forma online atrav\u00e9s do Meet institucional. O Grupo \u00e9 aberto \u00e0 participa\u00e7\u00e3o de pesquisadores, doutorandos e mestrandos, e tamb\u00e9m de graduandos interessados na inicia\u00e7\u00e3o cient\u00edfica, al\u00e9m de militantes do di\u00e1logo inter-religioso. <\/p>\n\n\n\n<p>Os membros que est\u00e3o registrados no&nbsp;<a rel=\"noreferrer noopener\" href=\"https:\/\/espdialogo.wordpress.com\/\" target=\"_blank\">Grupo de Pesquisa Espiritualidades, Pluralidade e Di\u00e1logo<\/a>&nbsp;(CNPQ) devem, ao menos,&nbsp;participar de 1\/3 das reuni\u00f5es e apresentar anualmente uma produ\u00e7\u00e3o acad\u00eamica qualificada.<\/p>\n\n\n\n<p>Nas reuni\u00f5es semanais do Grupo os participantes compartilham o andamento de suas pesquisas e depois prosseguem com o estudo de uma obra: em 2022, tempos ainda de v\u00edrus na sa\u00fade e de vermes na pol\u00edtica, como tem muita gente interessada em buscar <a href=\"https:\/\/www.facebook.com\/gilbraz.aragao\/posts\/10217730908337868\" target=\"_blank\" rel=\"noreferrer noopener\">caminhos m\u00edsticos e espirituais<\/a>, vamos analisar as controv\u00e9rsias da m\u00edstica encarando o livro de Luiz Felipe Pond\u00e9, <a rel=\"noreferrer noopener\" href=\"https:\/\/www.amazon.com.br\/Espiritualidade-para-corajosos-busca-sentido\/dp\/8542212924\" target=\"_blank\">Espiritualidade para corajosos<\/a>. Atrav\u00e9s da internet, o nosso campus agora \u00e9 a gal\u00e1xia e voc\u00ea pode juntar-se a n\u00f3s como um valente mochileiro do al\u00e9m!<\/p>\n\n\n\n<p><strong>Encontros e Semin\u00e1rios<\/strong><\/p>\n\n\n\n<p>A equipe do Observat\u00f3rio Transdisciplinar das Religi\u00f5es est\u00e1 envolvida igualmente na anima\u00e7\u00e3o de v\u00e1rios eventos relacionados ao di\u00e1logo entre f\u00e9s e convic\u00e7\u00f5es, em parceria com outros grupos universit\u00e1rios e de educa\u00e7\u00e3o comunit\u00e1ria:<\/p>\n\n\n\n<ul class=\"wp-block-list\">\n<li>Al\u00e9m da (In)Toler\u00e2ncia &#8211; 21 de janeiro, Internet, participa\u00e7\u00e3o nos eventos do <a rel=\"noreferrer noopener\" href=\"https:\/\/www1.unicap.br\/observatorio2\/?p=6518\" target=\"_blank\">Dia de Combate \u00e0 Intoler\u00e2ncia Religiosa<\/a> com o F\u00f3rum Di\u00e1logos.<\/li>\n\n\n\n<li>Cat\u00f3licos mais Cat\u00f3licos &#8211; 18 a 20 de mar\u00e7o, Olinda, assessoria ao <a rel=\"noreferrer noopener\" href=\"https:\/\/www1.unicap.br\/observatorio2\/?p=6626\" target=\"_blank\">Encontro de Forma\u00e7\u00e3o sobre Ecumenismo e Di\u00e1logo<\/a> da CNBB-NE2.<\/li>\n\n\n\n<li>Impulsos Teocr\u00e1ticos &#8211; 30 de mar\u00e7o, 14h, Internet, participa\u00e7\u00e3o na <a rel=\"noreferrer noopener\" href=\"https:\/\/youtu.be\/WyvHoXfQ6PY\" target=\"_blank\">aula inaugural<\/a> do PPGCR-UNICAP.<\/li>\n\n\n\n<li>Espiritualidade Ind\u00edgena &#8211; 3 de abril, <a href=\"https:\/\/www1.unicap.br\/observatorio2\/?p=6721\">excurs\u00e3o \u00e0s <\/a><a rel=\"noreferrer noopener\" href=\"https:\/\/www.facebook.com\/gilbraz.aragao\/posts\/10224775974060108\" target=\"_blank\">aldeias<\/a> do Povo Xucuru.<\/li>\n\n\n\n<li>Comunica\u00e7\u00e3o e Religi\u00f5es &#8211; 26 de abril, 18h, Internet, participa\u00e7\u00e3o no <a rel=\"noreferrer noopener\" href=\"https:\/\/fb.watch\/cI2XPZ0V6t\/\" target=\"_blank\">lan\u00e7amento de livro<\/a>.<\/li>\n\n\n\n<li>Justi\u00e7a Socioambiental e Espiritualidade &#8211; 27 de abril, Internet, participa\u00e7\u00e3o na XIII Reuni\u00e3o do Conselho Nacional de Coordena\u00e7\u00e3o do <a rel=\"noreferrer noopener\" href=\"https:\/\/olma.org.br\/\" target=\"_blank\">Observat\u00f3rio dos Jesu\u00edtas<\/a>.<\/li>\n\n\n\n<li>Religi\u00e3o e Esfera P\u00fablica &#8211; 28 de abril, 19h, Internet, participa\u00e7\u00e3o no debate e <a rel=\"noreferrer noopener\" href=\"https:\/\/www.youtube.com\/channel\/UCKwFAdgVxq4x8ymSza1WVjA\" target=\"_blank\">lan\u00e7amento de livro<\/a> do Observat\u00f3rio de Cultura, Religiosidades e Emo\u00e7\u00f5es da UFPE. <\/li>\n\n\n\n<li>A M\u00edstica e os M\u00edsticos &#8211; 3 de maio, 17h, Internet, participa\u00e7\u00e3o no <a href=\"https:\/\/youtu.be\/N9wV32ksJ-U\">lan\u00e7amento de livro<\/a>.<\/li>\n\n\n\n<li>Religi\u00f5es e Modernidade &#8211; 25 de maio, 15h, UNICAP, participa\u00e7\u00e3o em mesa <a rel=\"noreferrer noopener\" href=\"https:\/\/portal.unicap.br\/-\/xxiv-semana-de-estudos-linguisticos-e-literarios\" target=\"_blank\">celebrando a Semana de Arte Moderna<\/a>.<\/li>\n\n\n\n<li>Religi\u00f5es Tradicionais e a Natureza &#8211; 26 de maio, 19h, Internet, organiza\u00e7\u00e3o de <a rel=\"noreferrer noopener\" href=\"https:\/\/www1.unicap.br\/observatorio2\/?p=6758\" target=\"_blank\">ciclo de debates<\/a>.<\/li>\n\n\n\n<li>Uni-diversidade Crist\u00e3 &#8211; 1\u00ba de junho, 18h, capela da UNICAP, <a rel=\"noreferrer noopener\" href=\"https:\/\/www1.unicap.br\/observatorio2\/?p=6877\" target=\"_blank\">celebra\u00e7\u00e3o da Semana da Unidade<\/a>.<\/li>\n\n\n\n<li>Religi\u00f5es Orientais e a Natureza &#8211; 30 de junho, 19h, Internet, organiza\u00e7\u00e3o de <a rel=\"noreferrer noopener\" href=\"https:\/\/www1.unicap.br\/observatorio2\/?p=6758\" target=\"_blank\">ciclo de debates<\/a>.<\/li>\n\n\n\n<li>P\u00e3o em Todas as Mesas &#8211; 10 a 17 de julho, <a rel=\"noreferrer noopener\" href=\"https:\/\/www1.unicap.br\/observatorio2\/?p=6920\" target=\"_blank\">peregrina\u00e7\u00e3o para o Recife<\/a>.<\/li>\n\n\n\n<li>Religi\u00f5es e Projetos de Brasil &#8211; 11 a 15 de julho, organiza\u00e7\u00e3o de GT do Grupo de Pesquisa no <a rel=\"noreferrer noopener\" href=\"https:\/\/www.soter.org.br\/congresso\/2022\" target=\"_blank\">Congresso da SOTER<\/a>.<\/li>\n\n\n\n<li>A \u00c1rea de Ci\u00eancias da Religi\u00e3o &#8211; 1 de agosto, 19h, Internet, <a rel=\"noreferrer noopener\" href=\"https:\/\/www.facebook.com\/gilbraz.aragao\/posts\/pfbid02uZoqPsqfWztEAVMX34qdbtHpsTF6uKuKtEku29vJcSXGqmf7oGsXSu4Xn1vhepJ4l\" target=\"_blank\">palestra no PPGCR-UNICAP<\/a>.<\/li>\n\n\n\n<li>Ecumenismo e Di\u00e1logo no Recife &#8211; 6 de agosto, participa\u00e7\u00e3o na <a rel=\"noreferrer noopener\" href=\"https:\/\/www.arquidioceseolindarecife.org\/\" target=\"_blank\">Assembleia da Arquidiocese<\/a> de Olinda e Recife.<\/li>\n\n\n\n<li>Di\u00e1logo Inter-religioso no Estado Laico &#8211; 8 de agosto, 18h, live no programa <a rel=\"noreferrer noopener\" href=\"https:\/\/www.facebook.com\/gilbraz.aragao\/posts\/pfbid0M8ZNib9ojPPXDGjMMp1tQJ4tnZ5bb9PmZ5AtPHknppDRVyB6N2kB7anmbPCG9EaQl\" target=\"_blank\">\u00c1gora Esp\u00edrita<\/a>.<\/li>\n\n\n\n<li>\u00c1rvore Inaugural do Parque das Religi\u00f5es &#8211; 10 de agosto, 10h, Convento de S\u00e3o Francisco, lan\u00e7amento do <a rel=\"noreferrer noopener\" href=\"https:\/\/www1.unicap.br\/observatorio2\/?p=7002\" target=\"_blank\">projeto Parque das Religi\u00f5es<\/a> de Pernambuco.<\/li>\n\n\n\n<li>Religi\u00f5es Prof\u00e9ticas e a Natureza &#8211; 25 de agosto, 19h, Internet, organiza\u00e7\u00e3o de <a rel=\"noreferrer noopener\" href=\"https:\/\/www1.unicap.br\/observatorio2\/?p=6758\" target=\"_blank\">ciclo de debates<\/a>.<\/li>\n\n\n\n<li>Intoler\u00e2ncia Religiosa no Recife &#8211; 30 de agosto, 16h, Internet, defesa da <a href=\"https:\/\/www1.unicap.br\/observatorio2\/?p=7143\">disserta\u00e7\u00e3o de Rayane Marinho<\/a>, membro do Observat\u00f3rio, no PPG em Ci\u00eancias da Religi\u00e3o da UNICAP.<\/li>\n\n\n\n<li>Irmandade de Nossa Senhora da Boa Morte &#8211; 5 de setembro, 10h, Internet, defesa da <a href=\"https:\/\/www.facebook.com\/gilbraz.aragao\/posts\/pfbid02wFuZsifgojRqHYMyoQ58ag7sqNwZZVqmN6DdeLHwiutBRSEjZsso8sJFGgJ9SHUml\">disserta\u00e7\u00e3o de Anderson Amorim<\/a>, no PPG em Teologia da UNICAP.<\/li>\n\n\n\n<li>F\u00e9 no Clima &#8211; 21 de setembro, 18h30, audit\u00f3rio Helder C\u00e2mara da UNICAP, participa\u00e7\u00e3o no <a rel=\"noreferrer noopener\" href=\"https:\/\/www.facebook.com\/gilbraz.aragao\/posts\/pfbid0rAbwNTV4FSbcFLNvXgG9PSi6tDRh222Kup1ZNmzQefaFszcBrWoxFxgtoKHe2WWql\" target=\"_blank\">lan\u00e7amento de document\u00e1rio<\/a> sobre juventudes, religi\u00f5es e desafios ecol\u00f3gicos.<\/li>\n\n\n\n<li>Novos Movimentos Religiosos e a Natureza &#8211; 29 de setembro, 19h, Internet, organiza\u00e7\u00e3o de <a rel=\"noreferrer noopener\" href=\"https:\/\/www1.unicap.br\/observatorio2\/?p=6758\" target=\"_blank\">ciclo de debates<\/a>.<\/li>\n\n\n\n<li>Liberdade Religiosa nas Am\u00e9ricas &#8211; 3 a 6 de outubro, Lima (Peru), participa\u00e7\u00e3o na <a rel=\"noreferrer noopener\" href=\"https:\/\/www1.unicap.br\/observatorio2\/?p=7221\" target=\"_blank\">coaliz\u00e3o de religiosos progressistas na Assembleia da OEA<\/a>.<\/li>\n\n\n\n<li>Di\u00e1logos das Racionalidades Culturais e Religiosas &#8211; 10 de outubro, 8 \u00e0s 16h, Internet e UNICAP, <a href=\"https:\/\/www1.unicap.br\/observatorio2\/?page_id=7167\" target=\"_blank\" rel=\"noreferrer noopener\">col\u00f3quio internacional sobre sagrado<\/a> e promo\u00e7\u00e3o de di\u00e1logos.<\/li>\n\n\n\n<li>Caminhada dos Terreiros de Pernambuco &#8211; 1 de novembro, Recife Antigo, participa\u00e7\u00e3o em <a rel=\"noreferrer noopener\" href=\"https:\/\/www.facebook.com\/gilbraz.aragao\/posts\/pfbid02wVN2tagWB1uaXbzW9oyk3zFUUyCEybz1RArV7oLnPxdS281EBPC1cQbwFF9pi71fl\" target=\"_blank\">evento do Povo de Terreiro<\/a>.<\/li>\n\n\n\n<li>Menina Sem Nome &#8211; a partir de 2 de novembro, YouTube, colabora\u00e7\u00e3o em <a rel=\"noreferrer noopener\" href=\"https:\/\/www.youtube.com\/playlist?list=PLwT4D1bBe04qQTbHEdkW0US8qJ09J9Ndz\" target=\"_blank\">s\u00e9rie jornal\u00edstica<\/a> sobre santidade e religiosidade popular no Jornal do Commercio.<\/li>\n\n\n\n<li>Princ\u00edpio Pluralista e Novas Pr\u00e1ticas Dialogais &#8211; 3 e 4 de novembro, Internet, <a href=\"https:\/\/www1.unicap.br\/observatorio2\/?p=7312\" target=\"_blank\" rel=\"noreferrer noopener\">semin\u00e1rio do Grupo de Pesquisa<\/a> Espiritualidades, Pluralidade e Di\u00e1logo.<\/li>\n\n\n\n<li>Religi\u00e3o e Espiritualidade &#8211; 4 de novembro, 10h, bloco B da UNICAP, participa\u00e7\u00e3o em <a href=\"https:\/\/www.facebook.com\/gilbraz.aragao\/posts\/pfbid02c9tGsPJrkJQqM4iU4YFyq1toCVxjJmKK92KPb1keFAU2PXcwvdhLbw4DBgbsfMBUl\" target=\"_blank\" rel=\"noreferrer noopener\">debate no Simp\u00f3sio de Psicologia<\/a>.<\/li>\n\n\n\n<li>Religi\u00f5es por Justi\u00e7a e Paz &#8211; 4 de novembro, anfiteatro do bloco G4 da UNICAP, 18h,<a href=\"https:\/\/www.facebook.com\/photo?fbid=10226079874416802&amp;set=pcb.10226079879816937\" target=\"_blank\" rel=\"noreferrer noopener\"> celebra\u00e7\u00e3o com o F\u00f3rum Di\u00e1logos<\/a> de Pernambuco. <\/li>\n\n\n\n<li>Entre-mundos: a F\u00e9 que Canta e Dan\u00e7a &#8211; 9 de novembro, 14h30, audit\u00f3rio Anchieta da PUC-Rio e Internet, palestra no <a rel=\"noreferrer noopener\" href=\"https:\/\/www.facebook.com\/gilbraz.aragao\/posts\/pfbid02Tev2g8UJKgsLZmVnPm6ET2TRxRZXm7Qx2QV9CjKzDEKQQJZvHuDKAhL63GgBqvJZl\" target=\"_blank\">Col\u00f3quio &#8220;Pensar o Brasil: cem anos da Semana de Arte Moderna&#8221;<\/a>.<\/li>\n\n\n\n<li>Caminho dos Quilombos &#8211; 19 e 20 de novembro, <a rel=\"noreferrer noopener\" href=\"https:\/\/www.facebook.com\/gilbraz.aragao\/posts\/pfbid0tLSdPA5NfH3LW7cAjzqaCXTL7rgcqBh3DfKfby3xjUXcPkrKCgCktaxmU7oT9kwpl\" target=\"_blank\">excurs\u00e3o aos quilombos de Alagoas<\/a>, em Uni\u00e3o dos Palmares.<\/li>\n\n\n\n<li>Di\u00e1logo Inter-religioso &#8211; 29 de novembro, 15h, Internet, participa\u00e7\u00e3o em lan\u00e7amento de <a rel=\"noreferrer noopener\" href=\"https:\/\/www.facebook.com\/gilbraz.aragao\/posts\/pfbid02mNUrkVvgJUzR7c8Z1mfjXSMG8RSL7yzJiSLmEapReW6bR8JNMW3E8bTzE9LCN1ywl\" target=\"_blank\">s\u00e9rie de Cartilhas Pedag\u00f3gicas do Observat\u00f3rio de Justi\u00e7a Socioambiental<\/a> dos jesu\u00edtas.<\/li>\n\n\n\n<li>Construindo Cultura de Respeito &#8211; 30 de novembro, 9h, no audit\u00f3rio do Minist\u00e9rio P\u00fablico (Rua do Sol, 143), celebra\u00e7\u00e3o dos <a rel=\"noreferrer noopener\" href=\"https:\/\/www1.unicap.br\/observatorio2\/?p=7326\" target=\"_blank\">10 anos do F\u00f3rum Di\u00e1logos<\/a>. <\/li>\n\n\n\n<li>As Religi\u00f5es e a Natureza &#8211; 7 de dezembro, 16h, no Capibar, <a rel=\"noreferrer noopener\" href=\"https:\/\/www.facebook.com\/gilbraz.aragao\/posts\/pfbid0maimVREJywVDnB3TTePo4pG6xj1DT174Cm2K5xBg2vMSQmtxqoV32q8ueUfZ9cqml\" target=\"_blank\">avalia\u00e7\u00e3o das a\u00e7\u00f5es e confraterniza\u00e7\u00e3o<\/a> do grupo do Observat\u00f3rio.<\/li>\n\n\n\n<li>Espiritualidades e Direitos Humanos &#8211; 9 de dezembro, 16h, Internet,<a rel=\"noreferrer noopener\" href=\"https:\/\/youtu.be\/wUPokPgJMKQ\" target=\"_blank\"> palestra na Uninter pelo Dia da Declara\u00e7\u00e3o Universal dos Direitos Humanos<\/a>. <\/li>\n\n\n\n<li>Outras Compreens\u00f5es de Vida, Espiritualidade, Liberdade &#8211; 13 de dezembro, 15h, Internet, avalia\u00e7\u00e3o e <a rel=\"noreferrer noopener\" href=\"https:\/\/www.facebook.com\/photo\/?fbid=10226323707632480&amp;set=a.10226101822405488\" target=\"_blank\">planejamento da Coaliz\u00e3o Religi\u00f5es e Sociedade Civil<\/a>.<\/li>\n\n\n\n<li>Assist\u00eancia Religiosa em Hospitais e Pris\u00f5es &#8211; 21 de dezembro, 9h, Internet, assessoria a<a href=\"https:\/\/www.facebook.com\/photo\/?fbid=10226431952098524&amp;set=a.10226101822405488\" target=\"_blank\" rel=\"noreferrer noopener\"> comiss\u00e3o de liberdade religiosa e laicidade do Estado no Minist\u00e9rio P\u00fablico<\/a> de Pernambuco.<\/li>\n\n\n\n<li>Di\u00e1logo Inter-religioso &#8211; 22 de dezembro, 10h, Internet, articula\u00e7\u00e3o de eixo na <a href=\"https:\/\/portal.unicap.br\/cidh\/projetos#dialogo\" target=\"_blank\" rel=\"noreferrer noopener\">Cl\u00ednica Interdisciplinar de Direitos Humanos<\/a> da UNICAP.<\/li>\n\n\n\n<li>Espiritualidade e Cultura de Paz &#8211; 30 de dezembro, 9h, Internet, participa\u00e7\u00e3o em mesa no evento <a href=\"https:\/\/108horasdepaz.com.br\/\" target=\"_blank\" rel=\"noreferrer noopener\">Horas de Paz dos budistas<\/a>.<\/li>\n<\/ul>\n\n\n\n<p><strong>Participa\u00e7\u00e3o em Comiss\u00f5es<\/strong><\/p>\n\n\n\n<p>O Observat\u00f3rio das Religi\u00f5es no Recife, atrav\u00e9s de representa\u00e7\u00f5es dos seus membros, participa ativamente de articula\u00e7\u00f5es e servi\u00e7os,&nbsp;nacionais e regionais,&nbsp;de promo\u00e7\u00e3o do di\u00e1logo e do ecumenismo:<\/p>\n\n\n\n<ul class=\"wp-block-list\">\n<li>Comiss\u00e3o de Pastoral para Ecumenismo e Di\u00e1logo Inter-religioso&nbsp;do&nbsp;<a rel=\"noreferrer noopener\" href=\"https:\/\/www1.unicap.br\/observatorio2\/?p=5234\" target=\"_blank\">Regional Nordeste II da CNNB<\/a>&nbsp;e da&nbsp;<a rel=\"noreferrer noopener\" href=\"http:\/\/www.arquidioceseolindarecife.org\/ecumenismo-e-dialogo-interreligioso\/\" target=\"_blank\">Arquidiocese de Olinda e Recife<\/a>. Participa\u00e7\u00e3o de Gilbraz e Artur.<\/li>\n\n\n\n<li><a rel=\"noreferrer noopener\" href=\"https:\/\/www.facebook.com\/forumdialogos\" target=\"_blank\">F\u00f3rum Di\u00e1logos&nbsp;<\/a>\u2013 Associa\u00e7\u00e3o civil para Promo\u00e7\u00e3o da Diversidade Religiosa em Pernambuco. Participa\u00e7\u00e3o de Tha\u00eds, Rayane, Gilbraz e Gustavo.<\/li>\n\n\n\n<li><a rel=\"noreferrer noopener\" href=\"http:\/\/olma.org.br\/\" target=\"_blank\">Observat\u00f3rio Nacional de Justi\u00e7a Socioambiental Luciano Mendes de Almeida.<\/a>&nbsp;Participa\u00e7\u00e3o de Tha\u00eds e Gilbraz.<\/li>\n\n\n\n<li><a rel=\"noreferrer noopener\" href=\"https:\/\/www.usbbog.edu.co\/observatorio-odrec\/\" target=\"_blank\">Observatorio de la Diversidad Religiosa y de las Culturas en Am\u00e9rica Latina y el Caribe<\/a>. Participa\u00e7\u00e3o de Gilbraz.<\/li>\n\n\n\n<li><a rel=\"noreferrer noopener\" href=\"https:\/\/www1.unicap.br\/observatorio2\/?p=5393\" target=\"_blank\">Coalici\u00f3n Religiones, Creencias y Espiritualidades en Di\u00e1logo con la Sociedad Civil<\/a>. Participa\u00e7\u00e3o de Everaldo.<\/li>\n<\/ul>\n\n\n\n<h5 class=\"has-text-align-right wp-block-heading\" id=\"veja-programacoes-anteriores-por-aqui\">VEJA PROGRAMA\u00c7\u00d5ES ANTERIORES POR&nbsp;<a rel=\"noreferrer noopener\" href=\"https:\/\/www1.unicap.br\/observatorio2\/?page_id=40\" target=\"_blank\">AQUI<\/a>.<\/h5>\n\n\n\n<p><\/p>\n\n\n\n<p><\/p>\n\n\n\n<p><\/p>\n\n\n\n<p><\/p>\n","protected":false},"excerpt":{"rendered":"<p>Grupo de Estudo O grupo de estudo sobre Transdisciplinaridade e Di\u00e1logo, coordenado pelo prof. Gilbraz&nbsp;na UNICAP, re\u00fane-se desde 2005, sempre nas&nbsp;quartas-feiras&nbsp;das 17 \u00e0s 18h, a partir da pandemia de forma online atrav\u00e9s do Meet institucional. O Grupo \u00e9 aberto \u00e0 participa\u00e7\u00e3o de pesquisadores, doutorandos e mestrandos, e tamb\u00e9m de graduandos interessados na inicia\u00e7\u00e3o cient\u00edfica, al\u00e9m&#8230; <\/p>\n<div class=\"link-more\"><a href=\"https:\/\/www1.unicap.br\/observatorio2\/?page_id=6707\">Leia mais<\/a><\/div>\n","protected":false},"author":2,"featured_media":0,"parent":0,"menu_order":14,"comment_status":"closed","ping_status":"closed","template":"","meta":{"footnotes":""},"class_list":["post-6707","page","type-page","status-publish","hentry"],"_links":{"self":[{"href":"https:\/\/www1.unicap.br\/observatorio2\/index.php?rest_route=\/wp\/v2\/pages\/6707","targetHints":{"allow":["GET"]}}],"collection":[{"href":"https:\/\/www1.unicap.br\/observatorio2\/index.php?rest_route=\/wp\/v2\/pages"}],"about":[{"href":"https:\/\/www1.unicap.br\/observatorio2\/index.php?rest_route=\/wp\/v2\/types\/page"}],"author":[{"embeddable":true,"href":"https:\/\/www1.unicap.br\/observatorio2\/index.php?rest_route=\/wp\/v2\/users\/2"}],"replies":[{"embeddable":true,"href":"https:\/\/www1.unicap.br\/observatorio2\/index.php?rest_route=%2Fwp%2Fv2%2Fcomments&post=6707"}],"version-history":[{"count":49,"href":"https:\/\/www1.unicap.br\/observatorio2\/index.php?rest_route=\/wp\/v2\/pages\/6707\/revisions"}],"predecessor-version":[{"id":7477,"href":"https:\/\/www1.unicap.br\/observatorio2\/index.php?rest_route=\/wp\/v2\/pages\/6707\/revisions\/7477"}],"wp:attachment":[{"href":"https:\/\/www1.unicap.br\/observatorio2\/index.php?rest_route=%2Fwp%2Fv2%2Fmedia&parent=6707"}],"curies":[{"name":"wp","href":"https:\/\/api.w.org\/{rel}","templated":true}]}}