{"id":642,"date":"2013-07-19T12:31:14","date_gmt":"2013-07-19T15:31:14","guid":{"rendered":"https:\/\/www1.unicap.br\/observatorio2\/?page_id=642"},"modified":"2022-11-28T15:04:32","modified_gmt":"2022-11-28T18:04:32","slug":"espaco","status":"publish","type":"page","link":"https:\/\/www1.unicap.br\/observatorio2\/?page_id=642","title":{"rendered":"Espa\u00e7o"},"content":{"rendered":"<p>Os estudos do nosso Grupo, compartilhados em Eventos, aprofundados em Publica\u00e7\u00f5es e divulgados interativamente atrav\u00e9s deste Observat\u00f3rio na Internet, acabaram ensejando tamb\u00e9m o nosso engajamento em iniciativas mais amplas da sociedade: na esteira da nossa experi\u00eancia e atrav\u00e9s de estudantes egressos, uma rede de <a href=\"https:\/\/www1.unicap.br\/observatorio2\/?p=2101\" target=\"_blank\" rel=\"noopener noreferrer\">Feiras e F\u00f3runs das Religi\u00f5es<\/a>\u00a0est\u00e1 surgindo em escolas da Regi\u00e3o Metropolitana do Recife, com o nosso apoio e para contentamento da gente. Tamb\u00e9m ajudamos a fundar e participamos do &#8220;<a href=\"https:\/\/www1.unicap.br\/observatorio2\/?p=456\" target=\"_blank\" rel=\"noopener noreferrer\">F\u00f3rum Di\u00e1logos<\/a>&#8220;, associa\u00e7\u00e3o civil que re\u00fane mais de quinze tradi\u00e7\u00f5es religiosas e visa colaborar para a constru\u00e7\u00e3o de uma cultura de toler\u00e2ncia entre as diversas religi\u00f5es em Pernambuco.<\/p>\n<p>Outro envolvimento ainda mais antigo e significativo da nossa equipe \u00e9 na constru\u00e7\u00e3o de um lugar para o congra\u00e7amento pedag\u00f3gico das religi\u00f5es no Recife: estamos colaborando para o surgimento de uma funda\u00e7\u00e3o, o museu \u201cParque das Religi\u00f5es\u201d, com base em espa\u00e7o cultural e centro museol\u00f3gico, tendo por objetivo promover o conhecimento das tradi\u00e7\u00f5es espirituais, o di\u00e1logo e o servi\u00e7o cooperado dos seguidores dos diversos caminhos espirituais em favor da justi\u00e7a socioambiental e do cuidado pela Casa Comum.<\/p>\n<p style=\"text-align: left;\"><a href=\"https:\/\/www1.unicap.br\/observatorio2\/wp-content\/uploads\/2019\/01\/3-20140507_205218.jpg\"><img loading=\"lazy\" decoding=\"async\" class=\" wp-image-4580 alignright\" src=\"https:\/\/www1.unicap.br\/observatorio2\/wp-content\/uploads\/2019\/01\/3-20140507_205218.jpg\" alt=\"\" width=\"446\" height=\"298\" srcset=\"https:\/\/www1.unicap.br\/observatorio2\/wp-content\/uploads\/2019\/01\/3-20140507_205218.jpg 3481w, https:\/\/www1.unicap.br\/observatorio2\/wp-content\/uploads\/2019\/01\/3-20140507_205218-300x200.jpg 300w, https:\/\/www1.unicap.br\/observatorio2\/wp-content\/uploads\/2019\/01\/3-20140507_205218-1024x683.jpg 1024w, https:\/\/www1.unicap.br\/observatorio2\/wp-content\/uploads\/2019\/01\/3-20140507_205218-960x640.jpg 960w, https:\/\/www1.unicap.br\/observatorio2\/wp-content\/uploads\/2019\/01\/3-20140507_205218-450x300.jpg 450w\" sizes=\"auto, (max-width: 446px) 100vw, 446px\" \/><\/a><\/p>\n<p style=\"text-align: left;\">Trata-se de um espa\u00e7o f\u00edsico e existencial para esclarecer os diversos n\u00edveis de participa\u00e7\u00e3o religiosa, do popular ao filos\u00f3fico, enfatizando o conhecimento m\u00edstico que se desenvolve entre e al\u00e9m das diversas express\u00f5es culturais de f\u00e9. Numa reuni\u00e3o que contou com a participa\u00e7\u00e3o de meia centena de pessoas, entre representantes das mais diversas manifesta\u00e7\u00f5es religiosas, educadores da regi\u00e3o, professores e estudantes, foi lan\u00e7ado no dia 18 de mar\u00e7o de 2011, na Universidade Cat\u00f3lica de Pernambuco, o museu Parque das Religi\u00f5es, que passou a contar com a assessoria do nosso Observat\u00f3rio.\u00a0<\/p>\n<p>Est\u00e3o \u00e0 frente do Parque das Religi\u00f5es os seguintes sonhadores: S\u00e9rgio Gon\u00e7alves Ferreira, Luiz Alberto Teixeira, Pedro Pereira, Gilbraz Arag\u00e3o e Frei Tito Figueir\u00f4a de Medeiros. A eles juntou-se Ver\u00f4nica Lima, como secret\u00e1ria executiva do Conselho Gestor. Todos s\u00e3o crist\u00e3os, mas tocados pelas pr\u00e1ticas ecum\u00eanicas de Dom Helder C\u00e2mara, pelas prega\u00e7\u00f5es dialogais do Frei Alo\u00edsio Fragoso e de Dom Marcelo Barros. Por isso est\u00e3o reunindo um Conselho Consultivo com animadores das diversas tradi\u00e7\u00f5es espirituais, e um Conselho Cient\u00edfico composto por historiadores e estudiosos das religi\u00f5es. Assim vai se desenhando um lugar e se criando espa\u00e7o para acolher jovens que desejem conhecer o desenvolvimento das religi\u00f5es; seus personagens divinos e palavras inspiradoras; os espa\u00e7os, calend\u00e1rios e rituais sagrados; a vida para al\u00e9m desta; a viv\u00eancia comunit\u00e1ria e \u00e9tica nas tradi\u00e7\u00f5es; seus conflitos, sincretismos e di\u00e1logos m\u00edsticos e culturais&#8230; E a iniciativa vem crescendo, entre outros apoios, com a curadoria e o envolvimento dedicado do nosso Observat\u00f3rio das Religi\u00f5es.<\/p>\n\n\n<figure class=\"wp-block-embed is-type-rich is-provider-slideshare wp-block-embed-slideshare\"><div class=\"wp-block-embed__wrapper\">\n<iframe loading=\"lazy\" title=\"Parque das Religi\u00f5es 2022.ppsx\" src=\"https:\/\/www.slideshare.net\/slideshow\/embed_code\/key\/Izfv8FavSdabLB\" width=\"427\" height=\"356\" frameborder=\"0\" marginwidth=\"0\" marginheight=\"0\" scrolling=\"no\" style=\"border:1px solid #CCC; border-width:1px; margin-bottom:5px; max-width: 100%;\" allowfullscreen> <\/iframe> <div style=\"margin-bottom:5px\"> <strong> <a href=\"https:\/\/www.slideshare.net\/GilbrazArago\/parque-das-religies-2022ppsx-252472571\" title=\"Parque das Religi\u00f5es 2022.ppsx\" target=\"_blank\">Parque das Religi\u00f5es 2022.ppsx<\/a> <\/strong> from <strong><a href=\"https:\/\/www.slideshare.net\/GilbrazArago\" target=\"_blank\">Gilbraz Arag\u00e3o<\/a><\/strong> <\/div>\n<\/div><\/figure>\n\n\n\n<h5 class=\"has-text-align-right wp-block-heading\">Envolva-se nesse sonho:<\/h5>\n\n\n\n<h5 class=\"has-text-align-right wp-block-heading\">conhe\u00e7a e participe do projeto por&nbsp;<a href=\"https:\/\/www.instagram.com\/parquedasreligioes\/\">aqui<\/a><\/h5>\n\n\n\n<p><\/p>\n\n\n\n<p><\/p>\n\n\n\n<p><\/p>\n\n\n\n<p><\/p>\n","protected":false},"excerpt":{"rendered":"<p>Os estudos do nosso Grupo, compartilhados em Eventos, aprofundados em Publica\u00e7\u00f5es e divulgados interativamente atrav\u00e9s deste Observat\u00f3rio na Internet, acabaram ensejando tamb\u00e9m o nosso engajamento em iniciativas mais amplas da sociedade: na esteira da nossa experi\u00eancia e atrav\u00e9s de estudantes egressos, uma rede de Feiras e F\u00f3runs das Religi\u00f5es\u00a0est\u00e1 surgindo em escolas da Regi\u00e3o Metropolitana&#8230; <\/p>\n<div class=\"link-more\"><a href=\"https:\/\/www1.unicap.br\/observatorio2\/?page_id=642\">Leia mais<\/a><\/div>\n","protected":false},"author":2,"featured_media":0,"parent":0,"menu_order":10,"comment_status":"closed","ping_status":"closed","template":"","meta":{"footnotes":""},"class_list":["post-642","page","type-page","status-publish","hentry"],"_links":{"self":[{"href":"https:\/\/www1.unicap.br\/observatorio2\/index.php?rest_route=\/wp\/v2\/pages\/642","targetHints":{"allow":["GET"]}}],"collection":[{"href":"https:\/\/www1.unicap.br\/observatorio2\/index.php?rest_route=\/wp\/v2\/pages"}],"about":[{"href":"https:\/\/www1.unicap.br\/observatorio2\/index.php?rest_route=\/wp\/v2\/types\/page"}],"author":[{"embeddable":true,"href":"https:\/\/www1.unicap.br\/observatorio2\/index.php?rest_route=\/wp\/v2\/users\/2"}],"replies":[{"embeddable":true,"href":"https:\/\/www1.unicap.br\/observatorio2\/index.php?rest_route=%2Fwp%2Fv2%2Fcomments&post=642"}],"version-history":[{"count":71,"href":"https:\/\/www1.unicap.br\/observatorio2\/index.php?rest_route=\/wp\/v2\/pages\/642\/revisions"}],"predecessor-version":[{"id":7325,"href":"https:\/\/www1.unicap.br\/observatorio2\/index.php?rest_route=\/wp\/v2\/pages\/642\/revisions\/7325"}],"wp:attachment":[{"href":"https:\/\/www1.unicap.br\/observatorio2\/index.php?rest_route=%2Fwp%2Fv2%2Fmedia&parent=642"}],"curies":[{"name":"wp","href":"https:\/\/api.w.org\/{rel}","templated":true}]}}