{"id":5870,"date":"2021-02-09T12:12:19","date_gmt":"2021-02-09T15:12:19","guid":{"rendered":"https:\/\/www1.unicap.br\/observatorio2\/?page_id=5870"},"modified":"2022-09-05T20:02:34","modified_gmt":"2022-09-05T23:02:34","slug":"programacao-2021","status":"publish","type":"page","link":"https:\/\/www1.unicap.br\/observatorio2\/?page_id=5870","title":{"rendered":"PROGRAMA\u00c7\u00c3O 2021"},"content":{"rendered":"\n<figure class=\"wp-block-image size-large\"><img loading=\"lazy\" decoding=\"async\" width=\"1024\" height=\"682\" src=\"https:\/\/www1.unicap.br\/observatorio2\/wp-content\/uploads\/2021\/02\/126757189_10221696278229637_9104472812620415324_o.jpg\" alt=\"\" class=\"wp-image-5871\" srcset=\"https:\/\/www1.unicap.br\/observatorio2\/wp-content\/uploads\/2021\/02\/126757189_10221696278229637_9104472812620415324_o.jpg 1024w, https:\/\/www1.unicap.br\/observatorio2\/wp-content\/uploads\/2021\/02\/126757189_10221696278229637_9104472812620415324_o-300x200.jpg 300w, https:\/\/www1.unicap.br\/observatorio2\/wp-content\/uploads\/2021\/02\/126757189_10221696278229637_9104472812620415324_o-960x640.jpg 960w, https:\/\/www1.unicap.br\/observatorio2\/wp-content\/uploads\/2021\/02\/126757189_10221696278229637_9104472812620415324_o-450x300.jpg 450w\" sizes=\"auto, (max-width: 1024px) 100vw, 1024px\" \/><figcaption>encontro inter-religioso sobre a enc\u00edclica Todos Irm\u00e3os<\/figcaption><\/figure>\n\n\n\n<p><strong>Grupo de Estudo<\/strong><\/p>\n\n\n\n<p>O grupo de estudo sobre Transdisciplinaridade e Di\u00e1logo, coordenado pelo prof. Gilbraz&nbsp;na UNICAP, re\u00fane-se desde 2005, sempre nas&nbsp;<strong>quartas-feiras<\/strong>,&nbsp;<strong>das 17 \u00e0s 18h<\/strong>, no&nbsp;Programa de P\u00f3s-gradua\u00e7\u00e3o em Ci\u00eancias da Religi\u00e3o (8\u00ba andar do bloco G4). O Grupo \u00e9 aberto \u00e0 participa\u00e7\u00e3o de pesquisadores, doutorandos e mestrandos, e tamb\u00e9m de graduandos interessados na inicia\u00e7\u00e3o cient\u00edfica, al\u00e9m de militantes do di\u00e1logo inter-religioso.<\/p>\n\n\n\n<p>Os membros que est\u00e3o registrados no&nbsp;<a rel=\"noreferrer noopener\" href=\"https:\/\/espdialogo.wordpress.com\/\" target=\"_blank\">Grupo de Pesquisa Espiritualidades, Pluralidade e Di\u00e1logo<\/a>&nbsp;devem, ao menos,&nbsp;participar de 1\/3 das reuni\u00f5es e apresentar uma produ\u00e7\u00e3o acad\u00eamica qualificada anualmente.<\/p>\n\n\n\n<p>Nas reuni\u00f5es semanais do Grupo os participantes compartilham o andamento de suas pesquisas e depois prosseguem com o estudo de uma obra: em 2021, continuando as reuni\u00f5es virtualmente por causa da pandemia, vamos estudar uma s\u00e9rie de refer\u00eancias sobre a metodologia transdisciplinar (dispon\u00edveis por&nbsp;<a rel=\"noreferrer noopener\" href=\"https:\/\/www1.unicap.br\/observatorio2\/wp-content\/uploads\/2020\/06\/Transdisciplinaridade-bibliografia.pdf\" target=\"_blank\">aqui<\/a>), como forma de aprofundar epistemologicamente os caminhos do di\u00e1logo, al\u00e9m dos verbetes do Dicion\u00e1rio do Pluralismo Religioso (veja&nbsp;<a rel=\"noreferrer noopener\" href=\"https:\/\/espdialogo.wordpress.com\/2020\/07\/15\/vem-ai-o-dicionario-do-pluralismo-religioso\/\" target=\"_blank\">aqui<\/a>), que sintetiza os estudos de conceitos e autores que est\u00e3o sendo trabalhados pelo nosso Grupo de Pesquisa comum.<\/p>\n\n\n\n<p>Depois, no segundo semestre, vamos nos aventurar na discuss\u00e3o sobre espiritualidade p\u00f3s-religiosa (veja <a rel=\"noreferrer noopener\" href=\"https:\/\/www.amazon.com.br\/P%C3%B3s-Deus-Peter-Sloterdijk\/dp\/8532660584\" target=\"_blank\">aqui<\/a> o livro) do fil\u00f3sofo alem\u00e3o Peter Sloterdijk (veja <a rel=\"noreferrer noopener\" href=\"https:\/\/www1.unicap.br\/observatorio2\/wp-content\/uploads\/2021\/09\/Roteiro-para-estudo-sobre-Peter-Sloterdijk-e-o-pos.docx\" target=\"_blank\">aqui<\/a> o nosso roteiro de estudo e <a rel=\"noreferrer noopener\" href=\"https:\/\/www.ihu.unisinos.br\/78-noticias\/615347-em-edicao-depois-de-deus-debate-sobre-o-livro-de-peter-sloterdijk-com-rodrigo-petronio-no-ihu\" target=\"_blank\">aqui<\/a> uma apresenta\u00e7\u00e3o do livro): influenciado pela Escola de Frankfurt, por Friedrich Nietzsche, Martin Heidegger, Michel Foucault (e tamb\u00e9m pela metaf\u00edsica indiana), ele tem uma vis\u00e3o provocativa sobre o futuro da religi\u00e3o e, portanto, do di\u00e1logo inter-religioso. Quem tiver coragem, est\u00e1 convidado!<\/p>\n\n\n\n<p><strong>Encontros e Semin\u00e1rios<\/strong><\/p>\n\n\n\n<p>A equipe do Observat\u00f3rio Transdisciplinar das Religi\u00f5es est\u00e1 envolvida igualmente na anima\u00e7\u00e3o de v\u00e1rios eventos relacionados ao di\u00e1logo, em parceria com outros grupos universit\u00e1rios e de educa\u00e7\u00e3o comunit\u00e1ria:<\/p>\n\n\n\n<p>Coexist\u00eancia Religiosa &#8211; 18 de janeiro, 20h, Internet, <a rel=\"noreferrer noopener\" href=\"https:\/\/youtu.be\/2o7I7KJZGGI?t=4354\" target=\"_blank\">Novo Ensino Religioso como espa\u00e7o de promo\u00e7\u00e3o da coexist\u00eancia<\/a>, participa\u00e7\u00e3o em mesa do CONER.<\/p>\n\n\n\n<p>Dia de Combate \u00e0 Intoler\u00e2ncia Religiosa &#8211;&nbsp;21 de janeiro,&nbsp;7 e 19h, TV Globo, Promo\u00e7\u00e3o do Di\u00e1logo em Pernambuco no <a rel=\"noreferrer noopener\" href=\"https:\/\/globoplay.globo.com\/v\/9196688\/\" target=\"_blank\">BomDiaPE<\/a> e <a rel=\"noreferrer noopener\" href=\"https:\/\/globoplay.globo.com\/v\/9199357\/\" target=\"_blank\">NE2<\/a>, entrevistas aos jornais televisivos do Recife.<\/p>\n\n\n\n<p>Promo\u00e7\u00e3o do Di\u00e1logo entre Religi\u00f5es e Convic\u00e7\u00f5es &#8211; 21 de janeiro, 20h, Internet, Entrevista ao <a rel=\"noreferrer noopener\" href=\"https:\/\/youtu.be\/iVexEmKLPBI\" target=\"_blank\">Programa Caminhando<\/a>.<\/p>\n\n\n\n<p>Fraternidade e Di\u00e1logo &#8211; 30 de janeiro, 16h, Internet, Palestra no Semin\u00e1rio da <a rel=\"noreferrer noopener\" href=\"https:\/\/youtu.be\/1MMcyzBYhFc?t=435\" target=\"_blank\">Campanha da Fraternidade Ecum\u00eanica<\/a> AOR.<\/p>\n\n\n\n<p>Desafios da Transreligiosidade &#8211; 2 de fevereiro, 14h, Internet, <a rel=\"noreferrer noopener\" href=\"https:\/\/espdialogo.wordpress.com\/2021\/02\/04\/pluralismo-por-principio\/\" target=\"_blank\">Sess\u00e3o do Grupo de Pesquisa<\/a>.<\/p>\n\n\n\n<p>Di\u00e1logo Fraterno &#8211; 10 de fevereiro, 9h, Internet, <a rel=\"noreferrer noopener\" href=\"https:\/\/www1.unicap.br\/observatorio2\/?p=5898\" target=\"_blank\">Defesa da tese de Ana Paula Luna<\/a>, sobre o Di\u00e1logo Inter-religioso no Movimento dos Focolares.<\/p>\n\n\n\n<p>Construir a Paz a partir do Di\u00e1logo &#8211; 3 de mar\u00e7o, 19h30, Internet, Participa\u00e7\u00e3o no programa <a rel=\"noreferrer noopener\" href=\"https:\/\/www.facebook.com\/gilbraz.aragao\/posts\/10222478843433278?__cft__[0]=AZXKG6h2go3Yh-Nf9AnOKatId27nBfl5kkP9jL2q6CwRaVJd672iTGPIi_lO6aXtJqGb_cV2KC1ss2xariCAIskQYSigKYlbb9wRUovaaujjSPM8WYh8TCOXiErOCY9mrFo&amp;__tn__=%2CO%2CP-R\" target=\"_blank\">Humanitas em Di\u00e1logo<\/a>, da UNICAP.<\/p>\n\n\n\n<p>Caridade e Justi\u00e7a Social &#8211; 22 de mar\u00e7o, 19h, Internet, Apoio \u00e0 Roda de Conversa inter-religiosa do <a rel=\"noreferrer noopener\" href=\"https:\/\/www1.unicap.br\/observatorio2\/?p=5949\" target=\"_blank\">F\u00f3rum Di\u00e1logos<\/a>.<\/p>\n\n\n\n<p>A\u00e7\u00f5es de Combate \u00e0 Intoler\u00e2ncia &#8211; 29 de mar\u00e7o, 17h, Internet, Debate do Eixo Di\u00e1logo inter-religioso da <a href=\"https:\/\/www1.unicap.br\/observatorio2\/?p=5969\" target=\"_blank\" rel=\"noreferrer noopener\">Cl\u00ednica Interdisciplinar de Direitos Humanos UNICAP<\/a>.<\/p>\n\n\n\n<p>Espiritualidade entre a Sa\u00fade e a Doen\u00e7a &#8211; 31 de mar\u00e7o, 19h30, Internet, <a rel=\"noreferrer noopener\" href=\"https:\/\/youtu.be\/aa5YBDBFYH4\" target=\"_blank\">Roda de Di\u00e1logo com Maristela Velozo<\/a> sobre o seu livro Entrelaces.<\/p>\n\n\n\n<p>P\u00e1scoa e Religi\u00f5es &#8211; 3 de abril, Internet, Entrevista na <a href=\"https:\/\/www.facebook.com\/gilbraz.aragao\/posts\/10222714787851741\" target=\"_blank\" rel=\"noreferrer noopener\">Folha de Pernambuco<\/a>.<\/p>\n\n\n\n<p>Estado Laico e Ensino Religioso &#8211; 7 de abril, 10h, Internet, <a rel=\"noreferrer noopener\" href=\"https:\/\/www.facebook.com\/photo?fbid=10222745751225806&amp;set=a.10219027087101527\" target=\"_blank\">Palestra para coordenadores do Ensino Religioso<\/a> da Secretaria de Educa\u00e7\u00e3o de Pernambuco.<\/p>\n\n\n\n<p>Alteridade no Ensino Religioso &#8211; 28 de abril, 15h, Internet, Participa\u00e7\u00e3o no <a rel=\"noreferrer noopener\" href=\"https:\/\/www.facebook.com\/gilbraz.aragao\/posts\/10222867403187029?__cft__[0]=AZW32j9sDiZ4teYT2sdBFQI6kUli3ub1S2f0UBGOMOiaHHwRjS1S07NxN7CVA8o8JAxvt-dDKztd4BpOBTg_CxVg_vQnTMf1BujWngeh8-mwGyQokITP9bLlLFiWbxT7fWw&amp;__tn__=%2CO%2CP-R\" target=\"_blank\">Ciclo de Forma\u00e7\u00e3o sobre Ensino Religioso \u00e0 luz da BNCC<\/a>, da ANEC.<\/p>\n\n\n\n<p>Pedagogia do Afeto &#8211; 29 de abril, 18h30, Internet, Participa\u00e7\u00e3o em <a rel=\"noreferrer noopener\" href=\"https:\/\/www.facebook.com\/gilbraz.aragao\/posts\/10222862696309360?__cft__[0]=AZVWXki6w8mYQo-XPf_moKGEzhlMbyJPW9Lh7uArMjYZZPyMXEUoh-_r_YBwfUpT04WrS4PGzsTd09WslsEBkkS359RbyjIZ1NviahPj2FITDLJ_7PE7kb2OyQdRyg-45TU&amp;__tn__=%2CO%2CP-R\" target=\"_blank\">Roda de Di\u00e1logo<\/a> no Instituto Humanitas da UNICAP.<\/p>\n\n\n\n<p>Teologia Crist\u00e3 e Di\u00e1logos &#8211; 22 de maio, 8h, Internet, Entrevista no <a rel=\"noreferrer noopener\" href=\"https:\/\/www.facebook.com\/gilbraz.aragao\/posts\/10223042642807910?__cft__[0]=AZVLKytHriESOdf2TIAmRtob7ucpWOxwXDEDg3Ff5B4ibyGz5lOsAxezMzLF8duSZE9kbFdeVx1eUR2YCR4lZFNuE_Zdpi4rktTwXmnpCKgZHQ&amp;__tn__=%2CO%2CP-R\" target=\"_blank\">Caf\u00e9 Teol\u00f3gico<\/a> na r\u00e1dioweb Sharom.<\/p>\n\n\n\n<p>Espiritualidade e Ecologia &#8211; a partir de 25 de maio, Internet, Colabora\u00e7\u00e3o no Curso <a rel=\"noreferrer noopener\" href=\"https:\/\/www.facebook.com\/gilbraz.aragao\/posts\/10223046701949386?__cft__[0]=AZWNyvW4giLzyYKzrFbLyMokGoeR2egBXfeLkoCziIDPPK3ntEK6uysuCyOK36gzxqTt-hL8HRB6RohZQpH5_ea4LWd24AF4xUUr3F8q5FF_jUzniv8DCdYBa6SlGkJoOv4&amp;__tn__=%2CO%2CP-R\" target=\"_blank\">Ecologia Integral e Justi\u00e7a Socioambiental<\/a>.<\/p>\n\n\n\n<p>Religi\u00e3o e Direitos Humanos &#8211; 1 de junho, 19h, Internet, Palestra no 3\u00ba <a rel=\"noreferrer noopener\" href=\"https:\/\/youtu.be\/yafEzOUG6d0?t=1105\" target=\"_blank\">Simp\u00f3sio Brasileiro de Justi\u00e7a Social<\/a> do Ex\u00e9rcito de Salva\u00e7\u00e3o.<\/p>\n\n\n\n<p>Liberdade Religiosa no Brasil &#8211; 17 de junho, 9 \u00e0s 12h, Internet, Participa\u00e7\u00e3o na <a href=\"https:\/\/www.otroscruces.org\/proyectos\/\" target=\"_blank\" rel=\"noreferrer noopener\">Consulta sobre Liberdade Religiosa no Brasil<\/a>, do Projeto Creer en Plural da articula\u00e7\u00e3o Otros Cruces.<\/p>\n\n\n\n<p>Religi\u00e3o, Laicidade e Democracia &#8211; 12 a 16 de julho, Internet, Participa\u00e7\u00e3o do nosso <a rel=\"noreferrer noopener\" href=\"https:\/\/www.soter.org.br\/congresso\/2021\" target=\"_blank\">Grupo de Pesquisa no Congresso da SOTER<\/a>.<\/p>\n\n\n\n<p>Juda\u00edsmo e Israel &#8211; 13 de julho a 3 de agosto, Internet, Participa\u00e7\u00e3o no <a rel=\"noreferrer noopener\" href=\"https:\/\/www.israelita.org.br\/fipe\/\" target=\"_blank\">Ciclo de Palestras \u201cIsrael no Contexto do Oriente M\u00e9dio\u201d<\/a> do Museu-Sinagoga Kahal Zur Israel.<\/p>\n\n\n\n<p>Subs\u00eddios pedag\u00f3gicos para o di\u00e1logo inter-religioso &#8211; 11 de agosto, 15h, Internet, Oficina para professores na <a href=\"https:\/\/www1.unicap.br\/observatorio2\/?p=6209\">Jornada Unicap Comunit\u00e1ria.<\/a><\/p>\n\n\n\n<p>Liberdade Religiosa e Ci\u00eancias da Religi\u00e3o &#8211; 16 de agosto, 19h30, Internet, Palestra no <a rel=\"noreferrer noopener\" href=\"https:\/\/www.youtube.com\/user\/oabpernambuco\" target=\"_blank\">Semin\u00e1rio da Comiss\u00e3o de Direito e Liberdade Religiosa da OAB<\/a>.<\/p>\n\n\n\n<p>Ci\u00eancias da Religi\u00e3o e Ensino Religioso &#8211; 17 a 19 de agosto, Internet, Colabora\u00e7\u00e3o no <a rel=\"noreferrer noopener\" href=\"https:\/\/doity.com.br\/xvisefoper\" target=\"_blank\">GT Ci\u00eancias da Religi\u00e3o e Ensino Religioso: Interfaces Epistemol\u00f3gicas<\/a>, no Semin\u00e1rio Nacional de Forma\u00e7\u00e3o de Professores para o Ensino Religioso.<\/p>\n\n\n\n<p>Pluralismo Religioso, Educa\u00e7\u00e3o e Democracia &#8211; 31 de agosto, 9h30-11h30, Internet, Participa\u00e7\u00e3o em Mesa no <a href=\"https:\/\/www.facebook.com\/1314703055\/videos\/401339021407758\/\" target=\"_blank\" rel=\"noreferrer noopener\">Ciclo de Conversas Educa\u00e7\u00e3o e Pluralismo Religioso UFPE<\/a>.<\/p>\n\n\n\n<p>Di\u00e1logos Inter-religiosos,&nbsp;Tempo da Cria\u00e7\u00e3o, Cuidado da Casa Comum &#8211; 16 de setembro, 14h30, Internet, Articula\u00e7\u00e3o de Roda de Conversa na <a rel=\"noreferrer noopener\" href=\"https:\/\/portal.unicap.br\/-\/8-semana-socioambiental-da-unicap\" target=\"_blank\">Semana Socioambiental da UNICAP<\/a>.<\/p>\n\n\n\n<p>Religi\u00f5es em Tempo de Pandemia &#8211; 22 de setembro, 8h, Internet, Palestra no II <a rel=\"noreferrer noopener\" href=\"https:\/\/doity.com.br\/conced21\" target=\"_blank\">Congresso Nacional de Ci\u00eancia e Educa\u00e7\u00e3o<\/a> da Faculdade Cat\u00f3lica do RN.<\/p>\n\n\n\n<p>Religi\u00e3o e Teologia entre Estado e Pol\u00edtica &#8211; 28 a 30 de setembro, Internet, Mesa Tem\u00e1tica e Participa\u00e7\u00e3o do nosso <a rel=\"noreferrer noopener\" href=\"https:\/\/anptecre.org.br\/congressoanptecre2021\" target=\"_blank\">Grupo de Pesquisa no Congresso da ANPTECRE<\/a>.<\/p>\n\n\n\n<p>Ensino Religioso na BNCC -13 de outubro, 19h, Internet, Participa\u00e7\u00e3o em Mesa na <a rel=\"noreferrer noopener\" href=\"https:\/\/www.facebook.com\/gilbraz.aragao\/posts\/10223867564150428\" target=\"_blank\">Jornada do Ensino Religioso da UNICAP<\/a>.<\/p>\n\n\n\n<p>Pol\u00edtica e Religi\u00e3o &#8211; 19 de outubro, 19h, Internet, Participa\u00e7\u00e3o em Live do <a href=\"https:\/\/www.facebook.com\/gilbraz.aragao\/posts\/10223883954720182\" target=\"_blank\" rel=\"noreferrer noopener\">F\u00f3rum Di\u00e1logos<\/a>.<\/p>\n\n\n\n<p>M\u00edstica e Amor no Ensino Religioso &#8211; 20 de outubro, 18h30, Internet, Palestra para <a rel=\"noreferrer noopener\" href=\"https:\/\/www.facebook.com\/gilbraz.aragao\/posts\/10223912681598336\" target=\"_blank\">professores do Esp\u00edrito Santo<\/a>.<\/p>\n\n\n\n<p>Direitos Humanos, Religi\u00f5es e Ensino Religioso &#8211; 21 de outubro, 9h30, Internet, Palestra no <a href=\"https:\/\/www.facebook.com\/gilbraz.aragao\/posts\/10223912709679038\" target=\"_blank\" rel=\"noreferrer noopener\">Semin\u00e1rio Estadual de Professores do Amazonas<\/a>.<\/p>\n\n\n\n<p>Ensino Religioso no Brasil, Passos e Impasses &#8211; 23 de outubro, 14h30, Internet, Palestra no <a rel=\"noreferrer noopener\" href=\"https:\/\/www.facebook.com\/gilbraz.aragao\/posts\/10223912719559285\" target=\"_blank\">F\u00f3rum de Educadores Mu\u00e7ulmanos Nordestinos<\/a>.<\/p>\n\n\n\n<p>Educa\u00e7\u00e3o, Economia, Ecologia e Ecumenismo &#8211; 3 a 5 de novembro, Internet, Participa\u00e7\u00e3o na articul\u00e3o de GT sobre Ecumenismo no <a href=\"https:\/\/www1.unicap.br\/observatorio2\/?p=6452\" target=\"_blank\" rel=\"noreferrer noopener\">Congresso Oikos<\/a>.<\/p>\n\n\n\n<p>Justi\u00e7a e Paz se Abra\u00e7ar\u00e3o &#8211; 13 de novembro, 9h, no Convento de S\u00e3o Francisco de Olinda, Roda de Conversa celebrando <a href=\"https:\/\/www1.unicap.br\/observatorio2\/?p=6438\" target=\"_blank\" rel=\"noreferrer noopener\">9 anos do F\u00f3rum Di\u00e1logos<\/a>.<\/p>\n\n\n\n<p>Desafios dos Fundamentalismos &#8211; 17 a 19 de novembro, UNICAP,&nbsp;<a rel=\"noreferrer noopener\" href=\"https:\/\/www1.unicap.br\/observatorio2\/?page_id=5006\" target=\"_blank\">Semin\u00e1rio do Grupo de Pesquisa<\/a>.<\/p>\n\n\n\n<p>Capoeira e Espiritualidades &#8211; 20 de novembro, 10h, no audit\u00f3rio G2 da UNICAP, outorga do <a rel=\"noreferrer noopener\" href=\"https:\/\/www.facebook.com\/catolicapernambuco\/posts\/6608882539154348\" target=\"_blank\">T\u00edtulo de Doutor Honoris Causa a Mestre Corisco e Padre Cl\u00f3vis<\/a>.<\/p>\n\n\n\n<p>A Cultura do Encontro e o Futuro do Di\u00e1logo &#8211; 23 de novembro, 16h, Internet, entrevista ao Programa OLMA.<\/p>\n\n\n\n<p>O Dom que Vive em N\u00f3s &#8211; 23 de novembro, 18h, na C\u00faria da Arquidiocese de Olinda e Recife, lan\u00e7amento de <a rel=\"noreferrer noopener\" href=\"http:\/\/www.cultura.pe.gov.br\/canal\/literatura\/livro-editado-pela-cepe-reune-depoimentos-de-pessoas-que-conviveram-com-dom-helder\/\" target=\"_blank\">livro sobre Dom Helder<\/a>. <\/p>\n\n\n\n<p>Teologia nos Tempos do Dom &#8211; 24 de novembro, 14h, Internet, entrevista a Samuel Maupeau (UECE).<\/p>\n\n\n\n<p>Religi\u00e3o e Cidadania: Caminhos para Justi\u00e7a Social &#8211; 25 de novembro, 19h30, Internet, Mesa na <a rel=\"noreferrer noopener\" href=\"https:\/\/doity.com.br\/tfr\" target=\"_blank\">Semana Nacional de Teologia e Filosofia da Cat\u00f3lica do RN<\/a>\/UERN\/UNICAP.<\/p>\n\n\n\n<p>Horizontes do Di\u00e1logo &#8211; 1 de dezembro, 10h, Internet, entrevista ao <a href=\"https:\/\/www.facebook.com\/gilbraz.aragao\/posts\/10224180519854125\" target=\"_blank\" rel=\"noreferrer noopener\">Programa Esp\u00edrita M\u00e3os Dadas<\/a>.<\/p>\n\n\n\n<p><strong>Participa\u00e7\u00e3o em Comiss\u00f5es<\/strong><\/p>\n\n\n\n<p>O Observat\u00f3rio das Religi\u00f5es no Recife, atrav\u00e9s de representa\u00e7\u00f5es dos seus membros, participa ativamente de articula\u00e7\u00f5es e servi\u00e7os,&nbsp;nacionais e regionais,&nbsp;de promo\u00e7\u00e3o do di\u00e1logo e do ecumenismo:<\/p>\n\n\n\n<p>\u2013&nbsp;Comiss\u00e3o de Pastoral para Ecumenismo e Di\u00e1logo Inter-religioso&nbsp;do&nbsp;<a rel=\"noreferrer noopener\" href=\"https:\/\/www1.unicap.br\/observatorio2\/?p=5234\" target=\"_blank\">Regional Nordeste II da CNNB<\/a>&nbsp;e da&nbsp;<a href=\"http:\/\/www.arquidioceseolindarecife.org\/ecumenismo-e-dialogo-interreligioso\/\" target=\"_blank\" rel=\"noreferrer noopener\">Arquidiocese de Olinda e Recife<\/a>. Participa\u00e7\u00e3o de Artur.<\/p>\n\n\n\n<p>\u2013&nbsp;<a rel=\"noreferrer noopener\" href=\"https:\/\/www.facebook.com\/forumdialogos\" target=\"_blank\">F\u00f3rum Di\u00e1logos&nbsp;<\/a>\u2013 Associa\u00e7\u00e3o civil para Promo\u00e7\u00e3o da Diversidade Religiosa em Pernambuco. Participa\u00e7\u00e3o de Tha\u00eds, Rayane e Gustavo.<\/p>\n\n\n\n<p>\u2013&nbsp;<a rel=\"noreferrer noopener\" href=\"http:\/\/olma.org.br\/\" target=\"_blank\">Observat\u00f3rio Nacional de Justi\u00e7a Socioambiental Luciano Mendes de Almeida.<\/a>&nbsp;Participa\u00e7\u00e3o de Tha\u00eds.<\/p>\n\n\n\n<p>\u2013&nbsp;<a rel=\"noreferrer noopener\" href=\"https:\/\/www.usbbog.edu.co\/observatorio-odrec\/\" target=\"_blank\">Observatorio de la Diversidad Religiosa y de las Culturas en Am\u00e9rica Latina y el Caribe<\/a>. Participa\u00e7\u00e3o de Gilbraz.<\/p>\n\n\n\n<p>\u2013&nbsp;<a rel=\"noreferrer noopener\" href=\"https:\/\/www1.unicap.br\/observatorio2\/?p=5393\" target=\"_blank\">Coalici\u00f3n Religiones, Creencias y Espiritualidades en Di\u00e1logo con la Sociedad Civil<\/a>. Participa\u00e7\u00e3o de Everaldo e Gustavo.<\/p>\n\n\n\n<h5 class=\"has-text-align-right wp-block-heading\" id=\"veja-programacoes-anteriores-por-aqui\">VEJA PROGRAMA\u00c7\u00d5ES ANTERIORES POR&nbsp;<a rel=\"noreferrer noopener\" href=\"https:\/\/www1.unicap.br\/observatorio2\/?page_id=40\" target=\"_blank\">AQUI<\/a>.<\/h5>\n\n\n\n<p><\/p>\n\n\n\n<p><\/p>\n\n\n\n<p><\/p>\n\n\n\n<p><\/p>\n","protected":false},"excerpt":{"rendered":"<p>Grupo de Estudo O grupo de estudo sobre Transdisciplinaridade e Di\u00e1logo, coordenado pelo prof. Gilbraz&nbsp;na UNICAP, re\u00fane-se desde 2005, sempre nas&nbsp;quartas-feiras,&nbsp;das 17 \u00e0s 18h, no&nbsp;Programa de P\u00f3s-gradua\u00e7\u00e3o em Ci\u00eancias da Religi\u00e3o (8\u00ba andar do bloco G4). O Grupo \u00e9 aberto \u00e0 participa\u00e7\u00e3o de pesquisadores, doutorandos e mestrandos, e tamb\u00e9m de graduandos interessados na inicia\u00e7\u00e3o cient\u00edfica,&#8230; <\/p>\n<div class=\"link-more\"><a href=\"https:\/\/www1.unicap.br\/observatorio2\/?page_id=5870\">Leia mais<\/a><\/div>\n","protected":false},"author":2,"featured_media":0,"parent":0,"menu_order":11,"comment_status":"closed","ping_status":"closed","template":"","meta":{"footnotes":""},"class_list":["post-5870","page","type-page","status-publish","hentry"],"_links":{"self":[{"href":"https:\/\/www1.unicap.br\/observatorio2\/index.php?rest_route=\/wp\/v2\/pages\/5870","targetHints":{"allow":["GET"]}}],"collection":[{"href":"https:\/\/www1.unicap.br\/observatorio2\/index.php?rest_route=\/wp\/v2\/pages"}],"about":[{"href":"https:\/\/www1.unicap.br\/observatorio2\/index.php?rest_route=\/wp\/v2\/types\/page"}],"author":[{"embeddable":true,"href":"https:\/\/www1.unicap.br\/observatorio2\/index.php?rest_route=\/wp\/v2\/users\/2"}],"replies":[{"embeddable":true,"href":"https:\/\/www1.unicap.br\/observatorio2\/index.php?rest_route=%2Fwp%2Fv2%2Fcomments&post=5870"}],"version-history":[{"count":59,"href":"https:\/\/www1.unicap.br\/observatorio2\/index.php?rest_route=\/wp\/v2\/pages\/5870\/revisions"}],"predecessor-version":[{"id":6591,"href":"https:\/\/www1.unicap.br\/observatorio2\/index.php?rest_route=\/wp\/v2\/pages\/5870\/revisions\/6591"}],"wp:attachment":[{"href":"https:\/\/www1.unicap.br\/observatorio2\/index.php?rest_route=%2Fwp%2Fv2%2Fmedia&parent=5870"}],"curies":[{"name":"wp","href":"https:\/\/api.w.org\/{rel}","templated":true}]}}