{"id":5512,"date":"2020-07-16T15:55:58","date_gmt":"2020-07-16T18:55:58","guid":{"rendered":"https:\/\/www1.unicap.br\/observatorio2\/?page_id=5512"},"modified":"2021-02-09T12:15:43","modified_gmt":"2021-02-09T15:15:43","slug":"programacao-2020","status":"publish","type":"page","link":"https:\/\/www1.unicap.br\/observatorio2\/?page_id=5512","title":{"rendered":"PROGRAMA\u00c7\u00c3O 2020"},"content":{"rendered":"\n<figure class=\"wp-block-image size-large is-resized\"><img loading=\"lazy\" decoding=\"async\" src=\"https:\/\/www1.unicap.br\/observatorio2\/wp-content\/uploads\/2020\/07\/75462431_10218190586229528_3752755162670694400_o.jpg\" alt=\"\" class=\"wp-image-5524\" width=\"722\" height=\"460\" srcset=\"https:\/\/www1.unicap.br\/observatorio2\/wp-content\/uploads\/2020\/07\/75462431_10218190586229528_3752755162670694400_o.jpg 960w, https:\/\/www1.unicap.br\/observatorio2\/wp-content\/uploads\/2020\/07\/75462431_10218190586229528_3752755162670694400_o-300x192.jpg 300w, https:\/\/www1.unicap.br\/observatorio2\/wp-content\/uploads\/2020\/07\/75462431_10218190586229528_3752755162670694400_o-470x300.jpg 470w\" sizes=\"auto, (max-width: 722px) 100vw, 722px\" \/><figcaption>Festa no F\u00f3rum Di\u00e1logos<\/figcaption><\/figure>\n\n\n\n<p><\/p>\n\n\n\n<p><strong>Grupo de Estudo<\/strong><\/p>\n\n\n\n<p>O grupo de estudo sobre Transdisciplinaridade e Di\u00e1logo, coordenado pelo prof. Gilbraz&nbsp;na UNICAP, re\u00fane-se desde 2005, sempre nas&nbsp;<strong>quartas-feiras<\/strong>,&nbsp;<strong>das 17 \u00e0s 18h<\/strong>, no&nbsp;Programa de P\u00f3s-gradua\u00e7\u00e3o em Ci\u00eancias da Religi\u00e3o (8\u00ba andar do bloco G4). O Grupo \u00e9 aberto \u00e0 participa\u00e7\u00e3o de pesquisadores, doutorandos e mestrandos, e tamb\u00e9m de graduandos interessados na inicia\u00e7\u00e3o cient\u00edfica, al\u00e9m de militantes do di\u00e1logo inter-religioso. <\/p>\n\n\n\n<p>Os membros que est\u00e3o registrados no&nbsp;<a rel=\"noreferrer noopener\" href=\"https:\/\/espdialogo.wordpress.com\/\" target=\"_blank\">Grupo de Pesquisa Espiritualidades, Pluralidade e Di\u00e1logo<\/a>&nbsp;devem, ao menos,&nbsp;participar de 1\/3 das reuni\u00f5es e apresentar uma produ\u00e7\u00e3o acad\u00eamica qualificada anualmente.<\/p>\n\n\n\n<p>Nas reuni\u00f5es semanais do Grupo os participantes compartilham o andamento de suas pesquisas e depois prosseguem com o estudo de uma obra: em 2020 (continuando as reuni\u00f5es virtualmente por causa da pandemia) vamos estudar uma s\u00e9rie de refer\u00eancias sobre a metodologia transdisciplinar (dispon\u00edveis por <a rel=\"noreferrer noopener\" href=\"https:\/\/www1.unicap.br\/observatorio2\/wp-content\/uploads\/2020\/06\/Transdisciplinaridade-bibliografia.pdf\" target=\"_blank\">aqui<\/a>), como forma de aprofundar epistemologicamente os caminhos do di\u00e1logo, al\u00e9m dos verbetes do Dicion\u00e1rio do Pluralismo Religioso (veja <a rel=\"noreferrer noopener\" href=\"https:\/\/espdialogo.wordpress.com\/2020\/07\/15\/vem-ai-o-dicionario-do-pluralismo-religioso\/\" target=\"_blank\">aqui<\/a>), que sintetiza os estudos de conceitos e autores que est\u00e3o sendo trabalhados pelo nosso Grupo de Pesquisa comum.<\/p>\n\n\n\n<p><\/p>\n\n\n\n<p><strong>Encontros e Semin\u00e1rios<\/strong><\/p>\n\n\n\n<p>A equipe do Observat\u00f3rio Transdisciplinar das Religi\u00f5es est\u00e1 envolvida igualmente na anima\u00e7\u00e3o de v\u00e1rios eventos relacionados ao di\u00e1logo, em parceria com outros grupos universit\u00e1rios e de educa\u00e7\u00e3o comunit\u00e1ria:<\/p>\n\n\n\n<p>Encontro de Di\u00e1logo &#8211; 18 de janeiro, 9h, Convento dos Franciscanos de Olinda, <a href=\"https:\/\/www.facebook.com\/photo?fbid=10218817337577920&amp;set=a.10216966208980862\" target=\"_blank\" rel=\"noreferrer noopener\">Celebra\u00e7\u00e3o do Encontro de Francisco com o Sult\u00e3o<\/a>.<\/p>\n\n\n\n<p>Dia de Combate \u00e0 Intoler\u00e2ncia Religiosa &#8211;&nbsp;21 de janeiro,&nbsp;9h, Sinagoga do Recife, <a rel=\"noreferrer noopener\" href=\"https:\/\/www1.unicap.br\/observatorio2\/?p=5365\" target=\"_blank\">Diversidade \u00e9 Dom Divino<\/a>.<\/p>\n\n\n\n<p>Debate Evang\u00e9licos e Pol\u00edtica &#8211; 21 de janeiro, 19h, Catedral Anglicana do Recife, <a rel=\"noreferrer noopener\" href=\"https:\/\/www.facebook.com\/photo?fbid=10218817710347239&amp;set=a.10216966208980862\" target=\"_blank\">Manifesto de Evang\u00e9licos Progressistas<\/a>.<\/p>\n\n\n\n<p>Ato pelo Estado laico &#8211; 26 de janeiro, 14h, Marco Zero do Recife Antigo, <a rel=\"noreferrer noopener\" href=\"https:\/\/www.facebook.com\/photo.php?fbid=10218866595329333&amp;set=a.10216966208980862&amp;type=3&amp;theater\" target=\"_blank\">Laicidade e Diversidade<\/a>.<\/p>\n\n\n\n<p>Celebra\u00e7\u00e3o Ecum\u00eanica &#8211; 2 fevereiro, 17h, Igreja das Fronteiras, <a rel=\"noreferrer noopener\" href=\"https:\/\/www1.unicap.br\/observatorio2\/?p=5282\" target=\"_blank\">C\u00edcero Rom\u00e3o encontra Helder C\u00e2mara<\/a>.<\/p>\n\n\n\n<p>Cerim\u00f4nia do Dia do Holocausto &#8211; 11 de fevereiro, 18h, Assembleia Legislativa, <a rel=\"noreferrer noopener\" href=\"https:\/\/www.facebook.com\/photo.php?fbid=10219027134262706&amp;set=a.10219027087101527&amp;type=3&amp;theater\" target=\"_blank\">Alguns eram Vizinhos<\/a>.<\/p>\n\n\n\n<p>Encontro de Forma\u00e7\u00e3o CNBB NEII &#8211; 20 a 22 de mar\u00e7o, Convento dos Franciscanos de Olinda, <a rel=\"noreferrer noopener\" href=\"https:\/\/www1.unicap.br\/observatorio2\/?p=5234\" target=\"_blank\">Ecumenismo e Di\u00e1logo<\/a>.<\/p>\n\n\n\n<p>Dan\u00e7a no Jardim &#8211; 22 de mar\u00e7o, 10h, Jardim Bot\u00e2nico do Recife, sess\u00e3o de <a href=\"https:\/\/www.semeiadanca.com.br\/historico_dancas.html\" target=\"_blank\" rel=\"noreferrer noopener\">Dan\u00e7as da Paz Universal<\/a>.<\/p>\n\n\n\n<p>Programa Manh\u00e3 na Clube &#8211; 24 de mar\u00e7o, 9h, Entrevista na R\u00e1dio Clube do Recife, <a rel=\"noreferrer noopener\" href=\"https:\/\/youtu.be\/mTqdB8Wnz0g\" target=\"_blank\">Diversidade Cultural e Intoler\u00e2ncia Religiosa<\/a>.<\/p>\n\n\n\n<p>Programa Realidades na TVU &#8211; 2 de abril, 15h, Entrevista na TV Universit\u00e1ria, <a href=\"https:\/\/www.facebook.com\/RealidadesTVUPE\" target=\"_blank\" rel=\"noreferrer noopener\">Religi\u00f5es e Pol\u00edtica<\/a>.<\/p>\n\n\n\n<p>Dialogando no Interior &#8211; 4 e 5 de abil, Centro de Estudos Budistas de Timba\u00faba, visita a experi\u00eancia de <a href=\"http:\/\/www.cebb.org.br\/historia-do-cebb-darmata\/\" target=\"_blank\" rel=\"noreferrer noopener\">Medita\u00e7\u00e3o como Caminho pro Di\u00e1logo<\/a>.<\/p>\n\n\n\n<p>Semin\u00e1rio do Grupo de Pesquisa &#8211; 22 a 24 de abril, UNICAP, <a rel=\"noreferrer noopener\" href=\"https:\/\/www1.unicap.br\/observatorio2\/?page_id=5006\" target=\"_blank\">Desafios dos Fundamentalismos<\/a>.<\/p>\n\n\n\n<p>Planejamento do F\u00f3rum Di\u00e1logos &#8211; 20 de maio, 9h, UNICAP, <a rel=\"noreferrer noopener\" href=\"https:\/\/www.facebook.com\/photo.php?fbid=10220126095896060&amp;set=a.10219027087101527&amp;type=3&amp;theater\" target=\"_blank\">Defesa da Diversidade Religiosa<\/a>.<\/p>\n\n\n\n<p>Simp\u00f3sio Transdisciplinar &#8211; 29 de junho, 19h, Internet, mesa <a rel=\"noreferrer noopener\" href=\"https:\/\/www.facebook.com\/photo.php?fbid=10220477388478155&amp;set=a.10219027087101527&amp;type=3&amp;theater\" target=\"_blank\">Cuidado em tempos de Pandemia<\/a>.<\/p>\n\n\n\n<p>Sess\u00e3o do Grupo de Pesquisa &#8211; 6 de julho, 14h, Internet, conversa sobre o <a rel=\"noreferrer noopener\" href=\"https:\/\/espdialogo.wordpress.com\/2020\/07\/15\/vem-ai-o-dicionario-do-pluralismo-religioso\/\" target=\"_blank\">Dicion\u00e1rio do Pluralismo Religioso<\/a>.<\/p>\n\n\n\n<p>Semin\u00e1rio Isl\u00e2mico &#8211; 7 de julho, 19h, Internet, palestra <a rel=\"noreferrer noopener\" href=\"https:\/\/www.facebook.com\/photo.php?fbid=10220614562507420&amp;set=a.10219027087101527&amp;type=3&amp;theater\" target=\"_blank\">Educa\u00e7\u00e3o para o di\u00e1logo<\/a>.<\/p>\n\n\n\n<p>Lan\u00e7amento no F\u00f3rum Di\u00e1logos &#8211; 27 de julho, 19h, Internet, livro <a href=\"https:\/\/www1.unicap.br\/observatorio2\/?p=5541\" target=\"_blank\" rel=\"noreferrer noopener\">Religi\u00f5es e Espiritualidades<\/a>.<\/p>\n\n\n\n<p>Debate com a Comiss\u00e3o de Liberdade Religiosa da OAB &#8211; 20 de agosto, 17h, Internet, palestra <a rel=\"noreferrer noopener\" href=\"https:\/\/www.facebook.com\/gilbraz.aragao\/posts\/10220882331561479?__cft__[0]=AZWsymNORVd1HJlzm3w4D1H2_lFaqata2EQ-Oi1tRCDhQvviqlfBdJzdIrxucj5ERN99vYqx3q62hBrStrbSlN03_5VVSEmxiUL4IJl3PcaDNY99GeuNqlis7DtrIDrV6Ts&amp;__tn__=%2CO%2CP-R\" target=\"_blank\">Da intoler\u00e2ncia ao di\u00e1logo<\/a>.<\/p>\n\n\n\n<p>Debate 25 anos do FONAPER &#8211; 27 de agosto, 19h, Internet, mesa sobre <a rel=\"noreferrer noopener\" href=\"https:\/\/www.facebook.com\/gilbraz.aragao\/posts\/10221015427168786?__cft__[0]=AZUY4vOS8GyzfNBSXghFxNVaEUiEbL0Xs00aVM38VY1HvySVVm3MxiOnGtPQLgNT5L866HGmdvXv-5ajsqTMtwW2rsXXftTgr1nd-WvOG8GqbTws5sJjaVIW0Ljdab5TWn8&amp;__tn__=%2CO%2CP-R\" target=\"_blank\">Ci\u00eancias da Religi\u00e3o e educa\u00e7\u00e3o para o di\u00e1logo no Ensino Religioso<\/a>.<\/p>\n\n\n\n<p>Banca da Tese de Artur Peregrino (PPGCR-UNICAP) &#8211; 10 de setembro, 14h, Internet, <a href=\"https:\/\/www1.unicap.br\/observatorio2\/?p=5614\" target=\"_blank\" rel=\"noreferrer noopener\">\u00c0 sombra do Juazeiro<\/a>: as transforma\u00e7\u00f5es da experi\u00eancia religiosa popular no Juazeiro do Padre C\u00edcero.<\/p>\n\n\n\n<p>Conselho de Coordena\u00e7\u00e3o do OLMA &#8211; 10 e 11 de setembro, Internet, <a rel=\"noreferrer noopener\" href=\"https:\/\/olma.org.br\/\" target=\"_blank\">\u00c1rea do Di\u00e1logo Inter-religioso<\/a>.<\/p>\n\n\n\n<p>Curso de Extens\u00e3o Peregrinas e Peregrinos na Hist\u00f3ria Comparada das Religi\u00f5es &#8211; 22 de setembro a 15 de dezembro, ter\u00e7as 20h, Internet, <a href=\"https:\/\/www1.unicap.br\/observatorio2\/?p=5631\" target=\"_blank\" rel=\"noreferrer noopener\">Estudo Comparado das Peregrina\u00e7\u00f5es<\/a>.<\/p>\n\n\n\n<p>Semana Socioambiental UNICAP &#8211; 25 de setembro, 16h, Internet, <a href=\"https:\/\/www1.unicap.br\/observatorio2\/?p=5644\" target=\"_blank\" rel=\"noreferrer noopener\">Ora\u00e7\u00e3o Inter-religiosa Juntos pela Cria\u00e7\u00e3o<\/a>.<\/p>\n\n\n\n<p>Banca da Tese de Mirinalda Santos (PPGCR-UFPB) &#8211; 29 de setembro, 16h, Internet, <a href=\"http:\/\/meet.google.com\/gtk-qnyn-iwj\" target=\"_blank\" rel=\"noreferrer noopener\">Ensino Religioso e Curr\u00edculo<\/a>.<\/p>\n\n\n\n<p>Curso de Extens\u00e3o Ecologia Integral e Justi\u00e7a Socioambiental (UNICAP &#8211; OLMA) &#8211; 1 de outubro, 19h, Internet, palestra sobre <a rel=\"noreferrer noopener\" href=\"http:\/\/www.unicap.br\/ihu\/?p=12343\" target=\"_blank\">Espiritualidade e Ecologia<\/a>.<\/p>\n\n\n\n<p>Palestra em Curso de Extens\u00e3o IFAL &#8211; 2 de outubro, 17h, Internet, Di\u00e1logo Inter ou Transreligioso?<\/p>\n\n\n\n<p>Lan\u00e7amento pelo Grupo de Estudo &#8211; 7 de outubro, 17h, Internet, livro sobre a <a rel=\"noreferrer noopener\" href=\"https:\/\/www1.unicap.br\/observatorio2\/?p=5667\" target=\"_blank\">Espiritualidade, entre a sa\u00fade e a doen\u00e7a<\/a>.<\/p>\n\n\n\n<p>Semin\u00e1rio na UFPB &#8211; 9 e 10 de outubro, Internet, <a href=\"https:\/\/www.facebook.com\/groups\/253118079456446\" target=\"_blank\" rel=\"noreferrer noopener\">Di\u00e1logo Inter-religioso e Educa\u00e7\u00e3o Transdisciplinar<\/a>.<\/p>\n\n\n\n<p>Banca da Tese de Cre\u00f4menes Maciel (FTCR-ICP) &#8211; 23 de outubro, 9h, Internet, <a href=\"https:\/\/www.facebook.com\/photo?fbid=10221504188027502&amp;set=a.10219027087101527\" target=\"_blank\" rel=\"noreferrer noopener\">La loi de la liturgie<\/a>.<\/p>\n\n\n\n<p>Lan\u00e7amento do Eixo Di\u00e1logo Inter-religioso da Cl\u00ednica de Direitos Humanos UNICAP &#8211; 5 de novembro, 17h, Internet, Articula\u00e7\u00e3o de <a href=\"https:\/\/www.facebook.com\/gilbraz.aragao\/posts\/10221546253559114\" target=\"_blank\" rel=\"noreferrer noopener\">parceria de extens\u00e3o acad\u00eamica<\/a>.<\/p>\n\n\n\n<p>Banca da Disserta\u00e7\u00e3o de Jo\u00e3o Elton (PPGCR-UNICAP) &#8211; 9 de novembro, 16h, Internet, <a href=\"https:\/\/www1.unicap.br\/observatorio2\/?p=5714\" target=\"_blank\" rel=\"noreferrer noopener\">Espiritualidade Inaciana na Universidade<\/a>.<\/p>\n\n\n\n<p>Col\u00f3quio do Instituto de Estudos Avan\u00e7ados ASCES-UNITA &#8211; 11 de novembro, 14h, Internet, <a href=\"https:\/\/www.facebook.com\/gilbraz.aragao\/posts\/10221576445753900?__cft__[0]=AZX1TgBOGT1DMoshJMFxI2HFVjtOPEClFDlyaqiKMtzcJF7L6Ti0dakXfq50_zu25vrT76ktwKLrE3_gA0rGttChi9Nz5uoM8k6j2QwhqXYPag&amp;__tn__=%2CO%2CP-R\" target=\"_blank\" rel=\"noreferrer noopener\">Di\u00e1logo Inter-religioso e Fraternidade Humana<\/a>.<\/p>\n\n\n\n<p>Anivers\u00e1rio do F\u00f3rum Inter-religioso &#8211; 12 de novembro, 10h, Internet, Celebra\u00e7\u00e3o dos Oito Anos do <a rel=\"noreferrer noopener\" href=\"https:\/\/www1.unicap.br\/observatorio2\/?p=5704\" target=\"_blank\">F\u00f3rum Di\u00e1logos<\/a>.<\/p>\n\n\n\n<p>Semana de Estudos da Religi\u00e3o UMESP &#8211; 17 a 19 de novembro, Internet, Sess\u00e3o do nosso Grupo de Pesquisa no evento com tema <a rel=\"noreferrer noopener\" href=\"https:\/\/www.estudosdereligiao.com.br\/\" target=\"_blank\">\u201cPerspectivas Epistemol\u00f3gicas das Ci\u00eancias da Religi\u00e3o\u201d<\/a>.<\/p>\n\n\n\n<p>Lan\u00e7amento pelo Grupo de Estudo &#8211; 19 de novembro, 19h, Internet, livro sobre <a href=\"https:\/\/www.facebook.com\/gilbraz.aragao\/posts\/10221588355251630?__cft__[0]=AZWIgxp2QV_w9Nw4ymp8Aazk6AA25G5Dv6dJwT0sPir4fzktPRJuCJbIGxCK9G8MTPKkzV6jC9tx5n0RMbWR7SOogXkNcIzDtz1_k3X5hgvQUA&amp;__tn__=%2CO%2CP-R\" target=\"_blank\" rel=\"noreferrer noopener\">Religi\u00f5es afro-brasileiras nas escolas<\/a>.<\/p>\n\n\n\n<p>Lan\u00e7amento pelo Grupo de Pesquisa &#8211; 23 de novembro, 16h, Internet, live do <a href=\"https:\/\/www1.unicap.br\/observatorio2\/?p=5720\" target=\"_blank\" rel=\"noreferrer noopener\">livro Desafios dos fundamentalismos<\/a>.<\/p>\n\n\n\n<p><\/p>\n\n\n\n<p><strong>Participa\u00e7\u00e3o em Comiss\u00f5es<\/strong><\/p>\n\n\n\n<p>O Observat\u00f3rio das Religi\u00f5es no Recife, atrav\u00e9s de representa\u00e7\u00f5es dos seus membros, participa ativamente de articula\u00e7\u00f5es e servi\u00e7os,&nbsp;nacionais e regionais,&nbsp;de promo\u00e7\u00e3o do di\u00e1logo e do ecumenismo:<\/p>\n\n\n\n<p>&#8211;&nbsp;Comiss\u00e3o de Pastoral para Ecumenismo e Di\u00e1logo Inter-religioso&nbsp;do <a rel=\"noreferrer noopener\" href=\"https:\/\/www1.unicap.br\/observatorio2\/?p=5234\" target=\"_blank\">Regional Nordeste II da CNNB<\/a> e da <a href=\"http:\/\/www.arquidioceseolindarecife.org\/ecumenismo-e-dialogo-interreligioso\/\" target=\"_blank\" rel=\"noreferrer noopener\">Arquidiocese de Olinda e Recife<\/a>. Participa\u00e7\u00e3o de Artur.<\/p>\n\n\n\n<p>&#8211;&nbsp;<a rel=\"noreferrer noopener\" href=\"https:\/\/www.facebook.com\/forumdialogos\" target=\"_blank\">F\u00f3rum Di\u00e1logos&nbsp;<\/a>\u2013 Associa\u00e7\u00e3o civil para Promo\u00e7\u00e3o da Diversidade Religiosa em Pernambuco. Participa\u00e7\u00e3o de Tha\u00eds, Rayane e Gustavo.<\/p>\n\n\n\n<p>&#8211;&nbsp;<a rel=\"noreferrer noopener\" href=\"http:\/\/olma.org.br\/\" target=\"_blank\">Observat\u00f3rio Nacional de Justi\u00e7a Socioambiental Luciano Mendes de Almeida.<\/a> Participa\u00e7\u00e3o de Tha\u00eds.<\/p>\n\n\n\n<p>&#8211;&nbsp;<a href=\"https:\/\/www.usbbog.edu.co\/observatorio-odrec\/\" target=\"_blank\" rel=\"noreferrer noopener\">Observatorio de la Diversidad Religiosa y de las Culturas en Am\u00e9rica Latina y el Caribe<\/a>.<\/p>\n\n\n\n<p>&#8211; <a href=\"https:\/\/www1.unicap.br\/observatorio2\/?p=5393\" target=\"_blank\" rel=\"noreferrer noopener\">Coalici\u00f3n Religiones, Creencias y Espiritualidades en Di\u00e1logo con la Sociedad Civil<\/a>.   <\/p>\n\n\n\n<p><\/p>\n\n\n\n<h5 class=\"has-text-align-right wp-block-heading\">VEJA PROGRAMA\u00c7\u00d5ES ANTERIORES POR&nbsp;<a rel=\"noreferrer noopener\" href=\"https:\/\/www1.unicap.br\/observatorio2\/?page_id=40\" target=\"_blank\">AQUI<\/a>.<\/h5>\n\n\n\n<p><\/p>\n\n\n\n<p><\/p>\n\n\n\n<p><\/p>\n","protected":false},"excerpt":{"rendered":"<p>Grupo de Estudo O grupo de estudo sobre Transdisciplinaridade e Di\u00e1logo, coordenado pelo prof. Gilbraz&nbsp;na UNICAP, re\u00fane-se desde 2005, sempre nas&nbsp;quartas-feiras,&nbsp;das 17 \u00e0s 18h, no&nbsp;Programa de P\u00f3s-gradua\u00e7\u00e3o em Ci\u00eancias da Religi\u00e3o (8\u00ba andar do bloco G4). O Grupo \u00e9 aberto \u00e0 participa\u00e7\u00e3o de pesquisadores, doutorandos e mestrandos, e tamb\u00e9m de graduandos interessados na inicia\u00e7\u00e3o cient\u00edfica,&#8230; <\/p>\n<div class=\"link-more\"><a href=\"https:\/\/www1.unicap.br\/observatorio2\/?page_id=5512\">Leia mais<\/a><\/div>\n","protected":false},"author":2,"featured_media":0,"parent":0,"menu_order":0,"comment_status":"closed","ping_status":"closed","template":"","meta":{"footnotes":""},"class_list":["post-5512","page","type-page","status-publish","hentry"],"_links":{"self":[{"href":"https:\/\/www1.unicap.br\/observatorio2\/index.php?rest_route=\/wp\/v2\/pages\/5512","targetHints":{"allow":["GET"]}}],"collection":[{"href":"https:\/\/www1.unicap.br\/observatorio2\/index.php?rest_route=\/wp\/v2\/pages"}],"about":[{"href":"https:\/\/www1.unicap.br\/observatorio2\/index.php?rest_route=\/wp\/v2\/types\/page"}],"author":[{"embeddable":true,"href":"https:\/\/www1.unicap.br\/observatorio2\/index.php?rest_route=\/wp\/v2\/users\/2"}],"replies":[{"embeddable":true,"href":"https:\/\/www1.unicap.br\/observatorio2\/index.php?rest_route=%2Fwp%2Fv2%2Fcomments&post=5512"}],"version-history":[{"count":35,"href":"https:\/\/www1.unicap.br\/observatorio2\/index.php?rest_route=\/wp\/v2\/pages\/5512\/revisions"}],"predecessor-version":[{"id":5876,"href":"https:\/\/www1.unicap.br\/observatorio2\/index.php?rest_route=\/wp\/v2\/pages\/5512\/revisions\/5876"}],"wp:attachment":[{"href":"https:\/\/www1.unicap.br\/observatorio2\/index.php?rest_route=%2Fwp%2Fv2%2Fmedia&parent=5512"}],"curies":[{"name":"wp","href":"https:\/\/api.w.org\/{rel}","templated":true}]}}