{"id":5006,"date":"2019-09-24T12:22:39","date_gmt":"2019-09-24T15:22:39","guid":{"rendered":"https:\/\/www1.unicap.br\/observatorio2\/?page_id=5006"},"modified":"2023-10-16T10:50:35","modified_gmt":"2023-10-16T13:50:35","slug":"seminario-2020","status":"publish","type":"page","link":"https:\/\/www1.unicap.br\/observatorio2\/?page_id=5006","title":{"rendered":"SIMP\u00d3SIO 21"},"content":{"rendered":"<h3>&nbsp;<\/h3>\n<h3 style=\"text-align: center;\">III Semin\u00e1rio \u201cEspiritualidades Contempor\u00e2neas, Pluralidade Religiosa e Di\u00e1logo\u201d<\/h3>\n<h1 style=\"text-align: center;\">Desafios dos Fundamentalismos<\/h1>\n<h3 style=\"text-align: center;\">Recife &#8211; 17 a 19 de novembro de 2021<\/h3>\n<h3 style=\"text-align: center;\"><span style=\"color: #ff6600;\">(clique nos links da programa\u00e7\u00e3o e re-veja as palestras e mesas)<\/span><\/h3>\n<p><span style=\"color: #ffffff;\">.<\/span><\/p>\n<figure id=\"attachment_5007\" aria-describedby=\"caption-attachment-5007\" style=\"width: 960px\" class=\"wp-caption aligncenter\"><a href=\"https:\/\/www1.unicap.br\/observatorio2\/wp-content\/uploads\/2019\/09\/71250275_10217704009785421_5670415883755847680_n-1.jpg\"><img loading=\"lazy\" decoding=\"async\" class=\"wp-image-5007 size-full\" src=\"https:\/\/www1.unicap.br\/observatorio2\/wp-content\/uploads\/2019\/09\/71250275_10217704009785421_5670415883755847680_n-1.jpg\" alt=\"\" width=\"960\" height=\"594\" srcset=\"https:\/\/www1.unicap.br\/observatorio2\/wp-content\/uploads\/2019\/09\/71250275_10217704009785421_5670415883755847680_n-1.jpg 960w, https:\/\/www1.unicap.br\/observatorio2\/wp-content\/uploads\/2019\/09\/71250275_10217704009785421_5670415883755847680_n-1-300x186.jpg 300w, https:\/\/www1.unicap.br\/observatorio2\/wp-content\/uploads\/2019\/09\/71250275_10217704009785421_5670415883755847680_n-1-485x300.jpg 485w\" sizes=\"auto, (max-width: 960px) 100vw, 960px\" \/><\/a><figcaption id=\"caption-attachment-5007\" class=\"wp-caption-text\">encontro do Grupo de Pesquisa na ANPTECRE, Rio 2019<\/figcaption><\/figure>\n<h2><span style=\"color: #ffffff;\">&#8230;<\/span><\/h2>\n<h3>PROMO\u00c7\u00c3O<\/h3>\n<p><a href=\"https:\/\/www1.unicap.br\/observatorio2\/wp-content\/uploads\/2021\/09\/WhatsApp-Image-2021-09-24-at-11.01.51.jpeg\"><img loading=\"lazy\" decoding=\"async\" class=\"wp-image-6352  alignright\" src=\"https:\/\/www1.unicap.br\/observatorio2\/wp-content\/uploads\/2021\/09\/WhatsApp-Image-2021-09-24-at-11.01.51-300x300.jpeg\" alt=\"\" width=\"349\" height=\"349\" srcset=\"https:\/\/www1.unicap.br\/observatorio2\/wp-content\/uploads\/2021\/09\/WhatsApp-Image-2021-09-24-at-11.01.51-300x300.jpeg 300w, https:\/\/www1.unicap.br\/observatorio2\/wp-content\/uploads\/2021\/09\/WhatsApp-Image-2021-09-24-at-11.01.51-1024x1024.jpeg 1024w, https:\/\/www1.unicap.br\/observatorio2\/wp-content\/uploads\/2021\/09\/WhatsApp-Image-2021-09-24-at-11.01.51-150x150.jpeg 150w, https:\/\/www1.unicap.br\/observatorio2\/wp-content\/uploads\/2021\/09\/WhatsApp-Image-2021-09-24-at-11.01.51.jpeg 1080w\" sizes=\"auto, (max-width: 349px) 100vw, 349px\" \/><\/a><a href=\"https:\/\/espdialogo.wordpress.com\/\" target=\"_blank\" rel=\"noopener noreferrer\">Grupo de Pesquisa Espiritualidades, Pluralidade e Di\u00e1logo<\/a><\/p>\n<p>Apoio:<\/p>\n<p><a href=\"http:\/\/olma.org.br\/\" target=\"_blank\" rel=\"noopener noreferrer\">Observat\u00f3rio Nacional de Justi\u00e7a Socioambiental Luciano Mendes de Almeida&nbsp;<\/a><\/p>\n<p>UNICAP &#8211;&nbsp;<a href=\"https:\/\/portal.unicap.br\/pos-graduacao\" target=\"_blank\" rel=\"noopener noreferrer\">Pr\u00f3-reitoria de Pesquisa, P\u00f3s-gradua\u00e7\u00e3o e Inova\u00e7\u00e3o<\/a> \/ <a href=\"https:\/\/portal.unicap.br\/w\/ci%C3%AAncia-da-religi%C3%A3o#ead\" target=\"_blank\" rel=\"noopener\">Gradua\u00e7\u00e3o<\/a> e <a href=\"http:\/\/www.unicap.br\/ppgcr\/\" target=\"_blank\" rel=\"noopener noreferrer\">P\u00f3s-gradua\u00e7\u00e3o em Ci\u00eancias da Religi\u00e3o<\/a> \/ <a href=\"https:\/\/portal.unicap.br\/-\/faculdade-catolica-feira-santana-promove-curso-pastoral\" target=\"_blank\" rel=\"noopener\">N\u00facleo de Estudos Afro-brasileiros e Ind\u00edgenas <\/a>\/ <a href=\"http:\/\/www.unicap.br\/ihu\/\" target=\"_blank\" rel=\"noopener noreferrer\">Humanitas<\/a> \/ <a href=\"https:\/\/www1.unicap.br\/observatorio2\/\" target=\"_blank\" rel=\"noopener noreferrer\">Observat\u00f3rio Transdisciplinar das Religi\u00f5es no Recife<\/a><\/p>\n<p><a href=\"https:\/\/www.instagram.com\/oforumdialogos\/?hl=pt-br\" target=\"_blank\" rel=\"noopener noreferrer\">Di\u00e1logos, F\u00f3rum da Diversidade Religiosa em Pernambuco<\/a><\/p>\n<h3>OBJETIVOS<\/h3>\n<p>O III Semin\u00e1rio \u201cEspiritualidades Contempor\u00e2neas, Pluralidade Religiosa e Di\u00e1logo\u201d foi suspenso por conta da pandemia, mas continuou sendo preparado com esmero: baixe <a href=\"https:\/\/www1.unicap.br\/observatorio2\/wp-content\/uploads\/2020\/11\/E-book-Desafios-dos-Fundamentalismos_Gilbraz-Aragao-e-Mariano-Vicente-1.pdf\" target=\"_blank\" rel=\"noopener\">aqui<\/a> o livro dos Fundamentalismos com as principais colabora\u00e7\u00f5es pro evento e se prepare pro lan\u00e7amento de uma cartilha sobre Di\u00e1logo (pode ler e baixar por <a href=\"http:\/\/www.guaritadigital.com.br\/casaleiria\/olma\/cartilhaspedagogicas\/v3\/16\/index.html\" target=\"_blank\" rel=\"noopener\">aqui<\/a>) durante o encontro. Ele acontecer\u00e1, agora online, desde a Universidade Cat\u00f3lica de Pernambuco, de 17 a 19 de novembro de 2021, e pretende reunir pessoas comprometidas com o estudo e o enfrentamento dos fundamentalismos religiosos. As inscri\u00e7\u00f5es s\u00e3o gratuitas para pesquisadores e militantes envolvidos com a tem\u00e1tica e certificados ser\u00e3o entregues a quem participar integralmente do encontro virtual, que ser\u00e1 transmitido pelo <a href=\"https:\/\/www.youtube.com\/user\/unicapvideo\" target=\"_blank\" rel=\"noreferrer noopener\">YouTube da UNICAP<\/a>.<\/p>\n<p>Nosso Semin\u00e1rio almeja contextualizar uma onda de religiosidade reacion\u00e1ria, buscando aprofundar o seu significado e apontar pistas para a sua terapeutiza\u00e7\u00e3o, desde um <a href=\"https:\/\/espdialogo.wordpress.com\/2021\/02\/04\/pluralismo-por-principio\/\" target=\"_blank\" rel=\"noopener\">princ\u00edpio te\u00f3rico pluralista<\/a> e dialogal. As edi\u00e7\u00f5es anteriores do Semin\u00e1rio investigaram pr\u00e1ticas de di\u00e1logo inter-religioso emergentes no Brasil, discernindo uma <a href=\"https:\/\/revistasenso.com.br\/edicao-22-religiao-a-brasileira\/\" target=\"_blank\" rel=\"noopener\">m\u00edstica transreligiosa<\/a> para o nosso tempo de transforma\u00e7\u00f5es culturais e entre-lugares espirituais. Esses Semin\u00e1rios do Grupo, cadastrado no <a href=\"http:\/\/dgp.cnpq.br\/dgp\/espelhogrupo\/3617137355506309\" target=\"_blank\" rel=\"noopener noreferrer\">Diret\u00f3rio do CNPQ<\/a> e que mant\u00e9m GT nos congressos da <a href=\"http:\/\/www.soter.org.br\/\" target=\"_blank\" rel=\"noopener noreferrer\">SOTER<\/a> e da <a href=\"https:\/\/www.anptecre.org.br\/\" target=\"_blank\" rel=\"noopener noreferrer\">ANPTECRE<\/a>, buscam abrir horizontes de compreens\u00e3o da diversidade religiosa e sedimentar conceitos para a promo\u00e7\u00e3o da coexist\u00eancia espiritual.<\/p>\n<p>Devido \u00e0 interface sociopol\u00edtica do tema, agora em 2021, estabeleceu-se uma parceria com grupos que est\u00e3o trabalhando a quest\u00e3o na Universidade Cat\u00f3lica de Pernambuco. Tamb\u00e9m, e especialmente, com o Observat\u00f3rio de Justi\u00e7a Socioambiental dos Jesu\u00edtas do Brasil, que articula F\u00f3runs Inter-religiosos com N\u00facleos de Estudos Afro-brasileiros e Ind\u00edgenas das Universidades inacianas, acreditando que o di\u00e1logo inter-religioso e intercultural \u00e9 chamado a criar ambi\u00eancia m\u00edstica de compromisso, entre e para al\u00e9m das tradi\u00e7\u00f5es de f\u00e9, com a frente ecum\u00eanica e ecol\u00f3gica do cuidado com a Casa Comum.<\/p>\n<h3>JUSTIFICATIVAS<\/h3>\n<p>O III Semin\u00e1rio do<a href=\"https:\/\/espdialogo.wordpress.com\/\" target=\"_blank\" rel=\"noopener\"> Grupo de Pesquisa interuniversit\u00e1rio Espiritualidades, Pluralidade e Di\u00e1logo<\/a> vai enfrentar os desafios dos fundamentalismos religiosos, que se avolumam em correla\u00e7\u00e3o com o crescimento dos populismos pol\u00edticos integralistas. O fundamentalismo moderno despontou entre protestantes norte-americanos, os quais no come\u00e7o do s\u00e9culo XX criaram um movimento pol\u00edtico-teol\u00f3gico para combater os crist\u00e3os liberais, que praticam uma interpreta\u00e7\u00e3o cient\u00edfica da b\u00edblia e aceitam as causas modernas do socialismo e do feminismo ou de g\u00eanero. Atualmente, a religiosidade vem sendo manipulada por grupos poderosos, que se aproveitam do medo de transi\u00e7\u00f5es culturais para manter domina\u00e7\u00e3o pol\u00edtica e explora\u00e7\u00e3o econ\u00f4mica, refor\u00e7ando o comunitarismo da \u201cciviliza\u00e7\u00e3o crist\u00e3 tradicional\u201d e pr\u00e1ticas identit\u00e1rias contra a alteridade e o di\u00e1logo.<\/p>\n<p>E assim v\u00e1rios grupos religiosos op\u00f5em um \u201cdeus\u201d s\u00e9rio e sacrificial a uma divindade amorosa de justi\u00e7a e compaix\u00e3o; uma igreja exclusivista, r\u00edgida e hier\u00e1rquica, a movimentos inter-religiosos em favor da terra como Casa Comum; manifestam um apego teol\u00f3gico ao pecado original, contra uma espiritualidade da Cria\u00e7\u00e3o e sua compreens\u00e3o de b\u00ean\u00e7\u00e3o original; pregam a intoler\u00e2ncia ao estrangeiro e ao \u201cestranho\u201d moral, contra o abra\u00e7o ao feminino e aos outros g\u00eaneros; o medo da ci\u00eancia, enfim, ao inv\u00e9s do incentivo \u00e0 sapi\u00eancia. Ent\u00e3o, evang\u00e9licos e cat\u00f3licos fundamentalistas, que s\u00e3o concorrentes no mercado religioso, unem-se \u201cecumenicamente\u201d contra o ecumenismo e o di\u00e1logo entre as religi\u00f5es e sobretudo com as tradi\u00e7\u00f5es afro-ind\u00edgenas, contra imigrantes e especialmente mu\u00e7ulmanos, unem-se pela catequese crist\u00e3 nas escolas e contra o \u201censino religioso\u201d laico e republicano, pela \u201cliberdade religiosa\u201d entendida como direito ao proselitismo intolerante e \u00e0 ocupa\u00e7\u00e3o do espa\u00e7o p\u00fablico pela \u201cb\u00edblia\u201d.<\/p>\n<p>Acreditamos que os estudos de religi\u00e3o, frente a essa onda religiosa reacion\u00e1ria, precisam real\u00e7ar marcadores epistemol\u00f3gicos e demarcar pol\u00edtico-pedagogicamente sua \u00e1rea acad\u00eamica, assolada por magist\u00e9rios eclesi\u00e1sticos e treinadores &#8220;espirituais&#8221; a servi\u00e7o de ideologias neofascistas. Queremos reunir ativistas e pesquisadores da \u00e1rea para criticar a manipula\u00e7\u00e3o da religi\u00e3o e ativar a pot\u00eancia libertadora dos s\u00edmbolos, para terapeutizar o entulho colonial, explorador e sacrificial de narrativas religiosas fundamentalistas.<\/p>\n<h3>CONSELHO CIENT\u00cdFICO<\/h3>\n<p>Cl\u00e1udio de Oliveira Ribeiro (UFJF), Constantino Jos\u00e9 Bezerra de Melo (UNICAP), Francilaide de Queiroz Ronsi (PUC-Rio), Gilbraz de Souza Arag\u00e3o (UNICAP), Jos\u00e9 Ivo Follmann (UNISINOS), Luiz Felipe Lacerda (OLMA), Maria Cec\u00edlia dos Santos Sim\u00f5es Rodrigues (UFJF), Roberlei Panasiewicz (PUC-Minas), Valdenice Jos\u00e9 Raimundo (UNICAP).<\/p>\n<h3>COMISS\u00c3O ORGANIZADORA<\/h3>\n<p>Padre Cl\u00f3vis Cabral, Gilbraz Arag\u00e3o, Artur Peregrino, Carlos Vieira, Luiz Felipe, Mailson Cabral, Mariano Vicente, Tha\u00eds Chianca.<\/p>\n<h3>PROGRAMA\u00c7\u00c3O<\/h3>\n<p style=\"margin: 0cm; background: white;\"><strong><span style=\"font-size: 13.0pt; font-family: 'Helvetica',sans-serif; color: #6a6c6e;\">Quarta 17\/11<\/span><\/strong><\/p>\n<p style=\"margin: 0cm; background: white;\"><span style=\"font-size: 13.0pt; font-family: 'Helvetica',sans-serif; color: #6a6c6e;\">&nbsp;1<\/span><span style=\"font-size: 13.0pt; font-family: 'Helvetica',sans-serif; color: #6a6c6e;\">5h \u2013 Reuni\u00e3o do Grupo de Pesquisa (restrita aos membros)<\/span><\/p>\n<p style=\"margin: 0cm; background: white;\"><span style=\"font-size: 13.0pt; font-family: 'Helvetica',sans-serif; color: #6a6c6e;\">&nbsp;<\/span><span style=\"font-size: 13.0pt; font-family: 'Helvetica',sans-serif; color: #6a6c6e;\">18h \u2013 <a href=\"https:\/\/youtu.be\/Zue4Gfh5pKs?t=53\" target=\"_blank\" rel=\"noopener\">M\u00edstica ecum\u00eanica na capela<\/a> (Coord.: Artur Peregrino)<\/span><\/p>\n<p style=\"margin: 0cm; background: white;\"><strong><span style=\"font-size: 13.0pt; font-family: 'Helvetica',sans-serif; color: #6a6c6e;\">Quinta 18\/11<\/span><\/strong><\/p>\n<p style=\"margin: 0cm; background: white;\"><span style=\"font-size: 13.0pt; font-family: 'Helvetica',sans-serif; color: #6a6c6e;\">&nbsp;<\/span><span style=\"font-size: 13.0pt; font-family: 'Helvetica',sans-serif; color: #6a6c6e;\">9h \u2013 <a href=\"https:\/\/youtu.be\/Abe14C1BBkM?t=19\" target=\"_blank\" rel=\"noopener\">Abertura<\/a> \u2013 Valdenice Raimundo, Ivo Follmann, Luca Pacheco (Coord.: Gilbraz Arag\u00e3o)<\/span><\/p>\n<p style=\"margin: 0cm; background: white;\"><span style=\"font-size: 13.0pt; font-family: 'Helvetica',sans-serif; color: #6a6c6e;\">&nbsp;9h30 \u2013 <a href=\"https:\/\/youtu.be\/Abe14C1BBkM?t=1538\" target=\"_blank\" rel=\"noopener\">Palestra: Princ\u00edpio Pluralista e Fundamentalismo Religioso<\/a> \u2013 Cl\u00e1udio Ribeiro<\/span><\/p>\n<p style=\"margin: 0cm; background: white;\"><span style=\"font-size: 13.0pt; font-family: 'Helvetica',sans-serif; color: #6a6c6e;\">&nbsp;10h30 \u2013 <a href=\"https:\/\/youtu.be\/Abe14C1BBkM?t=4837\" target=\"_blank\" rel=\"noopener\">Rea\u00e7\u00f5es e Debate<\/a> \u2013 Roberlei Panasiewicz e Gilbraz Arag\u00e3o<\/span><\/p>\n<p style=\"margin: 0cm; background: white;\"><span style=\"font-size: 13.0pt; font-family: 'Helvetica',sans-serif; color: #6a6c6e;\">&nbsp;<\/span><span style=\"font-size: 13.0pt; font-family: 'Helvetica',sans-serif; color: #6a6c6e;\">14h \u2013<a href=\"https:\/\/youtu.be\/VwSPPVO0v8k?t=50\" target=\"_blank\" rel=\"noopener\"> Partilha de Pesquisas e Experi\u00eancias de Promo\u00e7\u00e3o do Respeito \u00e0 Diversidade Cultural e Religiosa<\/a> \u2013 Westei Conde, Constantino Melo, Edson Nunes, Helaynne Sampaio, Ludovic Aubin (Coord.: Mailson Cabral)<\/span><\/p>\n<p style=\"margin: 0cm; background: white;\"><span style=\"font-size: 13.0pt; font-family: 'Helvetica',sans-serif; color: #6a6c6e;\">&nbsp;<\/span><span style=\"font-size: 13.0pt; font-family: 'Helvetica',sans-serif; color: #6a6c6e;\">17h \u2013 <a href=\"https:\/\/youtu.be\/UBSGr5uyw2I?t=18\" target=\"_blank\" rel=\"noopener\">Palestra: Di\u00e1logo Inter-religioso e Espiritualidade Trans-religiosa<\/a> \u2013 Marcelo Barros (Coord.: Tha\u00eds Chianca)<\/span><\/p>\n<p style=\"margin: 0cm; background: white;\"><span style=\"font-size: 13.0pt; font-family: 'Helvetica',sans-serif; color: #6a6c6e;\">&nbsp;18h \u2013 <a href=\"https:\/\/youtu.be\/UBSGr5uyw2I?t=3143\" target=\"_blank\" rel=\"noopener\">Lan\u00e7amentos de Livros \/ Not\u00edcias de Publica\u00e7\u00f5es \/ Cartilha do Di\u00e1logo<\/a><\/span><\/p>\n<p style=\"margin: 0cm; background: white;\"><span style=\"font-size: 13.0pt; font-family: 'Helvetica',sans-serif; color: #6a6c6e;\">&nbsp;<\/span><span style=\"font-size: 13.0pt; font-family: 'Helvetica',sans-serif; color: #6a6c6e;\">19h30 \u2013<a href=\"https:\/\/youtu.be\/xXK39-Twv0c?t=40\" target=\"_blank\" rel=\"noopener\"> Sarau<\/a> \u2013 Karoline Menezes, Silv\u00e9rio Pessoa, Percy Marques (Coord.: Carlos Vieira)<\/span><\/p>\n<p style=\"margin: 0cm; background: white;\"><strong><span style=\"font-size: 13.0pt; font-family: 'Helvetica',sans-serif; color: #6a6c6e;\">Sexta 19\/11<\/span><\/strong><\/p>\n<p style=\"margin: 0cm; background: white;\"><span style=\"font-size: 13.0pt; font-family: 'Helvetica',sans-serif; color: #6a6c6e;\">&nbsp;<\/span><span style=\"font-size: 13.0pt; font-family: 'Helvetica',sans-serif; color: #6a6c6e;\">10h \u2013<a href=\"https:\/\/youtu.be\/iMSEz7_PjzM\" target=\"_blank\" rel=\"noopener\"> Mesa de Conversa sobre Fundamentalismos e Intoler\u00e2ncias<\/a> \u2013 Ang\u00e9lica Tostes, Paulo C\u00e9sar Pereira, Maruilson Souza, Hugo Ferreira, Ida Katz (Coord.: Mariano Vicente)<\/span><\/p>\n<p style=\"margin: 0cm; background: white;\"><span style=\"font-size: 13.0pt; font-family: 'Helvetica',sans-serif; color: #6a6c6e;\">&nbsp;<\/span><span style=\"font-size: 13.0pt; font-family: 'Helvetica',sans-serif; color: #6a6c6e;\">14h \u2013 <a href=\"https:\/\/youtu.be\/rm_pagmgNBk?t=50\" target=\"_blank\" rel=\"noopener\">Palestra de Encerramento: Justi\u00e7a Socioambiental e Di\u00e1logo Espiritual<\/a> \u2013 Ivo Follmann (Coord.: Luiz Felipe)<\/span><\/p>\n<h3>SUBS\u00cdDIOS DO EVENTO<\/h3>\n<p><a href=\"https:\/\/www1.unicap.br\/observatorio2\/?p=5720\" target=\"_blank\" rel=\"noopener\">Desafios dos Fundamentalismos &#8211; Livro de Textos do Semin\u00e1rio<\/a><\/p>\n<p><a href=\"http:\/\/www.guaritadigital.com.br\/casaleiria\/olma\/cartilhaspedagogicas\/v3\/index.html\" target=\"_blank\" rel=\"noopener\">Di\u00e1logo Inter-religioso &#8211; Cartilha com Pistas do Semin\u00e1rio<\/a><\/p>\n<p><a href=\"https:\/\/www1.unicap.br\/observatorio2\/?page_id=6380\" target=\"_blank\" rel=\"noopener\">Mais Subs\u00eddios sobre Fundamentalismos<\/a><\/p>\n<h3>INFORMA\u00c7\u00d5ES E INSCRI\u00c7\u00d5ES<\/h3>\n<p>Se voc\u00ea \u00e9 comprometido com o estudo e\/ou enfrentamento dos fundamentalismos, pode participar integralmente do Semin\u00e1rio e deseja certifica\u00e7\u00e3o, cadastre-se por <a href=\"http:\/\/www.unicap.br\/ihu\/certificado\/\" target=\"_blank\" rel=\"noopener\">aqui<\/a> e fa\u00e7a sua inscri\u00e7\u00e3o gratuita. Para esclarecimentos sobre os certificados, por favor falar com <a href=\"mailto:carlos.vieira@unicap.br\" target=\"_blank\" rel=\"noopener\">carlos.vieira@unicap.br<\/a>&nbsp;<\/p>\n<\/p>\n<p><span style=\"color: #ffffff;\">.<\/span><\/p>\n\n\n<p><\/p>\n\n\n\n<p><\/p>\n","protected":false},"excerpt":{"rendered":"<p>&nbsp; III Semin\u00e1rio \u201cEspiritualidades Contempor\u00e2neas, Pluralidade Religiosa e Di\u00e1logo\u201d Desafios dos Fundamentalismos Recife &#8211; 17 a 19 de novembro de 2021 (clique nos links da programa\u00e7\u00e3o e re-veja as palestras e mesas) . &#8230; PROMO\u00c7\u00c3O Grupo de Pesquisa Espiritualidades, Pluralidade e Di\u00e1logo Apoio: Observat\u00f3rio Nacional de Justi\u00e7a Socioambiental Luciano Mendes de Almeida&nbsp; UNICAP &#8211;&nbsp;Pr\u00f3-reitoria de&#8230; <\/p>\n<div class=\"link-more\"><a href=\"https:\/\/www1.unicap.br\/observatorio2\/?page_id=5006\">Leia mais<\/a><\/div>\n","protected":false},"author":2,"featured_media":0,"parent":0,"menu_order":12,"comment_status":"closed","ping_status":"closed","template":"","meta":{"footnotes":""},"class_list":["post-5006","page","type-page","status-publish","hentry"],"_links":{"self":[{"href":"https:\/\/www1.unicap.br\/observatorio2\/index.php?rest_route=\/wp\/v2\/pages\/5006","targetHints":{"allow":["GET"]}}],"collection":[{"href":"https:\/\/www1.unicap.br\/observatorio2\/index.php?rest_route=\/wp\/v2\/pages"}],"about":[{"href":"https:\/\/www1.unicap.br\/observatorio2\/index.php?rest_route=\/wp\/v2\/types\/page"}],"author":[{"embeddable":true,"href":"https:\/\/www1.unicap.br\/observatorio2\/index.php?rest_route=\/wp\/v2\/users\/2"}],"replies":[{"embeddable":true,"href":"https:\/\/www1.unicap.br\/observatorio2\/index.php?rest_route=%2Fwp%2Fv2%2Fcomments&post=5006"}],"version-history":[{"count":84,"href":"https:\/\/www1.unicap.br\/observatorio2\/index.php?rest_route=\/wp\/v2\/pages\/5006\/revisions"}],"predecessor-version":[{"id":7989,"href":"https:\/\/www1.unicap.br\/observatorio2\/index.php?rest_route=\/wp\/v2\/pages\/5006\/revisions\/7989"}],"wp:attachment":[{"href":"https:\/\/www1.unicap.br\/observatorio2\/index.php?rest_route=%2Fwp%2Fv2%2Fmedia&parent=5006"}],"curies":[{"name":"wp","href":"https:\/\/api.w.org\/{rel}","templated":true}]}}