{"id":43,"date":"2011-02-07T21:24:53","date_gmt":"2011-02-08T00:24:53","guid":{"rendered":"https:\/\/www1.unicap.br\/observatorio2\/?page_id=43"},"modified":"2024-09-04T14:43:59","modified_gmt":"2024-09-04T17:43:59","slug":"links","status":"publish","type":"page","link":"https:\/\/www1.unicap.br\/observatorio2\/?page_id=43","title":{"rendered":"Links"},"content":{"rendered":"<ul>\n<li><a href=\"http:\/\/www.academicinfo.net\/religindex.html\" target=\"_blank\" rel=\"noopener noreferrer\">Academic Info Religion<\/a><\/li>\n<li><a href=\"https:\/\/www.a-asr.org\/\" target=\"_blank\" rel=\"noopener\">African Association for the Study of Religions<\/a><\/li>\n<li><a href=\"https:\/\/www.alaindanielou.org\/\" target=\"_blank\" rel=\"noopener\">Alain Dani\u00e9lou<\/a><\/li>\n<li><a href=\"http:\/\/amaivos.uol.com.br\/amaivos2015\/\" target=\"_blank\" rel=\"noopener noreferrer\">Amai-vos<\/a><\/li>\n<li><a href=\"http:\/\/www.aarweb.org\/\" target=\"_blank\" rel=\"noopener noreferrer\">American Academy of Religion<\/a><\/li>\n<li><a href=\"https:\/\/www.facebook.com\/projetoangape\/\" target=\"_blank\" rel=\"noopener noreferrer\">Angap\u00e9 Projeto Pacifista Ufpe<\/a><\/li>\n<li><a href=\"http:\/\/www.anptecre.org.br\/\" target=\"_blank\" rel=\"noopener noreferrer\">Anptecre<\/a><\/li>\n<li><a href=\"http:\/\/www.abhr.org.br\/\" target=\"_blank\" rel=\"noopener noreferrer\">Associa\u00e7\u00e3o Brasileira de Hist\u00f3ria das Religi\u00f5es<\/a><\/li>\n<li><a href=\"https:\/\/audir.org\/quisom\/\" target=\"_blank\" rel=\"noopener noreferrer\">Audir Catalunha<\/a><\/li>\n<li><a href=\"https:\/\/berkleycenter.georgetown.edu\/\" target=\"_blank\" rel=\"noopener\">Berkley Center for Religion, Peace and World Affairs<\/a><\/li>\n<li><a href=\"http:\/\/www.globethics.net\/web\/gtl\" target=\"_blank\" rel=\"noopener noreferrer\">Biblioteca Digital \u00c9tica, Religi\u00f5es, Ecumenismo<\/a><\/li>\n<li><a href=\"http:\/\/www.etnolinguistica.org\/\" target=\"_blank\" rel=\"noopener noreferrer\">Biblioteca L\u00ednguas e Culturas Ind\u00edgenas<\/a><\/li>\n<li><a href=\"https:\/\/apartilhadavida.com.br\/\" target=\"_blank\" rel=\"noopener\">Carlos Rodrigues Brand\u00e3o<\/a><\/li>\n<li><a href=\"http:\/\/www.cebi.org.br\/\" target=\"_blank\" rel=\"noopener noreferrer\">Cebi<\/a><\/li>\n<li><a href=\"https:\/\/www.celebrationcircle.org\/\" target=\"_blank\" rel=\"noopener noreferrer\">Celebration Circle<\/a><\/li>\n<li><a href=\"http:\/\/www.cefrelco.com\/SITE_URL\/presentation\" target=\"_blank\" rel=\"noopener noreferrer\">Centre d&#8217;\u00c9tude du Fait Religieux<\/a><\/li>\n<li><a href=\"https:\/\/cetr.net\/es\/\" target=\"_blank\" rel=\"noopener noreferrer\">Centro de Estudio de las Tradiciones de Sabidur\u00eda<\/a><\/li>\n<li><a href=\"http:\/\/www.cesnur.org\/\" target=\"_blank\" rel=\"noopener noreferrer\">Center for Studies on New Religions<\/a><\/li>\n<li><a href=\"https:\/\/cswr.hds.harvard.edu\/\" target=\"_blank\" rel=\"noopener\">Center for the Study of World Religions<\/a><\/li>\n<li><a href=\"http:\/\/www.mafrbrasil.com.br\/jpic-ed\/\" target=\"_blank\" rel=\"noopener noreferrer\">Centro Lavigerie para o Di\u00e1logo na Bahia<\/a><\/li>\n<li><a href=\"http:\/\/www.unigre.it\/struttura_didattica\/interreligious\/index_en.php\" target=\"_blank\" rel=\"noopener noreferrer\">Centro para Estudos Inter-religiosos da Gregoriana<\/a><\/li>\n<li><a href=\"https:\/\/www.oikoumene.org\/en\/\" target=\"_blank\" rel=\"noopener noreferrer\">Cmi<\/a><\/li>\n<li><a href=\"https:\/\/comiter.wordpress.com\/\" target=\"_blank\" rel=\"noopener noreferrer\">Comit\u00ea Inter-religioso do Par\u00e1<\/a><\/li>\n<li><a href=\"http:\/\/www.wmich.edu\/religion\/\" target=\"_blank\" rel=\"noopener noreferrer\">Comparative Religion<\/a><\/li>\n<li><a href=\"https:\/\/www.santegidio.org\/\" target=\"_blank\" rel=\"noopener\">Comunidade Sant&#8217;Eg\u00eddio<\/a><\/li>\n<li><a href=\"http:\/\/www.conic.org.br\/portal\/\" target=\"_blank\" rel=\"noopener noreferrer\">Conic<\/a><\/li>\n<li><a href=\"http:\/\/www.ulusofona.pt\/religiao\/\" target=\"_blank\" rel=\"noopener noreferrer\">Conversas de Religi\u00e3o<\/a><\/li>\n<li><a href=\"http:\/\/www.diversidadreligiosa.com.ar\/blog\/\" target=\"_blank\" rel=\"noopener noreferrer\">Diversa Estudos da Diversidade Religiosa<\/a><\/li>\n<li><a href=\"http:\/\/www.dicid.org\/\" target=\"_blank\" rel=\"noopener noreferrer\">Doha Interfaith<\/a><\/li>\n<li><a href=\"http:\/\/intoleranciareligiosadossie.blogspot.com.br\/\" target=\"_blank\" rel=\"noopener noreferrer\">Dossi\u00ea Intoler\u00e2ncia Religiosa<\/a><\/li>\n<li><a href=\"http:\/\/www.editions-agora.ch\/page.php?label=qui_sommes_nous\" target=\"_blank\" rel=\"noopener noreferrer\">\u00c9cole et Religions<\/a><\/li>\n<li><a href=\"http:\/\/www.gper.com.br\/\" target=\"_blank\" rel=\"noopener noreferrer\">Educa\u00e7\u00e3o e Religi\u00e3o<\/a><\/li>\n<li><a href=\"https:\/\/embassyofthefreemind.com\/en\/\" target=\"_blank\" rel=\"noopener noreferrer\">Embaixada Mente Livre Hermetismo<\/a><\/li>\n<li><a href=\"http:\/\/tvbrasil.ebc.com.br\/entreoceueaterra\" target=\"_blank\" rel=\"noopener noreferrer\">Entre o C\u00e9u e a Terra, programa TV Brasil<\/a><\/li>\n<li><a href=\"http:\/\/espiritualidadelibertaria.com\/\" target=\"_blank\" rel=\"noopener noreferrer\">Espiritualidade Libert\u00e1ria<\/a><\/li>\n<li><a href=\"https:\/\/www.youtube.com\/@henriquecaldeira\" target=\"_blank\" rel=\"noopener\">Estranha Hist\u00f3ria<\/a><\/li>\n<li><a href=\"https:\/\/www1.unicap.br\/estudosreligiao\/\" target=\"_blank\" rel=\"noopener noreferrer\">Estudos de Religi\u00e3o na Unicap<\/a><\/li>\n<li><a href=\"https:\/\/www.europeanacademyofreligion.org\/\" target=\"_blank\" rel=\"noopener noreferrer\">European Academy of Religion<\/a><\/li>\n<li><a href=\"http:\/\/fteixeira-dialogos.blogspot.com.br\/\" target=\"_blank\" rel=\"noopener noreferrer\">Faustino Teixeira<\/a><\/li>\n<li><a href=\"https:\/\/fenoclima.org.br\/\" target=\"_blank\" rel=\"noopener\">F\u00e9 no Clima<\/a><\/li>\n<li><a href=\"http:\/\/abfr.org\/\" target=\"_blank\" rel=\"noopener noreferrer\">Filosofia da Religi\u00e3o<\/a><\/li>\n<li><a href=\"http:\/\/www.fonaper.com.br\/\" target=\"_blank\" rel=\"noopener noreferrer\">Fonaper<\/a><\/li>\n<li><a href=\"https:\/\/www.forb-learning.org\/index.html\" target=\"_blank\" rel=\"noopener\">Forb-Learning<\/a><\/li>\n<li><a href=\"https:\/\/getthetrollsout.org\/\" target=\"_blank\" rel=\"noopener\">Get the Trolls Out<\/a><\/li>\n<li><a href=\"https:\/\/www.gin-ssogie.org\/\" target=\"_blank\" rel=\"noopener noreferrer\">Global Interfaith Network<\/a><\/li>\n<li><a href=\"https:\/\/greenfaith.org\/\" target=\"_blank\" rel=\"noopener\">GreenFaith<\/a><\/li>\n<li><a href=\"https:\/\/espdialogo.wordpress.com\/\" target=\"_blank\" rel=\"noopener noreferrer\">Grupo de Pesquisa Espiritualidades, Pluralidade e Di\u00e1logo<\/a><\/li>\n<li><a href=\"http:\/\/www.hibridos.cc\/po\/rituals\/\" target=\"_blank\" rel=\"noopener noreferrer\">H\u00edbridos, document\u00e1rios esp\u00edritos do Brasil<\/a><\/li>\n<li><a href=\"https:\/\/www.forhumanfraternity.org\/\" target=\"_blank\" rel=\"noopener noreferrer\">Higher Committee of Human Fraternity<\/a><\/li>\n<li><a href=\"http:\/\/www.historel.net\/\" target=\"_blank\" rel=\"noopener noreferrer\">Historel<\/a><\/li>\n<li><a href=\"http:\/\/religioesereligiosidades.blogspot.com\/\" target=\"_blank\" rel=\"noopener noreferrer\">Hist\u00f3ria das Religi\u00f5es<\/a><\/li>\n<li><a href=\"http:\/\/www.ihu.unisinos.br\/espiritualidade\/oracoes-interreligiosas-ilustradas\" target=\"_blank\" rel=\"noopener noreferrer\">IHU Ora\u00e7\u00f5es Inter-religiosas<\/a><\/li>\n<li><a href=\"http:\/\/indiosnonordeste.com.br\/\" target=\"_blank\" rel=\"noopener noreferrer\">\u00cdndios no Nordeste<\/a><\/li>\n<li><a href=\"http:\/\/www.iesr.ephe.sorbonne.fr\/\" target=\"_blank\" rel=\"noopener noreferrer\">Institut Europ\u00e9en Sciences des Religions<\/a><\/li>\n<li><a href=\"https:\/\/dialogointerreligioso.org\/index.php\" target=\"_blank\" rel=\"noopener\">Instituto de Di\u00e1logo Inter-religioso<\/a><\/li>\n<li><a href=\"https:\/\/institutopelodialogo.org.br\/\" target=\"_blank\" rel=\"noopener\">Instituto pelo Di\u00e1logo Intercultural<\/a><\/li>\n<li><a href=\"http:\/\/www.inters.org\/\" target=\"_blank\" rel=\"noopener noreferrer\">Interdisciplinary Documentation on Religion and Science<\/a><\/li>\n<li><a href=\"http:\/\/www.iahr.dk\/\" target=\"_blank\" rel=\"noopener noreferrer\">International Association History Religions<\/a><\/li>\n<li><a href=\"http:\/\/www.iclars.org\/index.php\" target=\"_blank\" rel=\"noopener noreferrer\">International Consortium for Law and Religion Studies<\/a><\/li>\n<li><a href=\"https:\/\/iirf.global\/\" target=\"_blank\" rel=\"noopener\">International Institute for Religious Freedom<\/a><\/li>\n<li><a href=\"https:\/\/link.springer.com\/journal\/41603\" target=\"_blank\" rel=\"noopener noreferrer\">International Journal of Latin American Religions<\/a><\/li>\n<li><a href=\"http:\/\/www.irla.org\/\" target=\"_blank\" rel=\"noopener noreferrer\">International Religious Liberty Association<\/a><\/li>\n<li><a href=\"https:\/\/www.state.gov\/international-religious-freedom-reports\/\" target=\"_blank\" rel=\"noopener\">International Religious Freedom Report<\/a><\/li>\n<li><a href=\"http:\/\/www.sacred-texts.com\/index.htm\" target=\"_blank\" rel=\"noopener noreferrer\">Internet Sacred Text<\/a><\/li>\n<li><a href=\"http:\/\/www.iser.org.br\/\" target=\"_blank\" rel=\"noopener noreferrer\">Iser<\/a><\/li>\n<li><a href=\"http:\/\/www.templeton.org\/\" target=\"_blank\" rel=\"noopener noreferrer\">John Templeton Foundation<\/a><\/li>\n<li><a href=\"https:\/\/www.kaiciid.org\/\" target=\"_blank\" rel=\"noopener\">Kaiciid Dialogue Centre<\/a><\/li>\n<li><a href=\"https:\/\/www.lofrsc.org\/\" target=\"_blank\" rel=\"noopener noreferrer\">Laboratorio de Observaci\u00f3n del Fen\u00f3meno Religioso<\/a><\/li>\n<li><a href=\"https:\/\/www.religiondatabase.org\/landing\/\" target=\"_blank\" rel=\"noopener\">L&#8217;encyclop\u00e9die de l&#8217;Histoire religieuse<\/a><\/li>\n<li><a href=\"http:\/\/www.mapeandoaxe.org.br\/\" target=\"_blank\" rel=\"noopener noreferrer\">Mapeando o Ax\u00e9<\/a><\/li>\n<li><a href=\"http:\/\/www.metanexus.net\/\" target=\"_blank\" rel=\"noopener noreferrer\">Metanexus<\/a><\/li>\n<li><a href=\"https:\/\/www.moltefedi.it\/\" target=\"_blank\" rel=\"noopener\">Molte fedi sotto lo stesso cielo<\/a><\/li>\n<li><a href=\"http:\/\/www.museuafrodigital.com.br\/paginazero\/\" target=\"_blank\" rel=\"noopener noreferrer\">Museu Afro Digital<\/a><\/li>\n<li><a href=\"http:\/\/ole.uff.br\/\" target=\"_blank\" rel=\"noopener noreferrer\">Observat\u00f3rio da Laicidade na Educa\u00e7\u00e3o<\/a><\/li>\n<li><a href=\"http:\/\/www.ces.uc.pt\/policredos\/pages\/en\/about-policredos.php\" target=\"_blank\" rel=\"noopener noreferrer\">Observat\u00f3rio da Religi\u00e3o no Espa\u00e7o P\u00fablico Portugal<\/a><\/li>\n<li><a href=\"http:\/\/www.usbbog.edu.co\/observatorio-odrec\/\" target=\"_blank\" rel=\"noopener noreferrer\">Observatorio de la Diversidad Religiosa y de las Culturas en Am\u00e9rica Latina y el Caribe<\/a><\/li>\n<li><a href=\"http:\/\/www.observatoriodeloreligioso.org\/\" target=\"_blank\" rel=\"noopener noreferrer\">Observatorio de lo Religioso Costa Rica<\/a><\/li>\n<li><a href=\"http:\/\/olma.org.br\/\" target=\"_blank\" rel=\"noopener noreferrer\">Observat\u00f3rio de Justi\u00e7a Socioambiental<\/a><\/li>\n<li><a href=\"http:\/\/observatorioreligion.es\/\" target=\"_blank\" rel=\"noopener noreferrer\">Observatorio del Pluralismo Espanha<\/a><\/li>\n<li><a href=\"https:\/\/observatorioreligionescomparadas.wordpress.com\/\" target=\"_blank\" rel=\"noopener noreferrer\">Observatorio de Religiones Comparadas Espanha<\/a><\/li>\n<li><a href=\"http:\/\/www.observatoirepharos.com\/\" target=\"_blank\" rel=\"noopener noreferrer\">Observatoire Pharos Fran\u00e7a<\/a><\/li>\n<li><a href=\"https:\/\/www.otroscruces.org\/\" target=\"_blank\" rel=\"noopener\">Otros Cruces<\/a><\/li>\n<li><a href=\"https:\/\/parliamentofreligions.org\/\" target=\"_blank\" rel=\"noopener noreferrer\">Parlamento Mundial das Religi\u00f5es<\/a><\/li>\n<li><a href=\"http:\/\/www.patheos.com\/\" target=\"_blank\" rel=\"noopener noreferrer\">Patheos Conversation on Faith<\/a><\/li>\n<li><a href=\"https:\/\/pazebem.org\/\" target=\"_blank\" rel=\"noopener noreferrer\">Paz e Bem Espiritualidade Plural<\/a><\/li>\n<li><a href=\"http:\/\/www.pewforum.org\/\" target=\"_blank\" rel=\"noopener noreferrer\">Pew Research Center\u2019s Religion &amp; Public Life<\/a><\/li>\n<li><a href=\"http:\/\/www.interreligieux.ch\/\" target=\"_blank\" rel=\"noopener noreferrer\">Plateforme Interreligieuse<\/a><\/li>\n<li><a href=\"https:\/\/pluriel.fuce.eu\/\" target=\"_blank\" rel=\"noopener\">Plateforme Universitaire de Recherche sur l\u2019islam<\/a><\/li>\n<li><a href=\"http:\/\/www.pluralism.org\/\" target=\"_blank\" rel=\"noopener noreferrer\">Pluralism<\/a><\/li>\n<li><a href=\"https:\/\/progressivechristianity.org\/\" target=\"_blank\" rel=\"noopener noreferrer\">Progressive Christianity<\/a><\/li>\n<li><a href=\"http:\/\/www.ichthysinstituto.com.br\/\" target=\"_blank\" rel=\"noopener noreferrer\">Psicologia e Religi\u00e3o<\/a><\/li>\n<li><a href=\"https:\/\/www.religiousracism.org\/brasil\" target=\"_blank\" rel=\"noopener\">Racismo Religioso no Brasil<\/a><\/li>\n<li><a href=\"http:\/\/reju.org.br\/\" target=\"_blank\" rel=\"noopener noreferrer\">Rede Ecum\u00eanica da Juventude<\/a><\/li>\n<li><a href=\"https:\/\/reginaldoprandi.fflch.usp.br\/\" target=\"_blank\" rel=\"noopener noreferrer\">Reginaldo Prandi<\/a><\/li>\n<li><a href=\"http:\/\/religious-freedom-report.org\/pt\/home-pt\/\" target=\"_blank\" rel=\"noopener noreferrer\">Relat\u00f3rio da Liberdade Religiosa<\/a><\/li>\n<li><a href=\"https:\/\/religioespelapaz.org\/\" target=\"_blank\" rel=\"noopener\">Religi\u00f5es pela paz<\/a><\/li>\n<li><a href=\"http:\/\/www.religiologiques.uqam.ca\/\" target=\"_blank\" rel=\"noopener noreferrer\">Religiologiques<\/a><\/li>\n<li><a href=\"http:\/\/www.religionfacts.com\/\" target=\"_blank\" rel=\"noopener noreferrer\">Religion Facts<\/a><\/li>\n<li><a href=\"http:\/\/religionforbreakfast.com\/\" target=\"_blank\" rel=\"noopener noreferrer\">Religion for Breakfast<\/a><\/li>\n<li><a href=\"https:\/\/religioninsociety.com\/\" target=\"_blank\" rel=\"noopener\">Religion in Society<\/a><\/li>\n<li><a href=\"http:\/\/moses.creighton.edu\/JRS\/\" target=\"_blank\" rel=\"noopener noreferrer\">Religion &amp; Society<\/a><\/li>\n<li><a href=\"http:\/\/lanic.utexas.edu\/la\/region\/religion\/\" target=\"_blank\" rel=\"noopener noreferrer\">Religion &amp; Theology in Latin America<\/a><\/li>\n<li><a href=\"http:\/\/www.religionnews.com\/\" target=\"_blank\" rel=\"noopener noreferrer\">Religion News<\/a><\/li>\n<li><a href=\"http:\/\/www.religion-online.org\/\" target=\"_blank\" rel=\"noopener noreferrer\">Religion Online<\/a><\/li>\n<li><a href=\"http:\/\/www.mdpi.com\/journal\/religions\" target=\"_blank\" rel=\"noopener noreferrer\">Religions Journal<\/a><\/li>\n<li><a href=\"http:\/\/www.rraweb.org\/\" target=\"_blank\" rel=\"noopener noreferrer\">Religious Research<\/a><\/li>\n<li><a href=\"https:\/\/www.cambridge.org\/core\/journals\/religious-studies\" target=\"_blank\" rel=\"noopener noreferrer\">Religious Studies Usa<\/a><\/li>\n<li><a href=\"http:\/\/artsandscience.usask.ca\/religion\/\" target=\"_blank\" rel=\"noopener noreferrer\">Religious Studies Ca<\/a><\/li>\n<li><a href=\"http:\/\/www.conferencealerts.com\/search?searchTerm=Religious+Studies&amp;x=0&amp;y=0\" target=\"_blank\" rel=\"noopener noreferrer\">Religious Studies Conferences<\/a><\/li>\n<li><a href=\"http:\/\/www.religiousstudiesproject.com\/\" target=\"_blank\" rel=\"noopener noreferrer\">Religious Studies Project<\/a><\/li>\n<li><a href=\"http:\/\/religioustolerance.org\/\" target=\"_blank\" rel=\"noopener noreferrer\">Religious Tolerance<\/a><\/li>\n<li><a href=\"http:\/\/www.religjournal.com\/\" target=\"_blank\" rel=\"noopener noreferrer\">Research on Religion<\/a><\/li>\n<li><a href=\"http:\/\/www.resetdoc.org\/\" target=\"_blank\" rel=\"noopener noreferrer\">Reset Dialogues on Civilizations<\/a><\/li>\n<li><a href=\"http:\/\/cerri.revues.org\/\" target=\"_blank\" rel=\"noopener noreferrer\">Rev\/Cahiers \u00c9tudes du Religieux<\/a><\/li>\n<li><a href=\"http:\/\/www.it4s.ro\/TSR.htm\" target=\"_blank\" rel=\"noopener noreferrer\">Revista Transd. in Science and Religion<\/a><\/li>\n<li><a href=\"http:\/\/rhr.revues.org\/\" target=\"_blank\" rel=\"noopener noreferrer\">Revue Histoire des Religions<\/a><\/li>\n<li><a href=\"https:\/\/www.bl.uk\/sacred-texts\" target=\"_blank\" rel=\"noopener noreferrer\">Sacred Con-texts\u00a0<\/a><\/li>\n<li><a href=\"https:\/\/www.facebook.com\/Sagrados-UFRJ-107986257902697\/\" target=\"_blank\" rel=\"noopener\">Sagrados UFRJ<\/a><\/li>\n<li><a href=\"http:\/\/assr.revues.org\/\" target=\"_blank\" rel=\"noopener noreferrer\">Sciences des Religions<\/a><\/li>\n<li><a href=\"https:\/\/onlinelibrary.wiley.com\/journal\/14685906\" target=\"_blank\" rel=\"noopener noreferrer\">Scientific Study of Religion<\/a><\/li>\n<li><a href=\"https:\/\/ssab.research.vub.be\/\" target=\"_blank\" rel=\"noopener\">Secular Studies Association Brussel<\/a><\/li>\n<li><a href=\"http:\/\/www.sociologyofreligion.com\/\" target=\"_blank\" rel=\"noopener noreferrer\">Sociology of Religion<\/a><\/li>\n<li><a href=\"http:\/\/www.soter.org.br\/\" target=\"_blank\" rel=\"noopener noreferrer\">Soter<\/a><\/li>\n<li><a href=\"http:\/\/jsri.ro\/ojs\/index.php\/jsri\/index\" target=\"_blank\" rel=\"noopener noreferrer\">Study of Religions and Ideologies<\/a><\/li>\n<li><a href=\"http:\/\/www.studyreligion.org\/\" target=\"_blank\" rel=\"noopener noreferrer\">Study Religion<\/a><\/li>\n<li><a href=\"https:\/\/www.youtube.com\/c\/TenOnReligion\" target=\"_blank\" rel=\"noopener\">TenOnReligion<\/a><\/li>\n<li><a href=\"http:\/\/www.tendencias21.net\/TENDENCIAS-DE-LAS-RELIGIONES_r18.html\" target=\"_blank\" rel=\"noopener noreferrer\">Tendencias de las Religiones<\/a><\/li>\n<li><a href=\"https:\/\/www.thearda.com\/\" target=\"_blank\" rel=\"noopener\">The Association of Religion Data Archives<\/a><\/li>\n<li><a href=\"http:\/\/blogs.ssrc.org\/tif\/\" target=\"_blank\" rel=\"noopener noreferrer\">The Immanent Frame<\/a><\/li>\n<li><a href=\"http:\/\/www.pelicanweb.org\/\" target=\"_blank\" rel=\"noopener noreferrer\">The Pelican Web<\/a><\/li>\n<li><a href=\"https:\/\/www.theschooloflife.com\/saopaulo\/\" target=\"_blank\" rel=\"noopener noreferrer\">The School of Life<\/a><\/li>\n<li><a href=\"http:\/\/www.oikoumene.ca\/fr\/\" target=\"_blank\" rel=\"noopener noreferrer\">Traditions de Foi<\/a><\/li>\n<li><a href=\"https:\/\/uri.org\/\" target=\"_blank\" rel=\"noopener noreferrer\">United Religions Initiative<\/a><\/li>\n<li><a href=\"http:\/\/blogs.periodistadigital.com\/armonia-en-la-diversidad.php\" target=\"_blank\" rel=\"noopener noreferrer\">Victorino Prieto<\/a><\/li>\n<li><a href=\"http:\/\/virtualreligion.net\/vri\/\" target=\"_blank\" rel=\"noopener noreferrer\">Virtual Religion<\/a><\/li>\n<li><a href=\"http:\/\/www.wordshealtheworld.com\/\" target=\"_blank\" rel=\"noopener noreferrer\">Words Heal the Word<\/a><\/li>\n<li><a href=\"https:\/\/worldreligiondatabase.org\/\" target=\"_blank\" rel=\"noopener noreferrer\">World Religion Database<\/a><\/li>\n<\/ul>\n<h5><span style=\"color: #ffffff;\">.<\/span><\/h5>\n<h5 style=\"text-align: right;\">ACESSE POR <a href=\"https:\/\/www1.unicap.br\/observatorio2\/wp-content\/uploads\/2011\/02\/Relat\u00f3rio-sobre-Intoler\u00e2ncia-e-Viol\u00eancia-Religiosa-no-Brasil-2011-\u2013-2015-Resultados-Preliminare.pdf\" target=\"_blank\" rel=\"noopener noreferrer\">AQUI<\/a> O RELAT\u00d3RIO SOBRE INTOLER\u00c2NCIA E VIOL\u00caNCIA RELIGIOSA NO BRASIL (2011-2015). BAIXE POr <a href=\"http:\/\/www.ensinoreligioso.seed.pr.gov.br\/arquivos\/File\/cartilha\/cartilha_diversidade.pdf\" target=\"_blank\" rel=\"noopener noreferrer\">aqui<\/a> a Cartilha Diversidade Religiosa e Direitos Humanos, TAMB\u00c9M PRODUZIDA PELO GOVERNO BRASILEIRO, e veja abaixo o seu v\u00eddeo<\/h5>\n<p style=\"text-align: center;\"><span style=\"color: #ffffff;\">..<\/span><\/p>\n<p style=\"text-align: center;\"><iframe loading=\"lazy\" src=\"\/\/www.youtube.com\/embed\/uW-zzS8_Cl8?rel=0\" width=\"540\" height=\"380\" frameborder=\"0\" allowfullscreen=\"allowfullscreen\"><\/iframe><\/p>\n<p><span style=\"color: #ffffff;\">..<\/span><\/p>\n","protected":false},"excerpt":{"rendered":"<p>Academic Info Religion African Association for the Study of Religions Alain Dani\u00e9lou Amai-vos American Academy of Religion Angap\u00e9 Projeto Pacifista Ufpe Anptecre Associa\u00e7\u00e3o Brasileira de Hist\u00f3ria das Religi\u00f5es Audir Catalunha Berkley Center for Religion, Peace and World Affairs Biblioteca Digital \u00c9tica, Religi\u00f5es, Ecumenismo Biblioteca L\u00ednguas e Culturas Ind\u00edgenas Carlos Rodrigues Brand\u00e3o Cebi Celebration Circle Centre&#8230; <\/p>\n<div class=\"link-more\"><a href=\"https:\/\/www1.unicap.br\/observatorio2\/?page_id=43\">Leia mais<\/a><\/div>\n","protected":false},"author":2,"featured_media":0,"parent":0,"menu_order":12,"comment_status":"closed","ping_status":"closed","template":"","meta":{"footnotes":""},"class_list":["post-43","page","type-page","status-publish","hentry"],"_links":{"self":[{"href":"https:\/\/www1.unicap.br\/observatorio2\/index.php?rest_route=\/wp\/v2\/pages\/43","targetHints":{"allow":["GET"]}}],"collection":[{"href":"https:\/\/www1.unicap.br\/observatorio2\/index.php?rest_route=\/wp\/v2\/pages"}],"about":[{"href":"https:\/\/www1.unicap.br\/observatorio2\/index.php?rest_route=\/wp\/v2\/types\/page"}],"author":[{"embeddable":true,"href":"https:\/\/www1.unicap.br\/observatorio2\/index.php?rest_route=\/wp\/v2\/users\/2"}],"replies":[{"embeddable":true,"href":"https:\/\/www1.unicap.br\/observatorio2\/index.php?rest_route=%2Fwp%2Fv2%2Fcomments&post=43"}],"version-history":[{"count":147,"href":"https:\/\/www1.unicap.br\/observatorio2\/index.php?rest_route=\/wp\/v2\/pages\/43\/revisions"}],"predecessor-version":[{"id":8316,"href":"https:\/\/www1.unicap.br\/observatorio2\/index.php?rest_route=\/wp\/v2\/pages\/43\/revisions\/8316"}],"wp:attachment":[{"href":"https:\/\/www1.unicap.br\/observatorio2\/index.php?rest_route=%2Fwp%2Fv2%2Fmedia&parent=43"}],"curies":[{"name":"wp","href":"https:\/\/api.w.org\/{rel}","templated":true}]}}