{"id":4124,"date":"2018-03-15T11:31:39","date_gmt":"2018-03-15T14:31:39","guid":{"rendered":"https:\/\/www1.unicap.br\/observatorio2\/?page_id=4124"},"modified":"2019-03-18T13:16:46","modified_gmt":"2019-03-18T16:16:46","slug":"programacao-2018","status":"publish","type":"page","link":"https:\/\/www1.unicap.br\/observatorio2\/?page_id=4124","title":{"rendered":"Programa\u00e7\u00e3o 2018"},"content":{"rendered":"<figure id=\"attachment_4125\" aria-describedby=\"caption-attachment-4125\" style=\"width: 960px\" class=\"wp-caption alignnone\"><img loading=\"lazy\" decoding=\"async\" class=\"alignnone size-full wp-image-4125\" src=\"https:\/\/www1.unicap.br\/observatorio2\/wp-content\/uploads\/2018\/03\/kar.jpg\" alt=\"kar\" width=\"960\" height=\"782\" srcset=\"https:\/\/www1.unicap.br\/observatorio2\/wp-content\/uploads\/2018\/03\/kar.jpg 960w, https:\/\/www1.unicap.br\/observatorio2\/wp-content\/uploads\/2018\/03\/kar-300x244.jpg 300w, https:\/\/www1.unicap.br\/observatorio2\/wp-content\/uploads\/2018\/03\/kar-368x300.jpg 368w\" sizes=\"auto, (max-width: 960px) 100vw, 960px\" \/><figcaption id=\"caption-attachment-4125\" class=\"wp-caption-text\">Karina Oliveira no Dia de Combate \u00e0 Intoler\u00e2ncia Religiosa, Terminal de Xamb\u00e1, Olinda<\/figcaption><\/figure><p>\u00a0<span style=\"color: #ffffff;\">.<\/span><\/p><p><strong>Grupo de Estudo<\/strong><\/p><p>O Grupo de Estudos sobre Transdisciplinaridade e Di\u00e1logo, coordenado pelo prof. Gilbraz\u00a0na UNICAP, re\u00fane-se desde 2005, sempre nas <strong>quartas-feiras<\/strong>, <strong>das 17 \u00e0s 18h<\/strong>, no\u00a0Programa de P\u00f3s-gradua\u00e7\u00e3o em Ci\u00eancias da Religi\u00e3o (8\u00ba andar do bloco G4). O Grupo \u00e9 aberto \u00e0 participa\u00e7\u00e3o de pesquisadores, doutorandos, mestrandos e tamb\u00e9m a\u00a0graduandos interessados na inicia\u00e7\u00e3o cient\u00edfica, al\u00e9m de militantes do di\u00e1logo inter-religioso. Os membros que est\u00e3o registrados no <a href=\"https:\/\/espdialogo.wordpress.com\/\" target=\"_blank\" rel=\"noopener noreferrer\">Grupo de Pesquisa Espiritualidades, Pluralidade e Di\u00e1logo<\/a> devem, ao menos,\u00a0participar de 1\/3 das reuni\u00f5es e apresentar uma produ\u00e7\u00e3o acad\u00eamica qualificada anualmente.<\/p><p>Nas reuni\u00f5es semanais do Grupo os participantes compartilham o andamento de suas pesquisas e depois prosseguem com o estudo de uma obra: no primeiro semestre vamos estudar o livro <a href=\"http:\/\/www.universovozes.com.br\/livrariavozes\/web\/view\/DetalheProdutoCommerce.aspx?ProdId=8532653600\" target=\"_blank\" rel=\"noopener noreferrer\">Os m\u00faltiplos altares da modernidade: rumo a um paradigma da religi\u00e3o numa \u00e9poca pluralista<\/a>, de <a href=\"https:\/\/en.wikipedia.org\/wiki\/Peter_L._Berger\" target=\"_blank\" rel=\"noopener noreferrer\">Peter Berger<\/a>. A obra esbo\u00e7a uma revis\u00e3o do pensamento de Berger sobre o sentido do fato religioso em nosso tempo de m\u00faltiplas modernidades (veja uma cr\u00edtica da trajet\u00f3ria do autor por <a href=\"http:\/\/www.ihuonline.unisinos.br\/artigo\/6973-peter-berger-e-o-pluralismo-religioso\" target=\"_blank\" rel=\"noopener noreferrer\">aqui<\/a>). E vamos tamb\u00e9m cotejar essa proposta de paradigma pluralista com o ensaio de um <a href=\"https:\/\/espdialogo.wordpress.com\/2017\/12\/24\/principio-pluralista\/\" target=\"_blank\" rel=\"noopener noreferrer\">Princ\u00edpio Pluralista<\/a>, que vem sendo ensaiado pelo companheiro Cl\u00e1udio de Oliveira Ribeiro.<\/p><p>Nossa preocupa\u00e7\u00e3o \u00e9 descobrir o que tal paradigma\/princ\u00edpio Pluralista acrescenta (ou critica) nas\u00a0concep\u00e7\u00f5es de Hist\u00f3ria como interpreta\u00e7\u00e3o engajada, de\u00a0Complementariedade nos \u201centre-lugares\u201d culturais, e de uma L\u00f3gica do \u201dterceiro\u00a0inclu\u00eddo\u201d, que temos aplicado e revisado para compreender os encontros (e desencontros) entre as religi\u00f5es e espiritualidades, para al\u00e9m das suas\u00a0contradi\u00e7\u00f5es aparentes.<\/p><p>J\u00e1 no segundo semestre, a obra escolhida \u00e9\u00a0<a href=\"https:\/\/zahar.com.br\/livro\/deus\" target=\"_blank\" rel=\"noopener noreferrer\">Deus, uma hist\u00f3ria humana<\/a>, de Reza Aslan (veja <a href=\"http:\/\/rezaaslan.com\/\" target=\"_blank\" rel=\"noopener noreferrer\">aqui<\/a> o site do autor e <a href=\"https:\/\/www.publico.pt\/2019\/02\/09\/sociedade\/entrevista\/havera-tempo-deus-religiao-1861003#gs.Z5i5vcsy\" target=\"_blank\" rel=\"noopener noreferrer\">aqui<\/a> uma entrevista sobre o livro). Trata-se de\u00a0um relato sobre o modo como o conceito de Deus se desenvolveu ao longo da hist\u00f3ria, das pinturas ancestrais nas cavernas at\u00e9 os dias de hoje. Atrav\u00e9s desse exerc\u00edcio de hist\u00f3ria comparada, vamos aprofundar a nossa busca de fundamentos e base comum, entre e para al\u00e9m de doutrinas, para a promo\u00e7\u00e3o do di\u00e1logo entre culturas e religi\u00f5es.<\/p><p>\u00a0<span style=\"color: #ffffff;\">.<\/span><\/p><p><strong>F\u00f3rum Inter-religioso<\/strong><\/p><p>O <a href=\"https:\/\/www1.unicap.br\/observatorio2\/?page_id=34\" target=\"_blank\" rel=\"noopener noreferrer\">F\u00f3rum Inter-Religioso da UNICAP<\/a>, organizado pelo nosso Observat\u00f3rio, articulou desde 2007 e por <a href=\"https:\/\/www1.unicap.br\/observatorio2\/?p=3688\" target=\"_blank\" rel=\"noopener noreferrer\">dez anos uma s\u00e9rie de encontros\u00a0com animadores das tradi\u00e7\u00f5es espirituais<\/a> da regi\u00e3o, para re-conhecimento humano da f\u00e9 e exerc\u00edcio do respeito \u00e0 diversidade de suas express\u00f5es, para reflex\u00e3o sobre a viv\u00eancia pluralista do sagrado e ensaio de uma m\u00edstica trans-religiosa.\u00a0Agora est\u00e1 se reestruturando como grupo de\u00a0assessoria a associa\u00e7\u00f5es que surgiram desses encontros,\u00a0est\u00e1 ensaiando interven\u00e7\u00f5es pedag\u00f3gicas para aprofundar a promo\u00e7\u00e3o da conviv\u00eancia junto ao <a href=\"https:\/\/www.facebook.com\/forumdialogos\/\" target=\"_blank\" rel=\"noopener noreferrer\">Di\u00e1logo &#8211; F\u00f3rum da Diversidade Religiosa em Pernambuco<\/a> e \u00e0 <a href=\"https:\/\/www1.unicap.br\/observatorio2\/?p=2101\" target=\"_blank\" rel=\"noopener noreferrer\">Rede de Feiras das Religi\u00f5es nas Escolas<\/a>.<\/p><p>Em sua nova fase, o F\u00f3rum da UNICAP pretende desenvolver uma s\u00e9rie de encontros e document\u00e1rios sobre o \u201cConviver: por dentro das religi\u00f5es\u201d. Em cada evento, alguns\u00a0membros de uma religi\u00e3o passam um dia convivendo, comendo junto e celebrando ou observando a celebra\u00e7\u00e3o de uma religi\u00e3o estranha. Buscando-se, assim,\u00a0tematizar as possibilidades e dificuldades de encontro entre pessoas de cren\u00e7as bem diferentes, ensaiando a hospitalidade e acolhimento entre e al\u00e9m das cren\u00e7as, captando os estranhamentos e as surpresas, detectando os desencontros e algum encontro, conversando com sinceridade sobre os sentimentos diante das pessoas diferentes e dos seus ritos. A nova s\u00e9rie ter\u00e1 o seu <a href=\"https:\/\/www1.unicap.br\/observatorio2\/?p=4367\" target=\"_blank\" rel=\"noopener noreferrer\">lan\u00e7amento no dia 4 de outubro<\/a>, na biblioteca da UNICAP.<\/p><p><span style=\"color: #ffffff;\">.<\/span><\/p><p><strong>Encontros e Semin\u00e1rios<\/strong><\/p><p>A equipe do Observat\u00f3rio Transdisciplinar das Religi\u00f5es no Recife est\u00e1 envolvida igualmente na anima\u00e7\u00e3o de v\u00e1rios eventos relacionados ao di\u00e1logo, em parceria com outros grupos universit\u00e1rios e de educa\u00e7\u00e3o comunit\u00e1ria:<\/p><p>Dia de combate \u00e0 intoler\u00e2ncia religiosa &#8211;\u00a0<strong>21 de janeiro<\/strong>, <a href=\"https:\/\/www1.unicap.br\/observatorio2\/?p=4004\" target=\"_blank\" rel=\"noopener noreferrer\">celebra\u00e7\u00e3o no terminal de Xamb\u00e1<\/a>, Olinda.<\/p><p>Articulando grupos de di\u00e1logo inter-religioso &#8211;\u00a0<strong>27 e 28 de fevereiro<\/strong>, participa\u00e7\u00e3o na <a href=\"https:\/\/www1.unicap.br\/observatorio2\/?p=4086\" target=\"_blank\" rel=\"noopener noreferrer\">reuni\u00e3o do conselho de coordena\u00e7\u00e3o do Observat\u00f3rio de Justi\u00e7a Socioambiental<\/a>, Bras\u00edlia.<\/p><p>Terreiro de ch\u00e3o batido &#8211;\u00a0<strong>11 de mar\u00e7o<\/strong>, roda de <a href=\"https:\/\/www1.unicap.br\/observatorio2\/?p=4111\" target=\"_blank\" rel=\"noopener noreferrer\">di\u00e1logo com o quilombo Morada da Paz<\/a>, Olinda.<\/p><p>Das Deusas &#8211; <strong>16 de mar\u00e7o<\/strong> \u00e0s 14h, participa\u00e7\u00e3o em mesa de <a href=\"https:\/\/www.facebook.com\/karina.artemisafrodite\/posts\/1613612858719742\" target=\"_blank\" rel=\"noopener noreferrer\">lan\u00e7amento de Projeto sobre g\u00eanero, arte e filosofia<\/a>, no audit\u00f3rio do 3\u00ba andar do CFCH da UFPE, Recife.<\/p><p>Resistir, criar e transformar &#8211; <strong>13 a 17 de mar\u00e7o<\/strong>, participa\u00e7\u00e3o no <a href=\"https:\/\/www1.unicap.br\/observatorio2\/?p=4141\" target=\"_blank\" rel=\"noopener noreferrer\">F\u00f3rum Social Mundial<\/a>\u00a0na UFBA, Salvador.<\/p><p>Transreligiosidade no mundo globalizado &#8211; <strong>20 de mar\u00e7o <\/strong>\u00e0s 14h, mesa de <a href=\"https:\/\/www.facebook.com\/photo.php?fbid=10213707062224230&amp;set=a.4476439882513.165571.1635464909&amp;type=3\" target=\"_blank\" rel=\"noopener noreferrer\">debate no Programa de P\u00f3s-gradua\u00e7\u00e3o em Educa\u00e7\u00e3o<\/a> na FUNDAJ, Recife.<\/p><p>Di\u00e1logo inter-religioso, hist\u00f3ria, objetivos e m\u00e9todos &#8211; <strong>9 a 13 de abril e 4 a 8 de junho<\/strong>, <a href=\"https:\/\/www1.unicap.br\/ppgcr\/\" target=\"_blank\" rel=\"noopener noreferrer\">curso nos programas de p\u00f3s em estudos de religi\u00e3o<\/a> da UNICAP.<\/p><p><span style=\"display: inline !important; float: none; background-color: transparent; color: #6a6c6e; font-family: 'Lato','Helvetica Neue',Helvetica,Arial,sans-serif; font-size: 17px; font-style: normal; font-variant: normal; font-weight: 400; letter-spacing: normal; orphans: 2; text-align: left; text-decoration: none; text-indent: 0px; text-transform: none; -webkit-text-stroke-width: 0px; white-space: normal; word-spacing: 0px;\">Articulando a Diversidade &#8211;\u00a0<\/span><strong style=\"line-height: 27.2px;\">11 e 12 de abril<\/strong><span style=\"display: inline !important; float: none; background-color: transparent; color: #6a6c6e; font-family: 'Lato','Helvetica Neue',Helvetica,Arial,sans-serif; font-size: 17px; font-style: normal; font-variant: normal; font-weight: 400; letter-spacing: normal; orphans: 2; text-align: left; text-decoration: none; text-indent: 0px; text-transform: none; -webkit-text-stroke-width: 0px; white-space: normal; word-spacing: 0px;\">, participa\u00e7\u00e3o na Reuni\u00e3o Ordin\u00e1ria do\u00a0<\/span><a style=\"line-height: 27.2px;\" href=\"http:\/\/www.sdh.gov.br\/sobre\/participacao-social\/cnrdr\" target=\"_blank\" rel=\"noopener noreferrer\">Comit\u00ea\u00a0de Respeito \u00e0 Diversidade Religiosa<\/a><span style=\"display: inline !important; float: none; background-color: transparent; color: #6a6c6e; font-family: 'Lato','Helvetica Neue',Helvetica,Arial,sans-serif; font-size: 17px; font-style: normal; font-variant: normal; font-weight: 400; letter-spacing: normal; orphans: 2; text-align: left; text-decoration: none; text-indent: 0px; text-transform: none; -webkit-text-stroke-width: 0px; white-space: normal; word-spacing: 0px;\">\u00a0do Minist\u00e9rio dos Direitos Humanos, Bras\u00edlia.<\/span><\/p><p>Racismo religioso e Estado laico &#8211; <strong>26 de abril<\/strong> \u00e0s 10h, participa\u00e7\u00e3o em palestra e assinatura da <a href=\"http:\/\/www.mp.pe.gov.br\/mppe\/comunicacao\/noticias\/9298-mppe-e-povos-de-terreiros-apresentam-recomendacao-voltada-a-garantir-o-direito-a-liberdade-de-crenca-de-religioes-de-matriz-africana\" target=\"_blank\" rel=\"noopener noreferrer\">Recomenda\u00e7\u00e3o sobre Cultos de Matriz Africana<\/a> no Minist\u00e9rio P\u00fablico de Pernambuco, Recife.<\/p><p><span style=\"line-height: 27.2px;\">Panorama dos estudos de religi\u00e3o no Brasil &#8211;\u00a0<\/span><strong style=\"line-height: 27.2px;\">26 a 28 de abril<\/strong><span style=\"line-height: 27.2px;\">, confer\u00eancia no\u00a0<\/span><a style=\"line-height: 27.2px;\" href=\"https:\/\/ceicrdcht17.wixsite.com\/meusite\/programacao\" target=\"_blank\" rel=\"noopener noreferrer\">II Col\u00f3quio Internacional de Diversidade Religiosa<\/a><span style=\"line-height: 27.2px;\">\u00a0na UNEB, Bom Jesus da Lapa.<\/span><\/p><p>Perspectivas para os crist\u00e3os na Igreja e na sociedade &#8211; <strong>11 de maio<\/strong> \u00e0s 16h, participa\u00e7\u00e3o em mesa na <a href=\"https:\/\/www1.unicap.br\/estudosreligiao\/?p=1603\" target=\"_blank\" rel=\"noopener noreferrer\">Semana Teol\u00f3gica<\/a> da UNICAP.<\/p><p><span style=\"line-height: 27.2px;\">Peripateia das religi\u00f5es &#8211;\u00a0<\/span><strong style=\"line-height: 27.2px;\">12 de maio<\/strong><span style=\"line-height: 27.2px;\">, 7 \u00e0s 13h, <a href=\"https:\/\/www1.unicap.br\/observatorio2\/?p=4189\" target=\"_blank\" rel=\"noopener noreferrer\">visita guiada a centros espirituais<\/a> de Olinda.<\/span><\/p><p>A m\u00e3o de Deus nos une e liberta &#8211; <strong>16 de maio<\/strong> \u00e0s 18h, participa\u00e7\u00e3o na <a href=\"https:\/\/www1.unicap.br\/ihu\/?p=9985\" target=\"_blank\" rel=\"noopener noreferrer\">Semana de Ora\u00e7\u00e3o pela Unidade dos Crist\u00e3os<\/a> na UNICAP.<\/p><p>Intoler\u00e2ncia religiosa e di\u00e1logo &#8211; <strong>18 de maio<\/strong>\u00a0\u00e0s 19h30, participa\u00e7\u00e3o em mesa no <a href=\"https:\/\/www1.unicap.br\/observatorio2\/?p=4216\" target=\"_blank\" rel=\"noopener noreferrer\">Projeto Di\u00e1logos Culturais do Centro Loyola de F\u00e9 e Cultura<\/a> de Goi\u00e2nia.<\/p><p>Migra\u00e7\u00f5es, direitos humanos e religi\u00f5es &#8211; <strong>31 de maio a 3 de junho<\/strong>, confer\u00eancia e participa\u00e7\u00e3o no <a href=\"https:\/\/www1.unicap.br\/observatorio2\/?p=4234\" target=\"_blank\" rel=\"noopener noreferrer\">II Simp\u00f3sio Brasileiro de Justi\u00e7a Social<\/a> do Ex\u00e9rcito de Salva\u00e7\u00e3o, S\u00e3o Paulo.<\/p><p>Religi\u00e3o e pol\u00edtica entre maiorias e minorias &#8211; <strong>7 e 8 de junho<\/strong>, participa\u00e7\u00e3o em <a href=\"http:\/\/www.fundaj.gov.br\/index.php?option=com_content&amp;view=article&amp;id=8187:inscricoes-abertas-para-o-curso-qreligiao-e-politica-entre-maiorias-e-minoriasq-que-acontecera-nos-dias-7-e-8-de-junho-na-fundaj&amp;catid=44:sala-de-impressa&amp;Itemid=183\" target=\"_blank\" rel=\"noopener noreferrer\">Col\u00f3quio sobre Espa\u00e7o P\u00fablico e Protagonismos Religiosos<\/a> na FUNDAJ, Recife.<\/p><p>Articulando a Diversidade \u2013\u00a0<strong>19 e 20 de junho<\/strong>, participa\u00e7\u00e3o na Reuni\u00e3o Ordin\u00e1ria do\u00a0<a href=\"https:\/\/www1.unicap.br\/observatorio2\/?p=4270\" target=\"_blank\" rel=\"noopener noreferrer\">Comit\u00ea\u00a0de Respeito \u00e0 Diversidade Religiosa<\/a>\u00a0do Minist\u00e9rio dos Direitos Humanos, Bras\u00edlia.<\/p><p>Amal\u00e1 de Xang\u00f4 &#8211; <strong>28 de junho<\/strong>, participa\u00e7\u00e3o no <a href=\"https:\/\/www1.unicap.br\/observatorio2\/?p=4252\" target=\"_blank\" rel=\"noopener noreferrer\">Semin\u00e1rio sobre matrifocalidade, protagonismo e resist\u00eancia negra das mulheres de ax\u00e9 do Xang\u00f4 pernambucano<\/a>, na UNICAP.<\/p><p>Religi\u00f5es e m\u00fasica &#8211; <strong>28 e 29 de junho<\/strong>, <a href=\"https:\/\/www1.unicap.br\/observatorio2\/?p=4336\" target=\"_blank\" rel=\"noopener noreferrer\">acolhida do Prof. Dr. Mtafiti Imara<\/a>, da Universidade do Estado da Calif\u00f3rnia, para constru\u00e7\u00e3o de projeto de pesquisa comum sobre a arte como mediadora dos di\u00e1logos.<\/p><hr \/><p>Religi\u00e3o, \u00e9tica e pol\u00edtica &#8211; <strong>10 a 13 de julho<\/strong>, participa\u00e7\u00e3o do GT &#8220;Pluralidade espiritual e di\u00e1logo inter-religioso&#8221; no <a href=\"http:\/\/www.soter.org.br\/eventodinamico\/index.php?pagina=grupo_conteudo&amp;tela=56&amp;usuarioparoquia=&amp;subtela=&amp;evento=13\" target=\"_blank\" rel=\"noopener noreferrer\">Congresso Internacional da SOTER<\/a>\u00a0na PUC-Minas, em Belo Horizonte.<\/p><p>Espiritualidade e justi\u00e7a socioambiental &#8211; <strong>21 de agosto<\/strong>, palestra no <a href=\"https:\/\/www.sympla.com.br\/i-forum-justica-sustentavel-agir-para-transformar__337178\" target=\"_blank\" rel=\"noopener noreferrer\">I F\u00f3rum de Justi\u00e7a Sustent\u00e1vel<\/a> do TJPE.<\/p><p>Estado laico &#8211; <strong>26 de agosto<\/strong>, participa\u00e7\u00e3o em debate no <a href=\"https:\/\/www.facebook.com\/RealidadesTVUPE\/\" target=\"_blank\" rel=\"noopener noreferrer\">Programa Realidades da TVU<\/a>, UFPE.<\/p><p>Articulando grupos de di\u00e1logo inter-religioso &#8211;\u00a0<strong>29 de agosto<\/strong>, participa\u00e7\u00e3o na <a href=\"https:\/\/www1.unicap.br\/observatorio2\/?p=4086\" target=\"_blank\" rel=\"noopener noreferrer\">reuni\u00e3o do conselho de coordena\u00e7\u00e3o do Observat\u00f3rio de Justi\u00e7a Socioambiental<\/a>, por Skipe.<\/p><p>Religi\u00e3o, resist\u00eancia e direitos humanos &#8211; <strong>12 a 14 de setembro<\/strong>, participa\u00e7\u00e3o e confer\u00eancia no <a href=\"https:\/\/4cncrt.wixsite.com\/4cncrt\" target=\"_blank\" rel=\"noopener noreferrer\">IV Congresso Nordestino de Ci\u00eancias da Religi\u00e3o e Teologia<\/a>\u00a0na UFAL, em Macei\u00f3.<\/p><p>Perspectivas do di\u00e1logo &#8211; <strong>20 a 22 de setembro<\/strong>, participa\u00e7\u00e3o e palestra no I<a href=\"https:\/\/www.facebook.com\/events\/1792290130884921\/\" target=\"_blank\" rel=\"noopener noreferrer\">I Semin\u00e1rio Sergipano de Di\u00e1logo Inter-religioso<\/a> na UFS, em Aracaju.<\/p><p>Espiritualidade em imagens &#8211; <strong>4 de outubro<\/strong>, abertura de exposi\u00e7\u00e3o do imagin\u00e1rio religioso, com <a href=\"https:\/\/www1.unicap.br\/observatorio2\/?p=4367\" target=\"_blank\" rel=\"noopener noreferrer\">lan\u00e7amento de livro e document\u00e1rio do Observat\u00f3rio<\/a>, na biblioteca da UNICAP.<\/p><p>Laicidade e educa\u00e7\u00e3o &#8211; <strong>5 de outubro<\/strong>, 14 \u00e0s 18h, participa\u00e7\u00e3o na <a href=\"https:\/\/www.facebook.com\/photo.php?fbid=10215165350120516&amp;set=a.4476439882513&amp;type=3&amp;theater\" target=\"_blank\" rel=\"noopener noreferrer\">roda de conversa do Di\u00e1logos<\/a> &#8211; F\u00f3rum da Diversidade Religiosa em Pernambuco, no Museu da Aboli\u00e7\u00e3o do Recife.<\/p><p>Panikkar e nossos estudos de religi\u00e3o &#8211; <strong>23 e 24 de outubro<\/strong>, participa\u00e7\u00e3o e confer\u00eancia no <a href=\"http:\/\/www.simposiopanikkarcolombia.com\/\" target=\"_blank\" rel=\"noopener noreferrer\">Simp\u00f3sio Panikkar 100 anos<\/a> na PUC Javeriana, em Bogot\u00e1 &#8211; CO.<\/p><p>Roger Bastide, religi\u00e3o e conhecimento &#8211; <strong>24 e 25 de outubro<\/strong>, participa\u00e7\u00e3o no III <a href=\"https:\/\/www1.unicap.br\/ocs\/index.php\/coloquiorid\/coloqrid3\" target=\"_blank\" rel=\"noopener noreferrer\">Col\u00f3quio do Grupo de Pesquisa Religi\u00f5es, Identidades e Di\u00e1logos<\/a>, na UNICAP.<\/p><p>Teologia e di\u00e1logo: desafios epistemol\u00f3gicos &#8211; <strong>29 de outubro a 1 de novembro<\/strong>, participa\u00e7\u00e3o em mesa-redonda no <a href=\"http:\/\/cienciaefe.pucpr.br\/humanitas-pucpr\/\" target=\"_blank\" rel=\"noopener noreferrer\">I Congresso Internacional do PPGT-PUCPR<\/a>, em Curitiba.<\/p><p>Comblin, as religi\u00f5es e o di\u00e1logo &#8211; <strong>30 de outubro<\/strong>, participa\u00e7\u00e3o no <a href=\"https:\/\/www1.unicap.br\/comblin\/\" target=\"_blank\" rel=\"noopener noreferrer\">lan\u00e7amento do Centro de Pesquisa e Documenta\u00e7\u00e3o Jos\u00e9 Comblin<\/a>, na UNICAP.<\/p><p>As origens culturais do islamismo &#8211; <strong>31 de outubro<\/strong>, 16h, <a href=\"https:\/\/www1.unicap.br\/observatorio2\/?p=4445\" target=\"_blank\" rel=\"noopener noreferrer\">palestra do Dr. Emilio Ferr\u00edn<\/a>, na UNICAP.<\/p><p>Ensino Religioso e o di\u00e1logo &#8211; <strong>6 de novembro<\/strong>, palestra no <a href=\"https:\/\/www.sympla.com.br\/seminario-fidelid-2018__362698\" target=\"_blank\" rel=\"noopener noreferrer\">Semin\u00e1rio do Grupo de Pesquisa Fidelid,<\/a> no PPGCR-UFPB, em Jo\u00e3o Pessoa.<\/p><p>Teologia Negra &#8211; <strong>21 e 22 de novembro<\/strong>, <a href=\"https:\/\/www1.unicap.br\/observatorio2\/?p=4507\" target=\"_blank\" rel=\"noopener noreferrer\">curso aberto com Ronilso Pacheco<\/a> na UNICAP.<\/p><p>Comunidade crist\u00e3 e as outras &#8211; <strong>22 a 25 de novembro<\/strong>, reuni\u00e3o do grupo de assessoria da CNBB e participa\u00e7\u00e3o na <a href=\"http:\/\/www.cnbb.org.br\/assembleia-dos-organismos-do-povo-de-deus-e-retomada-com-sinodalidade-em-pauta\/?fbclid=IwAR1F4a2KFsplAqqYUBa1-dMobuJDVXxkZDwEGtgw6mKxxWjdZiw2BhJunmY\" target=\"_blank\" rel=\"noopener noreferrer\">Assembleia do Povo de Deus<\/a>, em Aparecida.<\/p><p>Caminhos do di\u00e1logo inter-religioso &#8211; <strong>27 a 30 de novembro<\/strong>, participa\u00e7\u00e3o e palestra no <a href=\"https:\/\/www.facebook.com\/FaculdadeBoasNovas\/photos\/a.786775354753786\/1839404509490860\/?type=3&amp;theater\" target=\"_blank\" rel=\"noopener noreferrer\">II Semin\u00e1rio Di\u00e1logos com o sagrado no Amazonas<\/a> na UFAM, em Manaus.<\/p><p><span style=\"display: inline !important; float: none; background-color: transparent; color: #6a6c6e; font-family: 'Lato','Helvetica Neue',Helvetica,Arial,sans-serif; font-size: 18px; font-style: normal; font-variant: normal; font-weight: 400; letter-spacing: normal; orphans: 2; text-align: left; text-decoration: none; text-indent: 0px; text-transform: none; -webkit-text-stroke-width: 0px; white-space: normal; word-spacing: 0px;\">Pol\u00edticas Curriculares e Ensino Religioso &#8211; <strong>5 a 7 de dezembro<\/strong>, organiza\u00e7\u00e3o de GT no <a href=\"https:\/\/www.even3.com.br\/8coloquiocurriculopb?\" target=\"_blank\" rel=\"noopener noreferrer\">VIII Col\u00f3quio Internacional de Pol\u00edticas e Pr\u00e1ticas Curriculares<\/a> na UFPB, em Jo\u00e3o Pessoa.\u00a0<\/span><\/p><p><span style=\"color: #ffffff;\">.<\/span><\/p><p><strong>Participa\u00e7\u00e3o em Comiss\u00f5es<\/strong><\/p><p>O Observat\u00f3rio das Religi\u00f5es no Recife, atrav\u00e9s de representa\u00e7\u00f5es dos seus membros, participa ativamente de articula\u00e7\u00f5es e servi\u00e7os,\u00a0nacionais e regionais,\u00a0de promo\u00e7\u00e3o do di\u00e1logo e do ecumenismo:<\/p><p>\u2013 <a href=\"http:\/\/www.sdh.gov.br\/sobre\/participacao-social\/cnrdr\" target=\"_blank\" rel=\"noopener noreferrer\">Comit\u00ea\u00a0de Respeito \u00e0 Diversidade Religiosa<\/a> do Minist\u00e9rio dos Direitos Humanos, que inspira o\u00a0<a href=\"http:\/\/tvbrasil.ebc.com.br\/entreoceueaterra\" target=\"_blank\" rel=\"noopener noreferrer\">Programa de TV e WEB Entre o C\u00e9u e a Terra<\/a>, na Rede EBC. Participa\u00e7\u00e3o de Ros\u00e1lia.<\/p><p>\u2013 Equipe de Reflex\u00e3o da <a href=\"http:\/\/cnbb.net.br\/category\/laicato\/\" target=\"_blank\" rel=\"noopener noreferrer\">Comiss\u00e3o Episcopal de Comunidades de Base e Crist\u00e3os Leigos da CNBB<\/a>.<\/p><p>\u2013 <a href=\"http:\/\/www.arquidioceseolindarecife.org\/ecumenismo-e-dialogo-interreligioso\/\" target=\"_blank\" rel=\"noopener noreferrer\">Comiss\u00e3o de Pastoral para Ecumenismo e Di\u00e1logo Inter-religioso<\/a> da Arquidiocese de Olinda e Recife, que participa do <a href=\"https:\/\/www.facebook.com\/Programa-forma%C3%A7%C3%A3o-crist%C3%A3-radio-olinda-am-1030-287335801338846\/\">Programa de R\u00e1dio Bom Dia Universidade<\/a>, na R\u00e1dioWebUPE. Participa\u00e7\u00e3o de Artur.<\/p><p>\u2013 <a href=\"https:\/\/www.facebook.com\/forumdialogos\" target=\"_blank\" rel=\"noopener noreferrer\">F\u00f3rum Di\u00e1logos <\/a>\u2013 Associa\u00e7\u00e3o civil para Promo\u00e7\u00e3o da Diversidade Religiosa em Pernambuco. Participa\u00e7\u00e3o de Karina e Tha\u00eds.<\/p><p>\u2013 <a href=\"https:\/\/www.facebook.com\/observatorioODREC\/\" target=\"_blank\" rel=\"noopener noreferrer\">Observatorio de la diversidad religiosa y de las culturas en Am\u00e9rica Latina y el Caribe<\/a>.<\/p><p>\u2013 <a href=\"http:\/\/olma.org.br\/\" target=\"_blank\" rel=\"noopener noreferrer\">Observat\u00f3rio Nacional de Justi\u00e7a Socioambiental Luciano Mendes de Almeida.<\/a><\/p><h5 style=\"text-align: right;\">VEJA PROGRAMA\u00c7\u00d5ES ANTERIORES POR <a href=\"https:\/\/www1.unicap.br\/observatorio2\/?page_id=40\" target=\"_blank\" rel=\"noopener noreferrer\">AQUI<\/a>.<\/h5><p><span style=\"color: #ffffff;\">.<\/span><span style=\"color: #ffffff; line-height: 1.8;\">..<\/span><\/p><p><span style=\"color: #ffffff;\">&#8230;<\/span><\/p><p>&nbsp;<\/p>","protected":false},"excerpt":{"rendered":"<p>\u00a0. Grupo de Estudo O Grupo de Estudos sobre Transdisciplinaridade e Di\u00e1logo, coordenado pelo prof. Gilbraz\u00a0na UNICAP, re\u00fane-se desde 2005, sempre nas quartas-feiras, das 17 \u00e0s 18h, no\u00a0Programa de P\u00f3s-gradua\u00e7\u00e3o em Ci\u00eancias da Religi\u00e3o (8\u00ba andar do bloco G4). O Grupo \u00e9 aberto \u00e0 participa\u00e7\u00e3o de pesquisadores, doutorandos, mestrandos e tamb\u00e9m a\u00a0graduandos interessados na inicia\u00e7\u00e3o&#8230; <\/p>\n<div class=\"link-more\"><a href=\"https:\/\/www1.unicap.br\/observatorio2\/?page_id=4124\">Leia mais<\/a><\/div>\n","protected":false},"author":2,"featured_media":0,"parent":40,"menu_order":10,"comment_status":"closed","ping_status":"closed","template":"","meta":{"footnotes":""},"class_list":["post-4124","page","type-page","status-publish","hentry"],"_links":{"self":[{"href":"https:\/\/www1.unicap.br\/observatorio2\/index.php?rest_route=\/wp\/v2\/pages\/4124","targetHints":{"allow":["GET"]}}],"collection":[{"href":"https:\/\/www1.unicap.br\/observatorio2\/index.php?rest_route=\/wp\/v2\/pages"}],"about":[{"href":"https:\/\/www1.unicap.br\/observatorio2\/index.php?rest_route=\/wp\/v2\/types\/page"}],"author":[{"embeddable":true,"href":"https:\/\/www1.unicap.br\/observatorio2\/index.php?rest_route=\/wp\/v2\/users\/2"}],"replies":[{"embeddable":true,"href":"https:\/\/www1.unicap.br\/observatorio2\/index.php?rest_route=%2Fwp%2Fv2%2Fcomments&post=4124"}],"version-history":[{"count":48,"href":"https:\/\/www1.unicap.br\/observatorio2\/index.php?rest_route=\/wp\/v2\/pages\/4124\/revisions"}],"predecessor-version":[{"id":4697,"href":"https:\/\/www1.unicap.br\/observatorio2\/index.php?rest_route=\/wp\/v2\/pages\/4124\/revisions\/4697"}],"up":[{"embeddable":true,"href":"https:\/\/www1.unicap.br\/observatorio2\/index.php?rest_route=\/wp\/v2\/pages\/40"}],"wp:attachment":[{"href":"https:\/\/www1.unicap.br\/observatorio2\/index.php?rest_route=%2Fwp%2Fv2%2Fmedia&parent=4124"}],"curies":[{"name":"wp","href":"https:\/\/api.w.org\/{rel}","templated":true}]}}