{"id":3762,"date":"2017-09-19T11:12:43","date_gmt":"2017-09-19T14:12:43","guid":{"rendered":"https:\/\/www1.unicap.br\/observatorio2\/?page_id=3762"},"modified":"2021-04-07T19:00:27","modified_gmt":"2021-04-07T22:00:27","slug":"religioes-e-etica","status":"publish","type":"page","link":"https:\/\/www1.unicap.br\/observatorio2\/?page_id=3762","title":{"rendered":"Religi\u00f5es e \u00c9tica"},"content":{"rendered":"<p>O\u00a0<a href=\"https:\/\/www1.unicap.br\/observatorio2\/?page_id=34\" target=\"_blank\" rel=\"noopener\">F\u00f3rum Inter-Religioso da UNICAP<\/a>\u00a0 preparou em 2015 uma s\u00e9rie sobre Religi\u00f5es e \u00c9tica. As sess\u00f5es do F\u00f3rum foram organizadas como cines-debate, em torno dos filmes \u201cReligi\u00f5es do Mundo\u201d, produzidos pelo\u00a0<a href=\"https:\/\/www.global-ethic.org\/\" target=\"_blank\" rel=\"noopener\">Projeto de \u00c9tica Mundial<\/a>\u00a0do te\u00f3logo Hans Kung.<\/p>\n<p>Esse Projeto se apoia em quatro convic\u00e7\u00f5es b\u00e1sicas: n\u00e3o h\u00e1 paz entre as na\u00e7\u00f5es sem paz entre as religi\u00f5es; n\u00e3o h\u00e1 paz entre as religi\u00f5es sem di\u00e1logo entre as religi\u00f5es; n\u00e3o h\u00e1 di\u00e1logo entre as religi\u00f5es sem padr\u00f5es \u00e9ticos globais; n\u00e3o h\u00e1 chance de sobreviv\u00eancia para nosso planeta sem uma \u00e9tica global, uma \u00e9tica mundial, apoiada por pessoas religiosas e n\u00e3o-religiosas.<\/p>\n<p>Para os debates dos filmes, ent\u00e3o, sugerimos a leitura pr\u00e9via do livro\u00a0<a href=\"http:\/\/www.veruseditora.com.br\/livros_detalhes.cfm?id_livro=8587795570\" target=\"_blank\" rel=\"noopener\">Religi\u00f5es do Mundo<\/a>, do mesmo autor. E o nosso F\u00f3rum re\u00fane-se nas segundas segundas-feiras de cada m\u00eas, das 17 \u00e0s 18h30, no Audit\u00f3rio do CTCH, primeiro andar do Bloco B da Universidade.<\/p>\n<p>Os encontros marcados s\u00e3o estes:<\/p>\n<p><strong>Abril<\/strong>: Hindu\u00edsmo: a consci\u00eancia c\u00f3smica, as cren\u00e7as na reencarna\u00e7\u00e3o, a ioga e a medita\u00e7\u00e3o, s\u00e3o recuperadas da antiguidade e redescobertas em novos movimentos espirituais (<a href=\"http:\/\/youtu.be\/U7lKx3AadbE\" target=\"_blank\" rel=\"noopener\">1\u00aa parte<\/a> e <a href=\"http:\/\/youtu.be\/fCSlY-9jqbc\" target=\"_blank\" rel=\"noopener\">2\u00aa parte<\/a>).<\/p>\n<p><strong>Maio<\/strong>: Budismo: a reforma \u00e9tica e interior que leva \u00e0 extin\u00e7\u00e3o do sofrimento e \u00e0 constru\u00e7\u00e3o do \u201ccaminho do meio\u201d (<a href=\"http:\/\/youtu.be\/PPX9xq_o0ug\" target=\"_blank\" rel=\"noopener\">1\u00aa parte<\/a> e <a href=\"http:\/\/youtu.be\/NQJIcSQBXsY\" target=\"_blank\" rel=\"noopener\">2\u00aa parte<\/a>).<\/p>\n<p><strong>Junho<\/strong>: Religi\u00f5es Chinesas: os caminhos da \u201cnatureza\u201d, as correntes filos\u00f3fico-religiosas do Extremo Oriente, explicam o ponto de muta\u00e7\u00e3o cultural em que nos encontramos (<a href=\"http:\/\/youtu.be\/4hcOLwZ6Vak\" target=\"_blank\" rel=\"noopener\">1\u00aa parte<\/a> e <a href=\"http:\/\/youtu.be\/zNn_duEEX84\" target=\"_blank\" rel=\"noopener\">2\u00aa parte<\/a>).<\/p>\n<p><strong>Setembro<\/strong>: Juda\u00edsmo, o profetismo de quatro mil anos e a sua espiritualidade hist\u00f3rica, alicer\u00e7ada na esperan\u00e7a da ressurrei\u00e7\u00e3o (<a href=\"http:\/\/youtu.be\/b2Ci230qufE\" target=\"_blank\" rel=\"noopener\">1\u00aa parte<\/a> e <a href=\"http:\/\/youtu.be\/Dmahf7UYh_o\" target=\"_blank\" rel=\"noopener\">2\u00aa parte<\/a>).<\/p>\n<p><strong>Outubro<\/strong>: Cristianismo, a transforma\u00e7\u00e3o do messianismo por Jesus e o movimento dos crist\u00e3os pelo mundo (<a href=\"http:\/\/youtu.be\/F2wPIc19Suw\" target=\"_blank\" rel=\"noopener\">1\u00aa parte<\/a> e <a href=\"http:\/\/youtu.be\/xgvh_Iq1AjU\" target=\"_blank\" rel=\"noopener\">2\u00aa parte<\/a>).<\/p>\n<p><strong>Novembro<\/strong>: Islamismo, as revolu\u00e7\u00f5es pol\u00edtico-religiosas de Maom\u00e9 e dos seus seguidores, que espalham a submiss\u00e3o \u00e0 miseric\u00f3rdia divina (<a href=\"http:\/\/youtu.be\/xwvPivaUs-I\" target=\"_blank\" rel=\"noopener\">1\u00aa parte<\/a> e <a href=\"http:\/\/youtu.be\/M-tcngMpDw4\" target=\"_blank\" rel=\"noopener\">2\u00aa parte<\/a>).<\/p>\n<p>Preparamos tamb\u00e9m uma mostra de banners baseados nos document\u00e1rios, que est\u00e3o expostos na Biblioteca da UNICAP e cujo resumo compartilhamos por aqui nesta apresenta\u00e7\u00e3o, apontando os valores humanos comuns, as grandes tradi\u00e7\u00f5es religiosas e a &#8220;regra de ouro&#8221; das nossas espiritualidades&#8230;<\/p>\n<p><iframe loading=\"lazy\" style=\"border: 1px solid #CCC; border-width: 1px; margin-bottom: 5px; max-width: 100%;\" src=\"\/\/www.slideshare.net\/slideshow\/embed_code\/key\/z2bS3PQ4z4NgXZ\" width=\"595\" height=\"485\" frameborder=\"0\" marginwidth=\"0\" marginheight=\"0\" scrolling=\"no\" allowfullscreen=\"allowfullscreen\"> <\/iframe><\/p>\n<div style=\"margin-bottom: 5px;\"><strong> <a title=\"Religi\u00f5es e \u00c9tica\" href=\"\/\/www.slideshare.net\/GilbrazArago\/religies-e-tica\" target=\"_blank\" rel=\"noopener\">Religi\u00f5es e \u00c9tica<\/a> <\/strong> from <strong><a href=\"https:\/\/www.slideshare.net\/GilbrazArago\" target=\"_blank\" rel=\"noopener\">Gilbraz Arag\u00e3o<\/a><\/strong><\/div>\n<div><span style=\"color: #ffffff;\">\u00a0&#8230;<\/span><\/div>\n<div><span style=\"color: #ffffff;\">\u00a0&#8230;<\/span><\/div>\n<div style=\"text-align: right;\"><span style=\"color: #333333;\">Pra saber mais\u00a0<\/span><\/div>\n<div style=\"text-align: right;\"><span style=\"display: inline !important; float: none; background-color: transparent; color: #6a6c6e; font-family: 'Lato','Helvetica Neue',Helvetica,Arial,sans-serif; font-size: 18px; font-style: normal; font-variant: normal; font-weight: 400; letter-spacing: normal; orphans: 2; text-align: left; text-decoration: none; text-indent: 0px; text-transform: none; -webkit-text-stroke-width: 0px; white-space: normal; word-spacing: 0px;\"><a href=\"http:\/\/www.weltethos.org\/1-pdf\/10-stiftung\/declaration\/declaration_portuguese.pdf\" target=\"_blank\" rel=\"noopener\">declara\u00e7\u00e3o de \u00e9tica mundial<\/a>, animada por Kung e parlamento das religi\u00f5es mundiais, 1993<\/span><\/div>\n<div style=\"text-align: right;\"><a href=\"https:\/\/charterforcompassion.org\/portuguese\" target=\"_blank\" rel=\"noopener\">carta da compaix\u00e3o<\/a>, animada por Armstrong, 2013<\/div>\n<div style=\"text-align: right;\"><a href=\"http:\/\/worldsreligions2016.org\/declaration\/\" target=\"_blank\" rel=\"noopener\">declara\u00e7\u00e3o universal dos direitos humanos pelas religi\u00f5es do mundo<\/a>, confer\u00eancia global das religi\u00f5es, 2016<\/div>\n<div><span style=\"color: #ffffff;\">\u00a0&#8230;<\/span><\/div>\n<div><span style=\"color: #ffffff;\">\u00a0&#8230;<\/span><\/div>\n","protected":false},"excerpt":{"rendered":"<p>O\u00a0F\u00f3rum Inter-Religioso da UNICAP\u00a0 preparou em 2015 uma s\u00e9rie sobre Religi\u00f5es e \u00c9tica. As sess\u00f5es do F\u00f3rum foram organizadas como cines-debate, em torno dos filmes \u201cReligi\u00f5es do Mundo\u201d, produzidos pelo\u00a0Projeto de \u00c9tica Mundial\u00a0do te\u00f3logo Hans Kung. Esse Projeto se apoia em quatro convic\u00e7\u00f5es b\u00e1sicas: n\u00e3o h\u00e1 paz entre as na\u00e7\u00f5es sem paz entre as religi\u00f5es;&#8230; <\/p>\n<div class=\"link-more\"><a href=\"https:\/\/www1.unicap.br\/observatorio2\/?page_id=3762\">Leia mais<\/a><\/div>\n","protected":false},"author":2,"featured_media":0,"parent":34,"menu_order":0,"comment_status":"closed","ping_status":"closed","template":"","meta":{"footnotes":""},"class_list":["post-3762","page","type-page","status-publish","hentry"],"_links":{"self":[{"href":"https:\/\/www1.unicap.br\/observatorio2\/index.php?rest_route=\/wp\/v2\/pages\/3762","targetHints":{"allow":["GET"]}}],"collection":[{"href":"https:\/\/www1.unicap.br\/observatorio2\/index.php?rest_route=\/wp\/v2\/pages"}],"about":[{"href":"https:\/\/www1.unicap.br\/observatorio2\/index.php?rest_route=\/wp\/v2\/types\/page"}],"author":[{"embeddable":true,"href":"https:\/\/www1.unicap.br\/observatorio2\/index.php?rest_route=\/wp\/v2\/users\/2"}],"replies":[{"embeddable":true,"href":"https:\/\/www1.unicap.br\/observatorio2\/index.php?rest_route=%2Fwp%2Fv2%2Fcomments&post=3762"}],"version-history":[{"count":12,"href":"https:\/\/www1.unicap.br\/observatorio2\/index.php?rest_route=\/wp\/v2\/pages\/3762\/revisions"}],"predecessor-version":[{"id":5993,"href":"https:\/\/www1.unicap.br\/observatorio2\/index.php?rest_route=\/wp\/v2\/pages\/3762\/revisions\/5993"}],"up":[{"embeddable":true,"href":"https:\/\/www1.unicap.br\/observatorio2\/index.php?rest_route=\/wp\/v2\/pages\/34"}],"wp:attachment":[{"href":"https:\/\/www1.unicap.br\/observatorio2\/index.php?rest_route=%2Fwp%2Fv2%2Fmedia&parent=3762"}],"curies":[{"name":"wp","href":"https:\/\/api.w.org\/{rel}","templated":true}]}}