{"id":3493,"date":"2017-07-30T17:08:30","date_gmt":"2017-07-30T20:08:30","guid":{"rendered":"https:\/\/www1.unicap.br\/observatorio2\/?page_id=3493"},"modified":"2017-07-30T17:30:36","modified_gmt":"2017-07-30T20:30:36","slug":"cultura-religiao-e-liberdade","status":"publish","type":"page","link":"https:\/\/www1.unicap.br\/observatorio2\/?page_id=3493","title":{"rendered":"Cultura, Religi\u00e3o e Liberdade"},"content":{"rendered":"<p style=\"text-align: center;\">CULTURA, RELIGI\u00c3O E LIBERDADE<\/p>\n<p><a href=\"https:\/\/www1.unicap.br\/observatorio2\/?attachment_id=3495\" rel=\"attachment wp-att-3495\"><img loading=\"lazy\" decoding=\"async\" class=\"size-full wp-image-3495 alignleft\" src=\"https:\/\/www1.unicap.br\/observatorio2\/wp-content\/uploads\/2017\/07\/18157879_10211107715722192_6375899307429480946_n.jpg\" alt=\"\" width=\"232\" height=\"232\" srcset=\"https:\/\/www1.unicap.br\/observatorio2\/wp-content\/uploads\/2017\/07\/18157879_10211107715722192_6375899307429480946_n.jpg 232w, https:\/\/www1.unicap.br\/observatorio2\/wp-content\/uploads\/2017\/07\/18157879_10211107715722192_6375899307429480946_n-150x150.jpg 150w\" sizes=\"auto, (max-width: 232px) 100vw, 232px\" \/><br \/>\n<\/a><\/p>\n<p>O livrinho &#8220;Cultura, religi\u00e3o e liberdade&#8221; \u00e9 material did\u00e1tico produzido pelo <a href=\"https:\/\/www.facebook.com\/fronteirasweb\" target=\"_blank\" rel=\"noopener\">Fronteiras do Pensamento <\/a>, projeto que h\u00e1 uma d\u00e9cada realiza, anualmente no Brasil, confer\u00eancias internacionais que servem como plataforma para o debate sobre o futuro da civiliza\u00e7\u00e3o e a cria\u00e7\u00e3o de v\u00e1rios conte\u00fados, como o Fronteiras Educa\u00e7\u00e3o, m\u00f3dulo educacional do projeto que promove di\u00e1logos com a Gera\u00e7\u00e3o Z e os seus professores.<\/p>\n<p>Atrav\u00e9s de fasc\u00edculos e de aulas especiais, gera bate-papos sobre alguns temas-chave essenciais para compreendermos o mundo contempor\u00e2neo. O objetivo \u00e9 subsidiar debates sobre\u00a0os paradigmas, os problemas e as possibilidades da sociedade atual, apontando para avan\u00e7os no futuro e animando a constru\u00e7\u00e3o de\u00a0uma sociedade em que todos tenham sua dignidade reconhecida, num mundo mais solid\u00e1rio, tolerante e sustent\u00e1vel.<\/p>\n<p>&#8220;Cultura, religi\u00e3o e liberdade&#8221; aborda a discuss\u00e3o sobre Cria\u00e7\u00e3o e Evolu\u00e7\u00e3o, trata do debate sobre Laicidade e Fundamentalismo, ensaia a reflex\u00e3o sobre \u00c9tica, Ci\u00eancia e F\u00e9, apresenta as Religi\u00f5es no Mundo e coloca quest\u00f5es filos\u00f3ficas sobre Seculariza\u00e7\u00e3o e Pluralismo. Serve bem para come\u00e7ar um encontro e puxar uma conversa&#8230;<\/p>\n<h5 style=\"text-align: right;\">Clique <a href=\"http:\/\/www.fronteiras.com\/ativemanager\/uploads\/arquivos\/educacional\/28ee959c29a93a7247152605bce47ca5.pdf\" target=\"_blank\" rel=\"noopener\">aqui<\/a> para baixar o livrinho<\/h5>\n<p>&nbsp;<\/p>\n","protected":false},"excerpt":{"rendered":"<p>CULTURA, RELIGI\u00c3O E LIBERDADE O livrinho &#8220;Cultura, religi\u00e3o e liberdade&#8221; \u00e9 material did\u00e1tico produzido pelo Fronteiras do Pensamento , projeto que h\u00e1 uma d\u00e9cada realiza, anualmente no Brasil, confer\u00eancias internacionais que servem como plataforma para o debate sobre o futuro da civiliza\u00e7\u00e3o e a cria\u00e7\u00e3o de v\u00e1rios conte\u00fados, como o Fronteiras Educa\u00e7\u00e3o, m\u00f3dulo educacional do&#8230; <\/p>\n<div class=\"link-more\"><a href=\"https:\/\/www1.unicap.br\/observatorio2\/?page_id=3493\">Leia mais<\/a><\/div>\n","protected":false},"author":2,"featured_media":0,"parent":34,"menu_order":0,"comment_status":"closed","ping_status":"closed","template":"","meta":{"footnotes":""},"class_list":["post-3493","page","type-page","status-publish","hentry"],"_links":{"self":[{"href":"https:\/\/www1.unicap.br\/observatorio2\/index.php?rest_route=\/wp\/v2\/pages\/3493","targetHints":{"allow":["GET"]}}],"collection":[{"href":"https:\/\/www1.unicap.br\/observatorio2\/index.php?rest_route=\/wp\/v2\/pages"}],"about":[{"href":"https:\/\/www1.unicap.br\/observatorio2\/index.php?rest_route=\/wp\/v2\/types\/page"}],"author":[{"embeddable":true,"href":"https:\/\/www1.unicap.br\/observatorio2\/index.php?rest_route=\/wp\/v2\/users\/2"}],"replies":[{"embeddable":true,"href":"https:\/\/www1.unicap.br\/observatorio2\/index.php?rest_route=%2Fwp%2Fv2%2Fcomments&post=3493"}],"version-history":[{"count":5,"href":"https:\/\/www1.unicap.br\/observatorio2\/index.php?rest_route=\/wp\/v2\/pages\/3493\/revisions"}],"predecessor-version":[{"id":3501,"href":"https:\/\/www1.unicap.br\/observatorio2\/index.php?rest_route=\/wp\/v2\/pages\/3493\/revisions\/3501"}],"up":[{"embeddable":true,"href":"https:\/\/www1.unicap.br\/observatorio2\/index.php?rest_route=\/wp\/v2\/pages\/34"}],"wp:attachment":[{"href":"https:\/\/www1.unicap.br\/observatorio2\/index.php?rest_route=%2Fwp%2Fv2%2Fmedia&parent=3493"}],"curies":[{"name":"wp","href":"https:\/\/api.w.org\/{rel}","templated":true}]}}