{"id":3486,"date":"2017-07-30T16:52:15","date_gmt":"2017-07-30T19:52:15","guid":{"rendered":"https:\/\/www1.unicap.br\/observatorio2\/?page_id=3486"},"modified":"2024-01-02T10:00:22","modified_gmt":"2024-01-02T13:00:22","slug":"transmutacao-das-religioes","status":"publish","type":"page","link":"https:\/\/www1.unicap.br\/observatorio2\/?page_id=3486","title":{"rendered":"Transmuta\u00e7\u00e3o das Religi\u00f5es"},"content":{"rendered":"<p style=\"text-align: center;\">O PROCESSO DE TRANSMUTA\u00c7\u00c3O ENTRE AS RELIGI\u00d5ES MUNDIAIS E AS RELIGI\u00d5ES BRASILEIRAS<\/p>\n<p style=\"text-align: right;\">Rafael Vila\u00e7a Epifani Costa<\/p>\n<p style=\"text-align: right;\">Doutor e Mestre em Ci\u00eancias da Religi\u00e3o e Bacharel em Direito pela Universidade Cat\u00f3lica de Pernambuco (UNICAP). Graduado em Teologia pela Universidade Cat\u00f3lica Dom Bosco (UCDB).<\/p>\n<p>De acordo com Christopher Partridge (2006, p. 14), as religi\u00f5es nunca s\u00e3o est\u00e1ticas, uma vez que, em maior ou menor escala, se encontram em permanente processo de evolu\u00e7\u00e3o. Os t\u00edtulos em quest\u00e3o buscam transparecer este fato, destacando o termo \u201cTransmuta\u00e7\u00e3o\u201d. O verbo <em>Transmutar<\/em> significa \u201cFazer com que fique diferente; ir de um lugar para outro; mudar de uma circunst\u00e2ncia para outra; transformar ou transformar-se\u201d. Logo, a \u201cTransmuta\u00e7\u00e3o entre as Religi\u00f5es\u201d aqui \u00e9 entendida como o processo onde uma tradi\u00e7\u00e3o religiosa muda ao longo do tempo, transformando-se em uma nova religi\u00e3o, que por sua vez, d\u00e1 origem a um novo grupo. O intuito destes dois quadros \u00e9 mostrar como as Religi\u00f5es, seus grupos internos e as correntes de pensamento religiosas (ou ateias), se originaram, evolu\u00edram e se reorganizaram ao longo da Hist\u00f3ria.<\/p>\n<p>O primeiro quadro \u00e9 formado pelas Religi\u00f5es Mundiais. Nele, parte-se de dois fen\u00f4menos que marcam o in\u00edcio do fen\u00f4meno religioso: os <em>Sepultamentos Primitivos<\/em> e as <em>Pinturas Pr\u00e9-hist\u00f3ricas em Cavernas<\/em>. Juntamente com o <em>surgimento da Agricultura<\/em>, o <em>Animismo<\/em> d\u00e1 origem \u00e0s religi\u00f5es organizadas, que se desenvolvem pelo gr\u00e1fico a partir desse sistema primordial de cren\u00e7as. J\u00e1 o quadro sobre as Religi\u00f5es Brasileiras, parte de dois momentos. O primeiro \u00e9 desenvolvido a partir da tr\u00edade <em>Sepultamentos Primitivos<\/em>, <em>Pinturas<\/em> <em>Pr\u00e9-hist\u00f3ricas<\/em> e <em>Animismo<\/em>, para explicar o surgimento das Religi\u00f5es Afro-Ind\u00edgenas. E o segundo, com a chegada da Igreja Cat\u00f3lica Apost\u00f3lica Romana (ICAR) no Brasil, que direciona o desenvolvimento de outras religi\u00f5es e grupos religiosos estabelecidos no pa\u00eds. As cores apresentadas apenas t\u00eam a fun\u00e7\u00e3o de destacar os grupos uns dos outros, de modo que o principal a ser observado s\u00e3o as setas que direcionam os caminhos percorridos por cada um. Cabe ressaltar que muitas delas apontam n\u00e3o apenas a origem de determinado grupo, mas tamb\u00e9m elementos de outras religi\u00f5es que o constitui (ex.: <em>Juda\u00edsmo Primitivo<\/em>, originado da religi\u00e3o dos povos<em> hebreu <\/em>e<em> cananeu<\/em>, e constitu\u00eddo de elementos do <em>Culto Eg\u00edpcio<\/em> e do <em>Zoroastrismo<\/em>).<\/p>\n<p>Tais quadros n\u00e3o pretendem apresentar uma estimativa num\u00e9rica sobre as Religi\u00f5es Mundiais e Religi\u00f5es Brasileiras, mas apontar de onde elas v\u00eam, para onde v\u00e3o, e como se organizam dentro dos ramos em que est\u00e3o inseridas. Dessa forma, trata-se de uma pequena amostra, considerando-se a quantidade de grupos que n\u00e3o foram abordados. \u00c0 primeira vista, os gr\u00e1ficos parecem confusos, mas a ideia \u00e9 justamente estimular o leitor a desembaralhar esse espectro de cores para melhor compreender a diversidade existente entre as tradi\u00e7\u00f5es religiosas, ao mesmo tempo em que, dentro desse complexo quadro, tamb\u00e9m se revelam as suas proximidades.<\/p>\n<p style=\"text-align: right;\">Refer\u00eancia: PARTRIDGE, Christopher (Org.). <em>Enciclop\u00e9dia das Novas Religi\u00f5es<\/em>. Lisboa: Verbo, 2006.<\/p>\n<figure id=\"attachment_3487\" aria-describedby=\"caption-attachment-3487\" style=\"width: 957px\" class=\"wp-caption aligncenter\"><a href=\"https:\/\/www1.unicap.br\/observatorio2\/?attachment_id=3487\" rel=\"attachment wp-att-3487\"><img loading=\"lazy\" decoding=\"async\" class=\"size-full wp-image-3487\" src=\"https:\/\/www1.unicap.br\/observatorio2\/wp-content\/uploads\/2017\/07\/religi\u00c3\u00b5es.bmp\" alt=\"\" width=\"957\" height=\"1362\" \/><\/a><figcaption id=\"caption-attachment-3487\" class=\"wp-caption-text\">Religi\u00f5es Mundiais<\/figcaption><\/figure>\n<figure id=\"attachment_3490\" aria-describedby=\"caption-attachment-3490\" style=\"width: 957px\" class=\"wp-caption aligncenter\"><a href=\"https:\/\/www1.unicap.br\/observatorio2\/?attachment_id=3490\" rel=\"attachment wp-att-3490\"><img loading=\"lazy\" decoding=\"async\" class=\"size-full wp-image-3490\" src=\"https:\/\/www1.unicap.br\/observatorio2\/wp-content\/uploads\/2017\/07\/religi\u00c3\u00b5es-brasil.bmp\" alt=\"\" width=\"957\" height=\"1362\" \/><\/a><figcaption id=\"caption-attachment-3490\" class=\"wp-caption-text\">Religi\u00f5es no Brasil<\/figcaption><\/figure>\n<h5><\/h5>\n<h5 style=\"text-align: right;\">Ampliando os Quadros:<\/h5>\n<h5 style=\"text-align: right;\"><a href=\"https:\/\/the40foundation.org\/world-religions-tree.html\" target=\"_blank\" rel=\"noopener\">The World Religions Tree<\/a><\/h5>\n<h5 style=\"text-align: right;\"><a href=\"https:\/\/www.facebook.com\/photo\/?fbid=881039088688342&amp;set=pb.100044393650534.-2207520000.\" target=\"_blank\" rel=\"noopener\">The Evolutionary Tree of Religion<\/a><\/h5>\n<p><span style=\"color: #ffffff;\">.<\/span><\/p>\n","protected":false},"excerpt":{"rendered":"<p>O PROCESSO DE TRANSMUTA\u00c7\u00c3O ENTRE AS RELIGI\u00d5ES MUNDIAIS E AS RELIGI\u00d5ES BRASILEIRAS Rafael Vila\u00e7a Epifani Costa Doutor e Mestre em Ci\u00eancias da Religi\u00e3o e Bacharel em Direito pela Universidade Cat\u00f3lica de Pernambuco (UNICAP). Graduado em Teologia pela Universidade Cat\u00f3lica Dom Bosco (UCDB). De acordo com Christopher Partridge (2006, p. 14), as religi\u00f5es nunca s\u00e3o est\u00e1ticas,&#8230; <\/p>\n<div class=\"link-more\"><a href=\"https:\/\/www1.unicap.br\/observatorio2\/?page_id=3486\">Leia mais<\/a><\/div>\n","protected":false},"author":2,"featured_media":0,"parent":34,"menu_order":0,"comment_status":"closed","ping_status":"closed","template":"","meta":{"footnotes":""},"class_list":["post-3486","page","type-page","status-publish","hentry"],"_links":{"self":[{"href":"https:\/\/www1.unicap.br\/observatorio2\/index.php?rest_route=\/wp\/v2\/pages\/3486","targetHints":{"allow":["GET"]}}],"collection":[{"href":"https:\/\/www1.unicap.br\/observatorio2\/index.php?rest_route=\/wp\/v2\/pages"}],"about":[{"href":"https:\/\/www1.unicap.br\/observatorio2\/index.php?rest_route=\/wp\/v2\/types\/page"}],"author":[{"embeddable":true,"href":"https:\/\/www1.unicap.br\/observatorio2\/index.php?rest_route=\/wp\/v2\/users\/2"}],"replies":[{"embeddable":true,"href":"https:\/\/www1.unicap.br\/observatorio2\/index.php?rest_route=%2Fwp%2Fv2%2Fcomments&post=3486"}],"version-history":[{"count":9,"href":"https:\/\/www1.unicap.br\/observatorio2\/index.php?rest_route=\/wp\/v2\/pages\/3486\/revisions"}],"predecessor-version":[{"id":8131,"href":"https:\/\/www1.unicap.br\/observatorio2\/index.php?rest_route=\/wp\/v2\/pages\/3486\/revisions\/8131"}],"up":[{"embeddable":true,"href":"https:\/\/www1.unicap.br\/observatorio2\/index.php?rest_route=\/wp\/v2\/pages\/34"}],"wp:attachment":[{"href":"https:\/\/www1.unicap.br\/observatorio2\/index.php?rest_route=%2Fwp%2Fv2%2Fmedia&parent=3486"}],"curies":[{"name":"wp","href":"https:\/\/api.w.org\/{rel}","templated":true}]}}