{"id":3398,"date":"2017-07-30T07:59:32","date_gmt":"2017-07-30T10:59:32","guid":{"rendered":"https:\/\/www1.unicap.br\/observatorio2\/?page_id=3398"},"modified":"2018-03-15T11:39:32","modified_gmt":"2018-03-15T14:39:32","slug":"programacao-2017-2","status":"publish","type":"page","link":"https:\/\/www1.unicap.br\/observatorio2\/?page_id=3398","title":{"rendered":"Programa\u00e7\u00e3o 2017.2"},"content":{"rendered":"<figure id=\"attachment_3574\" aria-describedby=\"caption-attachment-3574\" style=\"width: 960px\" class=\"wp-caption aligncenter\"><a href=\"https:\/\/www1.unicap.br\/observatorio2\/wp-content\/uploads\/2017\/07\/18342547_10211203868885961_7282923305786450576_n.jpg\"><img loading=\"lazy\" decoding=\"async\" class=\"wp-image-3574 size-full\" src=\"https:\/\/www1.unicap.br\/observatorio2\/wp-content\/uploads\/2017\/07\/18342547_10211203868885961_7282923305786450576_n.jpg\" alt=\"\" width=\"960\" height=\"960\" srcset=\"https:\/\/www1.unicap.br\/observatorio2\/wp-content\/uploads\/2017\/07\/18342547_10211203868885961_7282923305786450576_n.jpg 960w, https:\/\/www1.unicap.br\/observatorio2\/wp-content\/uploads\/2017\/07\/18342547_10211203868885961_7282923305786450576_n-150x150.jpg 150w, https:\/\/www1.unicap.br\/observatorio2\/wp-content\/uploads\/2017\/07\/18342547_10211203868885961_7282923305786450576_n-300x300.jpg 300w\" sizes=\"auto, (max-width: 960px) 100vw, 960px\" \/><\/a><figcaption id=\"caption-attachment-3574\" class=\"wp-caption-text\">Lu, Ad\u00e9lia e Ray: as meninas do nosso Grupo de Estudos<\/figcaption><\/figure>\n<blockquote>\n<p style=\"text-align: right;\">A felicidade aparece para aqueles que choram.<br \/>\nPara aqueles que se machucam.<br \/>\nPara aqueles que buscam e tentam sempre.<br \/>\nE para aqueles que reconhecem<br \/>\na import\u00e2ncia das pessoas que passam por suas vidas.<br \/>\nA vida \u00e9 curta, mas as emo\u00e7\u00f5es que podemos deixar<br \/>\nduram uma eternidade.<br \/>\nA vida n\u00e3o \u00e9 de se brincar<br \/>\nporque um belo dia se morre.<\/p>\n<p style=\"text-align: right;\">Clarice Lispector<\/p>\n<\/blockquote>\n<p>&nbsp;<\/p>\n<p><strong>Grupo de Estudo<\/strong><\/p>\n<p>O Grupo de Estudos sobre Transdisciplinaridade e Di\u00e1logo, coordenado desde 2005\u00a0pelo prof. Gilbraz\u00a0na UNICAP, re\u00fane-se no segundo semestre de 2017 a partir de<strong>\u00a0<\/strong>16 de agosto, nas <strong>quartas-feiras<\/strong>, <strong>das 17 \u00e0s 18h<\/strong>, no\u00a0Programa de P\u00f3s-gradua\u00e7\u00e3o em Ci\u00eancias da Religi\u00e3o (8\u00ba andar do bloco G4) e \u00e9 aberto \u00e0 participa\u00e7\u00e3o de pesquisadores, doutorandos, mestrandos e tamb\u00e9m a\u00a0graduandos interessados na inicia\u00e7\u00e3o cient\u00edfica, al\u00e9m de militantes do di\u00e1logo inter-religioso. Os membros que est\u00e3o registrados no <a href=\"https:\/\/espdialogo.wordpress.com\/\" target=\"_blank\" rel=\"noopener noreferrer\">Grupo de Pesquisa Espiritualidades, Pluralidade e Di\u00e1logo<\/a> devem, ao menos,\u00a0participar de 1\/3 das reuni\u00f5es e apresentar uma produ\u00e7\u00e3o acad\u00eamica anual.<\/p>\n<p>Nas reuni\u00f5es semanais do Grupo os participantes compartilham o andamento de suas pesquisas e depois prosseguem com o estudo de uma obra: neste semestre vamos continuar discutindo o livro <a href=\"http:\/\/www.companhiadasletras.com.br\/detalhe.php?codigo=13918\" target=\"_blank\" rel=\"noopener noreferrer\">Campos de sangue, religi\u00e3o e a hist\u00f3ria da viol\u00eancia<\/a>, de <a href=\"http:\/\/estudosdereligiao.blogspot.com.br\/2013\/08\/as-religioes-e-sua-influencia-social.html\" target=\"_blank\" rel=\"noopener noreferrer\">Karen Armstrong<\/a>. No Brasil e pelo mundo crescem os casos de intoler\u00e2ncia e viol\u00eancia relacionados \u00e0 religi\u00e3o, aumentam as <a href=\"http:\/\/www.plataformadh.org.br\/files\/2016\/12\/relatorio-dh-e-estado-laico.pdf\" target=\"_blank\" rel=\"noopener noreferrer\">tens\u00f5es entre laicidade e religiosidade<\/a>,\u00a0mas a obra nos conduz a uma viagem pela hist\u00f3ria das maiores religi\u00f5es, mostrando que elas <a href=\"https:\/\/youtu.be\/bu_WqkHgYxE\" target=\"_blank\" rel=\"noopener noreferrer\">n\u00e3o s\u00e3o a causa <\/a>desses problemas. Trabalhando com foco na abordagem hist\u00f3rica e com abertura interdisciplinar, o livro vai nos ajudar a repensar o conceito de religi\u00e3o, idealmente\u00a0associada a justi\u00e7a e paz, atrav\u00e9s dos seus v\u00ednculos com o avesso disso: a viol\u00eancia.<\/p>\n<p>Neste semestre devemos finalizar tamb\u00e9m duas obras conjuntas do Grupo de Estudos: o segundo livro da cole\u00e7\u00e3o &#8220;Espiritualidades, transdisciplinaridade e di\u00e1logo&#8221; e um material did\u00e1tico multimeios sobre &#8220;Morte e al\u00e9m nas religi\u00f5es e tradi\u00e7\u00f5es&#8221; (em parceria com o <a href=\"http:\/\/www.gper.com.br\/\" target=\"_blank\" rel=\"noopener\">GPER<\/a>). Al\u00e9m disso, v\u00e1rios participantes do Grupo est\u00e3o publicando livros com as suas pesquisas mais avan\u00e7adas (acompanhe por <a href=\"https:\/\/www1.unicap.br\/observatorio2\/?page_id=31\" target=\"_blank\" rel=\"noopener\">aqui<\/a>), assim como artigos para socializar e discutir pesquisas em andamento (veja <a href=\"https:\/\/www1.unicap.br\/observatorio2\/?page_id=22\" target=\"_blank\" rel=\"noopener\">aqui<\/a> nos seus curr\u00edculos). Ao infinito e al\u00e9m!<\/p>\n<p>&nbsp;<\/p>\n<p><strong>F\u00f3rum Inter-religioso<\/strong><\/p>\n<p>O <a href=\"https:\/\/www1.unicap.br\/observatorio2\/?page_id=34\" target=\"_blank\" rel=\"noopener noreferrer\">F\u00f3rum Inter-Religioso da UNICAP<\/a>, organizado pelo nosso Observat\u00f3rio, articula desde 2007 uma s\u00e9rie de encontros\u00a0com animadores das tradi\u00e7\u00f5es espirituais da regi\u00e3o, para re-conhecimento humano da f\u00e9 e exerc\u00edcio do respeito \u00e0 diversidade de suas express\u00f5es, para reflex\u00e3o sobre a viv\u00eancia pluralista do sagrado e ensaio de uma m\u00edstica trans-religiosa.\u00a0Ap\u00f3s estudar as principais religi\u00f5es no Recife\u00a0e tamb\u00e9m aprofundar tem\u00e1ticas transversais \u00e0s grandes linhagens, o F\u00f3rum da UNICAP est\u00e1 se debru\u00e7ando agora sobre os desafios te\u00f3ricos, fenomenol\u00f3gicos e hermen\u00eauticos, para\u00a0a compreens\u00e3o cr\u00edtica e engajada da nossa religiosidade: hoje em dia, o que \u00e9 mesmo sagrado em nossas cidades?!<\/p>\n<p><span style=\"font-size: 1.8rem; line-height: 1.75;\">Neste semestre o nosso F\u00f3rum est\u00e1 completando uma d\u00e9cada e vamos ter dois momentos intensos para rever e prever a sua caminhada. Os encontros s\u00e3o em dias de segunda-feira,<\/span><span style=\"font-size: 1.8rem; line-height: 1.75;\">\u00a0<\/span><strong style=\"font-size: 1.8rem; line-height: 1.75;\">das 16 \u00e0s 19h<\/strong><span style=\"font-size: 1.8rem; line-height: 1.75;\">, no Audit\u00f3rio do CTCH (primeiro andar do bloco B) da Universidade:<\/span><span style=\"font-size: 1.8rem; line-height: 1.75;\">\u00a0<\/span><\/p>\n<p><strong>Dia 18 de setembro<\/strong>: O F\u00f3rum Inter-religioso da UNICAP e o seu rizoma &#8211; <a href=\"https:\/\/www1.unicap.br\/observatorio2\/?p=3688\" target=\"_blank\" rel=\"noopener\">Encontro dos F\u00f3runs Escolares da Diversidade Religiosa com representantes das religi\u00f5es do F\u00f3rum Di\u00e1logos<\/a>.<\/p>\n<p><strong>Dia 9 de outubro<\/strong>: Dez anos do F\u00f3rum Inter-religioso da UNICAP &#8211; Encontro de Avalia\u00e7\u00e3o e Planejamento.<\/p>\n<p>&nbsp;<\/p>\n<p><strong>Encontros e Semin\u00e1rios<\/strong><\/p>\n<p>A equipe do Observat\u00f3rio Transdisciplinar das Religi\u00f5es no Recife est\u00e1 envolvida igualmente na anima\u00e7\u00e3o de v\u00e1rios eventos relacionados ao di\u00e1logo, em parceria com outros grupos universit\u00e1rios e de educa\u00e7\u00e3o comunit\u00e1ria:<\/p>\n<p>Novas fronteiras do Ensino Religioso: pelos caminhos do di\u00e1logo &#8211;\u00a0<strong>14 e 15 de agosto<\/strong>, semin\u00e1rio com S\u00e9rgio Junqueira e <a href=\"http:\/\/www.gper.com.br\/\" target=\"_blank\" rel=\"noopener noreferrer\">GPER<\/a>, na UNICAP.<\/p>\n<p><span style=\"font-size: 1.8rem; line-height: 1.75;\">Di\u00e1logo inter-religioso e laicidade do Estado\u00a0<\/span>&#8211; <strong>15 e 16 de agosto<\/strong>, participa\u00e7\u00e3o no<span style=\"font-size: 1.8rem; line-height: 1.75;\">\u00a0<\/span><a href=\"https:\/\/www.facebook.com\/photo.php?fbid=1544920228880540&amp;set=gm.1409797325794631&amp;type=3&amp;theater\" target=\"_blank\" rel=\"noopener\">Semin\u00e1rio Sergipano de Di\u00e1logo Inter-religioso<\/a><span style=\"line-height: inherit; font-size: 1.8rem;\">, na Universidade Federal de Sergipe.<\/span><\/p>\n<p>Religi\u00f5es, basta \u00e0 intoler\u00e2ncia: religiosidade, viol\u00eancia, diversidade, respeito &#8211; <strong>18 de agosto<\/strong>, 19 \u00e0s 21h, participa\u00e7\u00e3o na <a href=\"https:\/\/www1.unicap.br\/assecom1\/dce-vai-promover-semana-dos-calouros\/\" target=\"_blank\" rel=\"noopener\">Semana dos Calouros do DCE<\/a>, audit\u00f3rio G1 da UNICAP.<\/p>\n<p>Articulando o di\u00e1logo inter-religioso no Observat\u00f3rio dos Jesu\u00edtas &#8211; <strong>22 e 23 de agosto<\/strong>, participa\u00e7\u00e3o no Conselho de Coordena\u00e7\u00e3o do <a href=\"http:\/\/olma.org.br\/\" target=\"_blank\" rel=\"noopener\">Observat\u00f3rio de Justi\u00e7a Socioambiental Luciano Mendes de Almeida<\/a>, no Centro Cultura dos Jesu\u00edtas, Bras\u00edlia.<\/p>\n<p><span style=\"font-size: 1.8rem; line-height: 1.75;\">O vento sopra onde quer &#8211; <strong>12 a 30 de setembro<\/strong>,<\/span><span style=\"font-size: 1.8rem; line-height: 1.75;\">\u00a0<\/span><a style=\"font-size: 1.8rem; line-height: 1.75; background-color: #ffffff;\" href=\"https:\/\/www1.unicap.br\/observatorio2\/?p=3706\" target=\"_blank\" rel=\"noopener\">mostra de arte e religi\u00e3o<\/a><span style=\"font-size: 1.8rem; line-height: 1.75;\">\u00a0<\/span><span style=\"font-size: 1.8rem; line-height: 1.75;\">com pinturas de Ad\u00e9lia Carvalho e banners do Observat\u00f3rio, na Biblioteca da UNICAP.<\/span><\/p>\n<p>Religi\u00e3o, migra\u00e7\u00e3o e mobilidade &#8211;\u00a0<strong>12 a 15 de setembro<\/strong>, participa\u00e7\u00e3o do Grupo de Pesquisa no <a href=\"https:\/\/www1.unicap.br\/observatorio2\/?p=3739\" target=\"_blank\" rel=\"noopener noreferrer\">Congresso da ANPTECRE<\/a>, Goi\u00e2nia.<\/p>\n<p>Articulando a Diversidade &#8211; <strong>19 e 20 de setembro<\/strong>, participa\u00e7\u00e3o na Reuni\u00e3o Ordin\u00e1ria do\u00a0<a href=\"http:\/\/www.sdh.gov.br\/sobre\/participacao-social\/cnrdr\" target=\"_blank\" rel=\"noopener\">Comit\u00ea\u00a0de Respeito \u00e0 Diversidade Religiosa<\/a> do Minist\u00e9rio dos Direitos Humanos, Bras\u00edlia.<\/p>\n<p>Ano dos Leigos &#8211; <strong>25 de setembro<\/strong>, assessoria na\u00a0Equipe de Reflex\u00e3o da <a href=\"http:\/\/cnbb.net.br\/category\/laicato\/\" target=\"_blank\" rel=\"noopener\">Comiss\u00e3o Episcopal de Comunidades de Base e Crist\u00e3os Leigos da CNBB<\/a>, Igreja Cat\u00f3lica, Bras\u00edlia.<\/p>\n<p>Escola p\u00fablica \u00e9 lugar de religi\u00e3o? &#8211; <strong>28 de setembro<\/strong> e <strong>5 de outubro<\/strong>, participa\u00e7\u00e3o em debates no Programa Bom Dia Universidade (<a href=\"https:\/\/www.facebook.com\/gilbraz.aragao\/posts\/10212425160377485?pnref=story\" target=\"_blank\" rel=\"noopener\">R\u00e1dioWebUPE<\/a>) e Fora da Curva (<a href=\"https:\/\/www.facebook.com\/gilbraz.aragao\/posts\/10212479346972116?pnref=story\" target=\"_blank\" rel=\"noopener\">R\u00e1dioUniversit\u00e1riaUFPE<\/a>).<\/p>\n<p>Di\u00e1logo inter-religioso &#8211; <strong>9 de outubro<\/strong>, participa\u00e7\u00e3o do Grupo de Pesquisa em mesa de debates da <a href=\"http:\/\/sopece.edu.br\/?p=4781\" target=\"_blank\" rel=\"noopener\">Semana Intercultural<\/a>\u00a0 da Faculdade de Ci\u00eancias Humanas de Pernambuco, Recife.<\/p>\n<p>Direitos Humanos, interculturalidade e diversidade religiosa &#8211; <strong>19 a 21 de outubro<\/strong>, participa\u00e7\u00e3o do Grupo de Pesquisa no <a href=\"https:\/\/www1.unicap.br\/observatorio2\/?p=3851\" target=\"_blank\" rel=\"noopener\">IX Congresso Nacional do Ensino Religioso e I Congresso Latino-americano de Educa\u00e7\u00e3o e Ci\u00eancias da Religi\u00e3o<\/a>, Natal.<\/p>\n<p>Revela\u00e7\u00f5es divinas e desenvolvimento da humanidade &#8211; <strong>21 de outubro<\/strong>, 19 a 22h, palestra na comemora\u00e7\u00e3o do <a href=\"https:\/\/bicentenary.bahai.org\/religion-renewed\" target=\"_blank\" rel=\"noopener\">bicenten\u00e1rio do nascimento de Baha&#8217;u&#8217;llah<\/a>, <a href=\"https:\/\/www.bahai.org.br\/\" target=\"_blank\" rel=\"noopener\">F\u00e9 Baha&#8217;i<\/a>, hotel Marriot no Recife.<\/p>\n<p>Paganismo e di\u00e1logo &#8211; <strong>22 de outubro<\/strong>, de 9 \u00e0s 18h, participa\u00e7\u00e3o no <a href=\"https:\/\/www.facebook.com\/PaganPrideDayPernambuco\/\" target=\"_blank\" rel=\"noopener\">Dia do Orgulho Pag\u00e3o<\/a>, na Casa Iraque, Recife.<\/p>\n<p><a href=\"https:\/\/www1.unicap.br\/observatorio2\/?p=3828\" target=\"_blank\" rel=\"noopener\">G\u00eanero e di\u00e1logo inter-religioso<\/a> &#8211; <strong>30 de outubro<\/strong>, 17 \u00e0s 18h30, roda de conversa com <a href=\"https:\/\/angeliquisses.wordpress.com\/\" target=\"_blank\" rel=\"noopener\">Ang\u00e9lica Tostes <\/a>no laborat\u00f3rio do PPGCR-UNICAP.<\/p>\n<p>Aprendendo a diversidade &#8211; <strong>6 e 22 de novembro e 5 e 12 de dezembro<\/strong>,\u00a0 interven\u00e7\u00f5es pedag\u00f3gicas em escolas p\u00fablicas sobre o <a href=\"https:\/\/www.facebook.com\/gilbraz.aragao\/posts\/10212770055239641\" target=\"_blank\" rel=\"noopener\">Respeito \u00e0 Diversidade do Sagrado<\/a>, em parceria com o Grande Recife Cons\u00f3rcio de Transportes, na regi\u00e3o do Xamb\u00e1, Recife.<\/p>\n<p>Estado laico e diversidade religiosa &#8211; <strong>7 de novembro<\/strong> \u00e0s 10h, confer\u00eancia no <a href=\"http:\/\/www.direitoshumanos.mg.gov.br\/index.php\/component\/gmg\/story\/2837-seminario-voltado-para-professores-discute-o-respeito-a-diversidade-religiosa\" target=\"_blank\" rel=\"noopener\">Semin\u00e1rio de Respeito \u00e0 Diversidade das Secretarias de Educa\u00e7\u00e3o e Direitos Humanos de Minas Gerais<\/a>, Belo Horizonte.<\/p>\n<p>Atualidade da reforma no cristianismo &#8211;\u00a0<strong>8 a 10 de novembro<\/strong>, participa\u00e7\u00e3o do <a href=\"https:\/\/www1.unicap.br\/observatorio2\/?p=3911\" target=\"_blank\" rel=\"noopener\">Grupo de Pesquisa no Congresso<\/a> Internacional do Projeto <a href=\"https:\/\/www.reforma500anos.org\/\" target=\"_blank\" rel=\"noopener noreferrer\">A heran\u00e7a da Reforma<\/a>, na UNICAP.<\/p>\n<p>Religi\u00e3o na escola &#8211; <strong>21 de novembro<\/strong> \u00e0s 10h, palestra em <a href=\"https:\/\/youtu.be\/1gbPojCVXBM\" target=\"_blank\" rel=\"noopener\">audi\u00eancia do pleno do Conselho Municipal de Educa\u00e7\u00e3o<\/a>, na C\u00e2mara Municipal, Recife.<\/p>\n<p>Islamismo e di\u00e1logo &#8211; <strong>22 de novembro<\/strong> \u00e0s 17h, roda de di\u00e1logo com o\u00a0Sheikh Hossein Khaliloo, l\u00edder religioso do <a href=\"https:\/\/www.facebook.com\/Centroimammahdibrasil\/\" target=\"_blank\" rel=\"noopener\">Centro do Imam Al\u00b4Mahdi<\/a>, entidade referencial do isl\u00e3 xiita no Brasil, no PPGCR-UNICAP.<\/p>\n<p>Religi\u00f5es afro-brasileiras e consci\u00eancia negra &#8211; <strong>23 de novembro<\/strong> \u00e0s 10h, participa\u00e7\u00e3o em mesa no <a href=\"http:\/\/www.alepe.pe.gov.br\/2017\/11\/23\/grande-expediente-especial-destaca-cultura-negra\/\" target=\"_blank\" rel=\"noopener\">Grande Expediente da Assembleia Legislativa de Pernambuco<\/a>, na ALEPE, Recife.<\/p>\n<p>Ecumenismo em Olinda e Recife &#8211; <strong>25 de novembro<\/strong> das 8 \u00e0s 12h, participa\u00e7\u00e3o em assessoria da Comiss\u00e3o de Pastoral para Ecumenismo e Di\u00e1logo Inter-religioso, na <a href=\"http:\/\/www.arquidioceseolindarecife.org\/2017\/11\/arquidiocese-convida-para-a-assembleia-arquidiocesana-de-pastoral-2017-na-unicap\/\" target=\"_blank\" rel=\"noopener\">Assembleia Arquidiocesana de Pastoral<\/a>, na UNICAP.<\/p>\n<p>Religiosidade e educa\u00e7\u00e3o em perspectiva transdisciplinar &#8211; <strong>29 de novembro<\/strong> \u00e0s 9h, roda de di\u00e1logo em Congresso sobre Transdisciplinaridade e Educa\u00e7\u00e3o na UFRPE.<\/p>\n<p>A dimens\u00e3o te\u00f3rica dos estudos de religi\u00e3o &#8211; <strong>30 de novembro<\/strong> \u00e0s 17h, roda de conversa com Emerson Silveira (UFJF) sobre <a href=\"https:\/\/www.facebook.com\/photo.php?fbid=10212892166932357&amp;set=a.4476439882513.165571.1635464909&amp;type=3&amp;theater\" target=\"_blank\" rel=\"noopener\">epistemologia e metodologias das Ci\u00eancias da Religi\u00e3o<\/a>, no PPGCR-UNICAP.<\/p>\n<p>A religiosidade de matriz africana e a legisla\u00e7\u00e3o vigente &#8211; <strong>1 de dezembro<\/strong>, 14 \u00e0s 17h, participa\u00e7\u00e3o em mesa no <a href=\"http:\/\/www.museuafrodigital.com.br\/seminario\/\" target=\"_blank\" rel=\"noopener\">Semin\u00e1rio Mem\u00f3ria e Resist\u00eancia do Povo de Terreiro<\/a>, no Museu da Aboli\u00e7\u00e3o, Recife.<\/p>\n<p>Encontro de espiritualidades &#8211; <strong>9 de dezembro<\/strong>, participa\u00e7\u00e3o no retiro inter-religioso do <a href=\"https:\/\/www.facebook.com\/forumdialogos\/\" target=\"_blank\" rel=\"noopener\">F\u00f3rum Di\u00e1logos<\/a>, no Convento das Dorot\u00e9ias, Olinda.<\/p>\n<p>Articulando a Diversidade \u2013 <strong>12 e 13 de dezembro<\/strong>, participa\u00e7\u00e3o na Reuni\u00e3o Ordin\u00e1ria do\u00a0<a href=\"http:\/\/www.sdh.gov.br\/sobre\/participacao-social\/cnrdr\" target=\"_blank\" rel=\"noopener\">Comit\u00ea\u00a0de Respeito \u00e0 Diversidade Religiosa<\/a> do Minist\u00e9rio dos Direitos Humanos, Bras\u00edlia.<\/p>\n<p>&nbsp;<\/p>\n<p><strong>Participa\u00e7\u00e3o em Comiss\u00f5es<\/strong><\/p>\n<p>O Observat\u00f3rio das Religi\u00f5es no Recife, atrav\u00e9s de representa\u00e7\u00f5es dos seus membros, participa ativamente de articula\u00e7\u00f5es e servi\u00e7os,\u00a0nacionais e regionais,\u00a0de promo\u00e7\u00e3o do di\u00e1logo e do ecumenismo:<\/p>\n<p>\u2013 <a href=\"http:\/\/www.sdh.gov.br\/sobre\/participacao-social\/cnrdr\" target=\"_blank\" rel=\"noopener\">Comit\u00ea\u00a0de Respeito \u00e0 Diversidade Religiosa<\/a> do Minist\u00e9rio dos Direitos Humanos, que inspira o <a href=\"http:\/\/tvbrasil.ebc.com.br\/entreoceueaterra\" target=\"_blank\" rel=\"noopener\">Programa de TV e WEB Entre o C\u00e9u e a Terra<\/a>, na Rede EBC. Participa\u00e7\u00e3o de Ros\u00e1lia.<\/p>\n<p>\u2013 Equipe de Reflex\u00e3o da <a href=\"http:\/\/cnbb.net.br\/category\/laicato\/\" target=\"_blank\" rel=\"noopener\">Comiss\u00e3o Episcopal de Comunidades de Base e Crist\u00e3os Leigos da CNBB<\/a>.<\/p>\n<p>\u2013 <a href=\"http:\/\/www.arquidioceseolindarecife.org\/ecumenismo-e-dialogo-interreligioso\/\" target=\"_blank\" rel=\"noopener\">Comiss\u00e3o de Pastoral para Ecumenismo e Di\u00e1logo Inter-religioso<\/a> da Arquidiocese de Olinda e Recife, que participa do <a href=\"https:\/\/www.facebook.com\/Programa-forma%C3%A7%C3%A3o-crist%C3%A3-radio-olinda-am-1030-287335801338846\/\">Programa de R\u00e1dio Bom Dia Universidade<\/a>, na R\u00e1dioWebUPE. Participa\u00e7\u00e3o de Artur.<\/p>\n<p>\u2013 <a href=\"https:\/\/www.facebook.com\/forumdialogos\" target=\"_blank\" rel=\"noopener\">F\u00f3rum Di\u00e1logos <\/a>\u2013 Associa\u00e7\u00e3o civil para Promo\u00e7\u00e3o da Diversidade Religiosa em Pernambuco. Participa\u00e7\u00e3o de Constantino e Karina.<\/p>\n<p>\u2013 <a href=\"https:\/\/www.facebook.com\/observatorioODREC\/\" target=\"_blank\" rel=\"noopener\">Observatorio de la diversidad religiosa y de las culturas en Am\u00e9rica Latina y el Caribe<\/a>.<\/p>\n<p>&#8211; <a href=\"http:\/\/olma.org.br\/\" target=\"_blank\" rel=\"noopener\">Observat\u00f3rio Nacional de Justi\u00e7a Socioambiental Luciano Mendes de Almeida.<\/a><\/p>\n<p>&nbsp;<\/p>\n<h5 style=\"text-align: right;\">Veja programa\u00e7\u00f5es anteriores por <a href=\"https:\/\/www1.unicap.br\/observatorio2\/?page_id=40\" target=\"_blank\" rel=\"noopener\">aqui<\/a>.<\/h5>\n<p>&nbsp;<\/p>\n","protected":false},"excerpt":{"rendered":"<p>A felicidade aparece para aqueles que choram. Para aqueles que se machucam. Para aqueles que buscam e tentam sempre. E para aqueles que reconhecem a import\u00e2ncia das pessoas que passam por suas vidas. A vida \u00e9 curta, mas as emo\u00e7\u00f5es que podemos deixar duram uma eternidade. A vida n\u00e3o \u00e9 de se brincar porque um&#8230; <\/p>\n<div class=\"link-more\"><a href=\"https:\/\/www1.unicap.br\/observatorio2\/?page_id=3398\">Leia mais<\/a><\/div>\n","protected":false},"author":2,"featured_media":0,"parent":40,"menu_order":0,"comment_status":"closed","ping_status":"closed","template":"","meta":{"footnotes":""},"class_list":["post-3398","page","type-page","status-publish","hentry"],"_links":{"self":[{"href":"https:\/\/www1.unicap.br\/observatorio2\/index.php?rest_route=\/wp\/v2\/pages\/3398","targetHints":{"allow":["GET"]}}],"collection":[{"href":"https:\/\/www1.unicap.br\/observatorio2\/index.php?rest_route=\/wp\/v2\/pages"}],"about":[{"href":"https:\/\/www1.unicap.br\/observatorio2\/index.php?rest_route=\/wp\/v2\/types\/page"}],"author":[{"embeddable":true,"href":"https:\/\/www1.unicap.br\/observatorio2\/index.php?rest_route=\/wp\/v2\/users\/2"}],"replies":[{"embeddable":true,"href":"https:\/\/www1.unicap.br\/observatorio2\/index.php?rest_route=%2Fwp%2Fv2%2Fcomments&post=3398"}],"version-history":[{"count":53,"href":"https:\/\/www1.unicap.br\/observatorio2\/index.php?rest_route=\/wp\/v2\/pages\/3398\/revisions"}],"predecessor-version":[{"id":4045,"href":"https:\/\/www1.unicap.br\/observatorio2\/index.php?rest_route=\/wp\/v2\/pages\/3398\/revisions\/4045"}],"up":[{"embeddable":true,"href":"https:\/\/www1.unicap.br\/observatorio2\/index.php?rest_route=\/wp\/v2\/pages\/40"}],"wp:attachment":[{"href":"https:\/\/www1.unicap.br\/observatorio2\/index.php?rest_route=%2Fwp%2Fv2%2Fmedia&parent=3398"}],"curies":[{"name":"wp","href":"https:\/\/api.w.org\/{rel}","templated":true}]}}