{"id":3164,"date":"2017-03-06T15:01:01","date_gmt":"2017-03-06T18:01:01","guid":{"rendered":"https:\/\/www1.unicap.br\/observatorio2\/?page_id=3164"},"modified":"2017-07-30T09:08:03","modified_gmt":"2017-07-30T12:08:03","slug":"programacao-2017","status":"publish","type":"page","link":"https:\/\/www1.unicap.br\/observatorio2\/?page_id=3164","title":{"rendered":"Programa\u00e7\u00e3o 2017"},"content":{"rendered":"<figure id=\"attachment_3410\" aria-describedby=\"caption-attachment-3410\" style=\"width: 960px\" class=\"wp-caption aligncenter\"><a href=\"https:\/\/www1.unicap.br\/observatorio2\/?attachment_id=3410\" rel=\"attachment wp-att-3410\"><img loading=\"lazy\" decoding=\"async\" class=\"size-full wp-image-3410\" src=\"https:\/\/www1.unicap.br\/observatorio2\/wp-content\/uploads\/2017\/03\/16730446_10210470773679039_806626873672489837_n.jpg\" alt=\"\" width=\"960\" height=\"869\" srcset=\"https:\/\/www1.unicap.br\/observatorio2\/wp-content\/uploads\/2017\/03\/16730446_10210470773679039_806626873672489837_n.jpg 960w, https:\/\/www1.unicap.br\/observatorio2\/wp-content\/uploads\/2017\/03\/16730446_10210470773679039_806626873672489837_n-300x272.jpg 300w, https:\/\/www1.unicap.br\/observatorio2\/wp-content\/uploads\/2017\/03\/16730446_10210470773679039_806626873672489837_n-331x300.jpg 331w\" sizes=\"auto, (max-width: 960px) 100vw, 960px\" \/><\/a><figcaption id=\"caption-attachment-3410\" class=\"wp-caption-text\">mons. Giovannetti (presidente da Funda\u00e7\u00e3o Jo\u00e3o Paulo II), prof. Gilbraz (romeiro do Meu Padim Ci\u00e7o), rev. Younan (presidente da Federa\u00e7\u00e3o Luterana Mundial) e fr. Faltas (ministro da Cust\u00f3dia da Terra Santa), no col\u00f3quio internacional Relendo a Reforma (Floren\u00e7a -It)<\/figcaption><\/figure>\n<p>&nbsp;<\/p>\n<p><strong>Grupo de Estudo<\/strong><\/p>\n<p>O Grupo de Estudo sobre Transdisciplinaridade e Di\u00e1logo, coordenado desde 2005\u00a0pelo prof. Gilbraz\u00a0na UNICAP, re\u00fane-se a partir de<strong>\u00a08 de mar\u00e7o<\/strong>, nas <strong>quartas-feiras<\/strong>, das 17 \u00e0s 18h, no\u00a0Programa de P\u00f3s-gradua\u00e7\u00e3o em Ci\u00eancias da Religi\u00e3o (8\u00ba andar do bloco G4) e \u00e9 aberto \u00e0 participa\u00e7\u00e3o de pesquisadores, doutorandos, mestrandos e tamb\u00e9m a\u00a0graduandos interessados na inicia\u00e7\u00e3o cient\u00edfica, al\u00e9m de militantes do di\u00e1logo inter-religioso. Os membros que est\u00e3o registrados no<a href=\"https:\/\/espdialogo.wordpress.com\/\" target=\"_blank\" rel=\"noopener noreferrer\"> Grupo de Pesquisa Espiritualidades, Pluralidade e Di\u00e1logo<\/a> devem, ao menos,\u00a0participar de 1\/3 das reuni\u00f5es e apresentar uma produ\u00e7\u00e3o acad\u00eamica anual.<\/p>\n<p>Nas reuni\u00f5es semanais do Grupo os participantes compartilham o andamento de suas pesquisas e depois prosseguem com o estudo de uma obra: neste semestre vamos amarrar a discuss\u00e3o do\u00a0livro <a href=\"https:\/\/books.google.com.br\/books?id=IFKaBQAAQBAJ&amp;lpg=PP1&amp;dq=se%20deus%20fosse%20um%20ativista%20dos%20direitos%20humanos&amp;hl=pt-BR&amp;pg=PT17#v=onepage&amp;q&amp;f=false\" target=\"_blank\" rel=\"noopener noreferrer\">E se Deus fosse um ativista dos direitos humanos<\/a>, de\u00a0<a href=\"http:\/\/www.bresserpereira.org.br\/terceiros\/2013\/outubro\/13.10-GrandeEntrevista-Boaventura.pdf\" target=\"_blank\" rel=\"noopener noreferrer\">Boaventura de Sousa Santos<\/a>. Ele apresenta o desafio de uma tradu\u00e7\u00e3o intercultural das teologias pol\u00edticas, tratando de vincular uma concep\u00e7\u00e3o contra hegem\u00f4nica do movimento de direitos humanos aos grupos religiosos libert\u00e1rios de v\u00e1rias tradi\u00e7\u00f5es espirituais.\u00a0Aprofundamos a quest\u00e3o porque nosso tempo turbulento de transforma\u00e7\u00e3o sociopol\u00edtica, em que o fator religioso tem sido decisivo,\u00a0demanda um maior envolvimento cr\u00edtico dos\u00a0estudiosos de religi\u00e3o no espa\u00e7o p\u00fablico.<\/p>\n<p>E decidimos que em seguida vamos estudar o livro <a href=\"http:\/\/www.companhiadasletras.com.br\/detalhe.php?codigo=13918\" target=\"_blank\" rel=\"noopener noreferrer\">Campos de sangue, religi\u00e3o e a hist\u00f3ria da viol\u00eancia<\/a>, de <a href=\"http:\/\/estudosdereligiao.blogspot.com.br\/2013\/08\/as-religioes-e-sua-influencia-social.html\" target=\"_blank\" rel=\"noopener noreferrer\">Karen Armstrong<\/a>. No Brasil e pelo mundo crescem os casos de intoler\u00e2ncia e viol\u00eancia relacionados \u00e0 religi\u00e3o, aumentam as <a href=\"http:\/\/www.plataformadh.org.br\/files\/2016\/12\/relatorio-dh-e-estado-laico.pdf\" target=\"_blank\" rel=\"noopener noreferrer\">tens\u00f5es entre laicidade e religiosidade<\/a>,\u00a0mas a obra nos conduz a uma viagem pela hist\u00f3ria das maiores religi\u00f5es, mostrando que elas <a href=\"https:\/\/youtu.be\/bu_WqkHgYxE\" target=\"_blank\" rel=\"noopener noreferrer\">n\u00e3o s\u00e3o a causa <\/a>desses problemas. Trabalhando com foco na abordagem hist\u00f3rica e com abertura interdisciplinar, o livro vai nos ajudar a repensar o conceito de religi\u00e3o, idealmente\u00a0associada a justi\u00e7a e paz, atrav\u00e9s dos seus v\u00ednculos com o avesso disso: a viol\u00eancia.<\/p>\n<p>&nbsp;<\/p>\n<p><strong>F\u00f3rum Inter-religioso<\/strong><\/p>\n<p>O <a href=\"https:\/\/www1.unicap.br\/observatorio2\/?page_id=34\" target=\"_blank\" rel=\"noopener noreferrer\"><u>F\u00f3rum Inter-Religioso da UNICAP<\/u><\/a>, organizado pelo nosso Observat\u00f3rio, articula desde 2007 uma s\u00e9rie de encontros\u00a0com animadores das tradi\u00e7\u00f5es espirituais da regi\u00e3o, para re-conhecimento humano da f\u00e9 e exerc\u00edcio do respeito \u00e0 diversidade de suas express\u00f5es, para reflex\u00e3o sobre a viv\u00eancia pluralista do sagrado e ensaio de uma m\u00edstica trans-religiosa.\u00a0Ap\u00f3s estudar as principais religi\u00f5es no Recife\u00a0e tamb\u00e9m aprofundar tem\u00e1ticas transversais \u00e0s grandes linhagens, o F\u00f3rum da UNICAP est\u00e1 se debru\u00e7ando agora sobre os desafios te\u00f3ricos, fenomenol\u00f3gicos e hermen\u00eauticos, para\u00a0a compreens\u00e3o cr\u00edtica e engajada da nossa religiosidade: hoje em dia, o que \u00e9 mesmo sagrado em nossas cidades?!<\/p>\n<p><strong>Dia 10 de abril<\/strong>:\u00a0<a href=\"https:\/\/www1.unicap.br\/observatorio2\/?p=3192\" target=\"_blank\" rel=\"noopener noreferrer\">Transforma\u00e7\u00f5es religiosas no Brasil: para al\u00e9m do Censo<\/a>. Participa\u00e7\u00e3o de Vanessa do Carmo, Mailson Cabral, Karina Oliveira&#8230;<\/p>\n<p><strong>Dia 8 de maio<\/strong>:\u00a0<a href=\"https:\/\/www1.unicap.br\/observatorio2\/?p=3208\" target=\"_blank\" rel=\"noopener noreferrer\">Direitos humanos e espiritualidades: interfaces<\/a>. Participa\u00e7\u00e3o de Mailson Souza, Maria L\u00facia dos Prazeres, Luisa Farias e Rayane Marinho\u2026<\/p>\n<p><strong>Dia 12 de junho<\/strong>:\u00a0<a href=\"https:\/\/www1.unicap.br\/observatorio2\/?p=3244\" target=\"_blank\" rel=\"noopener noreferrer\">A f\u00e9 do povo: exerc\u00edcios de religi\u00e3o comparada<\/a>. Participa\u00e7\u00e3o de Gilvan Neves, Silv\u00e9rio Pessoa, Maximilien de la Martiniere.<\/p>\n<p>Os encontros s\u00e3o normalmente em dias de segunda-feira, das 17 \u00e0s 18h30, na Sala de Teleconfer\u00eancias (t\u00e9rreo do bloco G4) da Universidade. As comunica\u00e7\u00f5es apresentadas e debatidas no F\u00f3rum ir\u00e3o compor\u00a0novo volume da s\u00e9rie de livros do nosso Grupo (saiba mais\u00a0por <a href=\"http:\/\/issuu.com\/marianovicente\/docs\/e-book_espiritualidades_transdiscip?e=9685843\/31003281\" target=\"_blank\" rel=\"noopener noreferrer\"><u>aqui<\/u><\/a>).<\/p>\n<p>&nbsp;<\/p>\n<p><strong>Encontros e Semin\u00e1rios<\/strong><\/p>\n<p>A equipe do Observat\u00f3rio Transdisciplinar das Religi\u00f5es no Recife est\u00e1 envolvida igualmente na anima\u00e7\u00e3o de v\u00e1rios eventos relacionados ao di\u00e1logo, em parceria com outros grupos universit\u00e1rios e de educa\u00e7\u00e3o comunit\u00e1ria:<\/p>\n<p><a href=\"https:\/\/www1.unicap.br\/observatorio2\/?p=3115\" target=\"_blank\" rel=\"noopener noreferrer\">Intoler\u00e2ncia religiosa no Brasil: situa\u00e7\u00e3o atual e perspectivas de enfrentamento<\/a> &#8211; <strong>21 de janeiro<\/strong>, participa\u00e7\u00e3o evento em rede do CNRDR.<\/p>\n<p><a href=\"https:\/\/www.facebook.com\/photo.php?fbid=10210256166834002&amp;set=a.10209534777479719.1073741844.1635464909&amp;type=3&amp;theater\" target=\"_blank\" rel=\"noopener noreferrer\">Mem\u00f3ria das v\u00edtimas do Holocausto<\/a> &#8211; <strong>27 de janeiro<\/strong>, participa\u00e7\u00e3o em cerim\u00f4nia na Sinagoga\u00a0kahal zur israel, Recife.<\/p>\n<p><a href=\"https:\/\/www1.unicap.br\/observatorio2\/?p=3127\" target=\"_blank\" rel=\"noopener noreferrer\">Di\u00e1logo inter-religioso e justi\u00e7a socioambiental<\/a> &#8211; <strong>16 e 17 de fevereiro<\/strong>, participa\u00e7\u00e3o em encontro do Observat\u00f3rio Nacional dos Jesu\u00edtas, Bras\u00edlia.<\/p>\n<p><a href=\"https:\/\/www1.unicap.br\/observatorio2\/?p=3143\" target=\"_blank\" rel=\"noopener noreferrer\">Relendo a Reforma do cristianismo<\/a> &#8211; <strong>20 a 22 de fevereiro<\/strong>, participa\u00e7\u00e3o em Col\u00f3quio Internacional de Ecumenismo, Floren\u00e7a.<\/p>\n<p>II Semin\u00e1rio do <a href=\"https:\/\/espdialogo.wordpress.com\/2017\/03\/03\/ii-seminario-do-grupo\/\" target=\"_blank\" rel=\"noopener noreferrer\">Grupo de Pesquisa Espiritualidades, Pluralidade e Di\u00e1logo <\/a>&#8211;\u00a0<strong>14 e 15 de mar\u00e7o<\/strong>, na UMESP.<\/p>\n<p><a href=\"https:\/\/www1.unicap.br\/estudosreligiao\/?p=804\" target=\"_blank\" rel=\"noopener noreferrer\">Territorialidade e pluralismo religioso<\/a> &#8211; <strong>20 de mar\u00e7o \u00e0s 15h30<\/strong>, banca do mestrado de Maria Vanessa do Carmo, na UNICAP.<\/p>\n<p><a href=\"https:\/\/www1.unicap.br\/estudosreligiao\/?p=814\" target=\"_blank\" rel=\"noopener noreferrer\">Religi\u00e3o e espa\u00e7o p\u00fablico<\/a>: o discurso pol\u00edtico do Comit\u00ea Nacional de Respeito \u00e0 Diversidade Religiosa &#8211; <strong>27 de mar\u00e7o \u00e0s 10h<\/strong>, banca do mestrado de Mailson Fernandes de Souza, na UNICAP.<\/p>\n<p><a href=\"https:\/\/www1.unicap.br\/estudosreligiao\/?p=848\" target=\"_blank\" rel=\"noopener noreferrer\">Internet e desafios da evangeliza\u00e7\u00e3o<\/a> &#8211; <strong>31 de mar\u00e7o \u00e0s 10h<\/strong>, banca do mestrado de Davi Daniel Barbosa, na UNICAP.<\/p>\n<p><a href=\"https:\/\/www1.unicap.br\/observatorio2\/?p=3184\" target=\"_blank\" rel=\"noopener noreferrer\">Reconstru\u00e7\u00e3o do cat\u00f3lico na internet <\/a>&#8211; <strong>31 de mar\u00e7o \u00e0s 16h<\/strong>, roda de conversa com o prof. Dr. Mois\u00e9s Sbardelotto, sala 305 do bloco G4 da UNICAP.<\/p>\n<p>Di\u00e1logo inter-religioso: passos e impasses &#8211; <strong>10 de abril \u00e0s 20h30<\/strong>, participa\u00e7\u00e3o no <a href=\"https:\/\/www.youtube.com\/user\/tvurecife\" target=\"_blank\" rel=\"noopener noreferrer\">Programa Opini\u00e3o Pernambuco<\/a> (TVU-UFPE).<\/p>\n<p><a href=\"https:\/\/www1.unicap.br\/observatorio2\/?p=3223\" target=\"_blank\" rel=\"noopener noreferrer\">Desafios e perspectivas do di\u00e1logo inter-religioso<\/a> &#8211; <strong>16 de maio \u00e0s 19h<\/strong>, palestra na UNISINOS.<\/p>\n<p><a href=\"https:\/\/www1.unicap.br\/observatorio2\/?p=3233\" target=\"_blank\" rel=\"noopener noreferrer\">Israel e Palestina: geopol\u00edtica e religi\u00f5es, conflito e paz<\/a> &#8211; <strong>25 de maio \u00e0s 15h<\/strong>, palestra e debate com Andr\u00e9 Lajst, anfiteatro 3\u00ba andar do bloco G4 da UNICAP.<\/p>\n<p>Di\u00e1logo inter-religioso e educa\u00e7\u00e3o transdisciplinar &#8211; <strong>8 e 9 de junho<\/strong>, <a href=\"http:\/\/www.ce.ufpb.br\/ppgcr\/\" target=\"_blank\" rel=\"noopener noreferrer\">semin\u00e1rio na UFPB<\/a>.<\/p>\n<p>&#8212;<\/p>\n<p>Religi\u00f5es em Reforma &#8211; <strong>10 a 13 de julho<\/strong>, participa\u00e7\u00e3o do Grupo de Pesquisa no <a href=\"http:\/\/www.soter.org.br\/\" target=\"_blank\" rel=\"noopener noreferrer\">Congresso da SOTER<\/a>, Belo Horizonte.<\/p>\n<p>Novas fronteiras do Ensino Religioso &#8211; <strong>14 e 15 de agosto<\/strong>, semin\u00e1rio com S\u00e9rgio Junqueira e <a href=\"http:\/\/www.gper.com.br\/\" target=\"_blank\" rel=\"noopener noreferrer\">GPER<\/a>, na UNICAP.<\/p>\n<p>Religi\u00e3o, migra\u00e7\u00e3o e mobilidade &#8211; <strong>13 a 15 de setembro<\/strong>, participa\u00e7\u00e3o do Grupo de Pesquisa no <a href=\"http:\/\/sites.pucgoias.edu.br\/eventos\/vianptecre\/\" target=\"_blank\" rel=\"noopener noreferrer\">Congresso da ANPTECRE<\/a>, Goi\u00e2nia.<\/p>\n<p>Atualidade da Reforma &#8211; <strong>8 a 10 de novembro<\/strong>, participa\u00e7\u00e3o do Grupo de Pesquisa no Congresso Internacional do Projeto <a href=\"https:\/\/www.reforma500anos.org\/\" target=\"_blank\" rel=\"noopener noreferrer\">A heran\u00e7a da Reforma<\/a>, na UNICAP.<\/p>\n<p>&nbsp;<\/p>\n<p><strong>Participa\u00e7\u00e3o em Comiss\u00f5es<\/strong><\/p>\n<p>O Observat\u00f3rio das Religi\u00f5es no Recife, atrav\u00e9s de representa\u00e7\u00f5es dos seus membros, participa ativamente de articula\u00e7\u00f5es e servi\u00e7os,\u00a0nacionais e regionais,\u00a0de promo\u00e7\u00e3o do di\u00e1logo e do ecumenismo:<\/p>\n<p>\u2013 Comit\u00ea\u00a0de Respeito \u00e0 Diversidade Religiosa da Secretaria Nacional de Direitos Humanos, que inspira o <a href=\"http:\/\/tvbrasil.ebc.com.br\/entreoceueaterra\/episodios\"><u>Programa de TV e WEB Entre o C\u00e9u e a Terra<\/u><\/a>. Participa\u00e7\u00e3o de Ros\u00e1lia.<\/p>\n<p>\u2013 Equipe de Reflex\u00e3o da <a href=\"http:\/\/www.cnbb.org.br\/index.php?option=com_content&amp;view=category&amp;layout=blog&amp;id=238&amp;Itemid=167\"><u>Comiss\u00e3o Episcopal de Comunidades de Base e Crist\u00e3os Leigos da CNBB<\/u><\/a>.<\/p>\n<p>\u2013 Comiss\u00e3o de Pastoral para Ecumenismo e Di\u00e1logo Inter-religioso da Arquidiocese de Olinda e Recife, que anima o <a href=\"https:\/\/www.facebook.com\/Programa-forma%C3%A7%C3%A3o-crist%C3%A3-radio-olinda-am-1030-287335801338846\/\"><u>Programa de R\u00e1dio Forma\u00e7\u00e3o Crist\u00e3<\/u><\/a>, \u00e0s ter\u00e7as-feiras. Participa\u00e7\u00e3o de Artur.<\/p>\n<p>\u2013 <a href=\"https:\/\/www.facebook.com\/forumdialogos\"><u>F\u00f3rum Di\u00e1logos <\/u><\/a>\u2013 Associa\u00e7\u00e3o civil para Promo\u00e7\u00e3o da Diversidade Religiosa em Pernambuco. Participa\u00e7\u00e3o de Constantino e Karina.<\/p>\n<p>\u2013 <a href=\"http:\/\/www.usbbog.edu.co\/odrec\/\"><u>Observatorio de la diversidad religiosa y de las culturas en Am\u00e9rica Latina y el Caribe<\/u><\/a>.<\/p>\n<p>&nbsp;<\/p>\n<p>&nbsp;<\/p>\n","protected":false},"excerpt":{"rendered":"<p>&nbsp; Grupo de Estudo O Grupo de Estudo sobre Transdisciplinaridade e Di\u00e1logo, coordenado desde 2005\u00a0pelo prof. Gilbraz\u00a0na UNICAP, re\u00fane-se a partir de\u00a08 de mar\u00e7o, nas quartas-feiras, das 17 \u00e0s 18h, no\u00a0Programa de P\u00f3s-gradua\u00e7\u00e3o em Ci\u00eancias da Religi\u00e3o (8\u00ba andar do bloco G4) e \u00e9 aberto \u00e0 participa\u00e7\u00e3o de pesquisadores, doutorandos, mestrandos e tamb\u00e9m a\u00a0graduandos interessados&#8230; <\/p>\n<div class=\"link-more\"><a href=\"https:\/\/www1.unicap.br\/observatorio2\/?page_id=3164\">Leia mais<\/a><\/div>\n","protected":false},"author":2,"featured_media":0,"parent":40,"menu_order":5,"comment_status":"closed","ping_status":"closed","template":"","meta":{"footnotes":""},"class_list":["post-3164","page","type-page","status-publish","hentry"],"_links":{"self":[{"href":"https:\/\/www1.unicap.br\/observatorio2\/index.php?rest_route=\/wp\/v2\/pages\/3164","targetHints":{"allow":["GET"]}}],"collection":[{"href":"https:\/\/www1.unicap.br\/observatorio2\/index.php?rest_route=\/wp\/v2\/pages"}],"about":[{"href":"https:\/\/www1.unicap.br\/observatorio2\/index.php?rest_route=\/wp\/v2\/types\/page"}],"author":[{"embeddable":true,"href":"https:\/\/www1.unicap.br\/observatorio2\/index.php?rest_route=\/wp\/v2\/users\/2"}],"replies":[{"embeddable":true,"href":"https:\/\/www1.unicap.br\/observatorio2\/index.php?rest_route=%2Fwp%2Fv2%2Fcomments&post=3164"}],"version-history":[{"count":18,"href":"https:\/\/www1.unicap.br\/observatorio2\/index.php?rest_route=\/wp\/v2\/pages\/3164\/revisions"}],"predecessor-version":[{"id":3250,"href":"https:\/\/www1.unicap.br\/observatorio2\/index.php?rest_route=\/wp\/v2\/pages\/3164\/revisions\/3250"}],"up":[{"embeddable":true,"href":"https:\/\/www1.unicap.br\/observatorio2\/index.php?rest_route=\/wp\/v2\/pages\/40"}],"wp:attachment":[{"href":"https:\/\/www1.unicap.br\/observatorio2\/index.php?rest_route=%2Fwp%2Fv2%2Fmedia&parent=3164"}],"curies":[{"name":"wp","href":"https:\/\/api.w.org\/{rel}","templated":true}]}}