{"id":2906,"date":"2016-08-23T01:37:00","date_gmt":"2016-08-23T04:37:00","guid":{"rendered":"https:\/\/www1.unicap.br\/observatorio2\/?page_id=2906"},"modified":"2017-07-30T09:04:30","modified_gmt":"2017-07-30T12:04:30","slug":"programacao-2016-2","status":"publish","type":"page","link":"https:\/\/www1.unicap.br\/observatorio2\/?page_id=2906","title":{"rendered":"Programa\u00e7\u00e3o 2016.2"},"content":{"rendered":"<figure id=\"attachment_3407\" aria-describedby=\"caption-attachment-3407\" style=\"width: 960px\" class=\"wp-caption aligncenter\"><a href=\"https:\/\/www1.unicap.br\/observatorio2\/?attachment_id=3407\" rel=\"attachment wp-att-3407\"><img loading=\"lazy\" decoding=\"async\" class=\"size-full wp-image-3407\" src=\"https:\/\/www1.unicap.br\/observatorio2\/wp-content\/uploads\/2016\/08\/1936229_10208057418946679_7977103085694460130_n.jpg\" alt=\"\" width=\"960\" height=\"539\" srcset=\"https:\/\/www1.unicap.br\/observatorio2\/wp-content\/uploads\/2016\/08\/1936229_10208057418946679_7977103085694460130_n.jpg 960w, https:\/\/www1.unicap.br\/observatorio2\/wp-content\/uploads\/2016\/08\/1936229_10208057418946679_7977103085694460130_n-300x168.jpg 300w, https:\/\/www1.unicap.br\/observatorio2\/wp-content\/uploads\/2016\/08\/1936229_10208057418946679_7977103085694460130_n-534x300.jpg 534w\" sizes=\"auto, (max-width: 960px) 100vw, 960px\" \/><\/a><figcaption id=\"caption-attachment-3407\" class=\"wp-caption-text\">ato inter-religioso pela democracia, Recife<\/figcaption><\/figure>\n<blockquote><p>&nbsp;<\/p>\n<p style=\"text-align: right;\">&#8220;O mundo n\u00e3o pode ser plasmado \u00e0 for\u00e7a, pois \u00e9 um vaso sagrado que se plasma por suas pr\u00f3prias leis. Decretar ordem por viol\u00eancia \u00e9 criar desordem. Possuir o mundo \u00e9 perd\u00ea-lo&#8221;<\/p>\n<p style=\"text-align: right;\">(Tao Te King).<\/p>\n<\/blockquote>\n<p>&nbsp;<\/p>\n<p><strong>Grupo de Estudo<\/strong><\/p>\n<p>O Grupo de Estudo sobre Transdisciplinaridade e Di\u00e1logo, coordenado desde 2005\u00a0pelo prof. Gilbraz\u00a0na UNICAP, re\u00fane-se a partir de<strong>\u00a017 de agosto<\/strong>, nas <strong>quartas-feiras<\/strong>, das 17 \u00e0s 18h30, no\u00a0Programa de P\u00f3s-gradua\u00e7\u00e3o em Ci\u00eancias da Religi\u00e3o (8\u00ba andar do bloco G4) e \u00e9 aberto \u00e0 participa\u00e7\u00e3o de pesquisadores, doutorandos, mestrandos e tamb\u00e9m a\u00a0graduandos interessados na inicia\u00e7\u00e3o cient\u00edfica, al\u00e9m de militantes do di\u00e1logo inter-religioso. Os membros que est\u00e3o registrados no<a href=\"https:\/\/espdialogo.wordpress.com\/\" target=\"_blank\" rel=\"noopener\"> Grupo de Pesquisa Espiritualidades, Pluralidade e Di\u00e1logo<\/a> devem participar de 1\/4 das reuni\u00f5es e apresentar uma produ\u00e7\u00e3o acad\u00eamica anual.<\/p>\n<p>Nas reuni\u00f5es semanais do Grupo os participantes compartilham o andamento de suas pesquisas e depois prosseguem com o estudo de uma obra: neste segundo semestre vamos discutir o livro <a href=\"https:\/\/books.google.com.br\/books?id=IFKaBQAAQBAJ&amp;lpg=PP1&amp;dq=se%20deus%20fosse%20um%20ativista%20dos%20direitos%20humanos&amp;hl=pt-BR&amp;pg=PT17#v=onepage&amp;q&amp;f=false\" target=\"_blank\" rel=\"noopener\">E se Deus fosse um ativista dos direitos humanos<\/a>, do <a href=\"http:\/\/www.bresserpereira.org.br\/terceiros\/2013\/outubro\/13.10-GrandeEntrevista-Boaventura.pdf\" target=\"_blank\" rel=\"noopener\">Boaventura de Sousa Santos<\/a>. Ele apresenta o desafio de uma tradu\u00e7\u00e3o intercultural das teologias pol\u00edticas, tratando da concep\u00e7\u00e3o contra hegem\u00f4nica do movimento de direitos humanos e das suas poss\u00edveis rela\u00e7\u00f5es com os grupos religiosos libert\u00e1rios de v\u00e1rias tradi\u00e7\u00f5es.<\/p>\n<p>Queremos aprofundar a quest\u00e3o porque nosso tempo turbulento de transforma\u00e7\u00e3o sociopol\u00edtica, em que o fator religioso tem sido decisivo,\u00a0demanda um maior envolvimento cr\u00edtico dos\u00a0estudiosos de religi\u00e3o no espa\u00e7o p\u00fablico.\u00a0Al\u00e9m disso, neste semestre os membros do Grupo est\u00e3o trabalhando em tr\u00eas projetos comuns:<\/p>\n<ul>\n<li>publica\u00e7\u00e3o do segundo volume da cole\u00e7\u00e3o <a href=\"https:\/\/www1.unicap.br\/observatorio2\/?page_id=31\" target=\"_blank\" rel=\"noopener\">Transdisciplinaridade e Di\u00e1logo <\/a>(refer\u00eancia Mariano)<\/li>\n<li>produ\u00e7\u00e3o de textos para a pesquisa internacional <a href=\"https:\/\/www1.unicap.br\/observatorio2\/?p=2866\" target=\"_blank\" rel=\"noopener\">Transforma\u00e7\u00f5es Religiosas na Am\u00e9rica Latina <\/a>(refer\u00eancia Karina)<\/li>\n<li>elabora\u00e7\u00e3o de cap\u00edtulo sobre <a href=\"https:\/\/www1.unicap.br\/observatorio2\/?p=2919\" target=\"_blank\" rel=\"noopener\">O sagrado em Brennand <\/a>(refer\u00eancia Artur).<\/li>\n<\/ul>\n<p>&nbsp;<\/p>\n<p><strong>F\u00f3rum Inter-religioso <\/strong><\/p>\n<p>O <a href=\"https:\/\/www1.unicap.br\/observatorio2\/?page_id=34\"><u>F\u00f3rum Inter-Religioso da UNICAP<\/u><\/a>, organizado pelo nosso Observat\u00f3rio, articula desde 2007 uma s\u00e9rie de encontros\u00a0com animadores das tradi\u00e7\u00f5es espirituais da regi\u00e3o, para re-conhecimento humano da f\u00e9 e exerc\u00edcio do respeito \u00e0 diversidade de suas express\u00f5es, para reflex\u00e3o sobre a viv\u00eancia pluralista do sagrado e ensaio de uma m\u00edstica trans-religiosa.<\/p>\n<p>Ap\u00f3s estudar as principais religi\u00f5es no Recife\u00a0e tamb\u00e9m aprofundar tem\u00e1ticas transversais \u00e0s grandes tradi\u00e7\u00f5es espirituais, o F\u00f3rum da UNICAP est\u00e1 se debru\u00e7ando agora sobre os desafios te\u00f3ricos, fenomenol\u00f3gicos e hermen\u00eauticos, para\u00a0a compreens\u00e3o cr\u00edtica e engajada da nossa religiosidade:<\/p>\n<p><strong>Dia 12 de setembro<\/strong>: <a href=\"https:\/\/www1.unicap.br\/observatorio2\/?p=2958\" target=\"_blank\" rel=\"noopener\">Novos movimentos religiosos: reinventando o velho sagrado<\/a>. Participa\u00e7\u00e3o de Karina Oliveira,\u00a0Constantino Melo, Carlos Vieira\u2026<\/p>\n<p><strong>Dia 10 de outubro<\/strong>: <a href=\"https:\/\/www1.unicap.br\/observatorio2\/?p=3001\" target=\"_blank\" rel=\"noopener\">Di\u00e1logos entre religi\u00f5es: hist\u00f3ria e geografia<\/a>. Participa\u00e7\u00e3o de Valderedo Siqueira, Maria Vanessa do Carmo, Rafael Vila\u00e7a&#8230;<\/p>\n<p><strong>Dia 28 de novembro<\/strong>: Direitos humanos e espiritualidades. Participa\u00e7\u00e3o de Mailson Souza, Maria L\u00facia dos Prazeres, Luisa Farias e Rayane Marinho&#8230;<\/p>\n<p>Os encontros s\u00e3o normalmente em dias de segunda-feira, das 17 \u00e0s 18h30, no audit\u00f3rio do CTCH\u00a0(1\u00ba andar do bloco B) da Universidade. As comunica\u00e7\u00f5es apresentadas e debatidas no F\u00f3rum ir\u00e3o compor\u00a0novo volume da s\u00e9rie de livros do nosso Grupo (saiba mais\u00a0por <a href=\"http:\/\/issuu.com\/marianovicente\/docs\/e-book_espiritualidades_transdiscip?e=9685843\/31003281\"><u>aqui<\/u><\/a>).<\/p>\n<p>&nbsp;<\/p>\n<p><strong>Encontros e Semin\u00e1rios<\/strong><\/p>\n<p>A equipe do Observat\u00f3rio Transdisciplinar das Religi\u00f5es no Recife est\u00e1 envolvida igualmente na anima\u00e7\u00e3o de v\u00e1rios eventos relacionados ao di\u00e1logo, em parceria com outros grupos universit\u00e1rios e de educa\u00e7\u00e3o comunit\u00e1ria:<\/p>\n<p>Ensino religioso, identidade e sexualidade &#8211; <strong>23 de agosto<\/strong>, 9h. Debate com a Dra. Auren\u00e9a Oliveira, na UNICAP.<\/p>\n<p>Sagrado na arte de Francisco Brennand &#8211; <strong>26 de agosto<\/strong>, 7 \u00e0s 13h.\u00a0Visita guiada\u00a0\u00e0 <a href=\"https:\/\/www1.unicap.br\/observatorio2\/?p=2919\" target=\"_blank\" rel=\"noopener\">Oficina Brennand<\/a>. Com a Dra. Veronique Donard e Artur Peregrino.<\/p>\n<p>Mulheres e religi\u00f5es\u00a0&#8211; <strong>1 e 2 de setembro<\/strong>. Participa\u00e7\u00e3o no Semin\u00e1rio <a href=\"https:\/\/www1.unicap.br\/ihu\/?p=8838\" target=\"_blank\" rel=\"noopener\">Discurso das Religi\u00f5es e Viol\u00eancia contra as Mulheres<\/a>, na UNICAP.<\/p>\n<p>Religi\u00f5es e o grito dos exclu\u00eddos &#8211; <strong>5 de setembro<\/strong>, 19h. Participa\u00e7\u00e3o na <a href=\"https:\/\/www.facebook.com\/groups\/218375725212498\/permalink\/283654635351273\/\" target=\"_blank\" rel=\"noopener\">Roda de Di\u00e1logo do Comit\u00ea Inter-religioso pela Democracia<\/a> de Pernambuco, na UNICAP.<\/p>\n<p>Devo\u00e7\u00f5es religiosas &#8211; <strong>8 a 10 de setembro<\/strong>. Participa\u00e7\u00e3o no <a href=\"https:\/\/www1.unicap.br\/ihu\/?p=8532\" target=\"_blank\" rel=\"noopener\">Congresso Nordestino de Ci\u00eancias da Religi\u00e3o e Teologias<\/a>, na UNICAP.<\/p>\n<p>A laicidade na pol\u00edtica do Brasil &#8211; <strong>13 de setembro<\/strong>, 19h. Palestra de Karina Oliveira na <a href=\"https:\/\/www.facebook.com\/FaculdadeFaintvisa\/\" target=\"_blank\" rel=\"noopener\">Faculdade FAINTVISA.<\/a><\/p>\n<p>Diversidade cultural e liberdade religiosa &#8211; <strong>16 de setembro<\/strong>, 19h30. Debate no <a href=\"https:\/\/goo.gl\/maps\/BHx3xKMRxwH2\" target=\"_blank\" rel=\"noopener\">Semin\u00e1rio da Igreja M\u00f3rmon<\/a>,\u00a0em Jaboat\u00e3o.<\/p>\n<p>Observat\u00f3rio das Religi\u00f5es e o di\u00e1logo no Recife &#8211; <strong>17 de setembro<\/strong>, 15h. Palestra\u00a0no <a href=\"http:\/\/encontrodapartilha.blogspot.com.br\/\" target=\"_blank\" rel=\"noopener\">Encontro da Partilha<\/a>, dos seguidores de Dom Helder,\u00a0na Igreja das Fronteiras.<\/p>\n<p>Reforma, cr\u00edticas e perspectivas &#8211; <strong>27 a 29 de setembro<\/strong>. Sess\u00e3o do Grupo de Pesquisa Espiritualidades, Pluralidade e Di\u00e1logo, na <a href=\"http:\/\/portal.metodista.br\/posreligiao\/noticias\/semana-de-estudos-de-religiao-deste-ano-aborda-500-anos-da-reforma-protestante\" target=\"_blank\" rel=\"noopener\">Semana de Estudos de Religi\u00e3o <\/a>da UMESP.<\/p>\n<p>Primavera na igreja e di\u00e1logo com religi\u00f5es afro &#8211; <strong>13 e 14 de outubro<\/strong>, 19h. Participa\u00e7\u00e3o em <a href=\"https:\/\/www1.unicap.br\/ihu\/?p=8936\" target=\"_blank\" rel=\"noopener\">evento do Encontro da Partilha\/Humanitas<\/a>, com Leonardo Boff, Marcelo Barros e Vera Baroni, na UNICAP.<\/p>\n<p>Di\u00e1logo inter-religioso e justi\u00e7a socioambiental &#8211; <strong>14 a 16 de outubro<\/strong>. Participa\u00e7\u00e3o no <a href=\"https:\/\/www1.unicap.br\/observatorio2\/?p=3023\" target=\"_blank\" rel=\"noopener\">Semin\u00e1rio do Observat\u00f3rio Nacional dos Jesu\u00edtas<\/a>, em Bras\u00edlia.<\/p>\n<p>M\u00edstica, lugar para o encontro e o di\u00e1logo inter-religioso &#8211; <strong>21 e 22 de outubro<\/strong>. <a href=\"https:\/\/www1.unicap.br\/observatorio2\/?p=3041\" target=\"_blank\" rel=\"noopener\">Semin\u00e1rio com a Dra. Franci Ronsi<\/a>, na UNICAP.<\/p>\n<p>Diversidade religiosa e direitos humanos &#8211; <strong>22 e 29 de outubro<\/strong>, 8 \u00e0s 12h. Participa\u00e7\u00e3o no <a href=\"https:\/\/www1.unicap.br\/universidade\/pages\/?p=1171\" target=\"_blank\" rel=\"noopener\">Curso de Extens\u00e3o\u00a0Direitos Humanos em Pauta<\/a>, na UNICAP.<\/p>\n<p>Encontro de religi\u00f5es &#8211; <strong>28 de outubro<\/strong>, 20h. Palestra de Artur Peregrino no <a href=\"https:\/\/www.facebook.com\/DojoRecife\/\" target=\"_blank\" rel=\"noopener\">Centro Cultural Georges Stobbaerts.<\/a><\/p>\n<p>Diversos modos de crer: negritude, religi\u00e3o e democracia &#8211;<strong> 4 de novembro<\/strong>, 17h. Roda de di\u00e1logo na Semana de Consci\u00eancia Negra, na UNICAP.<\/p>\n<p>Diversidade religiosa em Pernambuco &#8211;<strong> 11 de novembro<\/strong>, 8h. Comemora\u00e7\u00e3o dos 4 anos do <a href=\"https:\/\/www.facebook.com\/forumdialogos\/\" target=\"_blank\" rel=\"noopener\">F\u00f3rum Di\u00e1logos<\/a>, no Marco Zero do Recife.<\/p>\n<p>Inclus\u00e3o e diversidade religiosa &#8211; <strong>16 a 18 de novembro<\/strong>.\u00a0Palestra e GT no <a href=\"http:\/\/www.cintedi.com.br\/\" target=\"_blank\" rel=\"noopener\">Congresso Internacional de Educa\u00e7\u00e3o Inclusiva<\/a>, em Campina Grande.<\/p>\n<p>Di\u00e1logo e reconhecimento &#8211; <strong>17 e 18 de novembro<\/strong>. <a href=\"https:\/\/www1.unicap.br\/ocs\/index.php\/coloquiorid\/IICOLOQRID\" target=\"_blank\" rel=\"noopener\">Col\u00f3quio do Grupo de Pesquisa Religi\u00f5es, Identidades e Di\u00e1logos<\/a>, na UNICAP.<\/p>\n<p>As diferentes Reformas do s\u00e9culo XVI &#8211; <strong>25 e 26 de novembro<\/strong>. <a href=\"https:\/\/www1.unicap.br\/observatorio2\/?p=3070\" target=\"_blank\" rel=\"noopener\">Semin\u00e1rio com o Dr. Cl\u00e1udio de Oliveira Ribeiro<\/a>, na UNICAP.<\/p>\n<p>Teologia e di\u00e1logo inter-religioso &#8211; <strong>30 de novembro<\/strong>, 19h. <a href=\"https:\/\/www.facebook.com\/photo.php?fbid=10209769076417046&amp;set=a.10203003875651255.1073741832.1635464909&amp;type=3&amp;theater\" target=\"_blank\" rel=\"noopener\">Palestra na FAFICA<\/a>, em Caruaru.<\/p>\n<p>Aten\u00e7\u00e3o: II Semin\u00e1rio do <a href=\"https:\/\/espdialogo.wordpress.com\/\" target=\"_blank\" rel=\"noopener\">Grupo de Pesquisa Espiritualidades, Pluralidade e Di\u00e1logo <\/a>&#8211; <strong>13 e 14 de mar\u00e7o de 2017<\/strong>, na UMESP.<\/p>\n<p>&nbsp;<\/p>\n<p><strong>Participa\u00e7\u00e3o em Comiss\u00f5es<\/strong><\/p>\n<p>O Observat\u00f3rio das Religi\u00f5es no Recife, atrav\u00e9s de representa\u00e7\u00f5es dos seus membros, participa ativamente de articula\u00e7\u00f5es e servi\u00e7os,\u00a0nacionais e regionais,\u00a0de promo\u00e7\u00e3o do di\u00e1logo e do ecumenismo:<\/p>\n<p>\u2013 Comit\u00ea\u00a0de Respeito \u00e0 Diversidade Religiosa da Secretaria Nacional de Direitos Humanos, que inspira o <a href=\"http:\/\/tvbrasil.ebc.com.br\/entreoceueaterra\/episodios\"><u>Programa de TV e WEB Entre o C\u00e9u e a Terra<\/u><\/a>. Participa\u00e7\u00e3o de Ros\u00e1lia.<\/p>\n<p>\u2013 Equipe de Reflex\u00e3o da <a href=\"http:\/\/www.cnbb.org.br\/index.php?option=com_content&amp;view=category&amp;layout=blog&amp;id=238&amp;Itemid=167\"><u>Comiss\u00e3o Episcopal de Comunidades de Base e Crist\u00e3os Leigos da CNBB<\/u><\/a>.<\/p>\n<p>\u2013 Comiss\u00e3o de Pastoral para Ecumenismo e Di\u00e1logo Inter-religioso da Arquidiocese de Olinda e Recife, que anima o <a href=\"https:\/\/www.facebook.com\/Programa-forma\u00e7\u00e3o-crist\u00e3-radio-olinda-am-1030-287335801338846\/\"><u>Programa de R\u00e1dio Forma\u00e7\u00e3o Crist\u00e3<\/u><\/a>, \u00e0s ter\u00e7as-feiras. Participa\u00e7\u00e3o de Artur.<\/p>\n<p>\u2013 <a href=\"https:\/\/www.facebook.com\/forumdialogos\"><u>F\u00f3rum Di\u00e1logos <\/u><\/a>\u2013 Associa\u00e7\u00e3o civil para Promo\u00e7\u00e3o da Diversidade Religiosa em Pernambuco. Participa\u00e7\u00e3o de Constantino.<\/p>\n<p>\u2013 <a href=\"http:\/\/www.usbbog.edu.co\/odrec\/\"><u>Observatorio de la diversidad religiosa y de las culturas en Am\u00e9rica Latina y el Caribe<\/u><\/a>.<\/p>\n<p>&nbsp;<\/p>\n<p>&nbsp;<\/p>\n","protected":false},"excerpt":{"rendered":"<p>&nbsp; &#8220;O mundo n\u00e3o pode ser plasmado \u00e0 for\u00e7a, pois \u00e9 um vaso sagrado que se plasma por suas pr\u00f3prias leis. Decretar ordem por viol\u00eancia \u00e9 criar desordem. Possuir o mundo \u00e9 perd\u00ea-lo&#8221; (Tao Te King). &nbsp; Grupo de Estudo O Grupo de Estudo sobre Transdisciplinaridade e Di\u00e1logo, coordenado desde 2005\u00a0pelo prof. Gilbraz\u00a0na UNICAP, re\u00fane-se&#8230; <\/p>\n<div class=\"link-more\"><a href=\"https:\/\/www1.unicap.br\/observatorio2\/?page_id=2906\">Leia mais<\/a><\/div>\n","protected":false},"author":2,"featured_media":0,"parent":40,"menu_order":4,"comment_status":"closed","ping_status":"closed","template":"","meta":{"footnotes":""},"class_list":["post-2906","page","type-page","status-publish","hentry"],"_links":{"self":[{"href":"https:\/\/www1.unicap.br\/observatorio2\/index.php?rest_route=\/wp\/v2\/pages\/2906","targetHints":{"allow":["GET"]}}],"collection":[{"href":"https:\/\/www1.unicap.br\/observatorio2\/index.php?rest_route=\/wp\/v2\/pages"}],"about":[{"href":"https:\/\/www1.unicap.br\/observatorio2\/index.php?rest_route=\/wp\/v2\/types\/page"}],"author":[{"embeddable":true,"href":"https:\/\/www1.unicap.br\/observatorio2\/index.php?rest_route=\/wp\/v2\/users\/2"}],"replies":[{"embeddable":true,"href":"https:\/\/www1.unicap.br\/observatorio2\/index.php?rest_route=%2Fwp%2Fv2%2Fcomments&post=2906"}],"version-history":[{"count":39,"href":"https:\/\/www1.unicap.br\/observatorio2\/index.php?rest_route=\/wp\/v2\/pages\/2906\/revisions"}],"predecessor-version":[{"id":3409,"href":"https:\/\/www1.unicap.br\/observatorio2\/index.php?rest_route=\/wp\/v2\/pages\/2906\/revisions\/3409"}],"up":[{"embeddable":true,"href":"https:\/\/www1.unicap.br\/observatorio2\/index.php?rest_route=\/wp\/v2\/pages\/40"}],"wp:attachment":[{"href":"https:\/\/www1.unicap.br\/observatorio2\/index.php?rest_route=%2Fwp%2Fv2%2Fmedia&parent=2906"}],"curies":[{"name":"wp","href":"https:\/\/api.w.org\/{rel}","templated":true}]}}