{"id":2848,"date":"2016-06-25T11:45:34","date_gmt":"2016-06-25T14:45:34","guid":{"rendered":"https:\/\/www1.unicap.br\/observatorio2\/?page_id=2848"},"modified":"2017-07-30T20:24:15","modified_gmt":"2017-07-30T23:24:15","slug":"calendario-2016","status":"publish","type":"page","link":"https:\/\/www1.unicap.br\/observatorio2\/?page_id=2848","title":{"rendered":"Calend\u00e1rio Permanente"},"content":{"rendered":"<table style=\"width: auto;\">\n<tbody>\n<tr>\n<td><a href=\"https:\/\/picasaweb.google.com\/lh\/photo\/RWj0oY56_HfdFXsZD0H2UtMTjNZETYmyPJy0liipFm0?feat=embedwebsite\"><img loading=\"lazy\" decoding=\"async\" class=\"aligncenter\" src=\"https:\/\/lh3.googleusercontent.com\/-5mkRjTsm8r4\/V26YUdWfiII\/AAAAAAAASOw\/EKSJa88Y8Vk8_z_zn_T73OmcUvELVHfLQCCo\/s400\/apps.21472.13510798886206024.17cf76ad-8b4d-4ee0-9c74-d89e2d96a16b.jpg\" width=\"400\" height=\"240\" \/><\/a><\/td>\n<\/tr>\n<tr>\n<td style=\"font-family: arial,sans-serif; font-size: 11px; text-align: right;\"><\/td>\n<\/tr>\n<\/tbody>\n<\/table>\n<h2><\/h2>\n<h2>Religions Calendar<\/h2>\n<p>&nbsp;<\/p>\n<p>Aplicativo (que funciona em computadores ou celulares com Windows 8 ou 10) muito \u00fatil para quem \u00e9 educador ou educadora dos fatos religiosos ou se voc\u00ea tem que viajar por a\u00ed ou possui amigos em outras culturas. O Calend\u00e1rio das Religi\u00f5es apresenta (em ingl\u00eas) dias santos e feriados para 2016-2017 (como dados off-line) das tradi\u00e7\u00f5es espirituais mais populares do mundo e tamb\u00e9m inclui datas comemorativas das Na\u00e7\u00f5es Unidas, bem como links \u00fateis para as religi\u00f5es.<\/p>\n<p>&nbsp;<\/p>\n<h5 style=\"text-align: right;\">Instale o aplicativo gratuitamente por <a href=\"https:\/\/www.microsoft.com\/store\/apps\/9nblggh1zp0m\" target=\"_blank\" rel=\"noopener\">aqui<\/a><\/h5>\n<p>&nbsp;<\/p>\n","protected":false},"excerpt":{"rendered":"<p>Religions Calendar &nbsp; Aplicativo (que funciona em computadores ou celulares com Windows 8 ou 10) muito \u00fatil para quem \u00e9 educador ou educadora dos fatos religiosos ou se voc\u00ea tem que viajar por a\u00ed ou possui amigos em outras culturas. O Calend\u00e1rio das Religi\u00f5es apresenta (em ingl\u00eas) dias santos e feriados para 2016-2017 (como dados&#8230; <\/p>\n<div class=\"link-more\"><a href=\"https:\/\/www1.unicap.br\/observatorio2\/?page_id=2848\">Leia mais<\/a><\/div>\n","protected":false},"author":2,"featured_media":0,"parent":1154,"menu_order":3,"comment_status":"closed","ping_status":"closed","template":"","meta":{"footnotes":""},"class_list":["post-2848","page","type-page","status-publish","hentry"],"_links":{"self":[{"href":"https:\/\/www1.unicap.br\/observatorio2\/index.php?rest_route=\/wp\/v2\/pages\/2848","targetHints":{"allow":["GET"]}}],"collection":[{"href":"https:\/\/www1.unicap.br\/observatorio2\/index.php?rest_route=\/wp\/v2\/pages"}],"about":[{"href":"https:\/\/www1.unicap.br\/observatorio2\/index.php?rest_route=\/wp\/v2\/types\/page"}],"author":[{"embeddable":true,"href":"https:\/\/www1.unicap.br\/observatorio2\/index.php?rest_route=\/wp\/v2\/users\/2"}],"replies":[{"embeddable":true,"href":"https:\/\/www1.unicap.br\/observatorio2\/index.php?rest_route=%2Fwp%2Fv2%2Fcomments&post=2848"}],"version-history":[{"count":8,"href":"https:\/\/www1.unicap.br\/observatorio2\/index.php?rest_route=\/wp\/v2\/pages\/2848\/revisions"}],"predecessor-version":[{"id":3547,"href":"https:\/\/www1.unicap.br\/observatorio2\/index.php?rest_route=\/wp\/v2\/pages\/2848\/revisions\/3547"}],"up":[{"embeddable":true,"href":"https:\/\/www1.unicap.br\/observatorio2\/index.php?rest_route=\/wp\/v2\/pages\/1154"}],"wp:attachment":[{"href":"https:\/\/www1.unicap.br\/observatorio2\/index.php?rest_route=%2Fwp%2Fv2%2Fmedia&parent=2848"}],"curies":[{"name":"wp","href":"https:\/\/api.w.org\/{rel}","templated":true}]}}