{"id":28,"date":"2011-02-07T21:23:38","date_gmt":"2011-02-08T00:23:38","guid":{"rendered":"https:\/\/www1.unicap.br\/observatorio2\/?page_id=28"},"modified":"2021-08-15T19:05:22","modified_gmt":"2021-08-15T22:05:22","slug":"debates","status":"publish","type":"page","link":"https:\/\/www1.unicap.br\/observatorio2\/?page_id=28","title":{"rendered":"Lei das Religi\u00f5es"},"content":{"rendered":"<h2>Qual sua opini\u00e3o sobre a Lei das Religi\u00f5es?<\/h2>\n<div class=\"separator\" style=\"clear: both; text-align: center;\"><span style=\"color: #ffffff;\">\u00a0&#8230;<\/span><\/div>\n<p>No dia 14 de junho de 2013, das 19h30 \u00e0s 20h30, o Programa Opini\u00e3o Pernambuco, na TV Universit\u00e1ria, tratou do tema &#8220;Lei das Religi\u00f5es&#8221;, com a participa\u00e7\u00e3o do prof. Gilbraz Arag\u00e3o, do Mestrado em Ci\u00eancias da Religi\u00e3o da UNICAP, al\u00e9m do nosso mestrando\u00a0\u00c9rico Lustosa, que tamb\u00e9m \u00e9 sacerdote de religi\u00e3o afrobrasileira, e Gustavo Gilson, professor do Departamento de Educa\u00e7\u00e3o da UFPE e tamb\u00e9m reverendo anglicano.\u00a0Opini\u00e3o Pernambuco \u00e9 um programa di\u00e1rio de debate ao vivo,\u00a0que recebe convidados para discutir sobre tem\u00e1ticas de cultura e cidadania na atualidade. Vai ao ar na TV Universit\u00e1ria da Universidade Federal de Pernambuco, emissora que foi fundada em 1968 e hoje integra a\u00a0<a href=\"http:\/\/www.tvbrasil.org.br\/\" target=\"_blank\" rel=\"noopener\">Rede TV Brasil<\/a>. Nessa sexta foi apresentado pelo jornalista Haymone Neto e puxou o fio de um assunto bem enrolado&#8230;<\/p>\n<div>O tema veio a prop\u00f3sito das discuss\u00f5es que est\u00e3o ocorrendo no Congresso Nacional: a Comiss\u00e3o de Assuntos Sociais (CAS) do Senado aprovou, em 12 de junho, o projeto que estabelece a Lei Geral das Religi\u00f5es (veja <a href=\"http:\/\/agenciabrasil.ebc.com.br\/noticia\/2013-06-12\/comissao-do-senado-aprova-projeto-da-lei-geral-das-religioes\" target=\"_blank\" rel=\"noopener\">aqui<\/a>), proposta apresentada pelo deputado\u00a0George Hilton\u00a0(da Igreja Universal) que ainda vai passar pela an\u00e1lise do plen\u00e1rio do Senado, antes de retornar para avalia\u00e7\u00e3o dos deputados.\u00a0A inten\u00e7\u00e3o \u00e9 garantir tratamento ison\u00f4mico a diferentes religi\u00f5es e o projeto surgiu em resposta ao Estatuto Jur\u00eddico da Igreja Cat\u00f3lica, acordo assinado entre o governo brasileiro e o Vaticano em 2008, que estabeleceu normas sobre ensino religioso, casamento, imunidade tribut\u00e1ria para entidades eclesi\u00e1sticas, presta\u00e7\u00e3o de assist\u00eancia espiritual em pres\u00eddios e hospitais, garantia de sigilo de of\u00edcio dos sacerdotes, entre outros temas. A proposta da Lei das Religi\u00f5es \u00e9 t\u00e3o controversa quanto o Estatuto Cat\u00f3lico, envolvendo quest\u00f5es que precisam ser aprofundadas sobre o significado da laicidade do Estado brasileiro.<\/div>\n<div><span style=\"color: #ffffff;\">.<\/span><\/div>\n<div><\/div>\n<div>\n<p><iframe loading=\"lazy\" title=\"Opini\u00e3o Pernambuco - 14\/06\/2013 (Lei das Religi\u00f5es)\" width=\"1000\" height=\"563\" src=\"https:\/\/www.youtube.com\/embed\/t8tZFVr-hAU?feature=oembed\" frameborder=\"0\" allow=\"accelerometer; autoplay; clipboard-write; encrypted-media; gyroscope; picture-in-picture\" allowfullscreen><\/iframe><\/p>\n<\/div>\n<div>\n<div>\n<div style=\"text-align: right;\"><\/div>\n<\/div>\n<h3 style=\"text-align: right;\">E ent\u00e3o, o que voc\u00ea pensa: a Lei Geral das Religi\u00f5es vai ajudar na promo\u00e7\u00e3o da diversidade religiosa no Brasil? Por qu\u00ea?!<\/h3>\n<div><span style=\"font-size: x-small;\"><br \/>\n<\/span><span style=\"font-size: x-small;\"><br \/>\n<\/span><span style=\"font-size: x-small;\">Saiba mais sobre o assunto:<\/span><\/div>\n<div><span style=\"font-size: x-small;\"><a href=\"http:\/\/crunicap.blogspot.com.br\/2012\/11\/lancado-o-forum-dialogos-das-religioes.html\" target=\"_blank\" rel=\"noopener\">Lan\u00e7ado o F\u00f3rum Di\u00e0logos<\/a><\/span><\/div>\n<div><a href=\"http:\/\/crunicap.blogspot.com.br\/2012\/09\/para-onde-vao-as-religioes.html\" target=\"_blank\" rel=\"noopener\"><span style=\"font-size: x-small;\">Para onde v\u00e3o as religi\u00f5es<\/span><\/a><\/div>\n<div><a href=\"http:\/\/crunicap.blogspot.com.br\/2012\/06\/laicidade-brasileira.html\" target=\"_blank\" rel=\"noopener\"><span style=\"font-size: x-small;\">Laicidade \u00e0 brasileira<\/span><\/a><\/div>\n<div><a href=\"http:\/\/crunicap.blogspot.com.br\/2012\/03\/desafio-do-pluralismo.html\" target=\"_blank\" rel=\"noopener\"><span style=\"font-size: x-small;\">Desafios do pluralismo<\/span><\/a><\/div>\n<div><a href=\"http:\/\/crunicap.blogspot.com.br\/2010\/08\/simbolos-religiosos-em-predios-publicos.html\" target=\"_blank\" rel=\"noopener\"><span style=\"font-size: x-small;\">S\u00edmbolos religiosos e espa\u00e7o p\u00fablico<\/span><\/a><\/div>\n<div>\n<p><span style=\"font-size: x-small;\"><a href=\"http:\/\/crunicap.blogspot.com.br\/2012\/02\/fe-na-educacao.html\" target=\"_blank\" rel=\"noopener\">\u00a0<\/a><\/span><\/p>\n<\/div>\n<\/div>\n","protected":false},"excerpt":{"rendered":"<p>Qual sua opini\u00e3o sobre a Lei das Religi\u00f5es? \u00a0&#8230; No dia 14 de junho de 2013, das 19h30 \u00e0s 20h30, o Programa Opini\u00e3o Pernambuco, na TV Universit\u00e1ria, tratou do tema &#8220;Lei das Religi\u00f5es&#8221;, com a participa\u00e7\u00e3o do prof. Gilbraz Arag\u00e3o, do Mestrado em Ci\u00eancias da Religi\u00e3o da UNICAP, al\u00e9m do nosso mestrando\u00a0\u00c9rico Lustosa, que tamb\u00e9m&#8230; <\/p>\n<div class=\"link-more\"><a href=\"https:\/\/www1.unicap.br\/observatorio2\/?page_id=28\">Leia mais<\/a><\/div>\n","protected":false},"author":1,"featured_media":0,"parent":1624,"menu_order":2,"comment_status":"open","ping_status":"closed","template":"","meta":{"footnotes":""},"class_list":["post-28","page","type-page","status-publish","hentry"],"_links":{"self":[{"href":"https:\/\/www1.unicap.br\/observatorio2\/index.php?rest_route=\/wp\/v2\/pages\/28","targetHints":{"allow":["GET"]}}],"collection":[{"href":"https:\/\/www1.unicap.br\/observatorio2\/index.php?rest_route=\/wp\/v2\/pages"}],"about":[{"href":"https:\/\/www1.unicap.br\/observatorio2\/index.php?rest_route=\/wp\/v2\/types\/page"}],"author":[{"embeddable":true,"href":"https:\/\/www1.unicap.br\/observatorio2\/index.php?rest_route=\/wp\/v2\/users\/1"}],"replies":[{"embeddable":true,"href":"https:\/\/www1.unicap.br\/observatorio2\/index.php?rest_route=%2Fwp%2Fv2%2Fcomments&post=28"}],"version-history":[{"count":21,"href":"https:\/\/www1.unicap.br\/observatorio2\/index.php?rest_route=\/wp\/v2\/pages\/28\/revisions"}],"predecessor-version":[{"id":6223,"href":"https:\/\/www1.unicap.br\/observatorio2\/index.php?rest_route=\/wp\/v2\/pages\/28\/revisions\/6223"}],"up":[{"embeddable":true,"href":"https:\/\/www1.unicap.br\/observatorio2\/index.php?rest_route=\/wp\/v2\/pages\/1624"}],"wp:attachment":[{"href":"https:\/\/www1.unicap.br\/observatorio2\/index.php?rest_route=%2Fwp%2Fv2%2Fmedia&parent=28"}],"curies":[{"name":"wp","href":"https:\/\/api.w.org\/{rel}","templated":true}]}}