{"id":2550,"date":"2016-03-09T22:13:20","date_gmt":"2016-03-10T01:13:20","guid":{"rendered":"https:\/\/www1.unicap.br\/observatorio2\/?page_id=2550"},"modified":"2016-06-08T00:28:18","modified_gmt":"2016-06-08T03:28:18","slug":"programacao-2016","status":"publish","type":"page","link":"https:\/\/www1.unicap.br\/observatorio2\/?page_id=2550","title":{"rendered":"Programa\u00e7\u00e3o 2016"},"content":{"rendered":"<p><a href=\"https:\/\/www1.unicap.br\/observatorio2\/?attachment_id=1944\" rel=\"attachment wp-att-1944\"><img loading=\"lazy\" decoding=\"async\" class=\"aligncenter size-full wp-image-1944\" src=\"https:\/\/www1.unicap.br\/observatorio2\/wp-content\/uploads\/2015\/05\/11249086_916398475085575_2169998615144089143_n.jpg\" alt=\"11249086_916398475085575_2169998615144089143_n\" width=\"937\" height=\"681\" srcset=\"https:\/\/www1.unicap.br\/observatorio2\/wp-content\/uploads\/2015\/05\/11249086_916398475085575_2169998615144089143_n.jpg 937w, https:\/\/www1.unicap.br\/observatorio2\/wp-content\/uploads\/2015\/05\/11249086_916398475085575_2169998615144089143_n-300x218.jpg 300w\" sizes=\"auto, (max-width: 937px) 100vw, 937px\" \/><\/a><\/p>\n<p>&nbsp;<\/p>\n<div data-contents=\"true\">\n<div data-block=\"true\" data-offset-key=\"1j366-0-0\">\n<div class=\"_1mf _1mj\" style=\"text-align: right;\" data-offset-key=\"1j366-0-0\"><span data-offset-key=\"1j366-0-0\"><span data-text=\"true\">&#8220;A m\u00fasica \u00e9 minha religi\u00e3o. <\/span><\/span><\/div>\n<\/div>\n<div style=\"text-align: right;\" data-block=\"true\" data-offset-key=\"fct3t-0-0\">\n<div class=\"_1mf _1mj\" data-offset-key=\"fct3t-0-0\"><span data-offset-key=\"fct3t-0-0\"><span data-text=\"true\">Am\u00e9m e amem&#8230; \u00e9 minha prece&#8221;<\/span><\/span><\/div>\n<\/div>\n<div style=\"text-align: right;\" data-block=\"true\" data-offset-key=\"dj3lg-0-0\">\n<div class=\"_1mf _1mj\" data-offset-key=\"dj3lg-0-0\"><span data-offset-key=\"dj3lg-0-0\"><span data-text=\"true\"><a href=\"http:\/\/nanavasconcelos.com.br\/\" target=\"_blank\">Nan\u00e1 Vasconcelos <\/a><\/span><\/span><\/div>\n<\/div>\n<div data-block=\"true\" data-offset-key=\"9b7e9-0-0\">\n<div class=\"_1mf _1mj\" style=\"text-align: right;\" data-offset-key=\"9b7e9-0-0\"><span data-offset-key=\"9b7e9-0-0\"><span data-text=\"true\">(um afrobudista psicod\u00e9lico, trans-religioso)<\/span><\/span><\/div>\n<\/div>\n<\/div>\n<p>&nbsp;<\/p>\n<p>1. <strong>Grupo de Estudo<\/strong><\/p>\n<p>O Grupo de Estudo sobre Transdisciplinaridade e Di\u00e1logo, coordenado desde 2005\u00a0pelo prof. Gilbraz Arag\u00e3o na UNICAP, re\u00fane-se a partir de<strong>\u00a09 de mar\u00e7o<\/strong>, nas <strong>quartas-feiras<\/strong>, das 17 \u00e0s 18h30, no\u00a0Programa de P\u00f3s-gradua\u00e7\u00e3o em Ci\u00eancias da Religi\u00e3o (8\u00ba andar do bloco G4) e \u00e9 aberto \u00e0 participa\u00e7\u00e3o de pesquisadores, doutorandos, mestrandos e tamb\u00e9m a\u00a0graduandos interessados na inicia\u00e7\u00e3o cient\u00edfica, al\u00e9m de militantes do di\u00e1logo inter-religioso.<\/p>\n<p>Nas reuni\u00f5es semanais do Grupo os participantes compartilham o andamento de suas pesquisas e depois prosseguem com o estudo de uma obra: neste primeiro semestre vamos discutir o dossi\u00ea &#8220;<a href=\"http:\/\/periodicos.pucminas.br\/index.php\/horizonte\/issue\/view\/743\/showToc\" target=\"_blank\">Desafios do Pluralismo Religioso<\/a>&#8221; da Revista Horizonte. A consci\u00eancia\u00a0sobre a legitimidade do pluralismo\u00a0n\u00e3o \u00e9 muito antiga, tendo emergido\u00a0somente no s\u00e9culo XX. Apesar de se conviver ao longo da hist\u00f3ria com outras tradi\u00e7\u00f5es e formas religiosas diferentes, o \u201coutro\u201d n\u00e3o era acolhido e raramente era respeitado em sua dignidade.<\/p>\n<p>E agora, com os conhecimentos hist\u00f3ricos e antropol\u00f3gicos\u00a0que desenvolvemos, pode-se pensar, por princ\u00edpio filos\u00f3fico, em\u00a0pluralismo religioso?\u00a0E tamb\u00e9m, neste mundo globalizado,\u00a0\u00e9 poss\u00edvel se vislumbrar uma espiritualidade (e teologia) trans-religiosa? Essas quest\u00f5es estar\u00e3o sobre a mesa &#8211; quase sempre acompanhadas por caf\u00e9 e bolo, com direito a uma vista bonita do crep\u00fasculo no Recife&#8230;<\/p>\n<p>&nbsp;<\/p>\n<p>2. <strong>F\u00f3rum Inter-religioso<\/strong><\/p>\n<p>O <a href=\"https:\/\/www1.unicap.br\/observatorio2\/?page_id=34\" target=\"_blank\">F\u00f3rum Inter-Religioso da UNICAP<\/a>, organizado pelo nosso Observat\u00f3rio, articula desde 2007 uma s\u00e9rie de encontros\u00a0com animadores das tradi\u00e7\u00f5es espirituais da regi\u00e3o, para re-conhecimento humano\u00a0e exerc\u00edcio de toler\u00e2ncia cultural, para refletir sobre a venera\u00e7\u00e3o pluralista do sagrado e ensaiar uma m\u00edstica trans-religiosa.<\/p>\n<p>Na esteira dessa experi\u00eancia, que acontece normalmente na segunda segunda-feira de cada m\u00eas no audit\u00f3rio do CTCH\u00a0(1\u00ba andar do bloco B) da UNICAP, das 17 \u00e0s 18h30, est\u00e1 surgindo inclusive\u00a0uma exitosa rede de <a href=\"https:\/\/www1.unicap.br\/observatorio2\/?p=2101\" target=\"_blank\">F\u00f3runs Inter-religiosos nas Escolas de Pernambuco<\/a>.<\/p>\n<p>Ap\u00f3s estudar as principais religi\u00f5es no Recife\u00a0e tamb\u00e9m aprofundar tem\u00e1ticas transversais \u00e0s grandes tradi\u00e7\u00f5es espirituais, o F\u00f3rum da UNICAP est\u00e1 se debru\u00e7ando agora sobre os desafios te\u00f3ricos, fenomenol\u00f3gicos e hermen\u00eauticos, para\u00a0a compreens\u00e3o cr\u00edtica e engajada da nossa religiosidade:<\/p>\n<p>Dia <strong>11 de abril<\/strong>: <a href=\"https:\/\/www1.unicap.br\/observatorio2\/?p=2622\" target=\"_blank\">Devo\u00e7\u00f5es da religi\u00e3o popular: ontem e hoje<\/a>. Participa\u00e7\u00e3o de Artur Tavares, Sylvana Brand\u00e3o, Gilvan Neves, Priscila Alcon&#8230;<\/p>\n<p>Dia\u00a0<strong>9 de maio<\/strong>: <a href=\"https:\/\/www1.unicap.br\/observatorio2\/?p=2686\" target=\"_blank\">Novos movimentos religiosos: reinventando o velho sagrado<\/a>. Participa\u00e7\u00e3o de Karina Oliveira,\u00a0Constantino Melo, Carlos Vieira&#8230;<\/p>\n<p>Dia <strong>13 de junho<\/strong>: <a href=\"https:\/\/www1.unicap.br\/observatorio2\/?p=2826\" target=\"_blank\">Di\u00e1logos trans-religiosos: outras tecnologias, novas espiritualidades?<\/a> Participa\u00e7\u00e3o de Luca Pacheco, V\u00e9ronique Donard,\u00a0Davi Barbosa&#8230;<\/p>\n<p>As comunica\u00e7\u00f5es apresentadas e debatidas no F\u00f3rum ir\u00e3o compor\u00a0novo volume da s\u00e9rie de livros do nosso Grupo (saiba mais\u00a0por <a href=\"http:\/\/issuu.com\/marianovicente\/docs\/e-book_espiritualidades_transdiscip?e=9685843\/31003281\" target=\"_blank\">aqui<\/a>).<\/p>\n<p>&nbsp;<\/p>\n<p>3. <strong>Encontros e Semin\u00e1rios<\/strong><\/p>\n<p>A equipe do Observat\u00f3rio Transdisciplinar das Religi\u00f5es no Recife est\u00e1 envolvida igualmente na anima\u00e7\u00e3o de v\u00e1rios eventos relacionados ao di\u00e1logo, em parceria com outros grupos universit\u00e1rios e de educa\u00e7\u00e3o comunit\u00e1ria:<\/p>\n<p>Coexist\u00eancia religiosa \u2013 dia<strong> 21 de mar\u00e7o<\/strong>, 19h30. Debate com Gilbraz Arag\u00e3o no Programa Opini\u00e3o Pernambuco da <a href=\"http:\/\/www.ntvru.ufpe.br\/index.php?option=com_content&amp;view=article&amp;id=92&amp;Itemid=156\" target=\"_blank\">TV Universit\u00e1ria <\/a>no Recife.<\/p>\n<p>Intoler\u00e2ncia religiosa e espa\u00e7o p\u00fablico \u2013 dia <strong>22 de mar\u00e7o<\/strong>, 19h. Palestra e debate com Gilbraz Arag\u00e3o e\u00a0grupo de estudo no Curso de Hist\u00f3ria da UPE em Nazar\u00e9 da Mata.<\/p>\n<p>Unidade na diversidade \u2013 dia<strong>\u00a011 de maio<\/strong>, 18h. Semana de <a href=\"http:\/\/www.conic.org.br\/portal\/semana-de-oracao\" target=\"_blank\">Ora\u00e7\u00e3o pela Unidade<\/a>, promovida pelo CONIC, na Capela da UNICAP.<\/p>\n<p>Sagrado e arte em Brennand \u2013 dia <strong>14 de maio<\/strong>, 7 \u00e0s 13h. Peripateia das Religi\u00f5es: visita coordenada por Artur Tavares \u00e0 Oficina Brennand no Recife.<\/p>\n<p>Pluralismo religioso \u2013 dia <strong>27 de maio<\/strong>, 9h. Palestra de Dom Sebasti\u00e3o Armando, bispo anglicano, na UNICAP.<\/p>\n<p>Di\u00e1logo\u00a0inter-religioso e educa\u00e7\u00e3o\u00a0\u2013 <strong>10 e 11 de junho<\/strong>. Semin\u00e1rio de Gilbraz Arag\u00e3o e\u00a0grupo do Observat\u00f3rio na UNICAP.<\/p>\n<p>Ecumenismo e Di\u00e1logo &#8211; <strong>19 de junho<\/strong>. Assessoria aos Catequistas cat\u00f3licos na Matriz da V\u00e1rzea no Recife.<\/p>\n<p>&nbsp;<\/p>\n<p>4. <strong>Congressos e Comunica\u00e7\u00f5es<\/strong><\/p>\n<p>Nossa equipe tamb\u00e9m atua em rede com outros N\u00facleos de pesquisa e Observat\u00f3rios de estudo da diversidade cultural e do di\u00e1logo entre as religi\u00f5es. At\u00e9 o momento, representa\u00e7\u00f5es do nosso grupo est\u00e3o garantidas nos seguintes eventos acad\u00eamicos:<\/p>\n<p><strong>15 e 16 de mar\u00e7o<\/strong>\u00a0\u2013 <a href=\"https:\/\/espdialogo.wordpress.com\/2016\/04\/09\/grupo-interuniversitario-sobre-dialogo\/\" target=\"_blank\">Semin\u00e1rio do Grupo de Pesquisa Espiritualidades Contempor\u00e2neas, Pluralidades Religiosas e Di\u00e1logo<\/a>\u00a0na UMESP &#8211; S\u00e3o Paulo.<\/p>\n<p><strong>28 a 31 de mar\u00e7o<\/strong>\u00a0\u2013\u00a0<a href=\"http:\/\/www.ftsr.ulaval.ca\/\" target=\"_blank\">Journ\u00e9e de Th\u00e9ologie Pratique &#8211; Dialogue Interreligieux<\/a>\u00a0na Universit\u00e9 LAVAL &#8211; Canad\u00e1.<\/p>\n<p><strong>25 a 28 de abril<\/strong> \u2013 <a href=\"http:\/\/www.associationaric.com\/nacional.html\" target=\"_blank\">Col\u00f3quio Internacional Mobilidades e Interculturalidade <\/a>no Convento dos Franciscanos &#8211; Olinda.<\/p>\n<p>27 a 29 de abril \u2013 <a href=\"http:\/\/www.sdh.gov.br\/assuntos\/conferenciasdh\/12a-conferencia-nacional-de-direitos-humanos\" target=\"_blank\">Confer\u00eancia Nacional dos Direitos Humanos <\/a>&#8211; Bras\u00edlia.<\/p>\n<p><strong>26 a 29 de maio<\/strong>\u00a0\u2013 <a href=\"http:\/\/www.exercitodesalvacao.org.br\/\" target=\"_blank\">Simp\u00f3sio Brasileiro Justi\u00e7a Social e Espiritualidades<\/a>\u00a0na ISJC\/ES &#8211; S\u00e3o Paulo.<\/p>\n<p><strong>11 a 15 de julho<\/strong> \u2013 <a href=\"http:\/\/www.usbbog.edu.co\/odrec\/congreso2016\/\" target=\"_blank\">Congreso Internacional ODREC sobre Diversidad Religiosa y de las Culturas<\/a>\u00a0(inscri\u00e7\u00e3o de comunica\u00e7\u00f5es <strong>at\u00e9 8 de abril<\/strong>) na Universidad San Buenaventura &#8211; Col\u00f4mbia.<\/p>\n<p><strong>12 a 14 de julho<\/strong> \u2013 <a href=\"http:\/\/www.soter.org.br\/congresso-2016\/\" target=\"_blank\">Congresso da SOTER<\/a>\u00a0(inscri\u00e7\u00f5es de comunica\u00e7\u00f5es em nosso GT\u00a0<strong>at\u00e9 15 de maio<\/strong>) na PUCMINAS &#8211; Belo Horizonte.<\/p>\n<p><strong>8 a 10 de setembr<\/strong>o \u2013 <a href=\"https:\/\/www.facebook.com\/III-Congresso-Nordestino-de-Ci%C3%AAncias-da-Religi%C3%A3o-560902450744853\/timeline\" target=\"_blank\">Congresso Nordestino de Ci\u00eancias da Religi\u00e3o<\/a>\u00a0na UNICAP &#8211; Recife.<\/p>\n<p><strong>13 e 14 de outubro<\/strong> \u2013 Col\u00f3quio do Grupo de Pesquisa Religi\u00f5es, Identidades e Di\u00e1logos na UNICAP &#8211; Recife.<\/p>\n<p>&nbsp;<\/p>\n<p>5. <strong>Participa\u00e7\u00e3o em Comiss\u00f5es<\/strong><\/p>\n<p>O Observat\u00f3rio das Religi\u00f5es no Recife, atrav\u00e9s de representa\u00e7\u00f5es dos seus membros, participa ativamente de articula\u00e7\u00f5es e servi\u00e7os,\u00a0nacionais e regionais,\u00a0de promo\u00e7\u00e3o do di\u00e1logo e do ecumenismo:<\/p>\n<p>&#8211; Comit\u00ea Nacional de Respeito \u00e0 Diversidade Religiosa da Secretaria de Direitos Humanos do Governo do Brasil, que inspira o <a href=\"http:\/\/tvbrasil.ebc.com.br\/entreoceueaterra\/episodios\" target=\"_blank\">Programa de TV e WEB Entre o C\u00e9u e a Terra<\/a>.<\/p>\n<p>&#8211; Equipe de Reflex\u00e3o da <a href=\"http:\/\/www.cnbb.org.br\/index.php?option=com_content&amp;view=category&amp;layout=blog&amp;id=238&amp;Itemid=167\" target=\"_blank\">Comiss\u00e3o Episcopal de CEBs e Laicato da CNBB<\/a>.<\/p>\n<p>&#8211; Comiss\u00e3o de Pastoral para Ecumenismo e Di\u00e1logo Inter-religioso da Arquidiocese de Olinda e Recife, que anima o <a href=\"https:\/\/www.facebook.com\/Programa-forma\u00e7\u00e3o-crist\u00e3-radio-olinda-am-1030-287335801338846\/\" target=\"_blank\">Programa de R\u00e1dio Forma\u00e7\u00e3o Crist\u00e3<\/a>, \u00e0s ter\u00e7as-feiras.<\/p>\n<p>&#8211; <a href=\"https:\/\/www.facebook.com\/forumdialogos\" target=\"_blank\">F\u00f3rum Di\u00e1logos <\/a>&#8211; Associa\u00e7\u00e3o civil para Promo\u00e7\u00e3o da Diversidade Religiosa em Pernambuco.<\/p>\n<p>&#8211; <a href=\"http:\/\/www.usbbog.edu.co\/odrec\/\" target=\"_blank\">Observatorio de la diversidad religiosa y de las culturas en Am\u00e9rica Latina y el Caribe<\/a>.<\/p>\n<p>&nbsp;<\/p>\n<p>&nbsp;<\/p>\n","protected":false},"excerpt":{"rendered":"<p>&nbsp; &#8220;A m\u00fasica \u00e9 minha religi\u00e3o. Am\u00e9m e amem&#8230; \u00e9 minha prece&#8221; Nan\u00e1 Vasconcelos (um afrobudista psicod\u00e9lico, trans-religioso) &nbsp; 1. Grupo de Estudo O Grupo de Estudo sobre Transdisciplinaridade e Di\u00e1logo, coordenado desde 2005\u00a0pelo prof. Gilbraz Arag\u00e3o na UNICAP, re\u00fane-se a partir de\u00a09 de mar\u00e7o, nas quartas-feiras, das 17 \u00e0s 18h30, no\u00a0Programa de P\u00f3s-gradua\u00e7\u00e3o em&#8230; <\/p>\n<div class=\"link-more\"><a href=\"https:\/\/www1.unicap.br\/observatorio2\/?page_id=2550\">Leia mais<\/a><\/div>\n","protected":false},"author":2,"featured_media":0,"parent":40,"menu_order":3,"comment_status":"closed","ping_status":"closed","template":"","meta":{"footnotes":""},"class_list":["post-2550","page","type-page","status-publish","hentry"],"_links":{"self":[{"href":"https:\/\/www1.unicap.br\/observatorio2\/index.php?rest_route=\/wp\/v2\/pages\/2550","targetHints":{"allow":["GET"]}}],"collection":[{"href":"https:\/\/www1.unicap.br\/observatorio2\/index.php?rest_route=\/wp\/v2\/pages"}],"about":[{"href":"https:\/\/www1.unicap.br\/observatorio2\/index.php?rest_route=\/wp\/v2\/types\/page"}],"author":[{"embeddable":true,"href":"https:\/\/www1.unicap.br\/observatorio2\/index.php?rest_route=\/wp\/v2\/users\/2"}],"replies":[{"embeddable":true,"href":"https:\/\/www1.unicap.br\/observatorio2\/index.php?rest_route=%2Fwp%2Fv2%2Fcomments&post=2550"}],"version-history":[{"count":42,"href":"https:\/\/www1.unicap.br\/observatorio2\/index.php?rest_route=\/wp\/v2\/pages\/2550\/revisions"}],"predecessor-version":[{"id":2833,"href":"https:\/\/www1.unicap.br\/observatorio2\/index.php?rest_route=\/wp\/v2\/pages\/2550\/revisions\/2833"}],"up":[{"embeddable":true,"href":"https:\/\/www1.unicap.br\/observatorio2\/index.php?rest_route=\/wp\/v2\/pages\/40"}],"wp:attachment":[{"href":"https:\/\/www1.unicap.br\/observatorio2\/index.php?rest_route=%2Fwp%2Fv2%2Fmedia&parent=2550"}],"curies":[{"name":"wp","href":"https:\/\/api.w.org\/{rel}","templated":true}]}}