{"id":228,"date":"2011-04-11T02:08:34","date_gmt":"2011-04-11T02:08:34","guid":{"rendered":"https:\/\/www1.unicap.br\/observatorio2\/?page_id=228"},"modified":"2014-03-25T11:01:18","modified_gmt":"2014-03-25T14:01:18","slug":"hare-krishnas","status":"publish","type":"page","link":"https:\/\/www1.unicap.br\/observatorio2\/?page_id=228","title":{"rendered":"Hare Krishnas"},"content":{"rendered":"<p><iframe loading=\"lazy\" src=\"\/\/www.youtube.com\/embed\/9GIKGj7Mbe4?rel=0\" height=\"360\" width=\"480\" allowfullscreen=\"\" frameborder=\"0\"><\/iframe><\/p>\n<p>&nbsp;<\/p>\n<div><\/div>\n<div>MOVIMENTO HARE KRISHNA<\/div>\n<div><\/div>\n<div><span style=\"color: #ffffff;\">&#8230;<\/span><\/div>\n<div>A Sociedade Internacional para a Consci\u00eancia de Krishna, ou simplesmente ISKCON (International Society for Krishna Consciousness) \u00e9 uma associa\u00e7\u00e3o religiosa, filos\u00f3fica e cultural derivada do Hindu\u00edsmo vaishnava. Fundada em 1966 na cidade de Nova York pelo pensador indiano A. C. Bhaktivedanta Swami Prabhupada (Srila Prabhupada), \u00e9 conhecida popularmente como\u00a0Movimento Hare Krishna\u00a0e atualmente possui mais de 350 centros culturais, 60 comunidades alternativas, 50 escolas e 60 restaurantes no mundo todo.<\/div>\n<div><\/div>\n<p>O sistema doutrin\u00e1rio dos seguidores de Prabhupada n\u00e3o est\u00e1 limitado \u00e0 quest\u00e3o teol\u00f3gica: abrange todos os campos do comportamento humano, como alimenta\u00e7\u00e3o, vestu\u00e1rio, organiza\u00e7\u00e3o familiar, etiqueta, organiza\u00e7\u00e3o social, economia, higiene, arquitetura, belas artes, m\u00fasica, dan\u00e7a, literatura, astrologia, concep\u00e7\u00f5es pedag\u00f3gicas, t\u00e9cnicas agr\u00edcolas e pecu\u00e1rias, etc. Enfim, \u00e9 um sistema completo e com caracter\u00edsticas bastante peculiares.<\/p>\n<p>&nbsp;<\/p>\n<p>Site:<\/p>\n<p><a href=\"http:\/\/www3.iskcon.com.br\/iskcon\/\">http:\/\/www3.iskcon.com.br\/iskcon\/<\/a><\/p>\n","protected":false},"excerpt":{"rendered":"<p>&nbsp; MOVIMENTO HARE KRISHNA &#8230; A Sociedade Internacional para a Consci\u00eancia de Krishna, ou simplesmente ISKCON (International Society for Krishna Consciousness) \u00e9 uma associa\u00e7\u00e3o religiosa, filos\u00f3fica e cultural derivada do Hindu\u00edsmo vaishnava. Fundada em 1966 na cidade de Nova York pelo pensador indiano A. C. Bhaktivedanta Swami Prabhupada (Srila Prabhupada), \u00e9 conhecida popularmente como\u00a0Movimento Hare&#8230; <\/p>\n<div class=\"link-more\"><a href=\"https:\/\/www1.unicap.br\/observatorio2\/?page_id=228\">Leia mais<\/a><\/div>\n","protected":false},"author":2,"featured_media":0,"parent":34,"menu_order":0,"comment_status":"open","ping_status":"open","template":"","meta":{"footnotes":""},"class_list":["post-228","page","type-page","status-publish","hentry"],"_links":{"self":[{"href":"https:\/\/www1.unicap.br\/observatorio2\/index.php?rest_route=\/wp\/v2\/pages\/228","targetHints":{"allow":["GET"]}}],"collection":[{"href":"https:\/\/www1.unicap.br\/observatorio2\/index.php?rest_route=\/wp\/v2\/pages"}],"about":[{"href":"https:\/\/www1.unicap.br\/observatorio2\/index.php?rest_route=\/wp\/v2\/types\/page"}],"author":[{"embeddable":true,"href":"https:\/\/www1.unicap.br\/observatorio2\/index.php?rest_route=\/wp\/v2\/users\/2"}],"replies":[{"embeddable":true,"href":"https:\/\/www1.unicap.br\/observatorio2\/index.php?rest_route=%2Fwp%2Fv2%2Fcomments&post=228"}],"version-history":[{"count":6,"href":"https:\/\/www1.unicap.br\/observatorio2\/index.php?rest_route=\/wp\/v2\/pages\/228\/revisions"}],"predecessor-version":[{"id":526,"href":"https:\/\/www1.unicap.br\/observatorio2\/index.php?rest_route=\/wp\/v2\/pages\/228\/revisions\/526"}],"up":[{"embeddable":true,"href":"https:\/\/www1.unicap.br\/observatorio2\/index.php?rest_route=\/wp\/v2\/pages\/34"}],"wp:attachment":[{"href":"https:\/\/www1.unicap.br\/observatorio2\/index.php?rest_route=%2Fwp%2Fv2%2Fmedia&parent=228"}],"curies":[{"name":"wp","href":"https:\/\/api.w.org\/{rel}","templated":true}]}}