{"id":226,"date":"2011-04-11T01:58:44","date_gmt":"2011-04-11T01:58:44","guid":{"rendered":"https:\/\/www1.unicap.br\/observatorio2\/?page_id=226"},"modified":"2013-07-17T05:49:19","modified_gmt":"2013-07-17T08:49:19","slug":"xucuru","status":"publish","type":"page","link":"https:\/\/www1.unicap.br\/observatorio2\/?page_id=226","title":{"rendered":"Xucuru"},"content":{"rendered":"<p><iframe loading=\"lazy\" src=\"\/\/www.youtube.com\/embed\/zB17wbqP4ys?rel=0\" height=\"360\" width=\"480\" allowfullscreen=\"\" frameborder=\"0\"><\/iframe><\/p>\n<p>&nbsp;<\/p>\n<p><strong>Xucuru<\/strong><\/p>\n<p>&nbsp;<\/p>\n<p>Hist\u00f3ria<\/p>\n<p>Os Xucuru s\u00e3o um grupo ind\u00edgena brasileiro que habita a serra do Ororub\u00e1, no munic\u00edpio de Pesqueira, estado de Pernambuco. Autodenominam-se Xucuru do Ororub\u00e1, para distinguir-se do povo Xucuru-Cariri de Alagoas.<\/p>\n<p>O munic\u00edpio de Pesqueira tem suas origens no aldeamento do povo Xucuru, promovido pelos padres da Congrega\u00e7\u00e3o do Orat\u00f3rio de S\u00e3o Felipe de N\u00e9ri, a partir de 1661. O aldeamento tamb\u00e9m era local de cria\u00e7\u00e3o de gado pelos mission\u00e1rios, que utilizavam m\u00e3o de obra ind\u00edgena. Com a aplica\u00e7\u00e3o do Diret\u00f3rio dos \u00cdndios (1757) do Marqu\u00eas de Pombal, o aldeamento foi elevado \u00e0 categoria de vila, a Vila de Cimbres em 1762. Em 1880, Cimbres passa a ser distrito do munic\u00edpio de Pesqueira.<\/p>\n<p>Ao longo do tempo, a terra onde viviam os ind\u00edgenas foi sendo ocupada por arrendat\u00e1rios, que expulsavam os \u00edndios. Em 1850, ap\u00f3s a promulga\u00e7\u00e3o da Lei de Terras, as autoridades locais pediram ao governo da Prov\u00edncia o fim do aldeamento, alegando que os \u00edndios j\u00e1 eram caboclos. Em 1879, o aldeamento foi extinto oficialmente. Os ind\u00edgenas se dispersaram, buscando outros ex-aldeamentos, a periferia das cidades ou refugiaram-se em locais de dif\u00edcil acesso. Alguns ainda permaneceram em suas primitivas terras, trabalhando para os fazendeiros que detiveram a posse. Apesar do fim do aldeamento, os \u00edndios Xucuru mantiveram a pr\u00e1tica de seus cultos religiosos ainda que proibidos.<\/p>\n<p>Com a cria\u00e7\u00e3o do Servi\u00e7o de Prote\u00e7\u00e3o ao \u00cdndio, e a instala\u00e7\u00e3o de um posto em 1954 na Serra do Ororub\u00e1, os xucurus buscaram o seu reconhecimento pelo Estado. Mas, os conflitos com os fazendeiros e posseiros perdurava, pois a pol\u00edtica do \u00f3rg\u00e3o indigenista era assegurar aos \u00edndios pequenas \u00e1reas de terras, cercadas por n\u00e3o-\u00edndios.<\/p>\n<p>Ap\u00f3s a promulga\u00e7\u00e3o da Constitui\u00e7\u00e3o de 1988, que reconheceu aos \u00edndios o direito ao usufruto da terra tradicionalmente ocupada por estes povos, os xucurus liderados pelo cacique Chic\u00e3o, reorganizaram-se em torno da reconquista da terra. Por\u00e9m provavelmente a mando de fazendeiros descontentes com a luta para a demarca\u00e7\u00e3o de terras. Um homem n\u00e3o identificado, assassinou o cacique Chic\u00e3o no dia 20 de maio de 1998.<\/p>\n<p>Hoje, na Serra do Ororub\u00e1 os \u00edndios Xukuru vivem, em 24 aldeias, com uma popula\u00e7\u00e3o de 9.000 \u00edndios, segundo dados da Funda\u00e7\u00e3o Nacional de Sa\u00fade de 2006. A terra ind\u00edgena, homologada em 2001, ocupa uma \u00e1rea de 27.555 hectares, dos quais 103.162 est\u00e3o no munic\u00edpio de Pesqueira e 21.118 est\u00e3o no munic\u00edpio de Po\u00e7\u00e3o (Pernambuco). Os \u00edndios desenvolvem atividades agr\u00edcolas e bordados tipo renascen\u00e7a. Al\u00e9m disto, no n\u00facleo urbano de Pesqueira, habitam aproximadamente 200 fam\u00edlias ind\u00edgenas, sobretudo no bairro Xukurus.<\/p>\n<p>&nbsp;<\/p>\n<p>Principais cren\u00e7as<\/p>\n<p>A religi\u00e3o dos Xucuru hoje \u00e9 um sincretismo entre as pr\u00e1ticas e cren\u00e7as de seus antepassados, e a religi\u00e3o cat\u00f3lica. O deus Tup\u00e3 e a deusa Tamain foram sincretizados com o deus crist\u00e3o, e com N. Sra. das Montanhas. Em seus c\u00e2nticos eles grit\u00e3o \u201cViva Tamain, Pai Tup\u00e3 e o Cacique Xic\u00e3o\u201d. A festa de Tamain tem uma participa\u00e7\u00e3o maior de pessoas, e ela \u00e9 invocada como protetora dos xukurus e de Cimbres.<\/p>\n<p>O maior la\u00e7o que une a tribo, at\u00e9 mais importante do que o parentesco, que acabou por se transformar em s\u00edmbolo da resist\u00eancia dos \u00edndios do Nordeste, \u00e9 o ritual do tore. Este transcende a quest\u00e3o de passado, presente e futuro, porque nesse campo entidades como paj\u00e9s e caciques que j\u00e1 foram plantados [faleceram] est\u00e3o presentes e ganham corporeidade, seja pelo canto, seja na fala. O simbolismo do ritual e o respeito dispensado a ele \u2013 ensinados de pai para filho \u2013 s\u00e3o quest\u00f5es sagradas entre os xucurus. No entanto, na pr\u00e1tica, os c\u00e2nticos da igreja s\u00e3o incorporados ao tor\u00e9, que \u00e9 dan\u00e7ado dentro da igreja.<\/p>\n<p>Sobre a morte, segue uma transcri\u00e7\u00e3o do lamento de dona Lica e em seguida da esposa do cacique Xic\u00e3o, quando de sua morte: \u201cNatureza sagrada chorou e gemeu porque tinha perdido seu filho\u201d. \u201cEle n\u00e3o vai ser enterrado, ele n\u00e3o vai ser sepultado. Ele vai ser encantado, para que dele nas\u00e7a novos guerreiros minha m\u00e3e natureza!\u201d.<\/p>\n<p>&nbsp;<\/p>\n<p>Festas importantes<\/p>\n<p>Acompanhando o calend\u00e1rio festivo em Cimbres, dos santos cat\u00f3licos romanos:<\/p>\n<p>1. \u00c9 festejado em junho: S\u00e3o Jo\u00e3o, chamado Ca\u00f4 pelos Xukuru.<\/p>\n<p>2. 2 de julho: N. Sra. das Montanhas, denominada M\u00e3e Tamain.<\/p>\n<p>3. Em setembro: S. Miguel<\/p>\n<p>4. Tamb\u00e9m rezam o Ter\u00e7o, promovem novenas, e viajam a Juazeiro do Norte\/CE para as celebra\u00e7\u00f5es que lembram o Pe. C\u00edcero.<\/p>\n<p>&nbsp;<\/p>\n<p>Endere\u00e7o f\u00edsico e virtual<\/p>\n<p>Serra do Ororub\u00e1 e bairro Xukurus, Pesqueira\/Pernambuco.<\/p>\n<p><a href=\"http:\/\/www.xukuru.de\">http:\/\/www.xukuru.de<\/a><\/p>\n","protected":false},"excerpt":{"rendered":"<p>&nbsp; Xucuru &nbsp; Hist\u00f3ria Os Xucuru s\u00e3o um grupo ind\u00edgena brasileiro que habita a serra do Ororub\u00e1, no munic\u00edpio de Pesqueira, estado de Pernambuco. Autodenominam-se Xucuru do Ororub\u00e1, para distinguir-se do povo Xucuru-Cariri de Alagoas. O munic\u00edpio de Pesqueira tem suas origens no aldeamento do povo Xucuru, promovido pelos padres da Congrega\u00e7\u00e3o do Orat\u00f3rio de&#8230; <\/p>\n<div class=\"link-more\"><a href=\"https:\/\/www1.unicap.br\/observatorio2\/?page_id=226\">Leia mais<\/a><\/div>\n","protected":false},"author":2,"featured_media":0,"parent":34,"menu_order":0,"comment_status":"open","ping_status":"open","template":"","meta":{"footnotes":""},"class_list":["post-226","page","type-page","status-publish","hentry"],"_links":{"self":[{"href":"https:\/\/www1.unicap.br\/observatorio2\/index.php?rest_route=\/wp\/v2\/pages\/226","targetHints":{"allow":["GET"]}}],"collection":[{"href":"https:\/\/www1.unicap.br\/observatorio2\/index.php?rest_route=\/wp\/v2\/pages"}],"about":[{"href":"https:\/\/www1.unicap.br\/observatorio2\/index.php?rest_route=\/wp\/v2\/types\/page"}],"author":[{"embeddable":true,"href":"https:\/\/www1.unicap.br\/observatorio2\/index.php?rest_route=\/wp\/v2\/users\/2"}],"replies":[{"embeddable":true,"href":"https:\/\/www1.unicap.br\/observatorio2\/index.php?rest_route=%2Fwp%2Fv2%2Fcomments&post=226"}],"version-history":[{"count":5,"href":"https:\/\/www1.unicap.br\/observatorio2\/index.php?rest_route=\/wp\/v2\/pages\/226\/revisions"}],"predecessor-version":[{"id":559,"href":"https:\/\/www1.unicap.br\/observatorio2\/index.php?rest_route=\/wp\/v2\/pages\/226\/revisions\/559"}],"up":[{"embeddable":true,"href":"https:\/\/www1.unicap.br\/observatorio2\/index.php?rest_route=\/wp\/v2\/pages\/34"}],"wp:attachment":[{"href":"https:\/\/www1.unicap.br\/observatorio2\/index.php?rest_route=%2Fwp%2Fv2%2Fmedia&parent=226"}],"curies":[{"name":"wp","href":"https:\/\/api.w.org\/{rel}","templated":true}]}}