{"id":2232,"date":"2015-09-22T11:05:55","date_gmt":"2015-09-22T14:05:55","guid":{"rendered":"https:\/\/www1.unicap.br\/observatorio2\/?page_id=2232"},"modified":"2015-11-21T22:10:06","modified_gmt":"2015-11-22T01:10:06","slug":"programacao-2015-2","status":"publish","type":"page","link":"https:\/\/www1.unicap.br\/observatorio2\/?page_id=2232","title":{"rendered":"Programa\u00e7\u00e3o 2015.2"},"content":{"rendered":"<p><a href=\"https:\/\/www1.unicap.br\/observatorio2\/wp-content\/uploads\/2015\/09\/UNICAP-GRUPO-28-AGO-160.jpg\"><img loading=\"lazy\" decoding=\"async\" class=\"aligncenter wp-image-2233 size-large\" src=\"https:\/\/www1.unicap.br\/observatorio2\/wp-content\/uploads\/2015\/09\/UNICAP-GRUPO-28-AGO-160-1024x908.jpg\" alt=\"UNICAP GRUPO 28 AGO 160\" width=\"1024\" height=\"908\" srcset=\"https:\/\/www1.unicap.br\/observatorio2\/wp-content\/uploads\/2015\/09\/UNICAP-GRUPO-28-AGO-160-1024x908.jpg 1024w, https:\/\/www1.unicap.br\/observatorio2\/wp-content\/uploads\/2015\/09\/UNICAP-GRUPO-28-AGO-160-300x266.jpg 300w\" sizes=\"auto, (max-width: 1024px) 100vw, 1024px\" \/><\/a><\/p>\n<div id=\"content-main\" class=\"clearfix grid_8\">\n<div id=\"post-1719\" class=\"clearfix post post-1719 page type-page status-publish hentry nodate\">\n<div class=\"entry clearfix\">\n<div class=\"entry-content clearfix\">\n<p>&nbsp;<\/p>\n<p>1. <strong>Grupo de Estudo<\/strong><\/p>\n<p>O Grupo de Estudo sobre Transdisciplinaridade e Di\u00e1logo, coordenado pelo prof. Gilbraz Arag\u00e3o na UNICAP, re\u00fane-se\u00a0nas <strong>quartas-feiras<\/strong>, das 17 \u00e0s 18h30, no Laborat\u00f3rio do Programa de P\u00f3s-gradua\u00e7\u00e3o em Ci\u00eancias da Religi\u00e3o (8\u00ba andar do bloco G4) e \u00e9 aberto \u00e0 participa\u00e7\u00e3o de pesquisadores, doutorandos, mestrandos e tamb\u00e9m graduandos interessados na inicia\u00e7\u00e3o cient\u00edfica, al\u00e9m de militantes do di\u00e1logo inter-religioso. O pessoal alterna estudos de l\u00f3gica transdisciplinar com os de di\u00e1logo entre culturas e religi\u00f5es.<\/p>\n<p>Nas reuni\u00f5es semanais do Grupo os participantes compartilham o andamento de suas pesquisas e depois prosseguem com o estudo de uma obra: neste segundo semestre de 2015\u00a0vamos estudar o livro de <a href=\"http:\/\/raimon-panikkar.org\/spagnolo\/home.html\" target=\"_blank\">Raimon Panikkar<\/a>, <b>O di\u00e1logo indispens\u00e1vel:\u00a0paz entre as Religi\u00f5es <\/b>(Corroios-Portugal: Z\u00e9firo, 2007).\u00a0O autor faleceu\u00a0em\u00a02010, como religioso casado e com filhos adotados na sua Catalunha, tendo se dedicado\u00a0aos estudos comparados de religi\u00f5es, onde reuniu\u00a0os aprendizados hindu e budista com o crist\u00e3o e secular da sua vida.<\/p>\n<p>&nbsp;<\/p>\n<p>2. <strong>F\u00f3rum Inter-religioso<\/strong><\/p>\n<p>O <a href=\"https:\/\/www1.unicap.br\/observatorio2\/?page_id=34\" target=\"_blank\">F\u00f3rum Inter-Religioso da UNICAP<\/a>, organizado pelo nosso Observat\u00f3rio, articula desde 2007 uma s\u00e9rie de encontros\u00a0com animadores das tradi\u00e7\u00f5es espirituais da regi\u00e3o, para re-conhecimento humano\u00a0e exerc\u00edcio de toler\u00e2ncia cultural, para refletir sobre a venera\u00e7\u00e3o pluralista do sagrado e ensaiar uma m\u00edstica transreligiosa. Na esteira dessa experi\u00eancia, que acontece normalmente na segunda segunda-feira de cada m\u00eas no audit\u00f3rio do CTCH\u00a0da UNICAP, das 17 \u00e0s 18h30, est\u00e1 surgindo inclusive\u00a0uma exitosa rede de <a href=\"https:\/\/www1.unicap.br\/observatorio2\/?p=2101\" target=\"_blank\"><span style=\"color: #0066cc;\">F\u00f3runs Inter-religiosos nas Escolas de Pernambuco<\/span><\/a>.<\/p>\n<p>Ap\u00f3s estudar as principais religi\u00f5es de nossa regi\u00e3o e tamb\u00e9m aprofundar tem\u00e1ticas transversais \u00e0s grandes tradi\u00e7\u00f5es espirituais, o F\u00f3rum da UNICAP est\u00e1 se debru\u00e7ando sobre os desafios colocados pela <a href=\"https:\/\/www1.unicap.br\/observatorio2\/?p=1482\" target=\"_blank\"><span style=\"color: #0066cc;\">intoler\u00e2ncia religiosa<\/span><\/a>, que entre n\u00f3s afeta principalmente os grupos afro-brasileiros. As aproxima\u00e7\u00f5es cient\u00edficas a essas religi\u00f5es s\u00e3o importantes para o seu conhecimento, mas, com certeza, a cria\u00e7\u00e3o e socializa\u00e7\u00e3o de teologias pr\u00f3prias\u00a0pela Umbanda,\u00a0Candombl\u00e9 e Jurema devem ajudar na constru\u00e7\u00e3o de maior compreens\u00e3o e\u00a0respeito social\u00a0por essas tradi\u00e7\u00f5es.<\/p>\n<p>Assim sendo, a <a href=\"https:\/\/www1.unicap.br\/observatorio2\/?p=2132\" target=\"_blank\">abertura do F\u00f3rum <\/a>neste semestre, dia<strong> 17 de agosto<\/strong>,\u00a0contar\u00e1 com a presen\u00e7a de Jo\u00e3o Luiz Carneiro, que lan\u00e7ou recentemente o livro <a href=\"http:\/\/www.universovozes.com.br\/livrariavozes\/web\/view\/DetalheProdutoCommerce.aspx?ProdId=8532648371\" target=\"_blank\"><span style=\"color: #0066cc;\">Religi\u00f5es afro-brasileiras: uma constru\u00e7\u00e3o teol\u00f3gica<\/span><\/a>\u00a0e pode inspirar os Povos de Santo no desenvolvimento das reflex\u00f5es sobre as cren\u00e7as e viv\u00eancias das religi\u00f5es afro-pernambucanas. Os debates prosseguem nos dias <strong>14 de setembro e 19 de outubro, <\/strong>quando ser\u00e3o buscadas formas humanizantes,\u00a0tolerantes e respeitosas,\u00a0de compreens\u00e3o\u00a0da diversidade\u00a0das tradi\u00e7\u00f5es espirituais no espa\u00e7o p\u00fablico, notadamente atrav\u00e9s do <a href=\"https:\/\/www1.unicap.br\/observatorio2\/?p=2271\" target=\"_blank\">ensino religioso<\/a>.<\/p>\n<p>&nbsp;<\/p>\n<p>3. <strong>Encontros e Semin\u00e1rios<\/strong><\/p>\n<p>A equipe do Observat\u00f3rio Transdisciplinar das Religi\u00f5es no Recife est\u00e1 envolvida igualmente na anima\u00e7\u00e3o de v\u00e1rios eventos relacionados ao di\u00e1logo, em parceria com outros grupos acad\u00eamicos e de educa\u00e7\u00e3o comunit\u00e1ria:<\/p>\n<p>M\u00edstica e di\u00e1logo &#8211; <strong>28 e 29 de agosto<\/strong> (8 \u00e0s 17h, no bloco G4 da UNICAP). <a href=\"https:\/\/www1.unicap.br\/observatorio2\/?p=2153\" target=\"_blank\">Semin\u00e1rio com Franci Ronsi<\/a>, sobre as teologias de Merton e Panikkar.<\/p>\n<p>Religi\u00f5es no Recife, identidades e di\u00e1logos &#8211; dia <strong>7 de outubro<\/strong> (14h30 \u00e0s 15h30, no audit\u00f3rio do CTCH da UNICAP). Apresenta\u00e7\u00e3o das pesquisas de<a href=\"https:\/\/www1.unicap.br\/observatorio2\/?p=2164\" target=\"_blank\"> inicia\u00e7\u00e3o cient\u00edfica de Larissa Guerra e Rayane Marinho<\/a>.<\/p>\n<p>Intoler\u00e2ncia religiosa \u00e0 luz da an\u00e1lise do discurso &#8211; dia <strong>14 de outubro<\/strong> (19 \u00e0s 21h, no audit\u00f3rio GI da UNICAP). <a href=\"https:\/\/www1.unicap.br\/assecom1\/?p=55967\" target=\"_blank\">Palestra da Dra. Virg\u00ednia Leal<\/a>, do Programa de P\u00f3s em Direitos Humanos da UFPE.<\/p>\n<p>Peripateia das religi\u00f5es\u00a0&#8211; dia <strong>17 de outubro <\/strong>(13 \u00e0s 17h, sa\u00edda do Humanitas UNICAP e caminhada pelas ruas da cidade). <a href=\"https:\/\/www1.unicap.br\/observatorio2\/?p=1351\" target=\"_blank\">Visita coordenada por Artur Tavares<\/a> aos centros de espiritualidade\u00a0do Recife.<\/p>\n<p>Religi\u00f5es, desafios e encontros &#8211; dia <strong>22 de outubro<\/strong> (9h30 \u00e0s 11h, no audit\u00f3rio da Faculdade <a href=\"http:\/\/esuda.com.br\/\" target=\"_blank\">ESUDA<\/a>). Participa\u00e7\u00e3o em Mesa Redonda no <a href=\"http:\/\/esuda.com.br\/seta2015\/programacao.php\" target=\"_blank\">Semin\u00e1rio\u00a0Desafios Contempor\u00e2neos.<\/a><\/p>\n<p>Cantos sagrados e\u00a0respeito ao outro\u00a0&#8211; dia <strong>22 de outubro<\/strong> (16 \u00e0s 19h, no hall do bloco G da UNICAP). <a href=\"https:\/\/www1.unicap.br\/observatorio2\/?p=2299\" target=\"_blank\">Aula aberta com artistas da caminhada e lideran\u00e7as religiosas<\/a>, como troca de saberes no combate \u00e0s intoler\u00e2ncias.<\/p>\n<p>Como o universo e a vida funcionam &#8211; dia <strong>26 de outubro<\/strong> (14 \u00e0s 15h30, no audit\u00f3rio do CTCH da UNICAP). <a href=\"https:\/\/www1.unicap.br\/observatorio2\/?p=2322\" target=\"_blank\">Roda de conversa sobre Cabala<\/a>, com o Rabino Joseph Saltoun.<\/p>\n<p>Educa\u00e7\u00e3o, arte e religi\u00e3o &#8211; <strong>29 e 30 de outubro<\/strong> (13 \u00e0s 21h, no Casar\u00e3o Cultural da UNICAP). <a href=\"https:\/\/www1.unicap.br\/observatorio2\/?p=2338\" target=\"_blank\">Mostra pedag\u00f3gica de artes e textos sagrados<\/a>, document\u00e1rios e comidas das religi\u00f5es, lan\u00e7amento de livro do Observat\u00f3rio, com a curadoria de Andr\u00e9a Caselli.<\/p>\n<p>O sagrado, as espiritualidades e o imagin\u00e1rio na educa\u00e7\u00e3o &#8211; dia\u00a0<strong>3 de novembro<\/strong> (14 \u00e0s 17h, no anfiteatro do 3\u00ba andar do bloco G4 da UNICAP). <a href=\"https:\/\/www1.unicap.br\/observatorio2\/?p=2258\" target=\"_blank\">Col\u00f3quio sobre espiritualidades e ensino religioso<\/a>, com Jean-Jacques Wunenburger e Alberto Filipe Ribeiro de Abreu Ara\u00fajo.<\/p>\n<p>As cores da religiosidade &#8211; dia <strong>27 de novembro<\/strong> (17 \u00e0s 19h, na sala 305 do bloco G4 da UNICAP). <a href=\"https:\/\/www1.unicap.br\/observatorio2\/?p=2418\" target=\"_blank\">Roda de conversa sobre artes e teologias,<\/a> com Roberto van der Ploeg.<\/p>\n<p>&nbsp;<\/p>\n<p>4. <strong>Congressos e Comunica\u00e7\u00f5es<\/strong><\/p>\n<p>Nossa equipe tamb\u00e9m atua em rede com outros N\u00facleos de pesquisa e Observat\u00f3rios da diversidade cultural e do di\u00e1logo entre religi\u00f5es, sobretudo promovendo sess\u00f5es do\u00a0Grupo de Trabalho \u201cEspiritualidades Contempor\u00e2neas, Pluralidade Religiosa e Di\u00e1logo\u201d por ocasi\u00e3o de Congressos acad\u00eamicos da \u00e1rea:<\/p>\n<p><strong>14 a 17 de julho<\/strong> \u2013 <a href=\"https:\/\/www1.unicap.br\/observatorio2\/?p=2085\" target=\"_blank\"><span style=\"color: #0066cc;\">Congresso da SOTER<\/span><\/a> em Belo Horizonte.<\/p>\n<p><strong>9 a 11 de setembr<\/strong>o \u2013 <a href=\"https:\/\/www1.unicap.br\/observatorio2\/?p=2180\" target=\"_blank\"><span style=\"color: #0066cc;\">Congresso da ANPTECRE<\/span><\/a> em Curitiba.<\/p>\n<p><strong>15 a 17 de setembro<\/strong>\u00a0\u2013 <a href=\"https:\/\/www1.unicap.br\/observatorio2\/?p=2206\" target=\"_blank\">Simp\u00f3sio da ABHR<\/a> na UFPE.<\/p>\n<p><strong>29 a 31 de outubro<\/strong> \u2013 <a href=\"http:\/\/www.fonaper.com.br\/viiiconere\/\" target=\"_blank\">Congresso Nacional do Ensino Religioso <\/a>na UNICAP.<\/p>\n<p><strong>4 a 7 de novembro<\/strong> &#8211; <a href=\"http:\/\/videlicet2015.blogspot.com.br\/p\/programacao-iv-videlicet-2015.html\" target=\"_blank\">Congresso VIDELICET <\/a>em Jo\u00e3o Pessoa.<\/p>\n<p><strong>10 a 13 de novembro<\/strong> &#8211; <a href=\"https:\/\/www1.unicap.br\/ihu\/?p=8095\" target=\"_blank\">Col\u00f3quio de Hist\u00f3ria<\/a> na UNICAP.<\/p>\n<p><strong>9 a 11 de dezembro<\/strong> &#8211; <a href=\"http:\/\/semanadecrufpb.wix.com\/2015#!programa--o\/h4vym\" target=\"_blank\">Semana Acad\u00eamica<\/a> de Ci\u00eancias das Religi\u00f5es em Jo\u00e3o Pessoa.<\/p>\n<p>&nbsp;<\/p>\n<p>&nbsp;<\/p>\n<\/div>\n<\/div>\n<\/div>\n<\/div>\n","protected":false},"excerpt":{"rendered":"<p>&nbsp; 1. Grupo de Estudo O Grupo de Estudo sobre Transdisciplinaridade e Di\u00e1logo, coordenado pelo prof. Gilbraz Arag\u00e3o na UNICAP, re\u00fane-se\u00a0nas quartas-feiras, das 17 \u00e0s 18h30, no Laborat\u00f3rio do Programa de P\u00f3s-gradua\u00e7\u00e3o em Ci\u00eancias da Religi\u00e3o (8\u00ba andar do bloco G4) e \u00e9 aberto \u00e0 participa\u00e7\u00e3o de pesquisadores, doutorandos, mestrandos e tamb\u00e9m graduandos interessados na&#8230; <\/p>\n<div class=\"link-more\"><a href=\"https:\/\/www1.unicap.br\/observatorio2\/?page_id=2232\">Leia mais<\/a><\/div>\n","protected":false},"author":2,"featured_media":0,"parent":40,"menu_order":0,"comment_status":"open","ping_status":"open","template":"","meta":{"footnotes":""},"class_list":["post-2232","page","type-page","status-publish","hentry"],"_links":{"self":[{"href":"https:\/\/www1.unicap.br\/observatorio2\/index.php?rest_route=\/wp\/v2\/pages\/2232","targetHints":{"allow":["GET"]}}],"collection":[{"href":"https:\/\/www1.unicap.br\/observatorio2\/index.php?rest_route=\/wp\/v2\/pages"}],"about":[{"href":"https:\/\/www1.unicap.br\/observatorio2\/index.php?rest_route=\/wp\/v2\/types\/page"}],"author":[{"embeddable":true,"href":"https:\/\/www1.unicap.br\/observatorio2\/index.php?rest_route=\/wp\/v2\/users\/2"}],"replies":[{"embeddable":true,"href":"https:\/\/www1.unicap.br\/observatorio2\/index.php?rest_route=%2Fwp%2Fv2%2Fcomments&post=2232"}],"version-history":[{"count":24,"href":"https:\/\/www1.unicap.br\/observatorio2\/index.php?rest_route=\/wp\/v2\/pages\/2232\/revisions"}],"predecessor-version":[{"id":2452,"href":"https:\/\/www1.unicap.br\/observatorio2\/index.php?rest_route=\/wp\/v2\/pages\/2232\/revisions\/2452"}],"up":[{"embeddable":true,"href":"https:\/\/www1.unicap.br\/observatorio2\/index.php?rest_route=\/wp\/v2\/pages\/40"}],"wp:attachment":[{"href":"https:\/\/www1.unicap.br\/observatorio2\/index.php?rest_route=%2Fwp%2Fv2%2Fmedia&parent=2232"}],"curies":[{"name":"wp","href":"https:\/\/api.w.org\/{rel}","templated":true}]}}