{"id":220,"date":"2011-04-11T01:49:56","date_gmt":"2011-04-11T01:49:56","guid":{"rendered":"https:\/\/www1.unicap.br\/observatorio2\/?page_id=220"},"modified":"2014-05-11T11:10:38","modified_gmt":"2014-05-11T14:10:38","slug":"xamba","status":"publish","type":"page","link":"https:\/\/www1.unicap.br\/observatorio2\/?page_id=220","title":{"rendered":"Xamb\u00e1"},"content":{"rendered":"<p><iframe loading=\"lazy\" src=\"\/\/www.youtube.com\/embed\/BsJWikShAPw?rel=0\" height=\"360\" width=\"480\" allowfullscreen=\"\" frameborder=\"0\"><\/iframe><\/p>\n<p>&nbsp;<\/p>\n<p>&nbsp;<\/p>\n<div><strong>Na\u00e7\u00e3o Xamb\u00e1<\/strong><\/div>\n<div><\/div>\n<div><span style=\"color: #ffffff;\">&#8230;<\/span><\/div>\n<div>\u00c9 uma tradi\u00e7\u00e3o religiosa de origem africana, dentre as in\u00fameras que existem no Brasil, tais como J\u00eaje, Ketu, Nag\u00f4, Angola, Mina. No Brasil, surgiu em Macei\u00f3, Alagoas, tendo como seu principal disseminador o Babalorix\u00e1 Artur Rosendo Pereira &#8211; que foi um dos mais conceituados l\u00edderes religiosos do Recife, na d\u00e9cada de 30 do s\u00e9culo passado.<\/div>\n<div><\/div>\n<p>O nosso F\u00f3rum Inter-Religioso recebeu o\u00a0Terreiro Santa B\u00e1rbara &#8211; Il\u00ea Ax\u00e9 Oy\u00e1 Megu\u00ea, da Na\u00e7\u00e3o Xamb\u00e1, situado desde 1951 no bairro de S\u00e3o Benedito, em Olinda. Foi uma grande ocasi\u00e3o para conhecermos melhor a religi\u00e3o dos Orix\u00e1s, genericamente conhecida como Xang\u00f4 ou Candombl\u00e9 pelo Nordeste afora &#8211;\u00a0e, quem sabe, ensaiar juntos alguns passos de\u00a0<a href=\"http:\/\/gilbraz.blogspot.com\/2008\/05\/dilogo-entre-catlicos-e-xangozeiros.html\" target=\"_blank\">di\u00e1logo<\/a>.<\/p>\n<p>&nbsp;<\/p>\n<p>Site:<\/p>\n<p><a href=\"http:\/\/www.xamba.com.br\/\">http:\/\/www.xamba.com.br\/<\/a><\/p>\n","protected":false},"excerpt":{"rendered":"<p>&nbsp; &nbsp; Na\u00e7\u00e3o Xamb\u00e1 &#8230; \u00c9 uma tradi\u00e7\u00e3o religiosa de origem africana, dentre as in\u00fameras que existem no Brasil, tais como J\u00eaje, Ketu, Nag\u00f4, Angola, Mina. No Brasil, surgiu em Macei\u00f3, Alagoas, tendo como seu principal disseminador o Babalorix\u00e1 Artur Rosendo Pereira &#8211; que foi um dos mais conceituados l\u00edderes religiosos do Recife, na d\u00e9cada&#8230; <\/p>\n<div class=\"link-more\"><a href=\"https:\/\/www1.unicap.br\/observatorio2\/?page_id=220\">Leia mais<\/a><\/div>\n","protected":false},"author":2,"featured_media":0,"parent":34,"menu_order":0,"comment_status":"open","ping_status":"open","template":"","meta":{"footnotes":""},"class_list":["post-220","page","type-page","status-publish","hentry"],"_links":{"self":[{"href":"https:\/\/www1.unicap.br\/observatorio2\/index.php?rest_route=\/wp\/v2\/pages\/220","targetHints":{"allow":["GET"]}}],"collection":[{"href":"https:\/\/www1.unicap.br\/observatorio2\/index.php?rest_route=\/wp\/v2\/pages"}],"about":[{"href":"https:\/\/www1.unicap.br\/observatorio2\/index.php?rest_route=\/wp\/v2\/types\/page"}],"author":[{"embeddable":true,"href":"https:\/\/www1.unicap.br\/observatorio2\/index.php?rest_route=\/wp\/v2\/users\/2"}],"replies":[{"embeddable":true,"href":"https:\/\/www1.unicap.br\/observatorio2\/index.php?rest_route=%2Fwp%2Fv2%2Fcomments&post=220"}],"version-history":[{"count":7,"href":"https:\/\/www1.unicap.br\/observatorio2\/index.php?rest_route=\/wp\/v2\/pages\/220\/revisions"}],"predecessor-version":[{"id":999,"href":"https:\/\/www1.unicap.br\/observatorio2\/index.php?rest_route=\/wp\/v2\/pages\/220\/revisions\/999"}],"up":[{"embeddable":true,"href":"https:\/\/www1.unicap.br\/observatorio2\/index.php?rest_route=\/wp\/v2\/pages\/34"}],"wp:attachment":[{"href":"https:\/\/www1.unicap.br\/observatorio2\/index.php?rest_route=%2Fwp%2Fv2%2Fmedia&parent=220"}],"curies":[{"name":"wp","href":"https:\/\/api.w.org\/{rel}","templated":true}]}}