{"id":211,"date":"2011-04-11T01:46:27","date_gmt":"2011-04-11T01:46:27","guid":{"rendered":"https:\/\/www1.unicap.br\/observatorio2\/?page_id=211"},"modified":"2013-07-17T05:28:35","modified_gmt":"2013-07-17T08:28:35","slug":"wicca","status":"publish","type":"page","link":"https:\/\/www1.unicap.br\/observatorio2\/?page_id=211","title":{"rendered":"Wicca"},"content":{"rendered":"<p><iframe loading=\"lazy\" src=\"\/\/www.youtube.com\/embed\/nwY8UnCMEcw?rel=0\" height=\"360\" width=\"480\" allowfullscreen=\"\" frameborder=\"0\"><\/iframe><\/p>\n<p>&nbsp;<\/p>\n<p><span style=\"color: #333333; font-size: 18px; font-weight: bold; line-height: normal;\">Wicca<\/span><\/p>\n<p>&nbsp;<\/p>\n<h3>Hist\u00f3ria<\/h3>\n<p>Essa religi\u00e3o tem como marco fundador o ano de 1954, data da publica\u00e7\u00e3o do livro \u201cA bruxaria hoje\u201d de Gerald Gardner (1884-1964). Este \u00faltimo utilizou o termo Wica, para definir as seguidoras da bruxaria, e descreveu em seu livro, como ela estava sendo praticada. Acreditava-se na sua \u00e9poca que a \u201cantiga religi\u00e3o pag\u00e3 europ\u00e9ia\u201d foi conservada por seus membros que seriam as bruxas queimadas nos princ\u00edpios da idade moderna. Dessa forma, Gardner alegou ter descoberto e ter sido iniciado em um coven (\u201cgrupo\u201d) de bruxas de New Forest (Inglaterra), e que este era um remanescente do paganismo antigo europeu. Por isso se utiliza tamb\u00e9m o termo bruxaria e bruxa ou bruxo, para designar a religi\u00e3o estudada e seus membros.<\/p>\n<p>Na Inglaterra a Wicca logo ganhou repercuss\u00e3o na m\u00eddia e atraiu adeptos. No entanto, seu car\u00e1ter inici\u00e1tico, e restrito, limitou a prolifera\u00e7\u00e3o de uma maior quantidade de membros. J\u00e1 nos EUA, onde rapidamente chegou na d\u00e9cada de 1960 teve seu rumo alterado devido a influencia da contracultura, feminismo e o movimento ecol\u00f3gico. E mais tarde o movimento de Nova Era. No Brasil a Wicca chega na d\u00e9cada de 1990, per\u00edodo em que a auto-inicia\u00e7\u00e3o j\u00e1 era aceito pela comunidade.<\/p>\n<p>A Wicca \u00e9 uma religi\u00e3o moderna que busca manter similaridades com o paganismo antigo e a feiti\u00e7aria. Em seus quase sessenta anos de hist\u00f3ria, j\u00e1 tem muito o que contar. Seu pensamento sincr\u00e9tico e intuitivo cria uma vasta diversidade de cren\u00e7as e pr\u00e1ticas entre os pr\u00f3prios wiccanos. Sendo assim, existem diversas tradi\u00e7\u00f5es dentro da Wicca. Al\u00e9m das tradi\u00e7\u00f5es mais conhecidas, cada coven e bruxo possuem seu Livro das Sombras, lugar onde s\u00e3o relatadas todas as experi\u00eancias do coven e do wiccano. Ent\u00e3o, a partir da experi\u00eancia, um coven pode decidir criar sua pr\u00f3pria tradi\u00e7\u00e3o.\u00a0No entanto, podemos encontrar certas linhas comuns na maioria das tradi\u00e7\u00f5es da Wicca.<\/p>\n<p>&nbsp;<\/p>\n<h3>Principais cren\u00e7as<\/h3>\n<ol>\n<li>Culto \u00e0 Deusa Tr\u00edplice e Seu Consorte, ou seja, aos Deuses antigos<\/li>\n<li>Inicia\u00e7\u00e3o<\/li>\n<li>Respeito ao conselho Wiccaniano: \u201cFa\u00e7a o que quiser, se a ningu\u00e9m prejudicar\u201d<\/li>\n<li>Submiss\u00e3o \u00e0 Lei Tr\u00edplice<\/li>\n<li>Respeito absoluto \u00e0 vida<\/li>\n<li>Cren\u00e7a na reencarna\u00e7\u00e3o<\/li>\n<li>Cren\u00e7a na Grande Teia universal<\/li>\n<li>Celebra\u00e7\u00e3o dos ciclos da Natureza<\/li>\n<li>Pr\u00e1tica de magia natural<\/li>\n<li>Proibi\u00e7\u00e3o completa de proselitismo<\/li>\n<\/ol>\n<p>&nbsp;<\/p>\n<h3>Tradi\u00e7\u00f5es<\/h3>\n<p>Wicca Gardneriana; Tradi\u00e7\u00e3o 1734; Wicca Alexandrina; Tradicional Brit\u00e2nica; Wicca C\u00e9ltica; Tradi\u00e7\u00e3o Caledoniana ou Caledonni; Tradi\u00e7\u00e3o Picta; Tradi\u00e7\u00e3o Di\u00e2nica; Tradi\u00e7\u00e3o Georgina; Ecletismo; Tradi\u00e7\u00e3o das Fadas ou Fairy Wicca; Seax-Wicca ou Wicca Xax\u00f4nica; Tradi\u00e7\u00e3o Strega; Tradi\u00e7\u00e3o Teut\u00f4nica ou N\u00f3rdica; Tradi\u00e7\u00e3o Asatr\u00fa; Tradi\u00e7\u00e3o Algard; Tradi\u00e7\u00e3o Galesa de Gwyddonaid; Bruxo Solit\u00e1rio; Bruxo heredit\u00e1rio ou Tradi\u00e7\u00e3o familiar.<\/p>\n<p>&nbsp;<\/p>\n<h3>Celebra\u00e7\u00f5es<\/h3>\n<p>1. Sabbaths: festivais que celebram o mito da roda do ano:<\/p>\n<p>Samhain 1\u00aa de maio &#8211; Beltane 31 de outubro;<\/p>\n<p>Yule por volta de 21 de junho &#8211; Litha por volta de 21 de dezembro;<\/p>\n<p>Imbolc 1\u00aa de agosto &#8211; Lammas 2 de fevereiro;<\/p>\n<p>Ostara por volta de 22 se setembro &#8211; Mabon por volta de 21 de mar\u00e7o;<\/p>\n<p>2. Esbaths: Celebra\u00e7\u00e3o \u00e0 Deusa em seu aspecto lunar.<\/p>\n<p>Realizado no primeiro dia de lua cheia.<\/p>\n<p>&nbsp;<\/p>\n<h3>Endere\u00e7o f\u00edsico e virtual<\/h3>\n<p>Encontros: ESP PE &#8211;\u00a0Encontro Social Pag\u00e3o &amp; Wiccanique<\/p>\n<p>Local: Pra\u00e7a da Rep\u00fablica, Internet:\u00a0 <a href=\"http:\/\/esppernambuco.blogspot.com\">http:\/\/esppernambuco.blogspot.com<\/a><\/p>\n<p>Jornal: \u00a0<a href=\"http:\/\/jornalobruxopernambuco.blogspot.com\/\">http:\/\/jornalobruxopernambuco.blogspot.com<\/a><\/p>\n<p>Coven: <a href=\"http:\/\/covengew.blogspot.com\">http:\/\/covengew.blogspot.com<\/a><\/p>\n","protected":false},"excerpt":{"rendered":"<p>&nbsp; Wicca &nbsp; Hist\u00f3ria Essa religi\u00e3o tem como marco fundador o ano de 1954, data da publica\u00e7\u00e3o do livro \u201cA bruxaria hoje\u201d de Gerald Gardner (1884-1964). Este \u00faltimo utilizou o termo Wica, para definir as seguidoras da bruxaria, e descreveu em seu livro, como ela estava sendo praticada. Acreditava-se na sua \u00e9poca que a \u201cantiga&#8230; <\/p>\n<div class=\"link-more\"><a href=\"https:\/\/www1.unicap.br\/observatorio2\/?page_id=211\">Leia mais<\/a><\/div>\n","protected":false},"author":2,"featured_media":0,"parent":34,"menu_order":0,"comment_status":"open","ping_status":"open","template":"","meta":{"footnotes":""},"class_list":["post-211","page","type-page","status-publish","hentry"],"_links":{"self":[{"href":"https:\/\/www1.unicap.br\/observatorio2\/index.php?rest_route=\/wp\/v2\/pages\/211","targetHints":{"allow":["GET"]}}],"collection":[{"href":"https:\/\/www1.unicap.br\/observatorio2\/index.php?rest_route=\/wp\/v2\/pages"}],"about":[{"href":"https:\/\/www1.unicap.br\/observatorio2\/index.php?rest_route=\/wp\/v2\/types\/page"}],"author":[{"embeddable":true,"href":"https:\/\/www1.unicap.br\/observatorio2\/index.php?rest_route=\/wp\/v2\/users\/2"}],"replies":[{"embeddable":true,"href":"https:\/\/www1.unicap.br\/observatorio2\/index.php?rest_route=%2Fwp%2Fv2%2Fcomments&post=211"}],"version-history":[{"count":11,"href":"https:\/\/www1.unicap.br\/observatorio2\/index.php?rest_route=\/wp\/v2\/pages\/211\/revisions"}],"predecessor-version":[{"id":270,"href":"https:\/\/www1.unicap.br\/observatorio2\/index.php?rest_route=\/wp\/v2\/pages\/211\/revisions\/270"}],"up":[{"embeddable":true,"href":"https:\/\/www1.unicap.br\/observatorio2\/index.php?rest_route=\/wp\/v2\/pages\/34"}],"wp:attachment":[{"href":"https:\/\/www1.unicap.br\/observatorio2\/index.php?rest_route=%2Fwp%2Fv2%2Fmedia&parent=211"}],"curies":[{"name":"wp","href":"https:\/\/api.w.org\/{rel}","templated":true}]}}