{"id":209,"date":"2011-04-11T01:45:55","date_gmt":"2011-04-11T01:45:55","guid":{"rendered":"https:\/\/www1.unicap.br\/observatorio2\/?page_id=209"},"modified":"2021-01-10T07:06:41","modified_gmt":"2021-01-10T10:06:41","slug":"vale-do-amanhecer","status":"publish","type":"page","link":"https:\/\/www1.unicap.br\/observatorio2\/?page_id=209","title":{"rendered":"Vale do Amanhecer"},"content":{"rendered":"<p><iframe loading=\"lazy\" src=\"\/\/www.youtube.com\/embed\/qhXYYLpO9ZI?rel=0\" width=\"480\" height=\"360\" frameborder=\"0\" allowfullscreen=\"allowfullscreen\"><\/iframe><\/p>\n<p><strong>Vale do Amanhecer\u00a0<\/strong><\/p>\n<p>\u00c9 uma\u00a0religi\u00e3o espiritualista crist\u00e3, criada para abrigar a Doutrina do Amanhecer, fundada em 1959 pela m\u00e9dium clarividente Tia Neiva. Essa\u00a0espiritualidade foi trazida pelo esp\u00edrito de Francisco de Assis, conhecido nessa doutrina como &#8220;Pai Seta Branca&#8221;, e por sua equipe espiritual, contendo elementos de v\u00e1rias outras religi\u00f5es.<\/p>\n<p>O Vale do Amanhecer tem sede em Planaltina-DF e j\u00e1 conta com mais de 600 templos em todo o Brasil e em outros pa\u00edses. Em Pernambuco s\u00e3o quase 50 templos (veja\u00a0<a href=\"http:\/\/valedoamanhecer.com\/templos\/index.php?link=1\" target=\"_blank\" rel=\"noopener\">aqui<\/a>\u00a0os seus endere\u00e7os e refer\u00eancias). Saiba mais sobre essa religiosidade\u00a0<a href=\"http:\/\/www.valedoamanhecer.com\/\" target=\"_blank\" rel=\"noopener\">aqui<\/a>,\u00a0em sua p\u00e1gina oficial na Internet.<\/p>\n<p style=\"text-align: right;\">Saiba mais do Vale do Amanhecer em Pernambuco por <a href=\"http:\/\/curiosamente.diariodepernambuco.com.br\/project\/discreto-e-misterioso-vale-do-amanhecer-chega-50-templos-em-pernambuco\/\" target=\"_blank\" rel=\"noopener\">aqui<\/a>.<\/p>\n","protected":false},"excerpt":{"rendered":"<p>Vale do Amanhecer\u00a0 \u00c9 uma\u00a0religi\u00e3o espiritualista crist\u00e3, criada para abrigar a Doutrina do Amanhecer, fundada em 1959 pela m\u00e9dium clarividente Tia Neiva. Essa\u00a0espiritualidade foi trazida pelo esp\u00edrito de Francisco de Assis, conhecido nessa doutrina como &#8220;Pai Seta Branca&#8221;, e por sua equipe espiritual, contendo elementos de v\u00e1rias outras religi\u00f5es. O Vale do Amanhecer tem sede&#8230; <\/p>\n<div class=\"link-more\"><a href=\"https:\/\/www1.unicap.br\/observatorio2\/?page_id=209\">Leia mais<\/a><\/div>\n","protected":false},"author":2,"featured_media":0,"parent":34,"menu_order":0,"comment_status":"open","ping_status":"open","template":"","meta":{"footnotes":""},"class_list":["post-209","page","type-page","status-publish","hentry"],"_links":{"self":[{"href":"https:\/\/www1.unicap.br\/observatorio2\/index.php?rest_route=\/wp\/v2\/pages\/209","targetHints":{"allow":["GET"]}}],"collection":[{"href":"https:\/\/www1.unicap.br\/observatorio2\/index.php?rest_route=\/wp\/v2\/pages"}],"about":[{"href":"https:\/\/www1.unicap.br\/observatorio2\/index.php?rest_route=\/wp\/v2\/types\/page"}],"author":[{"embeddable":true,"href":"https:\/\/www1.unicap.br\/observatorio2\/index.php?rest_route=\/wp\/v2\/users\/2"}],"replies":[{"embeddable":true,"href":"https:\/\/www1.unicap.br\/observatorio2\/index.php?rest_route=%2Fwp%2Fv2%2Fcomments&post=209"}],"version-history":[{"count":6,"href":"https:\/\/www1.unicap.br\/observatorio2\/index.php?rest_route=\/wp\/v2\/pages\/209\/revisions"}],"predecessor-version":[{"id":5829,"href":"https:\/\/www1.unicap.br\/observatorio2\/index.php?rest_route=\/wp\/v2\/pages\/209\/revisions\/5829"}],"up":[{"embeddable":true,"href":"https:\/\/www1.unicap.br\/observatorio2\/index.php?rest_route=\/wp\/v2\/pages\/34"}],"wp:attachment":[{"href":"https:\/\/www1.unicap.br\/observatorio2\/index.php?rest_route=%2Fwp%2Fv2%2Fmedia&parent=209"}],"curies":[{"name":"wp","href":"https:\/\/api.w.org\/{rel}","templated":true}]}}