{"id":207,"date":"2011-04-11T01:45:26","date_gmt":"2011-04-11T01:45:26","guid":{"rendered":"https:\/\/www1.unicap.br\/observatorio2\/?page_id=207"},"modified":"2024-05-11T16:08:53","modified_gmt":"2024-05-11T19:08:53","slug":"umbanda","status":"publish","type":"page","link":"https:\/\/www1.unicap.br\/observatorio2\/?page_id=207","title":{"rendered":"Umbanda"},"content":{"rendered":"<p><iframe loading=\"lazy\" src=\"\/\/www.youtube.com\/embed\/Sf0dLRyGnks?rel=0\" width=\"480\" height=\"360\" frameborder=\"0\" allowfullscreen=\"allowfullscreen\"><\/iframe><\/p>\n<p><strong>Umbanda\u00a0<\/strong><\/p>\n<p>\u00c9 uma religi\u00e3o brasileira, que sincretiza v\u00e1rios elementos do catolicismo, do espiritismo e das religi\u00f5es afro-ind\u00edgena-brasileiras. A umbanda irradiou-se a partir do Rio de Janeiro, com uma tradi\u00e7\u00e3o espiritual originada no culto dos banto \u00e0s almas dos antepassados.<\/p>\n<p>Tais esp\u00edritos formam na religi\u00e3o duas grandes categorias: os esp\u00edritos de luz, quais sejam Caboclos e Pretos-velhos, e os Exus ou esp\u00edritos das zonas umbralinas &#8211; que trabalham na prote\u00e7\u00e3o e resgate das almas perdidas&#8230;<\/p>\n<p>A no\u00e7\u00e3o b\u00e1sica sobre o al\u00e9m \u00e9 a da reencarna\u00e7\u00e3o, segundo a qual o umbandista que obedece \u00e0s injun\u00e7\u00f5es do culto reencarnar\u00e1 numa situa\u00e7\u00e3o social superior, formando uma cadeia sucessiva, at\u00e9 \u00e0 bem-aventuran\u00e7a final.<\/p>\n<p>&nbsp;<\/p>\n<div><strong>Casas de Umbanda em Pernambuco<\/strong><\/div>\n<div>\u00a0<\/div>\n<div><strong>Centro Espiritualista Luz de Aruanda.<\/strong><\/div>\n<div>R. Porto Estrela, 65. Est\u00e2ncia, Recife-PE. E-mail:<span style=\"text-decoration: underline;\"> <a href=\"mailto:luzianascim@gmail.com\">luzianascim@gmail.com<\/a><\/span><\/div>\n<div>\u00a0<\/div>\n<div><strong>Terreiro de Umbanda Rei Salom\u00e3o Tenda de Yemanja Ogunt\u00e9.<\/strong><\/div>\n<div>Av. Sao Sebasti\u00e3o, n\u00b0873 , Alto S\u00e3o Sebasti\u00e3o. Surubim-PE. E-mail:\u00a0 <a href=\"mailto:paiantonioespirita@hotmail.com\">paiantonioespirita@hotmail.com<\/a><\/div>\n<div>\u00a0<\/div>\n<div><strong>Federa\u00e7\u00e3o dos Cultos Africanos e Terreiros de Umbanda de Pernambuco.<\/strong><\/div>\n<div>R. Emiliano Ribeiro, 13. Prazeres, Jaboat\u00e3o dos Guararapes-PE.<\/div>\n<div>\u00a0<\/div>\n<div><strong>Centro de Umbanda Iemanj\u00e1<\/strong>.<\/div>\n<div>Av. Afonso Olindense, 1520. V\u00e1rzea. Recife-PE.<\/div>\n<div>\u00a0<\/div>\n<div><a href=\"https:\/\/www.youtube.com\/@toquesdearuanda\" target=\"_blank\" rel=\"noopener\">Canal Toques de Aruanda<\/a><\/div>\n<div>\u00a0<\/div>\n<div>\u00a0<\/div>\n<div>\u00a0<\/div>\n<div><span style=\"color: #ffffff;\">&#8230;<\/span><\/div>\n\n\n<p><\/p>\n","protected":false},"excerpt":{"rendered":"<p>Umbanda\u00a0 \u00c9 uma religi\u00e3o brasileira, que sincretiza v\u00e1rios elementos do catolicismo, do espiritismo e das religi\u00f5es afro-ind\u00edgena-brasileiras. A umbanda irradiou-se a partir do Rio de Janeiro, com uma tradi\u00e7\u00e3o espiritual originada no culto dos banto \u00e0s almas dos antepassados. Tais esp\u00edritos formam na religi\u00e3o duas grandes categorias: os esp\u00edritos de luz, quais sejam Caboclos e&#8230; <\/p>\n<div class=\"link-more\"><a href=\"https:\/\/www1.unicap.br\/observatorio2\/?page_id=207\">Leia mais<\/a><\/div>\n","protected":false},"author":2,"featured_media":0,"parent":34,"menu_order":0,"comment_status":"open","ping_status":"open","template":"","meta":{"footnotes":""},"class_list":["post-207","page","type-page","status-publish","hentry"],"_links":{"self":[{"href":"https:\/\/www1.unicap.br\/observatorio2\/index.php?rest_route=\/wp\/v2\/pages\/207","targetHints":{"allow":["GET"]}}],"collection":[{"href":"https:\/\/www1.unicap.br\/observatorio2\/index.php?rest_route=\/wp\/v2\/pages"}],"about":[{"href":"https:\/\/www1.unicap.br\/observatorio2\/index.php?rest_route=\/wp\/v2\/types\/page"}],"author":[{"embeddable":true,"href":"https:\/\/www1.unicap.br\/observatorio2\/index.php?rest_route=\/wp\/v2\/users\/2"}],"replies":[{"embeddable":true,"href":"https:\/\/www1.unicap.br\/observatorio2\/index.php?rest_route=%2Fwp%2Fv2%2Fcomments&post=207"}],"version-history":[{"count":16,"href":"https:\/\/www1.unicap.br\/observatorio2\/index.php?rest_route=\/wp\/v2\/pages\/207\/revisions"}],"predecessor-version":[{"id":8240,"href":"https:\/\/www1.unicap.br\/observatorio2\/index.php?rest_route=\/wp\/v2\/pages\/207\/revisions\/8240"}],"up":[{"embeddable":true,"href":"https:\/\/www1.unicap.br\/observatorio2\/index.php?rest_route=\/wp\/v2\/pages\/34"}],"wp:attachment":[{"href":"https:\/\/www1.unicap.br\/observatorio2\/index.php?rest_route=%2Fwp%2Fv2%2Fmedia&parent=207"}],"curies":[{"name":"wp","href":"https:\/\/api.w.org\/{rel}","templated":true}]}}