{"id":205,"date":"2011-04-11T01:44:57","date_gmt":"2011-04-11T01:44:57","guid":{"rendered":"https:\/\/www1.unicap.br\/observatorio2\/?page_id=205"},"modified":"2013-07-17T05:16:54","modified_gmt":"2013-07-17T08:16:54","slug":"tenrikyo","status":"publish","type":"page","link":"https:\/\/www1.unicap.br\/observatorio2\/?page_id=205","title":{"rendered":"Tenrikyo"},"content":{"rendered":"<p><iframe loading=\"lazy\" src=\"\/\/www.youtube.com\/embed\/V6Ze6CwVMp0?rel=0\" height=\"360\" width=\"480\" allowfullscreen=\"\" frameborder=\"0\"><\/iframe><\/p>\n<p>&nbsp;<\/p>\n<p><strong>Tenrikyo<\/strong><\/p>\n<p>&nbsp;<\/p>\n<p>Tenrikyo (Ensinamento da Verdade Divina) \u00e9 uma religi\u00e3o de origem japonesa, fundada pela camponesa Miki Nakayama, que teve\u00a0uma experi\u00eancia de revela\u00e7\u00e3o em\u00a01838. Desde ent\u00e3o ficou conhecida como o sacr\u00e1rio do &#8220;Deus-Parens&#8221;, a Oyassama (&#8220;Nossa M\u00e3e&#8221;). Estima-se que a religi\u00e3o tenrikyo tenha aproximadamente 2 milh\u00f5es de seguidores no mundo, sendo 1.5 milh\u00f5es no Jap\u00e3o.<\/p>\n<div>O ensinamento, baseado nos tr\u00eas textos originais (Ofudesaki, Mikagura-Uta e Osashizu), e a &#8220;vida modelo&#8221; (ensinada por Oyassama) pregam principalmente o Youkigurashi, que \u00e9 traduzido como &#8220;Vida Plena de Alegria e Felicidade&#8221;. Esta prega\u00e7\u00e3o, que seria a vida harmoniosa entre todos os seres e o divino, \u00e9 a predestina\u00e7\u00e3o original e comum a todos os seres humanos, tendo sua raz\u00e3o explicativa na inten\u00e7\u00e3o do Deus-Parens (&#8216;Tenri-\u00d4-no-Mikoto&#8217;) em desejar\u00a0o viver alegre e feliz de seus filhos.<\/div>\n<p>&nbsp;<\/p>\n<div>Saiba mais sobre essa religiosidade\u00a0<a href=\"http:\/\/www.tenrikyo.com.br\/\" target=\"_blank\">aqui<\/a>, em sua p\u00e1gina oficial na Internet.<\/div>\n<p>&nbsp;<\/p>\n","protected":false},"excerpt":{"rendered":"<p>&nbsp; Tenrikyo &nbsp; Tenrikyo (Ensinamento da Verdade Divina) \u00e9 uma religi\u00e3o de origem japonesa, fundada pela camponesa Miki Nakayama, que teve\u00a0uma experi\u00eancia de revela\u00e7\u00e3o em\u00a01838. Desde ent\u00e3o ficou conhecida como o sacr\u00e1rio do &#8220;Deus-Parens&#8221;, a Oyassama (&#8220;Nossa M\u00e3e&#8221;). Estima-se que a religi\u00e3o tenrikyo tenha aproximadamente 2 milh\u00f5es de seguidores no mundo, sendo 1.5 milh\u00f5es no&#8230; <\/p>\n<div class=\"link-more\"><a href=\"https:\/\/www1.unicap.br\/observatorio2\/?page_id=205\">Leia mais<\/a><\/div>\n","protected":false},"author":2,"featured_media":0,"parent":34,"menu_order":0,"comment_status":"open","ping_status":"open","template":"","meta":{"footnotes":""},"class_list":["post-205","page","type-page","status-publish","hentry"],"_links":{"self":[{"href":"https:\/\/www1.unicap.br\/observatorio2\/index.php?rest_route=\/wp\/v2\/pages\/205","targetHints":{"allow":["GET"]}}],"collection":[{"href":"https:\/\/www1.unicap.br\/observatorio2\/index.php?rest_route=\/wp\/v2\/pages"}],"about":[{"href":"https:\/\/www1.unicap.br\/observatorio2\/index.php?rest_route=\/wp\/v2\/types\/page"}],"author":[{"embeddable":true,"href":"https:\/\/www1.unicap.br\/observatorio2\/index.php?rest_route=\/wp\/v2\/users\/2"}],"replies":[{"embeddable":true,"href":"https:\/\/www1.unicap.br\/observatorio2\/index.php?rest_route=%2Fwp%2Fv2%2Fcomments&post=205"}],"version-history":[{"count":3,"href":"https:\/\/www1.unicap.br\/observatorio2\/index.php?rest_route=\/wp\/v2\/pages\/205\/revisions"}],"predecessor-version":[{"id":549,"href":"https:\/\/www1.unicap.br\/observatorio2\/index.php?rest_route=\/wp\/v2\/pages\/205\/revisions\/549"}],"up":[{"embeddable":true,"href":"https:\/\/www1.unicap.br\/observatorio2\/index.php?rest_route=\/wp\/v2\/pages\/34"}],"wp:attachment":[{"href":"https:\/\/www1.unicap.br\/observatorio2\/index.php?rest_route=%2Fwp%2Fv2%2Fmedia&parent=205"}],"curies":[{"name":"wp","href":"https:\/\/api.w.org\/{rel}","templated":true}]}}