{"id":201,"date":"2011-04-11T01:43:37","date_gmt":"2011-04-11T01:43:37","guid":{"rendered":"https:\/\/www1.unicap.br\/observatorio2\/?page_id=201"},"modified":"2013-10-16T08:53:37","modified_gmt":"2013-10-16T11:53:37","slug":"presbiterianos-unidos","status":"publish","type":"page","link":"https:\/\/www1.unicap.br\/observatorio2\/?page_id=201","title":{"rendered":"Presbiterianos Unidos"},"content":{"rendered":"<p>&nbsp;<\/p>\n<p>&nbsp;<\/p>\n<p><strong>PRESBITERIANOS UNIDOS<\/strong><\/p>\n<p style=\"text-align: left;\" align=\"center\">A Igreja Presbiteriana Unida do Brasil (IPU) \u00e9 uma assembleia de Igrejas Presbiterianas. Sua sede fica em Vit\u00f3ria (Esp\u00edrito Santo). A IPU \u00e9 uma igreja reformada que busca manter um relacionamento fraterno com todas as demais igrejas crist\u00e3s e mant\u00e9m di\u00e1logo com religi\u00f5es n\u00e3o crist\u00e3s pautado no respeito e aceita\u00e7\u00e3o m\u00fatua. Participa ativamente do Conselho Mundial de Igrejas, Comunh\u00e3o Mundial de Igrejas Reformadas, Conselho Latino-Americano de Igrejas (CLAI), Alian\u00e7a de Igrejas Presbiterianas e Reformadas da Am\u00e9rica Latina (AIPRAL) e do Conselho Nacional de Igrejas Crist\u00e3s do Brasil (CONIC).<\/p>\n<p>A Igreja Presbiteriana Unida do Brasil cultiva os seguintes objetivos: a. Proclamar as Boas Novas em Jesus Cristo, ao indiv\u00edduo e \u00e0 sociedade; b. Celebrar o culto a Deus Pai, Filho e Esp\u00edrito Santo, em esp\u00edrito e em verdade; c. Ministrar os sacramentos do batismo e eucaristia; d. Preparar, atrav\u00e9s do ensino e da doutrina, os seus membros para a sua miss\u00e3o no mundo; e. Promover a unidade e a comunh\u00e3o de todos os crist\u00e3os; f. Desenvolver e participar de a\u00e7\u00e3o concreta visando a justi\u00e7a, a paz, a promo\u00e7\u00e3o do ser humano e da vida.<\/p>\n<p style=\"text-align: left;\" align=\"center\">Site:<\/p>\n<p style=\"text-align: left;\" align=\"center\"><a href=\"http:\/\/www.ipu.org.br\/\">http:\/\/www.ipu.org.br\/<\/a><\/p>\n","protected":false},"excerpt":{"rendered":"<p>&nbsp; &nbsp; PRESBITERIANOS UNIDOS A Igreja Presbiteriana Unida do Brasil (IPU) \u00e9 uma assembleia de Igrejas Presbiterianas. Sua sede fica em Vit\u00f3ria (Esp\u00edrito Santo). A IPU \u00e9 uma igreja reformada que busca manter um relacionamento fraterno com todas as demais igrejas crist\u00e3s e mant\u00e9m di\u00e1logo com religi\u00f5es n\u00e3o crist\u00e3s pautado no respeito e aceita\u00e7\u00e3o m\u00fatua&#8230;. <\/p>\n<div class=\"link-more\"><a href=\"https:\/\/www1.unicap.br\/observatorio2\/?page_id=201\">Leia mais<\/a><\/div>\n","protected":false},"author":2,"featured_media":0,"parent":34,"menu_order":0,"comment_status":"open","ping_status":"open","template":"","meta":{"footnotes":""},"class_list":["post-201","page","type-page","status-publish","hentry"],"_links":{"self":[{"href":"https:\/\/www1.unicap.br\/observatorio2\/index.php?rest_route=\/wp\/v2\/pages\/201","targetHints":{"allow":["GET"]}}],"collection":[{"href":"https:\/\/www1.unicap.br\/observatorio2\/index.php?rest_route=\/wp\/v2\/pages"}],"about":[{"href":"https:\/\/www1.unicap.br\/observatorio2\/index.php?rest_route=\/wp\/v2\/types\/page"}],"author":[{"embeddable":true,"href":"https:\/\/www1.unicap.br\/observatorio2\/index.php?rest_route=\/wp\/v2\/users\/2"}],"replies":[{"embeddable":true,"href":"https:\/\/www1.unicap.br\/observatorio2\/index.php?rest_route=%2Fwp%2Fv2%2Fcomments&post=201"}],"version-history":[{"count":5,"href":"https:\/\/www1.unicap.br\/observatorio2\/index.php?rest_route=\/wp\/v2\/pages\/201\/revisions"}],"predecessor-version":[{"id":542,"href":"https:\/\/www1.unicap.br\/observatorio2\/index.php?rest_route=\/wp\/v2\/pages\/201\/revisions\/542"}],"up":[{"embeddable":true,"href":"https:\/\/www1.unicap.br\/observatorio2\/index.php?rest_route=\/wp\/v2\/pages\/34"}],"wp:attachment":[{"href":"https:\/\/www1.unicap.br\/observatorio2\/index.php?rest_route=%2Fwp%2Fv2%2Fmedia&parent=201"}],"curies":[{"name":"wp","href":"https:\/\/api.w.org\/{rel}","templated":true}]}}