{"id":199,"date":"2011-04-11T01:43:08","date_gmt":"2011-04-11T01:43:08","guid":{"rendered":"https:\/\/www1.unicap.br\/observatorio2\/?page_id=199"},"modified":"2014-03-25T11:05:29","modified_gmt":"2014-03-25T14:05:29","slug":"presbiterianos-do-brasil","status":"publish","type":"page","link":"https:\/\/www1.unicap.br\/observatorio2\/?page_id=199","title":{"rendered":"Presbiterianos do Brasil"},"content":{"rendered":"<p><iframe loading=\"lazy\" src=\"\/\/www.youtube.com\/embed\/fGb1zAkLCow?rel=0\" height=\"360\" width=\"480\" allowfullscreen=\"\" frameborder=\"0\"><\/iframe><\/p>\n<p>&nbsp;<\/p>\n<p><strong>PRESBITERIANISMO<\/strong><\/p>\n<p><strong>Hist\u00f3ria<\/strong><\/p>\n<p>O presbiterianismo remonta \u00e0 Reforma Protestante do s\u00e9culo XVI e ao reformador Jo\u00e3o Calvino (1509-1564), o qual depois de uma experi\u00eancia de convers\u00e3o \u00e0 f\u00e9 evang\u00e9lica viu-se for\u00e7ado a fugir de Paris e abrigar-se em Genebra. Ali fundou a Academia de Genebra, colaborando de forma relevante para a forma\u00e7\u00e3o de l\u00edderes reformados, os quais adotaram seu sistema de normas espec\u00edficas, extra\u00eddas das Escrituras, acerca da doutrina, do culto e da forma de governo. Na base desse sistema encontra-se a \u00eanfase no conceito da absoluta soberania de Deus como criador, preservador e redentor do mundo e a estrutura eclesi\u00e1stica de governo das comunidades por presb\u00edteros e a associa\u00e7\u00e3o das igrejas em presbit\u00e9rios regionais e em s\u00ednodos nacionais.<\/p>\n<p>No Brasil, o presbiterianismo est\u00e1 dividido em v\u00e1rias denomina\u00e7\u00f5es (Igrejas Presbiterianas Independente, Regular, Renovada, Fundamentalista&#8230;). O mais expressivo destas \u00e9 a Igreja Presbiteriana do Brasil que foi fundada em 1862 pelo mission\u00e1rio Ashbel Green Simonton (1833-1867) e est\u00e1 presente em Pernambuco desde o final do s\u00e9culo XIX.<\/p>\n<p><strong>Principais cren\u00e7as<\/strong><\/p>\n<p>A Igreja Presbiteriana do Brasil adota a Confiss\u00e3o de F\u00e9 de Westminster, assim como as cren\u00e7as b\u00e1sicas aceitas pelo cristianismo protestante, com destaque para as Sagradas Escrituras como Palavra de Deus, a doutrina da Trindade e Unidade de Deus, a necessidade de arrependimento, a justifica\u00e7\u00e3o pela f\u00e9 e a perseveran\u00e7a dos santos.<\/p>\n<p>&nbsp;<\/p>\n<p><strong>Endere\u00e7os f\u00edsicos<\/strong><\/p>\n<p>R. Santo Elias, 470 &#8211; Espinheiro &#8211;\u00a0 Recife\/PE. CEP: 52020.090<\/p>\n<p>Rua Real da Torre, 345 &#8211; Madalena &#8211; Recife &#8211; PE. CEP: 50.740-560<strong> <\/strong><\/p>\n<p>&nbsp;<\/p>\n<p><strong>Endere\u00e7os virtuais<\/strong><\/p>\n<p><a href=\"http:\/\/www.ipb.org.br\/portal\/\" target=\"_blank\">http:\/\/www.ipb.org.br\/portal\/<\/a><\/p>\n<p><a href=\"http:\/\/www.ipmadalena.org.br\/\" target=\"_blank\">http:\/\/www.ipmadalena.org.br\/<\/a><\/p>\n<p><a href=\"http:\/\/www.ipgracas.org.br\/site\/home\/\" target=\"_blank\">http:\/\/www.ipgracas.org.br\/site\/home\/<\/a><\/p>\n<p>&nbsp;<\/p>\n","protected":false},"excerpt":{"rendered":"<p>&nbsp; PRESBITERIANISMO Hist\u00f3ria O presbiterianismo remonta \u00e0 Reforma Protestante do s\u00e9culo XVI e ao reformador Jo\u00e3o Calvino (1509-1564), o qual depois de uma experi\u00eancia de convers\u00e3o \u00e0 f\u00e9 evang\u00e9lica viu-se for\u00e7ado a fugir de Paris e abrigar-se em Genebra. Ali fundou a Academia de Genebra, colaborando de forma relevante para a forma\u00e7\u00e3o de l\u00edderes reformados,&#8230; <\/p>\n<div class=\"link-more\"><a href=\"https:\/\/www1.unicap.br\/observatorio2\/?page_id=199\">Leia mais<\/a><\/div>\n","protected":false},"author":2,"featured_media":0,"parent":34,"menu_order":0,"comment_status":"open","ping_status":"open","template":"","meta":{"footnotes":""},"class_list":["post-199","page","type-page","status-publish","hentry"],"_links":{"self":[{"href":"https:\/\/www1.unicap.br\/observatorio2\/index.php?rest_route=\/wp\/v2\/pages\/199","targetHints":{"allow":["GET"]}}],"collection":[{"href":"https:\/\/www1.unicap.br\/observatorio2\/index.php?rest_route=\/wp\/v2\/pages"}],"about":[{"href":"https:\/\/www1.unicap.br\/observatorio2\/index.php?rest_route=\/wp\/v2\/types\/page"}],"author":[{"embeddable":true,"href":"https:\/\/www1.unicap.br\/observatorio2\/index.php?rest_route=\/wp\/v2\/users\/2"}],"replies":[{"embeddable":true,"href":"https:\/\/www1.unicap.br\/observatorio2\/index.php?rest_route=%2Fwp%2Fv2%2Fcomments&post=199"}],"version-history":[{"count":9,"href":"https:\/\/www1.unicap.br\/observatorio2\/index.php?rest_route=\/wp\/v2\/pages\/199\/revisions"}],"predecessor-version":[{"id":539,"href":"https:\/\/www1.unicap.br\/observatorio2\/index.php?rest_route=\/wp\/v2\/pages\/199\/revisions\/539"}],"up":[{"embeddable":true,"href":"https:\/\/www1.unicap.br\/observatorio2\/index.php?rest_route=\/wp\/v2\/pages\/34"}],"wp:attachment":[{"href":"https:\/\/www1.unicap.br\/observatorio2\/index.php?rest_route=%2Fwp%2Fv2%2Fmedia&parent=199"}],"curies":[{"name":"wp","href":"https:\/\/api.w.org\/{rel}","templated":true}]}}