{"id":195,"date":"2011-04-11T01:40:47","date_gmt":"2011-04-11T01:40:47","guid":{"rendered":"https:\/\/www1.unicap.br\/observatorio2\/?page_id=195"},"modified":"2015-02-14T22:37:38","modified_gmt":"2015-02-15T01:37:38","slug":"mormons","status":"publish","type":"page","link":"https:\/\/www1.unicap.br\/observatorio2\/?page_id=195","title":{"rendered":"M\u00f3rmons"},"content":{"rendered":"<p><iframe loading=\"lazy\" src=\"\/\/www.youtube.com\/embed\/0Y4Fc84pG_Y?rel=0\" width=\"480\" height=\"360\" frameborder=\"0\" allowfullscreen=\"allowfullscreen\"><\/iframe><\/p>\n<p>&nbsp;<\/p>\n<p><strong>M\u00d3RMONS<\/strong><\/p>\n<p>&nbsp;<\/p>\n<p>Os M\u00f3rmons constituem uma comunidade religiosa que pertence ao espectro do\u00a0cristianismo, no ramo restauracionista. Segundo a vers\u00e3o oficial da Igreja, o\u00a0nome dado pelo Senhor, pelo qual os membros da comunidade devem ser conhecidos,\u00a0entretanto, \u00e9 Santos dos \u00daltimos Dias (SUD). Segundo a doutrina, &#8220;\u00daltimos Dias&#8221; refere-se \u00e0 plenitude dos tempos ou \u00e0 \u00faltima dispensa\u00e7\u00e3o antes do glorioso dia da segunda\u00a0vinda de Jesus Cristo.<\/p>\n<p>A Igreja ensina que a verdadeira f\u00e9 e sacerd\u00f3cio foram restauradas por Joseph Smith Jr., atrav\u00e9s da profecia e da visita\u00e7\u00e3o de anjos, no in\u00edcio de 1820. Assim, \u00e9 a \u00fanica organiza\u00e7\u00e3o na Terra com autoridade para realizar ordenan\u00e7as v\u00e1lidas (como o batismo ou o sacramento). A Igreja tamb\u00e9m pratica outras ordenan\u00e7as, como o casamento celestial e o batismo pelos mortos.\u00a0A sede est\u00e1 sediada em Salt Lake City, Utah (EUA), e estabeleceu congrega\u00e7\u00f5es em todo o mundo. Em\u00a0 2007, a Igreja relatou mais de 13 milh\u00f5es de membros, com pouco mais de 1 milh\u00e3o no Brasil.<\/p>\n<p>&nbsp;<\/p>\n<p><span style=\"color: #333333; font-size: 16px; line-height: normal;\">Endere\u00e7o em Pernambuco:<\/span><\/p>\n<p><a href=\"http:\/\/www.mormon.org.br\/\" target=\"_blank\">http:\/\/www.mormon.org.br\/<\/a><\/p>\n<p>Templo Recife: Rua Dr. Jos\u00e9 de G\u00f3es, 284.<\/p>\n<p>Parnamirim\u00a0&#8211; Recife\u00a0&#8211; PE.<\/p>\n<p>CEP 52060-380<\/p>\n<p>Telefone\u00a0\u00a0 (55) 81-2129-4300<\/p>\n<p>&nbsp;<\/p>\n","protected":false},"excerpt":{"rendered":"<p>&nbsp; M\u00d3RMONS &nbsp; Os M\u00f3rmons constituem uma comunidade religiosa que pertence ao espectro do\u00a0cristianismo, no ramo restauracionista. Segundo a vers\u00e3o oficial da Igreja, o\u00a0nome dado pelo Senhor, pelo qual os membros da comunidade devem ser conhecidos,\u00a0entretanto, \u00e9 Santos dos \u00daltimos Dias (SUD). Segundo a doutrina, &#8220;\u00daltimos Dias&#8221; refere-se \u00e0 plenitude dos tempos ou \u00e0 \u00faltima&#8230; <\/p>\n<div class=\"link-more\"><a href=\"https:\/\/www1.unicap.br\/observatorio2\/?page_id=195\">Leia mais<\/a><\/div>\n","protected":false},"author":2,"featured_media":0,"parent":34,"menu_order":0,"comment_status":"open","ping_status":"open","template":"","meta":{"footnotes":""},"class_list":["post-195","page","type-page","status-publish","hentry"],"_links":{"self":[{"href":"https:\/\/www1.unicap.br\/observatorio2\/index.php?rest_route=\/wp\/v2\/pages\/195","targetHints":{"allow":["GET"]}}],"collection":[{"href":"https:\/\/www1.unicap.br\/observatorio2\/index.php?rest_route=\/wp\/v2\/pages"}],"about":[{"href":"https:\/\/www1.unicap.br\/observatorio2\/index.php?rest_route=\/wp\/v2\/types\/page"}],"author":[{"embeddable":true,"href":"https:\/\/www1.unicap.br\/observatorio2\/index.php?rest_route=\/wp\/v2\/users\/2"}],"replies":[{"embeddable":true,"href":"https:\/\/www1.unicap.br\/observatorio2\/index.php?rest_route=%2Fwp%2Fv2%2Fcomments&post=195"}],"version-history":[{"count":11,"href":"https:\/\/www1.unicap.br\/observatorio2\/index.php?rest_route=\/wp\/v2\/pages\/195\/revisions"}],"predecessor-version":[{"id":1566,"href":"https:\/\/www1.unicap.br\/observatorio2\/index.php?rest_route=\/wp\/v2\/pages\/195\/revisions\/1566"}],"up":[{"embeddable":true,"href":"https:\/\/www1.unicap.br\/observatorio2\/index.php?rest_route=\/wp\/v2\/pages\/34"}],"wp:attachment":[{"href":"https:\/\/www1.unicap.br\/observatorio2\/index.php?rest_route=%2Fwp%2Fv2%2Fmedia&parent=195"}],"curies":[{"name":"wp","href":"https:\/\/api.w.org\/{rel}","templated":true}]}}