{"id":190,"date":"2011-04-11T01:38:15","date_gmt":"2011-04-11T01:38:15","guid":{"rendered":"https:\/\/www1.unicap.br\/observatorio2\/?page_id=190"},"modified":"2019-06-14T21:09:16","modified_gmt":"2019-06-15T00:09:16","slug":"religiao-do-eterno","status":"publish","type":"page","link":"https:\/\/www1.unicap.br\/observatorio2\/?page_id=190","title":{"rendered":"Religi\u00e3o do Eterno"},"content":{"rendered":"<p><iframe loading=\"lazy\" src=\"\/\/www.youtube.com\/embed\/kJrwHPIufAc?rel=0\" width=\"480\" height=\"360\" frameborder=\"0\" allowfullscreen=\"allowfullscreen\"><\/iframe><br \/>\n<iframe loading=\"lazy\" src=\"\/\/www.youtube.com\/embed\/sGBqXl7kYyg?rel=0\" width=\"480\" height=\"360\" frameborder=\"0\" allowfullscreen=\"allowfullscreen\"><\/iframe><\/p>\n<div><\/div>\n<div><\/div>\n<div><span style=\"color: #ffffff;\">&#8230;<\/span><\/div>\n<div><strong>Religi\u00e3o do Eterno<\/strong><\/div>\n<div><span style=\"color: #ffffff;\">&#8230;<\/span><\/div>\n<div><\/div>\n<div>Religi\u00e3o de &#8220;Meu Rei&#8221;, do Vale do Catimbau.\u00a0O Parque do\u00a0Catimbau, no interior de Pernambuco, esconde uma experi\u00eancia religiosa em fermenta\u00e7\u00e3o. O movimento surgiu em 1976, liderado por C\u00edcero Farias, o &#8220;Meu Rei&#8221;, que recebeu &#8220;miss\u00e3o divina&#8221; de fundar o novo para\u00edso terrestre. Criou ent\u00e3o a Fazenda Porto Seguro, onde mais de trinta fam\u00edlias vieram morar, em torno do seu &#8220;Pal\u00e1cio&#8221; e da &#8220;\u00c1gua da Vida&#8221;, da sua &#8220;Doutrina Metaf\u00edsica e Teol\u00f3gica&#8221; &#8211; que manda &#8220;ser obediente \u00e0s leis c\u00f3smicas, ser manso e brando de cora\u00e7\u00e3o&#8221;, evitar jogo e carne. A poligamia era aceita e a comunidade chegou a ter escola, jornal e at\u00e9 o pr\u00f3prio dinheiro. Mas, em 1999, com a morte de C\u00edcero, tido como imortal, instaura-se uma crise que pode estar originando nova religi\u00e3o&#8230;<\/div>\n<div><\/div>\n<div><span style=\"color: #ffffff;\">.<\/span><\/div>\n<div><span style=\"color: #ffffff;\">.<\/span><\/div>\n<div><span style=\"color: #ffffff;\">.<\/span><\/div>\n<div><\/div>\n<div><\/div>\n","protected":false},"excerpt":{"rendered":"<p>&#8230; Religi\u00e3o do Eterno &#8230; Religi\u00e3o de &#8220;Meu Rei&#8221;, do Vale do Catimbau.\u00a0O Parque do\u00a0Catimbau, no interior de Pernambuco, esconde uma experi\u00eancia religiosa em fermenta\u00e7\u00e3o. O movimento surgiu em 1976, liderado por C\u00edcero Farias, o &#8220;Meu Rei&#8221;, que recebeu &#8220;miss\u00e3o divina&#8221; de fundar o novo para\u00edso terrestre. Criou ent\u00e3o a Fazenda Porto Seguro, onde mais&#8230; <\/p>\n<div class=\"link-more\"><a href=\"https:\/\/www1.unicap.br\/observatorio2\/?page_id=190\">Leia mais<\/a><\/div>\n","protected":false},"author":2,"featured_media":0,"parent":34,"menu_order":0,"comment_status":"open","ping_status":"open","template":"","meta":{"footnotes":""},"class_list":["post-190","page","type-page","status-publish","hentry"],"_links":{"self":[{"href":"https:\/\/www1.unicap.br\/observatorio2\/index.php?rest_route=\/wp\/v2\/pages\/190","targetHints":{"allow":["GET"]}}],"collection":[{"href":"https:\/\/www1.unicap.br\/observatorio2\/index.php?rest_route=\/wp\/v2\/pages"}],"about":[{"href":"https:\/\/www1.unicap.br\/observatorio2\/index.php?rest_route=\/wp\/v2\/types\/page"}],"author":[{"embeddable":true,"href":"https:\/\/www1.unicap.br\/observatorio2\/index.php?rest_route=\/wp\/v2\/users\/2"}],"replies":[{"embeddable":true,"href":"https:\/\/www1.unicap.br\/observatorio2\/index.php?rest_route=%2Fwp%2Fv2%2Fcomments&post=190"}],"version-history":[{"count":6,"href":"https:\/\/www1.unicap.br\/observatorio2\/index.php?rest_route=\/wp\/v2\/pages\/190\/revisions"}],"predecessor-version":[{"id":4906,"href":"https:\/\/www1.unicap.br\/observatorio2\/index.php?rest_route=\/wp\/v2\/pages\/190\/revisions\/4906"}],"up":[{"embeddable":true,"href":"https:\/\/www1.unicap.br\/observatorio2\/index.php?rest_route=\/wp\/v2\/pages\/34"}],"wp:attachment":[{"href":"https:\/\/www1.unicap.br\/observatorio2\/index.php?rest_route=%2Fwp%2Fv2%2Fmedia&parent=190"}],"curies":[{"name":"wp","href":"https:\/\/api.w.org\/{rel}","templated":true}]}}