{"id":19,"date":"2011-02-07T21:22:44","date_gmt":"2011-02-07T21:22:44","guid":{"rendered":"https:\/\/www1.unicap.br\/observatorio2\/?page_id=19"},"modified":"2023-07-04T06:45:34","modified_gmt":"2023-07-04T09:45:34","slug":"acolhida","status":"publish","type":"page","link":"https:\/\/www1.unicap.br\/observatorio2\/?page_id=19","title":{"rendered":"Acolhida"},"content":{"rendered":"<p>O Observat\u00f3rio Transdisciplinar das Religi\u00f5es no Recife \u00e9, na <a href=\"https:\/\/www1.unicap.br\/\" target=\"_blank\" rel=\"noopener noreferrer\">Universidade Cat\u00f3lica de Pernambuco<\/a> (UNICAP), um espa\u00e7o de extens\u00e3o acad\u00eamica criado pela equipe de pesquisa do professor Gilbraz Arag\u00e3o, articulando conte\u00fados e atividades, presenciais e na internet, com o objetivo de analisar os fatos relacionados aos encontros e desencontros entre religiosidades e convic\u00e7\u00f5es na regi\u00e3o, procurando promover o di\u00e1logo intercultural e inter-religioso.<\/p>\n<h2>Apresenta\u00e7\u00e3o<\/h2>\n<p>Fazemos parte da UNICAP, cujo campus central est\u00e1 no cora\u00e7\u00e3o do Recife. Somos pesquisadores do fen\u00f4meno religioso na regi\u00e3o, ajudamos a contextualizar historicamente as religi\u00f5es e a traduzir suas mensagens para o espa\u00e7o p\u00fablico e plural, apoiamos comunidades religiosas no exerc\u00edcio do direito a uma f\u00e9 esclarecida e respeitosa da diversidade. Seguimos a tradi\u00e7\u00e3o dos jesu\u00edtas de colaborar com tudo o que leva a humanidade &#8220;para frente e para cima&#8221;. Por isso estamos abertos ao estudo cient\u00edfico das tradi\u00e7\u00f5es de f\u00e9 e \u00e0 medita\u00e7\u00e3o m\u00edstica sobre os dados das ci\u00eancias; acolhemos e promovemos o mais amplo ecumenismo entre os grupos religiosos e filos\u00f3ficos que defendem a justi\u00e7a e a compaix\u00e3o, o mais sincero di\u00e1logo com as pessoas que amam a vida e a liberdade.<\/p>\n<p>N\u00f3s estamos ligados ao <a href=\"https:\/\/portal.unicap.br\/ciencias-da-religiao-ppgcr#presencial\" target=\"_blank\" rel=\"noopener noreferrer\">Programa de P\u00f3s-gradua\u00e7\u00e3o em Ci\u00eancias da Religi\u00e3o<\/a> da UNICAP, que tem mais de quinze anos e em cujos cursos de mestrado e doutorado estudam de bispo cat\u00f3lico a bruxa da wicca, m\u00e3es-de-santo e pastores protestantes, padres e religiosos, pesquisadores da espiritualidade e professores de cultura religiosa \u2013 todos fascinados pela experi\u00eancia do sagrado que se vislumbra entre e para al\u00e9m das tradi\u00e7\u00f5es espirituais. Com esses estudantes, principalmente os que se dedicam \u00e0 pesquisa das quest\u00f5es do di\u00e1logo, a gente organiza o Observat\u00f3rio Transdisciplinar das Religi\u00f5es no Recife.<\/p>\n<p>Nossa atividade \u00e9 vinculada ao <a href=\"https:\/\/espdialogo.wordpress.com\/\" target=\"_blank\" rel=\"noopener noreferrer\">Grupo de Pesquisa Espiritualidades, Pluralidades e Di\u00e1logos<\/a>, onde se desenvolvem estudos sobre o di\u00e1logo entre as religi\u00f5es e convic\u00e7\u00f5es, analisando eventos e documentos sob um enfoque acad\u00eamico e n\u00e3o proselitista. Especial destaque \u00e9 dado \u00e0 pesquisa dos processos de educa\u00e7\u00e3o inter ou transreligiosa em nossa cultura pluralista, envolvendo tamb\u00e9m o ensino religioso: a cultura religiosa ainda tem sido oferecida mais como testemunho de cren\u00e7as pessoais do que como aprendizagem cr\u00edtica sobre as experi\u00eancias espirituais da humanidade. No enfrentamento pol\u00edtico-pedag\u00f3gico desses desafios, os estudos dos sistemas simb\u00f3licos e a metodologia transdisciplinar do pensamento complexo t\u00eam trazido aporte te\u00f3rico e l\u00f3gico para o esclarecimento das linguagens do imagin\u00e1rio religioso, sua contextualiza\u00e7\u00e3o e interpreta\u00e7\u00e3o.<\/p>\n<h2>Objetivos<\/h2>\n<p>O Observat\u00f3rio Transdisciplinar das Religi\u00f5es no Recife est\u00e1 em conson\u00e2ncia com o projeto de pesquisa do professor Gilbraz Arag\u00e3o, que trata da &#8220;Interpreta\u00e7\u00e3o pluralista das religi\u00f5es: desafios epistemol\u00f3gicos e metodol\u00f3gicos&#8221;. O projeto insere-se nas atividades em rede do nosso Grupo de Pesquisa e procura identificar alcances e limites dos movimentos e experi\u00eancias inter-religiosas no Brasil, tendo em vista sua rela\u00e7\u00e3o com os processos contra hegem\u00f4nicos de aprofundamento da democracia e da cidadania, de defesa dos Direitos Humanos e da Terra.<\/p>\n<p>A pesquisa do Observat\u00f3rio, ent\u00e3o, analisa o quadro de pluralismo religioso, em especial as pr\u00e1ticas dos movimentos de di\u00e1logo entre religi\u00f5es e convic\u00e7\u00f5es na regi\u00e3o, explorando a realidade que est\u00e1 sendo constru\u00edda entre e al\u00e9m das tradi\u00e7\u00f5es espirituais, nos espa\u00e7os fronteiri\u00e7os das culturas religiosas e nos entrelugares das abordagens cient\u00edficas. Objetiva sistematizar bases conceituais articulando o <a href=\"https:\/\/www1.unicap.br\/observatorio2\/?p=5751\" target=\"_blank\" rel=\"noopener\">Princ\u00edpio Pluralista<\/a> com as l\u00f3gicas tern\u00e1rias e inclusivas, buscando fundamentos epistemol\u00f3gicos e metodol\u00f3gicos para aprofundar a compreens\u00e3o e promo\u00e7\u00e3o do respeito \u00e0 diversidade espiritual e do di\u00e1logo inter-religioso e intercultural, colaborando para a constru\u00e7\u00e3o de uma sociedade amplamente participativa.<\/p>\n<h2>Atividades<\/h2>\n<p>Este site ou espa\u00e7o virtual, ent\u00e3o, \u00e9 lugar de comunica\u00e7\u00e3o e articula\u00e7\u00e3o das v\u00e1rias iniciativas do projeto Observat\u00f3rio, quais sejam:<\/p>\n<ul>\n<li>o <a href=\"https:\/\/www1.unicap.br\/observatorio2\/?page_id=5870\" target=\"_blank\" rel=\"noopener\">Grupo de Estudos<\/a> sobre Trandisciplinaridade e Di\u00e1logo entre Culturas e Religi\u00f5es, com reuni\u00f5es semanais desde 2005 para compartilhamento das pesquisas e prepara\u00e7\u00e3o conjunta de <a href=\"https:\/\/www1.unicap.br\/observatorio2\/?p=3706\" target=\"_blank\" rel=\"noopener\">atividades<\/a> e <a href=\"https:\/\/www1.unicap.br\/observatorio2\/?page_id=31\" target=\"_blank\" rel=\"noopener\">publica\u00e7\u00f5es<\/a>;<\/li>\n<li>os Eventos Acad\u00eamicos que buscam pesquisar e fomentar o di\u00e1logo, dentre os quais a <a href=\"https:\/\/www1.unicap.br\/observatorio2\/?p=4189\" target=\"_blank\" rel=\"noopener\">Peripateia das Religi\u00f5es<\/a>, visitas guiadas a centros espirituais, com edi\u00e7\u00f5es semestrais; e as <a href=\"https:\/\/espdialogo.wordpress.com\/category\/eventos\/\" target=\"_blank\" rel=\"noopener\">Sess\u00f5es do Grupo de Pesquisa<\/a>\u00a0\u201cEspiritualidades Contempor\u00e2neas, Pluralidade Religiosa e Di\u00e1logo\u201d, que ocorrem nos Congressos anuais das Sociedades de estudos da religi\u00e3o e em Semin\u00e1rios especiais do Grupo;<\/li>\n<li>o Acompanhamento Pedag\u00f3gico a <a href=\"https:\/\/www1.unicap.br\/observatorio2\/?page_id=25\" target=\"_blank\" rel=\"noopener\">pesquisas no campo do di\u00e1logo inter-religioso<\/a> por parte de mestrandos e doutorandos de Ci\u00eancias da Religi\u00e3o e Teologia; bem como pelos graduandos do Programa de Inicia\u00e7\u00e3o Cient\u00edfica;<\/li>\n<li>a Assessoria Org\u00e2nica \u00e0s articula\u00e7\u00f5es de religi\u00f5es e espiritualidades em Pernambuco, que se encontraram em um <a href=\"https:\/\/www1.unicap.br\/observatorio2\/?p=3688\" target=\"_blank\" rel=\"noopener\">F\u00f3rum Inter-religioso<\/a> mensal na UNICAP, de 2007 a 2017, suscitando o <a style=\"font-size: inherit;\" href=\"https:\/\/www.facebook.com\/forumdialogos\/\">Di\u00e1logos, F\u00f3rum da Diversidade Religiosa em Pernambuco<\/a><span style=\"font-size: inherit;\"> e a <\/span><a style=\"font-size: inherit;\" href=\"https:\/\/www1.unicap.br\/observatorio2\/?p=2101\">Rede de Feiras das Religi\u00f5es nas Escolas;<\/a><\/li>\n<li>a participa\u00e7\u00e3o em Comiss\u00f5es de Di\u00e1logo, que promovem servi\u00e7os em rede de promo\u00e7\u00e3o do respeito \u00e0 diversidade nos espa\u00e7os religiosos e p\u00fablicos, como Pastoral do Ecumenismo na <a href=\"http:\/\/www.arquidioceseolindarecife.org\/ecumenismo-e-dialogo-interreligioso\/\" target=\"_blank\" rel=\"noopener\">AOR<\/a> e na <a href=\"https:\/\/www1.unicap.br\/observatorio2\/?p=5234\" target=\"_blank\" rel=\"noopener\">CNBB-NEII<\/a>, <a href=\"https:\/\/www.usbbog.edu.co\/observatorio-odrec\/\" target=\"_blank\" rel=\"noopener\">Observatorio de la Diversidad Religiosa y de las Culturas en Am\u00e9rica Latina y el Caribe<\/a> e\u00a0<a href=\"https:\/\/www1.unicap.br\/observatorio2\/?p=5393\" target=\"_blank\" rel=\"noopener\">Coalici\u00f3n Religiones, Creencias y Espiritualidades en Di\u00e1logo con la Sociedad Civil<\/a>;<\/li>\n<li>o envolvimento em atividades de fomento ao di\u00e1logo em N\u00facleos de Estudo hom\u00f3logos, como o <a href=\"http:\/\/olma.org.br\/\" target=\"_blank\" rel=\"noopener\">Observat\u00f3rio Nacional de Justi\u00e7a Socioambiental dos Jesu\u00edtas<\/a>, o <a href=\"https:\/\/museu.unicap.br\/\" target=\"_blank\" rel=\"noopener\">N\u00facleo de Pesquisa em Arqueologia e Hist\u00f3ria Natural<\/a> e a <a href=\"https:\/\/portal.unicap.br\/cidh\" target=\"_blank\" rel=\"noopener\">Cl\u00ednica Interdisciplinar de Direitos Humanos<\/a> da UNICAP;<\/li>\n<li><span style=\"font-size: inherit;\">por fim, e para al\u00e9m dos muros da Universidade, temos colaborado para a constru\u00e7\u00e3o do <\/span><a style=\"font-size: inherit;\" href=\"https:\/\/www1.unicap.br\/observatorio2\/?page_id=642\" target=\"_blank\" rel=\"noopener noreferrer\">Parque das Religi\u00f5es<\/a><span style=\"font-size: inherit;\"> de Pernambuco, um museu em movimento que est\u00e1 surgindo com processos de pesquisa e divulga\u00e7\u00e3o, <\/span><span style=\"font-size: inherit;\">procurando educar para a interpreta\u00e7\u00e3o das linguagens simb\u00f3licas e o di\u00e1logo entre as religi\u00f5es e destas com as ci\u00eancias, desenhando um lugar para acolher jovens que desejem conhecer o desenvolvimento das religi\u00f5es, seus personagens divinos e palavras inspiradoras, os espa\u00e7os, calend\u00e1rios e rituais sagrados, as vis\u00f5es da vida para al\u00e9m desta, a viv\u00eancia comunit\u00e1ria e \u00e9tica nas tradi\u00e7\u00f5es, seus conflitos, sincretismos e di\u00e1logos m\u00edsticos e culturais.<\/span><\/li>\n<\/ul>\n<p style=\"text-align: center;\"><iframe loading=\"lazy\" src=\"\/\/www.youtube.com\/embed\/SUtSev73TRc?rel=0\" width=\"560\" height=\"315\" frameborder=\"0\" allowfullscreen=\"allowfullscreen\"><\/iframe><\/p>\n<h2>Metas<\/h2>\n<ul>\n<li>Desenvolver pesquisas sobre fatos relacionados com o di\u00e1logo entre as religi\u00f5es e convic\u00e7\u00f5es, analisando-os sob o prisma do instrumental metodol\u00f3gico transdisciplinar, do estudo dos sistemas simb\u00f3licos e da hist\u00f3ria comparada;<\/li>\n<li>Promover e apoiar experi\u00eancias e viv\u00eancias de di\u00e1logo intercultural e inter-religioso na UNICAP e na regi\u00e3o;<\/li>\n<li>Acolher e aconselhar estudantes e pesquisadores desejosos de inicia\u00e7\u00e3o \u00e0 transdisciplinaridade aplicada ao fato religioso e \u00e0 sua pluralidade;<\/li>\n<li>Gerar uma s\u00e9rie de publica\u00e7\u00f5es eletr\u00f4nicas e um centro virtual de documenta\u00e7\u00e3o sobre as religi\u00f5es do Recife e os seus encontros e desencontros;<\/li>\n<li>Recolher e divulgar a produ\u00e7\u00e3o acad\u00eamica e educativa da UNICAP, acerca do di\u00e1logo entre as religi\u00f5es e religiosidades;<\/li>\n<li>Organizar atividades e produtos acad\u00eamicos em rede entre pesquisadores afinados com esse campo de pesquisa, bem como interc\u00e2mbio com outros Observat\u00f3rios;<\/li>\n<li>Assessorar articula\u00e7\u00f5es e servi\u00e7os, locais e regionais, de promo\u00e7\u00e3o do di\u00e1logo e do ecumenismo.<\/li>\n<\/ul>\n<h2>Justificativa<\/h2>\n<p>Percebemos que estamos entrando em uma nova era de consci\u00eancia global, \u00e0 qual deve corresponder uma espiritualidade mais integral, plural e dialogal. Os novos tempos ensejam a passagem da \u201creligi\u00e3o do indiv\u00edduo e seu cl\u00e3 em busca da interven\u00e7\u00e3o dos C\u00e9us\u201d para uma \u201creligiosidade da humanidade e da Terra\u201d, em que o mist\u00e9rio da vida transparece entre n\u00f3s, despertando m\u00edsticas de apre\u00e7o e cuidado com os outros, engendrando valores novos e novas formas de express\u00e3o dos valores tradicionais. Procuramos estudar essa transforma\u00e7\u00e3o cultural e nos envolver transdisciplinarmente na constru\u00e7\u00e3o da espiritualidade transreligiosa que o esp\u00edrito do tempo requer, em favor da coexist\u00eancia dos grupos humanos, em harmonia com o planeta. Chega o momento de somar for\u00e7as e multiplicar os esfor\u00e7os acad\u00eamicos e pol\u00edticos em uma rede de promo\u00e7\u00e3o da diversidade e do di\u00e1logo \u2013 inclusive como ant\u00eddoto para os fundamentalismos simb\u00f3licos que levantam bandeiras identit\u00e1rias e comunitaristas em meio \u00e0 crise de mudan\u00e7a e desenvolvimento social.<\/p>\n<p>Enfim, trabalhando a tem\u00e1tica da coexist\u00eancia entre culturas e religi\u00f5es, com o suporte metodol\u00f3gico da transdisciplinaridade, esperamos somar e multiplicar na busca por uma espiritualidade dialogal e transreligiosa. Nossos estudos apontam para a l\u00f3gica do \u201cterceiro inclu\u00eddo\u201d que, debru\u00e7ada sobre o fen\u00f4meno das religi\u00f5es e as contradi\u00e7\u00f5es que surgem do seu pluralismo, remete \u00e0 busca de um outro n\u00edvel de realidade, \u00e0quela \u00e9tica do amor, que pode religar crentes antag\u00f4nicos em uma f\u00e9 que se faz sil\u00eancio m\u00edstico ou atitude de cuidado pelos outros e pelo nosso meio. H\u00e1 mais de quinze anos o nosso Observat\u00f3rio vem ajudando a entrecruzar caminhos entre e para al\u00e9m das religi\u00f5es. Pois, afinal, os templos apontam para o al\u00e9m: se ficarmos apenas olhando os templos, perderemos o c\u00e9u estrelado e o seu reflexo: em nosso interior, na natureza e na hist\u00f3ria, nos olhos do outro!<\/p>\n<p><span style=\"color: #ffffff;\">..<\/span><\/p>\n<p><span style=\"color: #ffffff;\">..<\/span><\/p>\n","protected":false},"excerpt":{"rendered":"<p>O Observat\u00f3rio Transdisciplinar das Religi\u00f5es no Recife \u00e9, na Universidade Cat\u00f3lica de Pernambuco (UNICAP), um espa\u00e7o de extens\u00e3o acad\u00eamica criado pela equipe de pesquisa do professor Gilbraz Arag\u00e3o, articulando conte\u00fados e atividades, presenciais e na internet, com o objetivo de analisar os fatos relacionados aos encontros e desencontros entre religiosidades e convic\u00e7\u00f5es na regi\u00e3o, procurando&#8230; <\/p>\n<div class=\"link-more\"><a href=\"https:\/\/www1.unicap.br\/observatorio2\/?page_id=19\">Leia mais<\/a><\/div>\n","protected":false},"author":1,"featured_media":0,"parent":0,"menu_order":0,"comment_status":"closed","ping_status":"closed","template":"","meta":{"footnotes":""},"class_list":["post-19","page","type-page","status-publish","hentry"],"_links":{"self":[{"href":"https:\/\/www1.unicap.br\/observatorio2\/index.php?rest_route=\/wp\/v2\/pages\/19","targetHints":{"allow":["GET"]}}],"collection":[{"href":"https:\/\/www1.unicap.br\/observatorio2\/index.php?rest_route=\/wp\/v2\/pages"}],"about":[{"href":"https:\/\/www1.unicap.br\/observatorio2\/index.php?rest_route=\/wp\/v2\/types\/page"}],"author":[{"embeddable":true,"href":"https:\/\/www1.unicap.br\/observatorio2\/index.php?rest_route=\/wp\/v2\/users\/1"}],"replies":[{"embeddable":true,"href":"https:\/\/www1.unicap.br\/observatorio2\/index.php?rest_route=%2Fwp%2Fv2%2Fcomments&post=19"}],"version-history":[{"count":91,"href":"https:\/\/www1.unicap.br\/observatorio2\/index.php?rest_route=\/wp\/v2\/pages\/19\/revisions"}],"predecessor-version":[{"id":7757,"href":"https:\/\/www1.unicap.br\/observatorio2\/index.php?rest_route=\/wp\/v2\/pages\/19\/revisions\/7757"}],"wp:attachment":[{"href":"https:\/\/www1.unicap.br\/observatorio2\/index.php?rest_route=%2Fwp%2Fv2%2Fmedia&parent=19"}],"curies":[{"name":"wp","href":"https:\/\/api.w.org\/{rel}","templated":true}]}}