{"id":186,"date":"2011-04-11T01:37:16","date_gmt":"2011-04-11T01:37:16","guid":{"rendered":"https:\/\/www1.unicap.br\/observatorio2\/?page_id=186"},"modified":"2013-07-17T04:19:11","modified_gmt":"2013-07-17T07:19:11","slug":"messianicos","status":"publish","type":"page","link":"https:\/\/www1.unicap.br\/observatorio2\/?page_id=186","title":{"rendered":"Messi\u00e2nicos"},"content":{"rendered":"<p><iframe loading=\"lazy\" src=\"\/\/www.youtube.com\/embed\/OZQQlHZIAIY?rel=0\" height=\"360\" width=\"480\" allowfullscreen=\"\" frameborder=\"0\"><\/iframe><\/p>\n<p>&nbsp;<\/p>\n<p><strong>JUDEUS MESSI\u00c2NICOS<\/strong><\/p>\n<p>&nbsp;<\/p>\n<p>\u00e9 uma autodenominada ramifica\u00e7\u00e3o religiosa judaica, que acredita na figura de\u00a0Yeshua\u00a0(Nome original, o qual foi alterado para\u00a0Jesus) como sendo o\u00a0Messias\u00a0esperado pela tradi\u00e7\u00e3o prof\u00e9tica judaica.\u00a0O Moderno Juda\u00edsmo Messi\u00e2nico \u00e9 um movimento surgido no s\u00e9culo XX nos\u00a0EUA, originado do\u00a0<i>Hebreu-Cristianismo<\/i>\u00a0nascido na\u00a0Inglaterra\u00a0no s\u00e9culo XIX. A grande maioria dos modernos judeus messi\u00e2nicos aceita as diversas tradi\u00e7\u00f5es do\u00a0Juda\u00edsmo, julgando-as, no entanto, incompletas em seu significado. O significado completo, segundo eles, s\u00f3 pode ser obtido a partir do entendimento e aceita\u00e7\u00e3o de Yeshua como sendo o Messias.<\/p>\n<p>SITE:<\/p>\n<p><a href=\"http:\/\/www.jewsforjesus.org\/messianic-judaism\">http:\/\/www.jewsforjesus.org\/messianic-judaism<\/a><\/p>\n","protected":false},"excerpt":{"rendered":"<p>&nbsp; JUDEUS MESSI\u00c2NICOS &nbsp; \u00e9 uma autodenominada ramifica\u00e7\u00e3o religiosa judaica, que acredita na figura de\u00a0Yeshua\u00a0(Nome original, o qual foi alterado para\u00a0Jesus) como sendo o\u00a0Messias\u00a0esperado pela tradi\u00e7\u00e3o prof\u00e9tica judaica.\u00a0O Moderno Juda\u00edsmo Messi\u00e2nico \u00e9 um movimento surgido no s\u00e9culo XX nos\u00a0EUA, originado do\u00a0Hebreu-Cristianismo\u00a0nascido na\u00a0Inglaterra\u00a0no s\u00e9culo XIX. A grande maioria dos modernos judeus messi\u00e2nicos aceita as diversas tradi\u00e7\u00f5es&#8230; <\/p>\n<div class=\"link-more\"><a href=\"https:\/\/www1.unicap.br\/observatorio2\/?page_id=186\">Leia mais<\/a><\/div>\n","protected":false},"author":2,"featured_media":0,"parent":34,"menu_order":0,"comment_status":"open","ping_status":"open","template":"","meta":{"footnotes":""},"class_list":["post-186","page","type-page","status-publish","hentry"],"_links":{"self":[{"href":"https:\/\/www1.unicap.br\/observatorio2\/index.php?rest_route=\/wp\/v2\/pages\/186","targetHints":{"allow":["GET"]}}],"collection":[{"href":"https:\/\/www1.unicap.br\/observatorio2\/index.php?rest_route=\/wp\/v2\/pages"}],"about":[{"href":"https:\/\/www1.unicap.br\/observatorio2\/index.php?rest_route=\/wp\/v2\/types\/page"}],"author":[{"embeddable":true,"href":"https:\/\/www1.unicap.br\/observatorio2\/index.php?rest_route=\/wp\/v2\/users\/2"}],"replies":[{"embeddable":true,"href":"https:\/\/www1.unicap.br\/observatorio2\/index.php?rest_route=%2Fwp%2Fv2%2Fcomments&post=186"}],"version-history":[{"count":3,"href":"https:\/\/www1.unicap.br\/observatorio2\/index.php?rest_route=\/wp\/v2\/pages\/186\/revisions"}],"predecessor-version":[{"id":533,"href":"https:\/\/www1.unicap.br\/observatorio2\/index.php?rest_route=\/wp\/v2\/pages\/186\/revisions\/533"}],"up":[{"embeddable":true,"href":"https:\/\/www1.unicap.br\/observatorio2\/index.php?rest_route=\/wp\/v2\/pages\/34"}],"wp:attachment":[{"href":"https:\/\/www1.unicap.br\/observatorio2\/index.php?rest_route=%2Fwp%2Fv2%2Fmedia&parent=186"}],"curies":[{"name":"wp","href":"https:\/\/api.w.org\/{rel}","templated":true}]}}