{"id":184,"date":"2011-04-11T01:36:47","date_gmt":"2011-04-11T01:36:47","guid":{"rendered":"https:\/\/www1.unicap.br\/observatorio2\/?page_id=184"},"modified":"2014-03-25T11:02:47","modified_gmt":"2014-03-25T14:02:47","slug":"menonitas","status":"publish","type":"page","link":"https:\/\/www1.unicap.br\/observatorio2\/?page_id=184","title":{"rendered":"Menonitas"},"content":{"rendered":"<p><iframe loading=\"lazy\" src=\"\/\/www.youtube.com\/embed\/YkuSKBSiVBY?rel=0\" height=\"360\" width=\"480\" allowfullscreen=\"\" frameborder=\"0\"><\/iframe><\/p>\n<p>&nbsp;<\/p>\n<p><span style=\"color: #ffffff;\">..<\/span><\/p>\n<p>Os\u00a0<b>Menonitas<\/b>\u00a0s\u00e3o um grupo de denomina\u00e7\u00f5es crist\u00e3s que descende diretamente do movimento\u00a0anabatista\u00a0que surgiu na Europa no s\u00e9culo XVI, na \u00e9poca da\u00a0Reforma Protestante. Tem o seu nome derivado do te\u00f3logo fr\u00edsio\u00a0Menno Simons\u00a0(1496-1561), que atrav\u00e9s dos seus escritos articulou e formalizou os ensinos dos seus predescendentes anabatistas su\u00ed\u00e7os.<\/p>\n<p>Site:\u00a0<a href=\"http:\/\/www.menonita.org.br\/\">http:\/\/www.menonita.org.br\/<\/a><\/p>\n","protected":false},"excerpt":{"rendered":"<p>&nbsp; .. Os\u00a0Menonitas\u00a0s\u00e3o um grupo de denomina\u00e7\u00f5es crist\u00e3s que descende diretamente do movimento\u00a0anabatista\u00a0que surgiu na Europa no s\u00e9culo XVI, na \u00e9poca da\u00a0Reforma Protestante. Tem o seu nome derivado do te\u00f3logo fr\u00edsio\u00a0Menno Simons\u00a0(1496-1561), que atrav\u00e9s dos seus escritos articulou e formalizou os ensinos dos seus predescendentes anabatistas su\u00ed\u00e7os. Site:\u00a0http:\/\/www.menonita.org.br\/<\/p>\n","protected":false},"author":2,"featured_media":0,"parent":34,"menu_order":0,"comment_status":"open","ping_status":"open","template":"","meta":{"footnotes":""},"class_list":["post-184","page","type-page","status-publish","hentry"],"_links":{"self":[{"href":"https:\/\/www1.unicap.br\/observatorio2\/index.php?rest_route=\/wp\/v2\/pages\/184","targetHints":{"allow":["GET"]}}],"collection":[{"href":"https:\/\/www1.unicap.br\/observatorio2\/index.php?rest_route=\/wp\/v2\/pages"}],"about":[{"href":"https:\/\/www1.unicap.br\/observatorio2\/index.php?rest_route=\/wp\/v2\/types\/page"}],"author":[{"embeddable":true,"href":"https:\/\/www1.unicap.br\/observatorio2\/index.php?rest_route=\/wp\/v2\/users\/2"}],"replies":[{"embeddable":true,"href":"https:\/\/www1.unicap.br\/observatorio2\/index.php?rest_route=%2Fwp%2Fv2%2Fcomments&post=184"}],"version-history":[{"count":4,"href":"https:\/\/www1.unicap.br\/observatorio2\/index.php?rest_route=\/wp\/v2\/pages\/184\/revisions"}],"predecessor-version":[{"id":531,"href":"https:\/\/www1.unicap.br\/observatorio2\/index.php?rest_route=\/wp\/v2\/pages\/184\/revisions\/531"}],"up":[{"embeddable":true,"href":"https:\/\/www1.unicap.br\/observatorio2\/index.php?rest_route=\/wp\/v2\/pages\/34"}],"wp:attachment":[{"href":"https:\/\/www1.unicap.br\/observatorio2\/index.php?rest_route=%2Fwp%2Fv2%2Fmedia&parent=184"}],"curies":[{"name":"wp","href":"https:\/\/api.w.org\/{rel}","templated":true}]}}