{"id":182,"date":"2011-04-11T01:36:19","date_gmt":"2011-04-11T01:36:19","guid":{"rendered":"https:\/\/www1.unicap.br\/observatorio2\/?page_id=182"},"modified":"2013-07-17T04:02:14","modified_gmt":"2013-07-17T07:02:14","slug":"jurema","status":"publish","type":"page","link":"https:\/\/www1.unicap.br\/observatorio2\/?page_id=182","title":{"rendered":"Jurema"},"content":{"rendered":"<p><iframe loading=\"lazy\" src=\"\/\/www.youtube.com\/embed\/MhzHx9vT5bc?rel=0\" height=\"360\" width=\"480\" allowfullscreen=\"\" frameborder=\"0\"><\/iframe><\/p>\n<p>&nbsp;<\/p>\n<p><strong>Jurema<\/strong><\/p>\n<p>&nbsp;<\/p>\n<p>\u00c9 uma \u00e1rvore sagrada que originou um culto entre os ind\u00edgenas do Nordeste brasileiro, hoje reapropriado por v\u00e1rias tradi\u00e7\u00f5es religiosas.\u00a0Para compreender a Jurema, \u00e9 necess\u00e1rio retornar \u00e0 quest\u00e3o dos aldeamentos no per\u00edodo colonial, at\u00e9 a sua extin\u00e7\u00e3o, em 1862, por ordem do Imperador. Extin\u00e7\u00e3o esta que viria a ser questionada pelo \u00faltimo regente dos \u00edndios de Alhandra, na Para\u00edba, In\u00e1cio Gon\u00e7alves de Barros (pai da prestigiosa mestra Maria do Acais), que pede sua reintegra\u00e7\u00e3o ao cargo de regente e a restitui\u00e7\u00e3o das terras que constitu\u00edam o patrim\u00f4nio desses \u00edndios.<\/p>\n<p>A expressiva presen\u00e7a da Jurema em Alhandra, sobretudo na propriedade denominada Acais, que pertenceu \u00e0 fam\u00edlia de In\u00e1cio Gon\u00e7alves, vem sendo registrada desde a d\u00e9cada de 1930. Esses estudos, no entanto, se ocuparam da Jurema no \u00e2mbito do Catimb\u00f3, culto ainda muito pr\u00f3ximo da influ\u00eancia ind\u00edgena. Hoje seu\u00a0cen\u00e1rio religioso passou por mudan\u00e7as significativas, remetendo a novas perguntas e inquieta\u00e7\u00f5es sobre o legado dos antigos mestres juremeiros, sobretudo para se compreender os sentidos dessa tradi\u00e7\u00e3o para a Umbanda na regi\u00e3o.<\/p>\n<p>&nbsp;<\/p>\n<p><strong>Jurema em Pernambuco<\/strong><\/p>\n<p>&nbsp;<\/p>\n<p><strong>Casa de Dona Dora de Oy\u00e1 (Il\u00ea Ax\u00e9 Oy\u00e1 Egunit\u00e1)<\/strong>, na Rua Fernandes Belo, 611, Jord\u00e3o Baixo, Ibura de Baixo. Cep: 51240-2010;<\/p>\n<p><strong>Casa do babalorix\u00e1 Sandro de Juc\u00e1 (Tenda da Casa Verde)<\/strong>, na Rua Rio \u00e0 Cima, 317, Vila do Sesi Ibura. Cep.\u00a051230-100;<\/p>\n<p><strong>Tenda de Umbanda Pai Francisco, Casa de Pai Mecias de Ogum<\/strong>, na Rua das Mo\u00e7as, no Arruda.<strong><\/strong><\/p>\n<p>&nbsp;<\/p>\n<p>&nbsp;<\/p>\n<p>&nbsp;<\/p>\n<p>&nbsp;<\/p>\n<p>&nbsp;<\/p>\n","protected":false},"excerpt":{"rendered":"<p>&nbsp; Jurema &nbsp; \u00c9 uma \u00e1rvore sagrada que originou um culto entre os ind\u00edgenas do Nordeste brasileiro, hoje reapropriado por v\u00e1rias tradi\u00e7\u00f5es religiosas.\u00a0Para compreender a Jurema, \u00e9 necess\u00e1rio retornar \u00e0 quest\u00e3o dos aldeamentos no per\u00edodo colonial, at\u00e9 a sua extin\u00e7\u00e3o, em 1862, por ordem do Imperador. Extin\u00e7\u00e3o esta que viria a ser questionada pelo \u00faltimo&#8230; <\/p>\n<div class=\"link-more\"><a href=\"https:\/\/www1.unicap.br\/observatorio2\/?page_id=182\">Leia mais<\/a><\/div>\n","protected":false},"author":2,"featured_media":0,"parent":34,"menu_order":0,"comment_status":"open","ping_status":"open","template":"","meta":{"footnotes":""},"class_list":["post-182","page","type-page","status-publish","hentry"],"_links":{"self":[{"href":"https:\/\/www1.unicap.br\/observatorio2\/index.php?rest_route=\/wp\/v2\/pages\/182","targetHints":{"allow":["GET"]}}],"collection":[{"href":"https:\/\/www1.unicap.br\/observatorio2\/index.php?rest_route=\/wp\/v2\/pages"}],"about":[{"href":"https:\/\/www1.unicap.br\/observatorio2\/index.php?rest_route=\/wp\/v2\/types\/page"}],"author":[{"embeddable":true,"href":"https:\/\/www1.unicap.br\/observatorio2\/index.php?rest_route=\/wp\/v2\/users\/2"}],"replies":[{"embeddable":true,"href":"https:\/\/www1.unicap.br\/observatorio2\/index.php?rest_route=%2Fwp%2Fv2%2Fcomments&post=182"}],"version-history":[{"count":4,"href":"https:\/\/www1.unicap.br\/observatorio2\/index.php?rest_route=\/wp\/v2\/pages\/182\/revisions"}],"predecessor-version":[{"id":358,"href":"https:\/\/www1.unicap.br\/observatorio2\/index.php?rest_route=\/wp\/v2\/pages\/182\/revisions\/358"}],"up":[{"embeddable":true,"href":"https:\/\/www1.unicap.br\/observatorio2\/index.php?rest_route=\/wp\/v2\/pages\/34"}],"wp:attachment":[{"href":"https:\/\/www1.unicap.br\/observatorio2\/index.php?rest_route=%2Fwp%2Fv2%2Fmedia&parent=182"}],"curies":[{"name":"wp","href":"https:\/\/api.w.org\/{rel}","templated":true}]}}