{"id":177,"date":"2011-04-11T01:34:45","date_gmt":"2011-04-11T01:34:45","guid":{"rendered":"https:\/\/www1.unicap.br\/observatorio2\/?page_id=177"},"modified":"2014-03-25T10:58:59","modified_gmt":"2014-03-25T13:58:59","slug":"fe-bahai","status":"publish","type":"page","link":"https:\/\/www1.unicap.br\/observatorio2\/?page_id=177","title":{"rendered":"F\u00e9 Ba&#8217;hai"},"content":{"rendered":"<p><iframe loading=\"lazy\" src=\"\/\/www.youtube.com\/embed\/MX56KnNX5UI?rel=0\" height=\"360\" width=\"480\" allowfullscreen=\"\" frameborder=\"0\"><\/iframe><\/p>\n<p>&nbsp;<\/p>\n<p><strong>A F\u00e9 Bah\u00e1&#8217;\u00ed <\/strong><\/p>\n<p>\u00e9 uma religi\u00e3o monote\u00edsta fundada por Bah\u00e1&#8217;u&#8217;ll\u00e1h, na antiga P\u00e9rsia, durante o s\u00e9culo XIX, que enfatiza a unidade espiritual da humanidade. N\u00e3o possui dogmas, clero, nem sacerd\u00f3cio, mas estima-se que existam cinco a seis milh\u00f5es de Baha\u2019is espalhados por mais de 200 pa\u00edses. Os ensinamentos Bah\u00e1&#8217;\u00eds atribuem grande import\u00e2ncia ao conceito de unidade das religi\u00f5es: a hist\u00f3ria religiosa da humanidade \u00e9 vista como um processo de desenvolvimento gradual.<\/p>\n<p>A F\u00e9 Bah\u00e1&#8217;\u00ed ensina a unidade da humanidade, a livre e independente busca da verdade, a elimina\u00e7\u00e3o de todas as formas de preconceitos e discrimina\u00e7\u00e3o, a igualdade de direitos e oportunidades para o homem e a mulher, a harmonia essencial entre a religi\u00e3o, a raz\u00e3o e a ci\u00eancia. As fam\u00edlia Bah\u00e1&#8217;is do Recife s\u00e3o de imigrantes iranianos, embora quase metade da comunidade j\u00e1 seja composta por brasileiros.<\/p>\n<p>Endere\u00e7o:<\/p>\n<p>Rua Pe. Giordano, 165, Boa Viagem &#8211; Recife<\/p>\n<p>Tel. (81) 3342-7820 \/ 8446-7562.<\/p>\n<p>Site:<\/p>\n<p><a href=\"http:\/\/www.bahai.org.br\/\">http:\/\/www.bahai.org.br\/<\/a><\/p>\n","protected":false},"excerpt":{"rendered":"<p>&nbsp; A F\u00e9 Bah\u00e1&#8217;\u00ed \u00e9 uma religi\u00e3o monote\u00edsta fundada por Bah\u00e1&#8217;u&#8217;ll\u00e1h, na antiga P\u00e9rsia, durante o s\u00e9culo XIX, que enfatiza a unidade espiritual da humanidade. N\u00e3o possui dogmas, clero, nem sacerd\u00f3cio, mas estima-se que existam cinco a seis milh\u00f5es de Baha\u2019is espalhados por mais de 200 pa\u00edses. Os ensinamentos Bah\u00e1&#8217;\u00eds atribuem grande import\u00e2ncia ao conceito&#8230; <\/p>\n<div class=\"link-more\"><a href=\"https:\/\/www1.unicap.br\/observatorio2\/?page_id=177\">Leia mais<\/a><\/div>\n","protected":false},"author":2,"featured_media":0,"parent":34,"menu_order":0,"comment_status":"open","ping_status":"open","template":"","meta":{"footnotes":""},"class_list":["post-177","page","type-page","status-publish","hentry"],"_links":{"self":[{"href":"https:\/\/www1.unicap.br\/observatorio2\/index.php?rest_route=\/wp\/v2\/pages\/177","targetHints":{"allow":["GET"]}}],"collection":[{"href":"https:\/\/www1.unicap.br\/observatorio2\/index.php?rest_route=\/wp\/v2\/pages"}],"about":[{"href":"https:\/\/www1.unicap.br\/observatorio2\/index.php?rest_route=\/wp\/v2\/types\/page"}],"author":[{"embeddable":true,"href":"https:\/\/www1.unicap.br\/observatorio2\/index.php?rest_route=\/wp\/v2\/users\/2"}],"replies":[{"embeddable":true,"href":"https:\/\/www1.unicap.br\/observatorio2\/index.php?rest_route=%2Fwp%2Fv2%2Fcomments&post=177"}],"version-history":[{"count":4,"href":"https:\/\/www1.unicap.br\/observatorio2\/index.php?rest_route=\/wp\/v2\/pages\/177\/revisions"}],"predecessor-version":[{"id":524,"href":"https:\/\/www1.unicap.br\/observatorio2\/index.php?rest_route=\/wp\/v2\/pages\/177\/revisions\/524"}],"up":[{"embeddable":true,"href":"https:\/\/www1.unicap.br\/observatorio2\/index.php?rest_route=\/wp\/v2\/pages\/34"}],"wp:attachment":[{"href":"https:\/\/www1.unicap.br\/observatorio2\/index.php?rest_route=%2Fwp%2Fv2%2Fmedia&parent=177"}],"curies":[{"name":"wp","href":"https:\/\/api.w.org\/{rel}","templated":true}]}}