{"id":175,"date":"2011-04-11T01:34:07","date_gmt":"2011-04-11T01:34:07","guid":{"rendered":"https:\/\/www1.unicap.br\/observatorio2\/?page_id=175"},"modified":"2016-05-29T15:27:34","modified_gmt":"2016-05-29T18:27:34","slug":"exercito-da-salvacao","status":"publish","type":"page","link":"https:\/\/www1.unicap.br\/observatorio2\/?page_id=175","title":{"rendered":"Ex\u00e9rcito da Salva\u00e7\u00e3o"},"content":{"rendered":"<p><iframe loading=\"lazy\" src=\"\/\/www.youtube.com\/embed\/I6hvm5LfO14?rel=0\" width=\"480\" height=\"360\" frameborder=\"0\" allowfullscreen=\"allowfullscreen\"><\/iframe><\/p>\n<p><strong>EX\u00c9RCITO DE SALVA\u00c7\u00c3O<\/strong><\/p>\n<p>&nbsp;<\/p>\n<p><strong>Hist\u00f3ria<\/strong><\/p>\n<p>O Ex\u00e9rcito de Salva\u00e7\u00e3o \u00e9 uma denomina\u00e7\u00e3o crist\u00e3 protestante e uma das maiores institui\u00e7\u00f5es de caridade do mundo. Foi fundado em 1865 por William Booth, ministro metodista, juntamente com a esposa, Catherine Mumford, em Londres, Inglaterra, no auge da Revolu\u00e7\u00e3o Industrial. Atua em 126 pa\u00edses, atrav\u00e9s de igrejas, lojas beneficentes, abrigos, centros comunit\u00e1rios, hospitais, escolas, lares para idosos, creches, centros de recupera\u00e7\u00e3o, ve\u00edculos e equipes de emerg\u00eancia.<\/p>\n<p>No Brasil a institui\u00e7\u00e3o chegou em 1922 e em Pernambuco em 1983. Sua Sede Nacional situa-se em S\u00e3o Paulo e a Regional para o Nordeste na cidade de Recife. As atividades desenvolvidas pelo Ex\u00e9rcito de Salva\u00e7\u00e3o s\u00e3o diversificadas:<\/p>\n<p>(1) Assistencial: Compreende a organiza\u00e7\u00e3o e manuten\u00e7\u00e3o de programas de prote\u00e7\u00e3o \u00e0 fam\u00edlia, \u00e0 maternidade, \u00e0 inf\u00e2ncia, \u00e0 adolesc\u00eancia, \u00e0 juventude e \u00e0 idosos.<\/p>\n<p>(2) Promocional: S\u00e3o programas voltados \u00e0 promo\u00e7\u00e3o humana, tais como cursos profissionalizantes, semin\u00e1rios de desenvolvimento comunit\u00e1rio e humano.<\/p>\n<p>(3) Educacional: Atrav\u00e9s de programas de educa\u00e7\u00e3o infantil, refor\u00e7o escolar, combate ao analfabetismo e \u00e0 evas\u00e3o e repet\u00eancia escolar.<\/p>\n<p>&nbsp;<\/p>\n<p><strong>Principais cren\u00e7as<\/strong><\/p>\n<ol>\n<li>B\u00edblia como divinamente inspirada.<\/li>\n<li>Exist\u00eancia de um \u00fanico Deus, criador, preservador e governador de todas as coisas.<\/li>\n<li>Sant\u00edssima Trindade (Pai, Filho e Esp\u00edrito Santo).<\/li>\n<li>Divindade e humanidade de Jesus.<\/li>\n<li>&#8220;Queda&#8221; da humanidade.<\/li>\n<li>Salva\u00e7\u00e3o providenciada por Deus, em Jesus.<\/li>\n<li>Necessidade de arrependimento.<\/li>\n<li>Justifica\u00e7\u00e3o pela f\u00e9.<\/li>\n<li>Necessidade de obedi\u00eancia continua a Cristo.<\/li>\n<\/ol>\n<p>10.\u00a0 Santidade da vida di\u00e1ria.<\/p>\n<p>11.\u00a0 Ressurrei\u00e7\u00e3o do Corpo<\/p>\n<p>&nbsp;<\/p>\n<p><strong>Endere\u00e7os f\u00edsicos<\/strong><\/p>\n<ol>\n<li>Rua Conde de Iraj\u00e1, 135 &#8211; Torre &#8211; Recife &#8211; PE. CEP: 50.710-140.<\/li>\n<li>Rua Carlos Gomes, 1016 &#8211; Prado &#8211; Recife &#8211; PE. CEP: 50.751-020.<\/li>\n<\/ol>\n<p>&nbsp;<\/p>\n<p><strong>Endere\u00e7os virtuais<\/strong><\/p>\n<p><a href=\"http:\/\/www.salvationarmy.org\/\" target=\"_blank\">http:\/\/www.salvationarmy.org\/<\/a><\/p>\n<p><a href=\"http:\/\/www1.salvationarmy.org\/BRA\/www_bra.nsf\" target=\"_blank\">http:\/\/www1.salvationarmy.org\/BRA\/www_bra.nsf<\/a><\/p>\n<p>&nbsp;<\/p>\n","protected":false},"excerpt":{"rendered":"<p>EX\u00c9RCITO DE SALVA\u00c7\u00c3O &nbsp; Hist\u00f3ria O Ex\u00e9rcito de Salva\u00e7\u00e3o \u00e9 uma denomina\u00e7\u00e3o crist\u00e3 protestante e uma das maiores institui\u00e7\u00f5es de caridade do mundo. Foi fundado em 1865 por William Booth, ministro metodista, juntamente com a esposa, Catherine Mumford, em Londres, Inglaterra, no auge da Revolu\u00e7\u00e3o Industrial. Atua em 126 pa\u00edses, atrav\u00e9s de igrejas, lojas beneficentes,&#8230; <\/p>\n<div class=\"link-more\"><a href=\"https:\/\/www1.unicap.br\/observatorio2\/?page_id=175\">Leia mais<\/a><\/div>\n","protected":false},"author":2,"featured_media":0,"parent":34,"menu_order":0,"comment_status":"open","ping_status":"open","template":"","meta":{"footnotes":""},"class_list":["post-175","page","type-page","status-publish","hentry"],"_links":{"self":[{"href":"https:\/\/www1.unicap.br\/observatorio2\/index.php?rest_route=\/wp\/v2\/pages\/175","targetHints":{"allow":["GET"]}}],"collection":[{"href":"https:\/\/www1.unicap.br\/observatorio2\/index.php?rest_route=\/wp\/v2\/pages"}],"about":[{"href":"https:\/\/www1.unicap.br\/observatorio2\/index.php?rest_route=\/wp\/v2\/types\/page"}],"author":[{"embeddable":true,"href":"https:\/\/www1.unicap.br\/observatorio2\/index.php?rest_route=\/wp\/v2\/users\/2"}],"replies":[{"embeddable":true,"href":"https:\/\/www1.unicap.br\/observatorio2\/index.php?rest_route=%2Fwp%2Fv2%2Fcomments&post=175"}],"version-history":[{"count":8,"href":"https:\/\/www1.unicap.br\/observatorio2\/index.php?rest_route=\/wp\/v2\/pages\/175\/revisions"}],"predecessor-version":[{"id":2790,"href":"https:\/\/www1.unicap.br\/observatorio2\/index.php?rest_route=\/wp\/v2\/pages\/175\/revisions\/2790"}],"up":[{"embeddable":true,"href":"https:\/\/www1.unicap.br\/observatorio2\/index.php?rest_route=\/wp\/v2\/pages\/34"}],"wp:attachment":[{"href":"https:\/\/www1.unicap.br\/observatorio2\/index.php?rest_route=%2Fwp%2Fv2%2Fmedia&parent=175"}],"curies":[{"name":"wp","href":"https:\/\/api.w.org\/{rel}","templated":true}]}}