{"id":171,"date":"2011-04-11T01:33:05","date_gmt":"2011-04-11T01:33:05","guid":{"rendered":"https:\/\/www1.unicap.br\/observatorio2\/?page_id=171"},"modified":"2022-05-22T16:14:46","modified_gmt":"2022-05-22T19:14:46","slug":"catolicos","status":"publish","type":"page","link":"https:\/\/www1.unicap.br\/observatorio2\/?page_id=171","title":{"rendered":"Cat\u00f3licos"},"content":{"rendered":"<p><iframe loading=\"lazy\" src=\"\/\/www.youtube.com\/embed\/5ZA5Ii0AOtg?rel=0\" width=\"480\" height=\"360\" frameborder=\"0\" allowfullscreen=\"allowfullscreen\"><\/iframe><\/p>\n<p><strong>IGREJA CAT\u00d3LICA APOST\u00d3LICA ROMANA<\/strong><\/p>\n<p>Principal tradi\u00e7\u00e3o crist\u00e3,\u00a0que tem a Igreja como uma comunidade dos seguidores\/as do Cristo morto e ressuscitado. Seu prop\u00f3sito \u00e9 a convers\u00e3o ao ensinamento e \u00e0 pessoa de Jesus Cristo, em vista do Reino de Deus.\u00a0Sua doutrina foi elaborada ao longo dos Conc\u00edlios, a partir da B\u00edblia, refletida pelos Pais e Doutores da Igreja.<\/p>\n<p>As partes principais da doutrina s\u00e3o o Credo, os Mandamentos e os Sacramentos. Entre as cren\u00e7as, est\u00e1 a da\u00a0Sant\u00edssima Trindade (Deus \u00e9, simultaneamente, uno e trino: o Pai, o Filho encarnado em Jesus e o Esp\u00edrito Santo, que estabelecem entre si uma comunh\u00e3o perfeita, sinal e instrumento para a vida dos crist\u00e3os na Igreja).<\/p>\n<p>A Igreja define-se pelas palavras do Credo Niceno-Constantinopolitano como: una, santa, cat\u00f3lica e apost\u00f3lica. Al\u00e9m disso, \u00e9 conhecida por: Corpo de Cristo, Povo de Deus, Templo do Esp\u00edrito Santo. Na Igreja, as celebra\u00e7\u00f5es sacramentais do Batismo, Crisma, Eucaristia, Matrim\u00f4nio, Penit\u00eancia ou Confiss\u00e3o, Ordem e Un\u00e7\u00e3o dos Enfermos atualizam a presen\u00e7a de Jesus e alimentam para a vida no amor. Os cat\u00f3licos contam tamb\u00e9m com express\u00f5es devocionais aos santos, para crescerem na f\u00e9.<\/p>\n<p><strong>Arquidiocese de Olinda e Recife<\/strong><\/p>\n<p>Av. Rui Barbosa, 409, Gra\u00e7as<\/p>\n<p>52011-040 Recife-Pernambuco<\/p>\n<p>Fone: 3271-4270.<\/p>\n<p><a href=\"http:\/\/www.arquidioceseolindarecife.org.br\" target=\"_blank\" rel=\"noopener\">http:\/\/www.arquidioceseolindarecife.org.br<\/a><\/p>\n<p><strong>CNBB \u2013 Confer\u00eancia Nacional dos Bispos do Brasil<\/strong><\/p>\n<p><strong>Nacional<\/strong>: <a href=\"http:\/\/www.cnbb.org.br\/site\/\" target=\"_blank\" rel=\"noopener\">http:\/\/www.cnbb.org.br\/site\/<\/a><\/p>\n<p><strong>Regional<\/strong>: <a href=\"http:\/\/www.cnbbne2.org.br\/\" target=\"_blank\" rel=\"noopener\">http:\/\/www.cnbbne2.org.br\/<\/a><\/p>\n<p><strong>Site oficial da Igreja Cat\u00f3lica \u2013 Santa S\u00e9<\/strong><\/p>\n<p><a href=\"http:\/\/www.vatican.va\/phome_po.htm\" target=\"_blank\" rel=\"noopener\">http:\/\/www.vatican.va\/phome_po.htm<\/a><\/p>\n","protected":false},"excerpt":{"rendered":"<p>IGREJA CAT\u00d3LICA APOST\u00d3LICA ROMANA Principal tradi\u00e7\u00e3o crist\u00e3,\u00a0que tem a Igreja como uma comunidade dos seguidores\/as do Cristo morto e ressuscitado. Seu prop\u00f3sito \u00e9 a convers\u00e3o ao ensinamento e \u00e0 pessoa de Jesus Cristo, em vista do Reino de Deus.\u00a0Sua doutrina foi elaborada ao longo dos Conc\u00edlios, a partir da B\u00edblia, refletida pelos Pais e Doutores&#8230; <\/p>\n<div class=\"link-more\"><a href=\"https:\/\/www1.unicap.br\/observatorio2\/?page_id=171\">Leia mais<\/a><\/div>\n","protected":false},"author":2,"featured_media":0,"parent":34,"menu_order":0,"comment_status":"open","ping_status":"open","template":"","meta":{"footnotes":""},"class_list":["post-171","page","type-page","status-publish","hentry"],"_links":{"self":[{"href":"https:\/\/www1.unicap.br\/observatorio2\/index.php?rest_route=\/wp\/v2\/pages\/171","targetHints":{"allow":["GET"]}}],"collection":[{"href":"https:\/\/www1.unicap.br\/observatorio2\/index.php?rest_route=\/wp\/v2\/pages"}],"about":[{"href":"https:\/\/www1.unicap.br\/observatorio2\/index.php?rest_route=\/wp\/v2\/types\/page"}],"author":[{"embeddable":true,"href":"https:\/\/www1.unicap.br\/observatorio2\/index.php?rest_route=\/wp\/v2\/users\/2"}],"replies":[{"embeddable":true,"href":"https:\/\/www1.unicap.br\/observatorio2\/index.php?rest_route=%2Fwp%2Fv2%2Fcomments&post=171"}],"version-history":[{"count":10,"href":"https:\/\/www1.unicap.br\/observatorio2\/index.php?rest_route=\/wp\/v2\/pages\/171\/revisions"}],"predecessor-version":[{"id":6873,"href":"https:\/\/www1.unicap.br\/observatorio2\/index.php?rest_route=\/wp\/v2\/pages\/171\/revisions\/6873"}],"up":[{"embeddable":true,"href":"https:\/\/www1.unicap.br\/observatorio2\/index.php?rest_route=\/wp\/v2\/pages\/34"}],"wp:attachment":[{"href":"https:\/\/www1.unicap.br\/observatorio2\/index.php?rest_route=%2Fwp%2Fv2%2Fmedia&parent=171"}],"curies":[{"name":"wp","href":"https:\/\/api.w.org\/{rel}","templated":true}]}}