{"id":167,"date":"2011-04-11T01:31:36","date_gmt":"2011-04-11T01:31:36","guid":{"rendered":"https:\/\/www1.unicap.br\/observatorio2\/?page_id=167"},"modified":"2013-07-17T03:12:53","modified_gmt":"2013-07-17T06:12:53","slug":"congregacionais","status":"publish","type":"page","link":"https:\/\/www1.unicap.br\/observatorio2\/?page_id=167","title":{"rendered":"Congregacionais"},"content":{"rendered":"<p><iframe loading=\"lazy\" src=\"\/\/www.youtube.com\/embed\/9xqw1uNf_IY?rel=0\" height=\"360\" width=\"480\" allowfullscreen=\"\" frameborder=\"0\"><\/iframe><\/p>\n<p>&nbsp;<\/p>\n<p><strong>IGREJA EVANG\u00c9LICA CONGREGACIONAL<\/strong><\/p>\n<p>&nbsp;<\/p>\n<p>PRINCIPAIS CREN\u00c7AS E RITOS<\/p>\n<p>S\u00e3o crist\u00e3os que seguem os princ\u00edpios da autonomia e da comunh\u00e3o eclesial, baseando sua doutrina na f\u00e9 em um Deus Trino. Deus-Pai que \u00e9 o Criador, o Deus-Filho nosso Salvador e Deus-Esp\u00edrito Santo, Doador da Vida. A B\u00edblia \u00e9 Palavra de Deus, a \u00fanica regra infal\u00edvel de f\u00e9 e de pr\u00e1tica, sendo objetivo da Igreja aplicar a Palavra \u00e0 vida, ao dia-a-dia.<\/p>\n<p>O culto \u00e9 livre, participativo, interativo, todos podem orar e testemunhar; numa liturgia animada com Cantos, Leituras da Palavra e Comunh\u00e3o, geralmente mensal. H\u00e1 espa\u00e7o ainda para as tomadas de posi\u00e7\u00e3o, a consagra\u00e7\u00e3o da vida.<\/p>\n<p>&nbsp;<\/p>\n<p>HIST\u00d3RIA DA RELIGI\u00c3O EM PERNAMBUCO E PERSONALIDADES<\/p>\n<p>A hist\u00f3ria da Igreja Evang\u00e9lica Congregacional remonta aos tempos da Reforma Protestante (s\u00e9c.XVI) e sua hist\u00f3ria na Inglaterra. Ap\u00f3s o movimento reformista, um determinado grupo denominado de puritanos passou a exigir maior profundidade quanto \u00e0 doutrina, culto e liturgia. N\u00e3o sendo bem compreendidos, sofreram forte persegui\u00e7\u00e3o por parte das autoridades inglesas. Assim, migraram para a Holanda, e depois para os EUA; onde foi criada a Miss\u00e3o Evangelizadora que alcan\u00e7ou diversos pa\u00edses, dentre os quais, o Brasil.<\/p>\n<p>O Congregacionismo no Brasil foi gerado por Roberto Reid Kalley (1809-1888), mission\u00e1rio escoc\u00eas, m\u00e9dico e ministro do Evangelho, que organizou a Primeira Igreja Evang\u00e9lica do Brasil em 11 de julho de 1858, em Niter\u00f3i, Rio de Janeiro. A partir de ent\u00e3o, a vis\u00e3o evangelizadora se voltou para o Nordeste, quando ent\u00e3o o di\u00e1cono Manoel Jos\u00e9 da Silva Viana fundou, com a presen\u00e7a de Roberto Reid Kalley, a Igreja Evang\u00e9lica Pernambucana, isso em 19 de outubro de 1873, no Teatro Santa Isabel. Em 1913 houve um Congresso onde participaram 13 Igrejas. O Objetivo era criar uma unidade entre todas as Igrejas irm\u00e3s fundadas por Roberto Reid Kalley. Inicialmente passaram a ser chamadas de Indenominacional, depois Uni\u00e3o das Igrejas Evang\u00e9licas Congregacionais do Brasil, atualmente vigente.<\/p>\n<p>&nbsp;<\/p>\n<p>ENDERE\u00c7OS F\u00cdSICOS E VIRTUAIS<\/p>\n<p>Igreja Evang\u00e9lica Congregacional Pernambucana<\/p>\n<p>Rua do Pr\u00edncipe, 328<\/p>\n<p>Bairro Boa Vista, Recife, PE<\/p>\n<p>Fone: 81-3334-9492<\/p>\n<p>Site <a href=\"http:\/\/www.uiecb.com.br\">http:\/\/www.uiecb.com.br<\/a><\/p>\n<p>E-mail <a href=\"mailto:igreja.pernambucana@hotmail.com\">igreja.pernambucana@hotmail.com<\/a><\/p>\n<p>&nbsp;<\/p>\n","protected":false},"excerpt":{"rendered":"<p>&nbsp; IGREJA EVANG\u00c9LICA CONGREGACIONAL &nbsp; PRINCIPAIS CREN\u00c7AS E RITOS S\u00e3o crist\u00e3os que seguem os princ\u00edpios da autonomia e da comunh\u00e3o eclesial, baseando sua doutrina na f\u00e9 em um Deus Trino. Deus-Pai que \u00e9 o Criador, o Deus-Filho nosso Salvador e Deus-Esp\u00edrito Santo, Doador da Vida. A B\u00edblia \u00e9 Palavra de Deus, a \u00fanica regra infal\u00edvel&#8230; <\/p>\n<div class=\"link-more\"><a href=\"https:\/\/www1.unicap.br\/observatorio2\/?page_id=167\">Leia mais<\/a><\/div>\n","protected":false},"author":2,"featured_media":0,"parent":34,"menu_order":0,"comment_status":"open","ping_status":"open","template":"","meta":{"footnotes":""},"class_list":["post-167","page","type-page","status-publish","hentry"],"_links":{"self":[{"href":"https:\/\/www1.unicap.br\/observatorio2\/index.php?rest_route=\/wp\/v2\/pages\/167","targetHints":{"allow":["GET"]}}],"collection":[{"href":"https:\/\/www1.unicap.br\/observatorio2\/index.php?rest_route=\/wp\/v2\/pages"}],"about":[{"href":"https:\/\/www1.unicap.br\/observatorio2\/index.php?rest_route=\/wp\/v2\/types\/page"}],"author":[{"embeddable":true,"href":"https:\/\/www1.unicap.br\/observatorio2\/index.php?rest_route=\/wp\/v2\/users\/2"}],"replies":[{"embeddable":true,"href":"https:\/\/www1.unicap.br\/observatorio2\/index.php?rest_route=%2Fwp%2Fv2%2Fcomments&post=167"}],"version-history":[{"count":5,"href":"https:\/\/www1.unicap.br\/observatorio2\/index.php?rest_route=\/wp\/v2\/pages\/167\/revisions"}],"predecessor-version":[{"id":240,"href":"https:\/\/www1.unicap.br\/observatorio2\/index.php?rest_route=\/wp\/v2\/pages\/167\/revisions\/240"}],"up":[{"embeddable":true,"href":"https:\/\/www1.unicap.br\/observatorio2\/index.php?rest_route=\/wp\/v2\/pages\/34"}],"wp:attachment":[{"href":"https:\/\/www1.unicap.br\/observatorio2\/index.php?rest_route=%2Fwp%2Fv2%2Fmedia&parent=167"}],"curies":[{"name":"wp","href":"https:\/\/api.w.org\/{rel}","templated":true}]}}