{"id":164,"date":"2011-04-11T01:30:34","date_gmt":"2011-04-11T01:30:34","guid":{"rendered":"https:\/\/www1.unicap.br\/observatorio2\/?page_id=164"},"modified":"2013-07-22T07:33:02","modified_gmt":"2013-07-22T10:33:02","slug":"budistas","status":"publish","type":"page","link":"https:\/\/www1.unicap.br\/observatorio2\/?page_id=164","title":{"rendered":"Budistas"},"content":{"rendered":"<p><iframe loading=\"lazy\" src=\"\/\/www.youtube.com\/embed\/0o33RgF2eAY?rel=0\" height=\"360\" width=\"480\" allowfullscreen=\"\" frameborder=\"0\"><\/iframe><\/p>\n<p>&nbsp;<\/p>\n<p><strong>BUDISMO<\/strong><\/p>\n<p><strong>Hist\u00f3ria<\/strong><\/p>\n<p>O budismo desenvolve-se na \u00cdndia a partir do s\u00e9culo VI a.C. com Sidhartha Gautama, o Buda hist\u00f3rico, o qual, apesar da vida de luxo e ostenta\u00e7\u00e3o conservava uma insatisfa\u00e7\u00e3o interior. Ap\u00f3s abandonar o palacio deparou-se com o sofrmento, a velhice, a doen\u00e7a e a morte, acontecimentos at\u00e9 ent\u00e3o desconhecidos a ele. Ap\u00f3s anos de medita\u00e7\u00e3o alcan\u00e7ou o Nirvana (&#8220;extin\u00e7\u00e3o da chama da paix\u00e3o e dos desejos&#8221;) tornando-se o Buda, &#8220;O iluminado&#8221;, passando a questionar as verdades e os ensinamentos Vedas estabelecidos.<\/p>\n<p>Nos quarenta e cinco anos seguintes percorreu a plan\u00edcie do rio Ganges, na regi\u00e3o central da \u00cdndia, ensinando suas doutrinas. O budismo tem dentro de si uma variedade de ramifica\u00e7\u00f5es, est\u00e1 espalhado pelo mundo e chegou ao Brasil juntamente com os primeiros imigrantes japoneses, mas somente a partir da d\u00e9cada de 1930 teve inicio a constru\u00e7\u00e3o dos primeiros templos, os quais, nas \u00faltimas d\u00e9cadas tem se multiplicado. Em Pernambuco h\u00e1 v\u00e1rias centros comprometidos com a transmiss\u00e3o dos ensinamentos budistas.<\/p>\n<p><strong>Principais cren\u00e7as<\/strong><\/p>\n<ol>\n<li>Todos os seres vivos possuem uma natureza b\u00fadica e, portanto, possuem o potencial de tornarem-se iluminados (&#8220;Budas&#8221;)<\/li>\n<li>A vida est\u00e1 sujeita a todos os tipos de sofrimento, sendo os mais b\u00e1sicos: nascimento, envelhecimento, doen\u00e7a e morte. Ningu\u00e9m est\u00e1 isento deles.<\/li>\n<li>A ignor\u00e2ncia leva ao desejo e \u00e0 gan\u00e2ncia, que, inevitavelmente, resultam em sofrimento. A gan\u00e2ncia produz renascimento, acompanhado de apego passional durante a vida, e \u00e9 a gan\u00e2ncia por prazer, fama ou posses materiais que causam grande insatisfa\u00e7\u00e3o com a vida.<\/li>\n<li>A cessa\u00e7\u00e3o do sofrimento adv\u00e9m da elimina\u00e7\u00e3o total da ignor\u00e2ncia e do desapego \u00e0 gan\u00e2ncia e aos desejos, alcan\u00e7ando um estado de suprema bem-aventuran\u00e7a ou nirvana, onde todos os sofrimentos s\u00e3o extintos.<\/li>\n<li>O Caminho que leva \u00e0 Cessa\u00e7\u00e3o do Sofrimento \u00e9 o Nobre Caminho \u00d3ctuplo (Compreens\u00e3o Correta, Pensamento Correto, Palavra Correta, A\u00e7\u00e3o Correta, Meio de Vida Correto, Esfor\u00e7o Correto, Plena Aten\u00e7\u00e3o Correta e Concentra\u00e7\u00e3o Correta).<\/li>\n<\/ol>\n<p><strong>Endere\u00e7os f\u00edsicos\u00a0<\/strong><\/p>\n<p>Av. Ministro Marcos Freire, 2095, Casa Caiada &#8211; Olinda<\/p>\n<p>Av. Rosa e Silva, 1121, Aflitos &#8211; Recife<\/p>\n<p>Av. Domingos Ferreira, 2215, sala 406, Boa Viagem &#8211; Recife<\/p>\n<p>Rua Conde de Iraj\u00e1, 420, Torre &#8211; Recife<\/p>\n<p><strong>Endere\u00e7os virtuais<\/strong><\/p>\n<p>:<a href=\"http:\/\/www.cebb.org.br\/\" target=\"_blank\" rel=\"nofollow\">http:\/\/www.cebb.org.br<\/a>.<\/p>\n<p><a href=\"http:\/\/acaobudismo.sites.uol.com.br\/\" target=\"_blank\">http:\/\/acaobudismo.sites.uol.com.br\/<\/a><\/p>\n<p><a href=\"http:\/\/www.iej.uem.br\/honen99_00.html\" target=\"_blank\">http:\/\/www.iej.uem.br\/honen99_00.html<\/a><\/p>\n<p><a href=\"http:\/\/www.templozulai.org.br\/recife\/\" target=\"_blank\">http:\/\/www.templozulai.org.br\/recife\/<\/a><\/p>\n<p>&nbsp;<\/p>\n","protected":false},"excerpt":{"rendered":"<p>&nbsp; BUDISMO Hist\u00f3ria O budismo desenvolve-se na \u00cdndia a partir do s\u00e9culo VI a.C. com Sidhartha Gautama, o Buda hist\u00f3rico, o qual, apesar da vida de luxo e ostenta\u00e7\u00e3o conservava uma insatisfa\u00e7\u00e3o interior. Ap\u00f3s abandonar o palacio deparou-se com o sofrmento, a velhice, a doen\u00e7a e a morte, acontecimentos at\u00e9 ent\u00e3o desconhecidos a ele. Ap\u00f3s&#8230; <\/p>\n<div class=\"link-more\"><a href=\"https:\/\/www1.unicap.br\/observatorio2\/?page_id=164\">Leia mais<\/a><\/div>\n","protected":false},"author":2,"featured_media":0,"parent":34,"menu_order":0,"comment_status":"open","ping_status":"open","template":"","meta":{"footnotes":""},"class_list":["post-164","page","type-page","status-publish","hentry"],"_links":{"self":[{"href":"https:\/\/www1.unicap.br\/observatorio2\/index.php?rest_route=\/wp\/v2\/pages\/164","targetHints":{"allow":["GET"]}}],"collection":[{"href":"https:\/\/www1.unicap.br\/observatorio2\/index.php?rest_route=\/wp\/v2\/pages"}],"about":[{"href":"https:\/\/www1.unicap.br\/observatorio2\/index.php?rest_route=\/wp\/v2\/types\/page"}],"author":[{"embeddable":true,"href":"https:\/\/www1.unicap.br\/observatorio2\/index.php?rest_route=\/wp\/v2\/users\/2"}],"replies":[{"embeddable":true,"href":"https:\/\/www1.unicap.br\/observatorio2\/index.php?rest_route=%2Fwp%2Fv2%2Fcomments&post=164"}],"version-history":[{"count":6,"href":"https:\/\/www1.unicap.br\/observatorio2\/index.php?rest_route=\/wp\/v2\/pages\/164\/revisions"}],"predecessor-version":[{"id":517,"href":"https:\/\/www1.unicap.br\/observatorio2\/index.php?rest_route=\/wp\/v2\/pages\/164\/revisions\/517"}],"up":[{"embeddable":true,"href":"https:\/\/www1.unicap.br\/observatorio2\/index.php?rest_route=\/wp\/v2\/pages\/34"}],"wp:attachment":[{"href":"https:\/\/www1.unicap.br\/observatorio2\/index.php?rest_route=%2Fwp%2Fv2%2Fmedia&parent=164"}],"curies":[{"name":"wp","href":"https:\/\/api.w.org\/{rel}","templated":true}]}}