{"id":160,"date":"2011-04-11T01:29:49","date_gmt":"2011-04-11T01:29:49","guid":{"rendered":"https:\/\/www1.unicap.br\/observatorio2\/?page_id=160"},"modified":"2013-07-17T02:34:18","modified_gmt":"2013-07-17T05:34:18","slug":"batistas","status":"publish","type":"page","link":"https:\/\/www1.unicap.br\/observatorio2\/?page_id=160","title":{"rendered":"Batistas"},"content":{"rendered":"<p><iframe loading=\"lazy\" src=\"\/\/www.youtube.com\/embed\/yN_kwFf-tTM?rel=0\" height=\"360\" width=\"480\" allowfullscreen=\"\" frameborder=\"0\"><\/iframe><\/p>\n<p>&nbsp;<\/p>\n<p><strong>BATISTAS<\/strong><\/p>\n<p>A igreja batista \u00e9 uma\u00a0denomina\u00e7\u00e3o crist\u00e3\u00a0caracterizada pela rejei\u00e7\u00e3o ao batismo infantil, optando em seu lugar pelo batismo de f\u00e9, geralmente atrav\u00e9s da imers\u00e3o. Os batistas interpretam o batismo &#8211; imergir em \u00e1gua &#8211; como uma exposi\u00e7\u00e3o p\u00fablica de sua f\u00e9. O termo &#8220;batista&#8221; tem suas origens com os anabatistas e a denomina\u00e7\u00e3o \u00e9 ligada aos dissidentes ingleses, ou movimentos de anticonformismo do s\u00e9culo XVI. Os nossos batistas chegaram pelos Estados Unidos, mas retomam o clima de reforma religiosa e social&#8230;<\/p>\n<p>&nbsp;<\/p>\n","protected":false},"excerpt":{"rendered":"<p>&nbsp; BATISTAS A igreja batista \u00e9 uma\u00a0denomina\u00e7\u00e3o crist\u00e3\u00a0caracterizada pela rejei\u00e7\u00e3o ao batismo infantil, optando em seu lugar pelo batismo de f\u00e9, geralmente atrav\u00e9s da imers\u00e3o. Os batistas interpretam o batismo &#8211; imergir em \u00e1gua &#8211; como uma exposi\u00e7\u00e3o p\u00fablica de sua f\u00e9. O termo &#8220;batista&#8221; tem suas origens com os anabatistas e a denomina\u00e7\u00e3o \u00e9&#8230; <\/p>\n<div class=\"link-more\"><a href=\"https:\/\/www1.unicap.br\/observatorio2\/?page_id=160\">Leia mais<\/a><\/div>\n","protected":false},"author":2,"featured_media":0,"parent":34,"menu_order":0,"comment_status":"open","ping_status":"open","template":"","meta":{"footnotes":""},"class_list":["post-160","page","type-page","status-publish","hentry"],"_links":{"self":[{"href":"https:\/\/www1.unicap.br\/observatorio2\/index.php?rest_route=\/wp\/v2\/pages\/160","targetHints":{"allow":["GET"]}}],"collection":[{"href":"https:\/\/www1.unicap.br\/observatorio2\/index.php?rest_route=\/wp\/v2\/pages"}],"about":[{"href":"https:\/\/www1.unicap.br\/observatorio2\/index.php?rest_route=\/wp\/v2\/types\/page"}],"author":[{"embeddable":true,"href":"https:\/\/www1.unicap.br\/observatorio2\/index.php?rest_route=\/wp\/v2\/users\/2"}],"replies":[{"embeddable":true,"href":"https:\/\/www1.unicap.br\/observatorio2\/index.php?rest_route=%2Fwp%2Fv2%2Fcomments&post=160"}],"version-history":[{"count":4,"href":"https:\/\/www1.unicap.br\/observatorio2\/index.php?rest_route=\/wp\/v2\/pages\/160\/revisions"}],"predecessor-version":[{"id":327,"href":"https:\/\/www1.unicap.br\/observatorio2\/index.php?rest_route=\/wp\/v2\/pages\/160\/revisions\/327"}],"up":[{"embeddable":true,"href":"https:\/\/www1.unicap.br\/observatorio2\/index.php?rest_route=\/wp\/v2\/pages\/34"}],"wp:attachment":[{"href":"https:\/\/www1.unicap.br\/observatorio2\/index.php?rest_route=%2Fwp%2Fv2%2Fmedia&parent=160"}],"curies":[{"name":"wp","href":"https:\/\/api.w.org\/{rel}","templated":true}]}}