{"id":158,"date":"2011-04-11T01:28:08","date_gmt":"2011-04-11T01:28:08","guid":{"rendered":"https:\/\/www1.unicap.br\/observatorio2\/?page_id=158"},"modified":"2013-07-17T02:30:02","modified_gmt":"2013-07-17T05:30:02","slug":"anglicanos","status":"publish","type":"page","link":"https:\/\/www1.unicap.br\/observatorio2\/?page_id=158","title":{"rendered":"Anglicanos"},"content":{"rendered":"<p><iframe loading=\"lazy\" src=\"\/\/www.youtube.com\/embed\/49mZG3rg9sA?rel=0\" height=\"360\" width=\"480\" allowfullscreen=\"\" frameborder=\"0\"><\/iframe><\/p>\n<p>&nbsp;<\/p>\n<p><strong>ANGLICANISMO <\/strong><\/p>\n<p><strong>Hist\u00f3ria<\/strong><\/p>\n<p>As ra\u00edzes da Igreja Anglicana est\u00e3o na primitiva igreja crist\u00e3 surgida na Inglaterra no final do segundo e in\u00edcio do terceiro s\u00e9culo da era comum. Ali, desenvolveu-se de maneira independente, formando a Igreja Celta. No final do s\u00e9culo VI, um grupo de 40 monges liderados por Santo Agostinho de Cantu\u00e1ria estabeleceu-se na Inglaterra, mas nas negocia\u00e7\u00f5es com os Celtas n\u00e3o obteve \u00eaxito em convenc\u00ea-los a submeter-se \u00e0s pr\u00e1ticas e disciplinas da igreja romana. Entretanto, durante toda a Idade M\u00e9dia, a Igreja Inglesa est\u00e1 submetida \u00e0 Igreja de Roma.<\/p>\n<p>Por outro lado, por raz\u00f5es pol\u00edticas, a Igreja na Inglaterra desenvolveu caracter\u00edstica estatal, nacionalista, reclamando sempre sua independ\u00eancia hist\u00f3rica. Essa rela\u00e7\u00e3o conflituosa culminou com Henrique VIII declarando a autonomia da Igreja da Inglaterra da tutela de Roma. No Brasil, a Igreja Anglicana, atrav\u00e9s das capelanias inglesas, chegou no ano de 1810 e, em Pernambuco, na d\u00e9cada de 1960.<\/p>\n<p><strong>Principais cren\u00e7as<\/strong><\/p>\n<p>As cren\u00e7as anglicanas est\u00e3o baseadas nos Credos Crist\u00e3os hist\u00f3ricos, escritos na \u00e9poca da igreja indivisa, nos ensinamentos dos Pais da Igreja e na Tradi\u00e7\u00e3o.<\/p>\n<p><strong>Endere\u00e7o f\u00edsico<\/strong><\/p>\n<p>Rua Alfredo de Medeiros, 60 &#8211; Espinheiro &#8211; Recife &#8211; PE. CEP: 52.021-030.<\/p>\n<p><strong>Endere\u00e7os virtuais<\/strong><\/p>\n<p>http:\/\/www.ieab.org.br<\/p>\n<p>http:\/\/dar.ieab.org.br\/<\/p>\n<p>&nbsp;<\/p>\n","protected":false},"excerpt":{"rendered":"<p>&nbsp; ANGLICANISMO Hist\u00f3ria As ra\u00edzes da Igreja Anglicana est\u00e3o na primitiva igreja crist\u00e3 surgida na Inglaterra no final do segundo e in\u00edcio do terceiro s\u00e9culo da era comum. Ali, desenvolveu-se de maneira independente, formando a Igreja Celta. No final do s\u00e9culo VI, um grupo de 40 monges liderados por Santo Agostinho de Cantu\u00e1ria estabeleceu-se na&#8230; <\/p>\n<div class=\"link-more\"><a href=\"https:\/\/www1.unicap.br\/observatorio2\/?page_id=158\">Leia mais<\/a><\/div>\n","protected":false},"author":2,"featured_media":0,"parent":34,"menu_order":0,"comment_status":"open","ping_status":"open","template":"","meta":{"footnotes":""},"class_list":["post-158","page","type-page","status-publish","hentry"],"_links":{"self":[{"href":"https:\/\/www1.unicap.br\/observatorio2\/index.php?rest_route=\/wp\/v2\/pages\/158","targetHints":{"allow":["GET"]}}],"collection":[{"href":"https:\/\/www1.unicap.br\/observatorio2\/index.php?rest_route=\/wp\/v2\/pages"}],"about":[{"href":"https:\/\/www1.unicap.br\/observatorio2\/index.php?rest_route=\/wp\/v2\/types\/page"}],"author":[{"embeddable":true,"href":"https:\/\/www1.unicap.br\/observatorio2\/index.php?rest_route=\/wp\/v2\/users\/2"}],"replies":[{"embeddable":true,"href":"https:\/\/www1.unicap.br\/observatorio2\/index.php?rest_route=%2Fwp%2Fv2%2Fcomments&post=158"}],"version-history":[{"count":5,"href":"https:\/\/www1.unicap.br\/observatorio2\/index.php?rest_route=\/wp\/v2\/pages\/158\/revisions"}],"predecessor-version":[{"id":335,"href":"https:\/\/www1.unicap.br\/observatorio2\/index.php?rest_route=\/wp\/v2\/pages\/158\/revisions\/335"}],"up":[{"embeddable":true,"href":"https:\/\/www1.unicap.br\/observatorio2\/index.php?rest_route=\/wp\/v2\/pages\/34"}],"wp:attachment":[{"href":"https:\/\/www1.unicap.br\/observatorio2\/index.php?rest_route=%2Fwp%2Fv2%2Fmedia&parent=158"}],"curies":[{"name":"wp","href":"https:\/\/api.w.org\/{rel}","templated":true}]}}