{"id":1574,"date":"2015-02-17T10:19:50","date_gmt":"2015-02-17T13:19:50","guid":{"rendered":"https:\/\/www1.unicap.br\/observatorio2\/?page_id=1574"},"modified":"2015-02-18T20:31:29","modified_gmt":"2015-02-18T23:31:29","slug":"debates-2","status":"publish","type":"page","link":"https:\/\/www1.unicap.br\/observatorio2\/?page_id=1574","title":{"rendered":"Reencarna\u00e7\u00e3o, Ressurrei\u00e7\u00e3o ou o qu\u00ea?!"},"content":{"rendered":"<p>&nbsp;<\/p>\n<h2>O que h\u00e1 ap\u00f3s a morte?!<\/h2>\n<p>&nbsp;<\/p>\n<p>O document\u00e1rio abaixo trata do assunto da outra vida e \u00e9 o primeiro da s\u00e9rie Entre o C\u00e9u e a Terra (tem um tema novo toda quarta 19h, com reprise no domingo de manh\u00e3), com a qual o nosso Observat\u00f3rio colabora. Trata-se de uma reflex\u00e3o de religi\u00f5es comparadas que passa na rede aberta da TV Brasil (e canal 166 na Sky, 234 na GVT) ou tamb\u00e9m na Internet:\u00a0<a href=\"http:\/\/tvbrasil.ebc.com.br\/webtv\" target=\"_blank\" rel=\"nofollow\">http:\/\/tvbrasil.ebc.com.br\/webtv<\/a>.\u00a0Ao inv\u00e9s de transmitir missas e cultos, a rede de televis\u00e3o p\u00fablica, instada por organismos como o <a href=\"https:\/\/www1.unicap.br\/observatorio2\/?p=793\" target=\"_blank\">Comit\u00ea de Respeito \u00e0 Diversidade Religiosa<\/a>, come\u00e7ou a organizar programas que refletem de modo educativo e cr\u00edtico sobre todos os ritos e cren\u00e7as da nossa gente, mostrando e discutindo semelhan\u00e7as e diferen\u00e7as entre os diversos caminhos espirituais.<\/p>\n<p>Esse programa apresenta o bi\u00f3logo Alberto no dia em que recebe a not\u00edcia da morte de seu pai, quando mergulha em uma crise sobre suas certezas cientificas e sai em uma jornada rumo a novas descobertas. Partindo das indaga\u00e7\u00f5es dramatizados por Alberto, lideran\u00e7as espirituais e especialistas de outros saberes apresentam suas cren\u00e7as de como seria uma p\u00f3s vida (reencontro com antepassados, reencarna\u00e7\u00e3o, nada, ressurrei\u00e7\u00e3o), as implica\u00e7\u00f5es existenciais da f\u00e9 em uma vida p\u00f3s-morte e as implica\u00e7\u00f5es \u00e9ticas de n\u00e3o se acreditar em um plano espiritual. O historiador de religi\u00f5es Mircea Eliade dizia que a percep\u00e7\u00e3o de que h\u00e1 vida ap\u00f3s a morte acompanha a pr\u00f3pria hist\u00f3ria da humanidade.<\/p>\n<p>E voc\u00ea: o que pensa? O v\u00eddeo traz depoimentos da candomblecista Makota Valdina, para quem \u201ca gente quer ser feliz aqui e agora\u201d; do islamismo, representado pelo Imam Sami Isbelle, que conta como ser\u00e1 o para\u00edso para os mu\u00e7ulmanos; da possibilidade de comunica\u00e7\u00e3o com os mortos para os esp\u00edritas; da terra sem males do povo Guarani na voz de Kak\u00e1 Wer\u00e1; do fil\u00f3sofo Renato Janine Ribeiro, do te\u00f3logo pernambucano Gilbraz Arag\u00e3o; do ateu Daniel Sottomaior&#8230; Veja as opini\u00f5es e se manifeste!<\/p>\n<p>&nbsp;<\/p>\n<p><span style=\"color: #ffffff;\">&#8230;<\/span><br \/>\n<iframe loading=\"lazy\" src=\"https:\/\/www.youtube.com\/embed\/f3_8x1-I-oM?rel=0&amp;showinfo=0\" width=\"560\" height=\"315\" frameborder=\"0\" allowfullscreen=\"allowfullscreen\"><\/iframe><\/p>\n<p>&nbsp;<\/p>\n<p>Pra saber mais:<\/p>\n<p><a href=\"http:\/\/estudosdereligiao.blogspot.com.br\/2010\/10\/nos-que-aqui-estamos.html\" target=\"_blank\">Morte nas religi\u00f5es<\/a><\/p>\n<p><a href=\"http:\/\/estudosdereligiao.blogspot.com.br\/2011\/10\/a-vida-eterna-como.html\" target=\"_blank\">Vida eterna: como?!<\/a><\/p>\n<p><span style=\"color: #ffffff;\">..<\/span><\/p>\n","protected":false},"excerpt":{"rendered":"<p>&nbsp; O que h\u00e1 ap\u00f3s a morte?! &nbsp; O document\u00e1rio abaixo trata do assunto da outra vida e \u00e9 o primeiro da s\u00e9rie Entre o C\u00e9u e a Terra (tem um tema novo toda quarta 19h, com reprise no domingo de manh\u00e3), com a qual o nosso Observat\u00f3rio colabora. Trata-se de uma reflex\u00e3o de religi\u00f5es&#8230; <\/p>\n<div class=\"link-more\"><a href=\"https:\/\/www1.unicap.br\/observatorio2\/?page_id=1574\">Leia mais<\/a><\/div>\n","protected":false},"author":2,"featured_media":0,"parent":1624,"menu_order":1,"comment_status":"open","ping_status":"closed","template":"","meta":{"footnotes":""},"class_list":["post-1574","page","type-page","status-publish","hentry"],"_links":{"self":[{"href":"https:\/\/www1.unicap.br\/observatorio2\/index.php?rest_route=\/wp\/v2\/pages\/1574","targetHints":{"allow":["GET"]}}],"collection":[{"href":"https:\/\/www1.unicap.br\/observatorio2\/index.php?rest_route=\/wp\/v2\/pages"}],"about":[{"href":"https:\/\/www1.unicap.br\/observatorio2\/index.php?rest_route=\/wp\/v2\/types\/page"}],"author":[{"embeddable":true,"href":"https:\/\/www1.unicap.br\/observatorio2\/index.php?rest_route=\/wp\/v2\/users\/2"}],"replies":[{"embeddable":true,"href":"https:\/\/www1.unicap.br\/observatorio2\/index.php?rest_route=%2Fwp%2Fv2%2Fcomments&post=1574"}],"version-history":[{"count":11,"href":"https:\/\/www1.unicap.br\/observatorio2\/index.php?rest_route=\/wp\/v2\/pages\/1574\/revisions"}],"predecessor-version":[{"id":1628,"href":"https:\/\/www1.unicap.br\/observatorio2\/index.php?rest_route=\/wp\/v2\/pages\/1574\/revisions\/1628"}],"up":[{"embeddable":true,"href":"https:\/\/www1.unicap.br\/observatorio2\/index.php?rest_route=\/wp\/v2\/pages\/1624"}],"wp:attachment":[{"href":"https:\/\/www1.unicap.br\/observatorio2\/index.php?rest_route=%2Fwp%2Fv2%2Fmedia&parent=1574"}],"curies":[{"name":"wp","href":"https:\/\/api.w.org\/{rel}","templated":true}]}}