{"id":155,"date":"2011-04-11T01:24:19","date_gmt":"2011-04-11T01:24:19","guid":{"rendered":"https:\/\/www1.unicap.br\/observatorio2\/?page_id=155"},"modified":"2022-05-07T19:49:32","modified_gmt":"2022-05-07T22:49:32","slug":"adventistas","status":"publish","type":"page","link":"https:\/\/www1.unicap.br\/observatorio2\/?page_id=155","title":{"rendered":"Adventistas"},"content":{"rendered":"<p><iframe loading=\"lazy\" src=\"\/\/www.youtube.com\/embed\/ESRyRBt6Y70?rel=0\" width=\"480\" height=\"360\" frameborder=\"0\" allowfullscreen=\"allowfullscreen\"><\/iframe><\/p>\n<p><strong>IGREJA ADVENTISTA DO S\u00c9TIMO DIA<\/strong><\/p>\n<p>A referida Igreja nasceu por volta do ano 1863, nos Estados Unidos. A funda\u00e7\u00e3o \u00e9 atribu\u00edda a Ellen White, crist\u00e3 americana considerada pelos adventistas como profetiza.<\/p>\n<p>A palavra Adventista \u00e9 uma refer\u00eancia \u00e0 segunda vinda de Cristo, cren\u00e7a que os adventistas cultivam e pregam. A express\u00e3o S\u00e9timo Dia, \u00e9 uma refer\u00eancia ao livro do \u00caxodo cap\u00edtulo 20, vers\u00edculo 8, onde Deus chama aten\u00e7\u00e3o do povo para a santifica\u00e7\u00e3o do s\u00e1bado como dia sagrado.<\/p>\n<p>O adventismo chegou ao Brasil por volta do ano 1884, \u00e0 cidade de Brusque \u2013 Santa Catarina, atrav\u00e9s de algumas revistas intituladas A voz da verdade, vindas da Alemanha e endere\u00e7adas ao Sr. Carlos Dreefke, membro da Igreja luterana, por indica\u00e7\u00e3o de Borchardt, jovem alem\u00e3o que residia em Brusque, cujo padrasto era o pr\u00f3prio Carlos Dreefke.<\/p>\n<p>No que se refere \u00e0s cren\u00e7as, a Igreja Adventista se ap\u00f3ia em 28 cren\u00e7as fundamentais: doutrina de Deus, do homem, da salva\u00e7\u00e3o, da Igreja, da vida crist\u00e3 e doutrina dos \u00faltimos eventos. Todas essas cren\u00e7as t\u00eam como base a Sagrada Escritura, que pode ser considerada como o credo dos adventistas.<\/p>\n<p>Os encontros celebrativos acontecem geralmente aos s\u00e1bados, onde desenvolvem v\u00e1rias atividades, dando-se destaque \u00e0 adora\u00e7\u00e3o ao Deus Trindade, \u00e0 prega\u00e7\u00e3o e \u00e0s b\u00ean\u00e7\u00e3os.<\/p>\n<p>Em Pernambuco os templos adventistas est\u00e3o localizados em v\u00e1rios lugares. Atualmente a Igreja Adventista central do Recife fica localizada no seguinte endere\u00e7o:<\/p>\n<p>Rua Gev\u00e1sio Pires, 700 \u2013 Santo Amaro, Recife \u2013 PE.<\/p>\n<p>Fone: 3221 \u2013 8474<\/p>\n","protected":false},"excerpt":{"rendered":"<p>IGREJA ADVENTISTA DO S\u00c9TIMO DIA A referida Igreja nasceu por volta do ano 1863, nos Estados Unidos. A funda\u00e7\u00e3o \u00e9 atribu\u00edda a Ellen White, crist\u00e3 americana considerada pelos adventistas como profetiza. A palavra Adventista \u00e9 uma refer\u00eancia \u00e0 segunda vinda de Cristo, cren\u00e7a que os adventistas cultivam e pregam. A express\u00e3o S\u00e9timo Dia, \u00e9 uma&#8230; <\/p>\n<div class=\"link-more\"><a href=\"https:\/\/www1.unicap.br\/observatorio2\/?page_id=155\">Leia mais<\/a><\/div>\n","protected":false},"author":2,"featured_media":0,"parent":34,"menu_order":0,"comment_status":"open","ping_status":"open","template":"","meta":{"footnotes":""},"class_list":["post-155","page","type-page","status-publish","hentry"],"_links":{"self":[{"href":"https:\/\/www1.unicap.br\/observatorio2\/index.php?rest_route=\/wp\/v2\/pages\/155","targetHints":{"allow":["GET"]}}],"collection":[{"href":"https:\/\/www1.unicap.br\/observatorio2\/index.php?rest_route=\/wp\/v2\/pages"}],"about":[{"href":"https:\/\/www1.unicap.br\/observatorio2\/index.php?rest_route=\/wp\/v2\/types\/page"}],"author":[{"embeddable":true,"href":"https:\/\/www1.unicap.br\/observatorio2\/index.php?rest_route=\/wp\/v2\/users\/2"}],"replies":[{"embeddable":true,"href":"https:\/\/www1.unicap.br\/observatorio2\/index.php?rest_route=%2Fwp%2Fv2%2Fcomments&post=155"}],"version-history":[{"count":8,"href":"https:\/\/www1.unicap.br\/observatorio2\/index.php?rest_route=\/wp\/v2\/pages\/155\/revisions"}],"predecessor-version":[{"id":6819,"href":"https:\/\/www1.unicap.br\/observatorio2\/index.php?rest_route=\/wp\/v2\/pages\/155\/revisions\/6819"}],"up":[{"embeddable":true,"href":"https:\/\/www1.unicap.br\/observatorio2\/index.php?rest_route=\/wp\/v2\/pages\/34"}],"wp:attachment":[{"href":"https:\/\/www1.unicap.br\/observatorio2\/index.php?rest_route=%2Fwp%2Fv2%2Fmedia&parent=155"}],"curies":[{"name":"wp","href":"https:\/\/api.w.org\/{rel}","templated":true}]}}