{"id":97,"date":"2019-07-19T10:11:44","date_gmt":"2019-07-19T13:11:44","guid":{"rendered":"https:\/\/www.jotabosco.com.br\/clientes\/testes\/?page_id=97"},"modified":"2020-05-29T21:45:45","modified_gmt":"2020-05-30T00:45:45","slug":"perfil-profissional","status":"publish","type":"page","link":"https:\/\/www1.unicap.br\/jornalismo\/perfil-profissional\/","title":{"rendered":"Perfil Profissional"},"content":{"rendered":"<p>[et_pb_section fb_built=&#8221;1&#8243; admin_label=&#8221;Page Title Section&#8221; _builder_version=&#8221;3.25.4&#8243; use_background_color_gradient=&#8221;on&#8221; background_color_gradient_start=&#8221;#000000&#8243; background_color_gradient_end=&#8221;rgba(0,0,0,0)&#8221; background_color_gradient_direction=&#8221;120deg&#8221; background_color_gradient_overlays_image=&#8221;on&#8221; background_image=&#8221;https:\/\/www1.unicap.br\/jornalismo\/wp-content\/uploads\/2019\/07\/topo-perfil.jpg&#8221; background_position=&#8221;top_center&#8221; custom_padding=&#8221;110px||110px|&#8221;][et_pb_row column_structure=&#8221;1_2,1_2&#8243; admin_label=&#8221;Page Title Area&#8221; _builder_version=&#8221;3.25.4&#8243; background_size=&#8221;initial&#8221; background_position=&#8221;top_left&#8221; background_repeat=&#8221;repeat&#8221; custom_padding=&#8221;50px||50px&#8221;][et_pb_column type=&#8221;1_2&#8243; _builder_version=&#8221;3.25&#8243; custom_padding=&#8221;|||&#8221; custom_padding__hover=&#8221;|||&#8221;][et_pb_text admin_label=&#8221;Title&#8221; _builder_version=&#8221;3.27.4&#8243; text_font=&#8221;Raleway||||||||&#8221; header_font=&#8221;Poppins|600|||||||&#8221; header_font_size=&#8221;60px&#8221; header_line_height=&#8221;1.2em&#8221; header_2_font=&#8221;Poppins||||||||&#8221; header_2_font_size=&#8221;40px&#8221; background_layout=&#8221;dark&#8221; custom_margin=&#8221;||0px&#8221; custom_padding=&#8221;|||&#8221; animation_style=&#8221;fade&#8221; header_font_size_tablet=&#8221;&#8221; header_font_size_phone=&#8221;40px&#8221; header_font_size_last_edited=&#8221;on|phone&#8221;]<\/p>\n<h1>Perfil Profissional<\/h1>\n<h2>&amp; Mercado de Trabalho<\/h2>\n<p>[\/et_pb_text][et_pb_text admin_label=&#8221;Page Subtitle&#8221; _builder_version=&#8221;3.27.4&#8243; text_font=&#8221;Raleway||on||||||&#8221; text_font_size=&#8221;20px&#8221; header_font=&#8221;||||||||&#8221; background_layout=&#8221;dark&#8221; animation_style=&#8221;fade&#8221;]<\/p>\n<p>O profissional deve ser apto a atuar em qualquer setor da atividade jornal\u00edstica como produtor intelectual e agente da cidadania, de forma competente, \u00e9tica, cr\u00edtica e reflexiva.<\/p>\n<p>[\/et_pb_text][\/et_pb_column][et_pb_column type=&#8221;1_2&#8243; _builder_version=&#8221;3.25&#8243; custom_padding=&#8221;|||&#8221; custom_padding__hover=&#8221;|||&#8221;][\/et_pb_column][\/et_pb_row][\/et_pb_section][et_pb_section fb_built=&#8221;1&#8243; admin_label=&#8221;About Us Section&#8221; _builder_version=&#8221;3.25.4&#8243; background_color=&#8221;#666666&#8243; custom_padding=&#8221;60px||99px|||&#8221;][et_pb_row admin_label=&#8221;About Us Area&#8221; _builder_version=&#8221;3.25&#8243;][et_pb_column type=&#8221;4_4&#8243; _builder_version=&#8221;3.25&#8243; custom_padding=&#8221;|||&#8221; custom_padding__hover=&#8221;|||&#8221;][et_pb_text admin_label=&#8221;Title&#8221; _builder_version=&#8221;3.25.4&#8243; text_font=&#8221;Raleway||||||||&#8221; header_font=&#8221;||||||||&#8221; header_text_align=&#8221;left&#8221; header_2_font=&#8221;Raleway|600|||||||&#8221; header_2_text_align=&#8221;left&#8221; header_2_font_size=&#8221;36px&#8221; header_2_line_height=&#8221;1.2em&#8221; background_layout=&#8221;dark&#8221; max_width=&#8221;750px&#8221; module_alignment=&#8221;center&#8221; custom_margin=&#8221;||0px|&#8221; animation_style=&#8221;fade&#8221; text_text_align=&#8221;left&#8221;]<\/p>\n<h2>Perfil Profissional<\/h2>\n<p>[\/et_pb_text][et_pb_divider color=&#8221;#525252&#8243; divider_position=&#8221;center&#8221; divider_weight=&#8221;3px&#8221; _builder_version=&#8221;3.25.4&#8243; max_width=&#8221;100px&#8221; custom_margin=&#8221;|||165px&#8221; animation_style=&#8221;slide&#8221; animation_intensity_slide=&#8221;10%&#8221; animation_starting_opacity=&#8221;100%&#8221;][\/et_pb_divider][et_pb_text _builder_version=&#8221;4.1&#8243; text_font=&#8221;||||||||&#8221; text_font_size=&#8221;16px&#8221; text_line_height=&#8221;1.8em&#8221; background_layout=&#8221;dark&#8221; max_width=&#8221;750px&#8221; module_alignment=&#8221;center&#8221; custom_margin=&#8221;|||&#8221; custom_padding=&#8221;|||&#8221; animation_style=&#8221;fade&#8221; text_text_align=&#8221;left&#8221;]O fazer jornal\u00edstico \u00e9 essencialmente coletivo. Al\u00e9m disso, a velocidade das mudan\u00e7as no mercado da comunica\u00e7\u00e3o exige que os profissionais da \u00e1rea sejam multifacetados. O jornalista graduado pela Universidade Cat\u00f3lica de Pernambuco estar\u00e1 apto a atuar em qualquer setor da atividade jornal\u00edstica como produtor de conte\u00fado e agente da cidadania. A UNICAP incentiva a forma\u00e7\u00e3o de profissionais plurais atrav\u00e9s de um ensino interdisciplinar e pr\u00e1tico. O estudante de jornalismo aprender\u00e1 a:[\/et_pb_text][\/et_pb_column][\/et_pb_row][et_pb_row column_structure=&#8221;1_5,1_5,1_5,1_5,1_5&#8243; make_equal=&#8221;on&#8221; _builder_version=&#8221;4.4.7&#8243; width=&#8221;750px&#8221; custom_padding=&#8221;0px|0px|0px|0px&#8221; hover_enabled=&#8221;0&#8243; locked=&#8221;off&#8221; width_last_edited=&#8221;on|phone&#8221; width_tablet=&#8221;80%&#8221;][et_pb_column type=&#8221;1_5&#8243; _builder_version=&#8221;3.25&#8243; custom_padding=&#8221;|||&#8221; custom_padding__hover=&#8221;|||&#8221;][et_pb_blurb use_icon=&#8221;on&#8221; font_icon=&#8221;%%202%%&#8221; icon_color=&#8221;#ffffff&#8221; use_circle=&#8221;on&#8221; use_icon_font_size=&#8221;on&#8221; icon_font_size=&#8221;50px&#8221; _builder_version=&#8221;4.1&#8243; text_orientation=&#8221;center&#8221; background_layout=&#8221;dark&#8221;]Planejar, produzir e difundir jornalisticamente a informa\u00e7\u00e3o[\/et_pb_blurb][\/et_pb_column][et_pb_column type=&#8221;1_5&#8243; _builder_version=&#8221;3.25&#8243; custom_padding=&#8221;|||&#8221; custom_padding__hover=&#8221;|||&#8221;][et_pb_blurb use_icon=&#8221;on&#8221; font_icon=&#8221;%%202%%&#8221; icon_color=&#8221;#ffffff&#8221; use_circle=&#8221;on&#8221; use_icon_font_size=&#8221;on&#8221; icon_font_size=&#8221;50px&#8221; _builder_version=&#8221;4.1&#8243; text_orientation=&#8221;center&#8221; background_layout=&#8221;dark&#8221;]Apurar, interpretar, registrar, editar e divulgar os fatos[\/et_pb_blurb][\/et_pb_column][et_pb_column type=&#8221;1_5&#8243; _builder_version=&#8221;3.25&#8243; custom_padding=&#8221;|||&#8221; custom_padding__hover=&#8221;|||&#8221;][et_pb_blurb use_icon=&#8221;on&#8221; font_icon=&#8221;%%202%%&#8221; icon_color=&#8221;#ffffff&#8221; use_circle=&#8221;on&#8221; use_icon_font_size=&#8221;on&#8221; icon_font_size=&#8221;50px&#8221; _builder_version=&#8221;4.1&#8243; text_orientation=&#8221;center&#8221; background_layout=&#8221;dark&#8221;]Atuar em ambientes de converg\u00eancia tecnol\u00f3gica e dominar t\u00e9cnicas e ferramentas contempor\u00e2neas[\/et_pb_blurb][\/et_pb_column][et_pb_column type=&#8221;1_5&#8243; _builder_version=&#8221;3.25&#8243; custom_padding=&#8221;|||&#8221; custom_padding__hover=&#8221;|||&#8221;][et_pb_blurb use_icon=&#8221;on&#8221; font_icon=&#8221;%%202%%&#8221; icon_color=&#8221;#ffffff&#8221; use_circle=&#8221;on&#8221; use_icon_font_size=&#8221;on&#8221; icon_font_size=&#8221;50px&#8221; _builder_version=&#8221;4.1&#8243; text_orientation=&#8221;center&#8221; background_layout=&#8221;dark&#8221; locked=&#8221;off&#8221;]Produzir pesquisa cient\u00edfica, conceber, executar e avaliar projetos inovadores que respondam \u00e0s exig\u00eancias contempor\u00e2neas e ampliem a atua\u00e7\u00e3o profissional em novos campos[\/et_pb_blurb][\/et_pb_column][et_pb_column type=&#8221;1_5&#8243; _builder_version=&#8221;3.25&#8243; custom_padding=&#8221;|||&#8221; custom_padding__hover=&#8221;|||&#8221;][et_pb_blurb use_icon=&#8221;on&#8221; font_icon=&#8221;%%202%%&#8221; icon_color=&#8221;#ffffff&#8221; use_circle=&#8221;on&#8221; use_icon_font_size=&#8221;on&#8221; icon_font_size=&#8221;50px&#8221; _builder_version=&#8221;4.1&#8243; text_orientation=&#8221;center&#8221; background_layout=&#8221;dark&#8221; locked=&#8221;off&#8221;]Comprometer-se com a liberdade de express\u00e3o e com o direito \u00e0 informa\u00e7\u00e3o, bem como com a miss\u00e3o tradicional do Jornalismo, de fiscalizar os poderes[\/et_pb_blurb][\/et_pb_column][\/et_pb_row][\/et_pb_section][et_pb_section fb_built=&#8221;1&#8243; admin_label=&#8221;Our Story Section&#8221; module_id=&#8221;mercadodetrabalho&#8221; _builder_version=&#8221;3.25.4&#8243; background_color=&#8221;#666666&#8243; background_color_gradient_direction=&#8221;0deg&#8221; custom_padding=&#8221;0px||0px|||&#8221; locked=&#8221;off&#8221;][et_pb_row column_structure=&#8221;1_2,1_2&#8243; use_custom_gutter=&#8221;on&#8221; gutter_width=&#8221;0&#8243; make_equal=&#8221;on&#8221; admin_label=&#8221;Our Story Area&#8221; module_class=&#8221; et_pb_row_fullwidth&#8221; _builder_version=&#8221;4.4.7&#8243; background_color=&#8221;#525252&#8243; width=&#8221;100%&#8221; width_tablet=&#8221;100%&#8221; width_phone=&#8221;&#8221; width_last_edited=&#8221;on|desktop&#8221; max_width=&#8221;100%&#8221; max_width_tablet=&#8221;100%&#8221; max_width_phone=&#8221;&#8221; max_width_last_edited=&#8221;on|desktop&#8221; custom_padding=&#8221;0px||0px|&#8221; make_fullwidth=&#8221;on&#8221;][et_pb_column type=&#8221;1_2&#8243; _builder_version=&#8221;4.4.7&#8243; background_image=&#8221;https:\/\/www1.unicap.br\/jornalismo\/wp-content\/uploads\/2019\/07\/img-mercado.jpg&#8221; parallax=&#8221;on&#8221; custom_padding=&#8221;|||&#8221; custom_padding__hover=&#8221;|||&#8221;][\/et_pb_column][et_pb_column type=&#8221;1_2&#8243; _builder_version=&#8221;3.25&#8243; custom_padding=&#8221;5%|5%|5%|5%&#8221; custom_padding__hover=&#8221;|||&#8221;][et_pb_text admin_label=&#8221;Title&#8221; _builder_version=&#8221;3.0.93&#8243; text_font=&#8221;Raleway||||||||&#8221; header_font=&#8221;||||||||&#8221; header_text_align=&#8221;left&#8221; header_2_font=&#8221;Raleway|600|||||||&#8221; header_2_text_align=&#8221;left&#8221; header_2_font_size=&#8221;36px&#8221; header_2_line_height=&#8221;1.2em&#8221; background_layout=&#8221;dark&#8221; max_width=&#8221;750px&#8221; module_alignment=&#8221;center&#8221; custom_margin=&#8221;||0px|&#8221; animation_style=&#8221;fade&#8221; text_text_align=&#8221;left&#8221;]<\/p>\n<h2>Mercado de Trabalho<\/h2>\n<p>[\/et_pb_text][et_pb_divider color=&#8221;#666666&#8243; divider_position=&#8221;center&#8221; divider_weight=&#8221;3px&#8221; _builder_version=&#8221;3.25.4&#8243; max_width=&#8221;50px&#8221; animation_style=&#8221;slide&#8221; animation_intensity_slide=&#8221;10%&#8221; animation_starting_opacity=&#8221;100%&#8221;][\/et_pb_divider][et_pb_text _builder_version=&#8221;4.1&#8243; text_font=&#8221;||||||||&#8221; text_text_color=&#8221;rgba(255,255,255,0.7)&#8221; text_font_size=&#8221;16px&#8221; text_line_height=&#8221;1.8em&#8221; max_width=&#8221;750px&#8221; custom_margin=&#8221;25px|||&#8221; animation_style=&#8221;fold&#8221; animation_direction=&#8221;left&#8221; animation_intensity_fold=&#8221;10%&#8221; animation_starting_opacity=&#8221;100%&#8221;]<\/p>\n<p>O mundo do trabalho se alterou muito desde que as atividades jornal\u00edsticas passaram a ser reconhecidas como tal. S\u00e3o mudan\u00e7as t\u00e9cnicas, gerenciais, de mercado, de valor que tamb\u00e9m incidem sobre a \u00e1rea de comunica\u00e7\u00e3o me geral e o jornalismo em particular. Essa din\u00e2mica reduz oportunidades em algumas \u00e1reas e gera amplia\u00e7\u00f5es em outras. \u00c0 tarefa de reportar e analisar informa\u00e7\u00f5es da realidade social em jornais, revistas, r\u00e1dios e TVs, se somaram outras frentes de atua\u00e7\u00e3o dos jornalistas:<\/p>\n<p>\u2022 O Jornalista pode trabalhar na m\u00eddia impressa, digital, em ag\u00eancias de not\u00edcias e assessorias de comunica\u00e7\u00e3o em organiza\u00e7\u00f5es p\u00fablicas e privadas;<br \/> \u2022 Produ\u00e7\u00e3o cient\u00edfica, desenvolvendo pesquisas sociais em diversas \u00e1reas;<br \/> \u2022 Pesquisa e produ\u00e7\u00e3o cinematogr\u00e1fica;<br \/> \u2022 An\u00e1lise e consultoria de mercado;<br \/> \u2022 Gerenciamento de redes sociais.<\/p>\n<p>[\/et_pb_text][\/et_pb_column][\/et_pb_row][\/et_pb_section]<\/p>\n","protected":false},"excerpt":{"rendered":"<p>Perfil Profissional &amp; Mercado de TrabalhoO profissional deve ser apto a atuar em qualquer setor da atividade jornal\u00edstica como produtor intelectual e agente da cidadania, de forma competente, \u00e9tica, cr\u00edtica e reflexiva.Perfil ProfissionalO fazer jornal\u00edstico \u00e9 essencialmente coletivo. Al\u00e9m disso, a velocidade das mudan\u00e7as no mercado da comunica\u00e7\u00e3o exige que os profissionais da \u00e1rea sejam [&hellip;]<\/p>\n","protected":false},"author":1,"featured_media":0,"parent":0,"menu_order":0,"comment_status":"closed","ping_status":"closed","template":"","meta":{"_et_pb_use_builder":"on","_et_pb_old_content":"","_et_gb_content_width":"","footnotes":""},"class_list":["post-97","page","type-page","status-publish","hentry"],"jetpack_sharing_enabled":true,"_links":{"self":[{"href":"https:\/\/www1.unicap.br\/jornalismo\/wp-json\/wp\/v2\/pages\/97","targetHints":{"allow":["GET"]}}],"collection":[{"href":"https:\/\/www1.unicap.br\/jornalismo\/wp-json\/wp\/v2\/pages"}],"about":[{"href":"https:\/\/www1.unicap.br\/jornalismo\/wp-json\/wp\/v2\/types\/page"}],"author":[{"embeddable":true,"href":"https:\/\/www1.unicap.br\/jornalismo\/wp-json\/wp\/v2\/users\/1"}],"replies":[{"embeddable":true,"href":"https:\/\/www1.unicap.br\/jornalismo\/wp-json\/wp\/v2\/comments?post=97"}],"version-history":[{"count":1,"href":"https:\/\/www1.unicap.br\/jornalismo\/wp-json\/wp\/v2\/pages\/97\/revisions"}],"predecessor-version":[{"id":2430,"href":"https:\/\/www1.unicap.br\/jornalismo\/wp-json\/wp\/v2\/pages\/97\/revisions\/2430"}],"wp:attachment":[{"href":"https:\/\/www1.unicap.br\/jornalismo\/wp-json\/wp\/v2\/media?parent=97"}],"curies":[{"name":"wp","href":"https:\/\/api.w.org\/{rel}","templated":true}]}}